{"id":4875,"date":"2014-09-28T09:43:35","date_gmt":"2014-09-28T07:43:35","guid":{"rendered":"http:\/\/shop.pronatur24.eu\/?page_id=4875"},"modified":"2025-08-15T11:30:23","modified_gmt":"2025-08-15T09:30:23","slug":"zasebnost","status":"publish","type":"page","link":"https:\/\/ecoturbino.shop\/sl\/privacy-cockpit\/privacy\/","title":{"rendered":"Politika zasebnosti v skladu z GDPR"},"content":{"rendered":"<div class=\"banner has-hover\" id=\"banner-1334914005\">\n          <div class=\"banner-inner fill\">\n        <div class=\"banner-bg fill\" >\n            <img decoding=\"async\" width=\"2000\" height=\"230\" src=\"https:\/\/ecoturbino.shop\/wp-content\/uploads\/2023\/08\/paragraph-webdeals-2000.webp\" class=\"bg attachment-original size-original\" alt=\"Naslov odstavka\" \/>                        <div class=\"overlay\"><\/div>            \n                    <\/div>\n\t\t\n        <div class=\"banner-layers container\">\n            <div class=\"fill banner-link\"><\/div>            \n   <div id=\"text-box-1191318265\" class=\"text-box banner-layer x50 md-x50 lg-x50 y50 md-y50 lg-y50 res-text\">\n                                <div class=\"text-box-content text dark\">\n              \n              <div class=\"text-inner text-center\">\n                  \n<h1><span style=\"font-size: 100%;\">POLITIKA VARNOSTI OSEBNIH PRAVIC<\/span><\/h1>\n              <\/div>\n           <\/div>\n                            \n<style>\n#text-box-1191318265 {\n  width: 60%;\n}\n#text-box-1191318265 .text-box-content {\n  font-size: 100%;\n}\n<\/style>\n    <\/div>\n \n        <\/div>\n      <\/div>\n\n            \n<style>\n#banner-1334914005 {\n  padding-top: 110px;\n}\n#banner-1334914005 .overlay {\n  background-color: rgba(0,0,0,.5);\n}\n@media (min-width:550px) {\n  #banner-1334914005 {\n    padding-top: 170px;\n  }\n}\n@media (min-width:850px) {\n  #banner-1334914005 {\n    padding-top: 190px;\n  }\n}\n<\/style>\n  <\/div>\n\n\n<div class=\"row\"  id=\"row-1973965511\">\n\n\t<div id=\"col-1139241598\" class=\"col small-12 large-12\"  >\n\t\t\t\t<div class=\"col-inner\"  >\n\t\t\t\n\t\t\t\n<h3>1. Ime in naslov odgovorne stranke<\/h3>\n<p>Odgovorna oseba v smislu Splo\u0161ne uredbe o varstvu podatkov in drugih nacionalnih zakonov o varstvu podatkov dr\u017eav \u010dlanic ter drugih pravnih predpisov o varstvu podatkov je:<\/p>\n<p>Webdeals Shops GmbH<br \/>\nHolzbodenweg 6<br \/>\n6858 Schwarzach<\/p>\n<p>E-po\u0161ta: <a href=\"mailto:info@ecoturbino.shop\">info@ecoturbino.shop<\/a><br \/>\nTelefon: +43 5574 24010<\/p>\n<p>(od zdaj naprej imenovana tudi odgovorna stranka).<\/p>\n<p>Odgovorna stranka upravlja naslednje spletno mesto: https:\/\/en.ecoturbino.shop.<\/p>\n<p>Varovanje va\u0161ih osebnih podatkov je za nas pomembno. Zato vam \u017eelimo v nadaljevanju predstaviti, kako ravnamo z va\u0161imi osebnimi podatki, ki jih uporabljamo za to spletno mesto in na\u0161e storitve.<\/p>\n<p>Na\u0161 pravilnik o zasebnosti se nana\u0161a samo na uporabo spletnega mesta https:\/\/en.ecoturbino.shop. \u010ce ste z na\u0161ih strani preusmerjeni na druga spletna mesta, se prosimo, da se na spletnem mestu, na katerega ste bili preusmerjeni, pozanimate o ustreznem ravnanju z va\u0161imi osebnimi podatki.<\/p>\n<h3>2. Vpra\u0161anja o varstvu podatkov<\/h3>\n<p>Vpra\u0161anja o varstvu podatkov naslovite na <a href=\"mailto:privacy@ecoturbino.shop\">privacy@ecoturbino.shop<\/a>.<\/p>\n<h3>3. Splo\u0161ne informacije o obdelavi podatkov<\/h3>\n<p>Z osebnimi podatki so mi\u0161ljeni vsi podatki, ki razkrivajo va\u0161o identiteto (npr.: ime, naslov, e-po\u0161tni naslov, telefonska \u0161tevilka). Z uporabo na\u0161e digitalne storitve se va\u0161i osebni podatki obdelujejo le v skladu z zakonskimi predpisi. To vklju\u010duje DSGVO, TKG 2003 ali nacionalno zakonodajo o varstvu podatkov. Va\u0161i osebni podatki bodo zbrani v skladu s pravili o izogibanju in minimizaciji podatkov le, \u010de je to potrebno za \u017eeleni namen ali \u010de nam jih boste prostovoljno dali na voljo.<\/p>\n<p>Obve\u0161\u010damo vas, da smo za va\u0161e podatke odgovorni tudi, \u010de za obdelavo pogodbe uporabimo tretjo osebo (obdelovalca).<\/p>\n<h3>4. Izvajamo naslednje postopke<\/h3>\n<p><strong>4.1. Pi\u0161kotki<\/strong><\/p>\n<p>Da bi bila uporaba na\u0161ega spletnega mesta uporabniku \u010dim bolj prijazna in varna ter da bi omogo\u010dili delovanje nekaterih funkcij, uporabljamo tako imenovane pi\u0161kotke. To so majhne besedilne datoteke, ki se prenesejo v va\u0161 brskalnik. Ve\u010dina pi\u0161kotkov, ki jih uporabljamo, so tako imenovani sejni pi\u0161kotki, ki jih va\u0161a naprava samodejno izbri\u0161e, ko zapustite na\u0161e spletno mesto. Drugi pi\u0161kotki, imenovani dolgoro\u010dni pi\u0161kotki, ostanejo shranjeni v va\u0161i napravi, dokler jih ne izbri\u0161ete. Ti pi\u0161kotki nam omogo\u010dajo, da prepoznamo va\u0161 brskalnik ob va\u0161em naslednjem obisku. Shranjevanje pi\u0161kotkov lahko prepre\u010dite z ustreznimi nastavitvami v brskalniku. Vendar vas obve\u0161\u010damo, da ne boste mogli v celoti uporabljati vseh funkcij spletnega mesta.<\/p>\n<p>S pisanjem komentarja na na\u0161em spletnem mestu lahko dovolite, da se va\u0161e ime, e-po\u0161tni naslov in spletno mesto shranijo v pi\u0161kotke. To je udobna funkcija, da vam ob naslednjem pisanju komentarja ne bo treba ponovno vna\u0161ati vseh teh podatkov. Ti pi\u0161kotki se shranijo za eno leto.<\/p>\n<p>\u010ce imate ra\u010dun in se prijavite na to spletno mesto, bomo nastavili za\u010dasni pi\u0161kotek, da bi ugotovili, ali va\u0161 brskalnik sprejema pi\u0161kotke ali ne. Ta pi\u0161kotek ne vsebuje nobenih osebnih podatkov in se izbri\u0161e, ko zaprete brskalnik.<\/p>\n<p>Ko se prijavite, bomo konfigurirali nekaj pi\u0161kotkov, da shranimo va\u0161e podatke za prijavo in mo\u017enosti prikaza. Pi\u0161kotki za prijavo pote\u010dejo po dveh letih, pi\u0161kotki za va\u0161e mo\u017enosti prikaza pa po enem letu. \u010ce ob prijavi izberete mo\u017enost \u201cOstanite prijavljeni\u201d, boste ostali prijavljeni dva tedna. Z odjavo iz ra\u010duna se prijavni pi\u0161kotki izbri\u0161ejo.<\/p>\n<p><strong>4.2. Sejni pi\u0161kotki<\/strong><\/p>\n<p>Da bi vam olaj\u0161ali brskanje po na\u0161em spletnem mestu, smo dolo\u010dili tako imenovani ID seje, ki se dodeli vsakemu obiskovalcu, ko za\u010dne uporabljati na\u0161e spletno mesto. Ta ID seje na\u0161emu stre\u017eniku omogo\u010da, da vas ali va\u0161 ra\u010dunalnik\/brskalnik prepozna kot istega obiskovalca kljub morebitnim spremembam naslova IP med posameznimi obiski. Ta ID seje omogo\u010da tudi dodelitev ve\u010d povezanih zahtevkov, ki jih uporabnik opravi med sejo. Uporabljeni pi\u0161kotek ID seje se shrani do konca seje. Ko zaprete brskalnik, se samodejno izbri\u0161e.<\/p>\n<p><strong>4.3. Dolgoro\u010dni pi\u0161kotki<\/strong><\/p>\n<p>Na\u0161e spletno mesto uporablja tudi funkcije storitve spletne analize Google Analytics, ki je storitev dru\u017ebe Google Inc. (\u201cGoogle\u201d) in ima certifikat zasebnostnega \u0161\u010dita.<\/p>\n<p>Google Analytics uporablja tudi pi\u0161kotke, ki med drugim omogo\u010dajo analizo va\u0161e uporabe spletnega mesta. Pri uporabi storitve Google Analytics na tem spletnem mestu se zbirajo naslednje informacije: IP-naslov, vedenje uporabnika, podatki o brskalniku. Storitev Google Analytics name\u0161\u010damo samo z anonimizacijo IP. To pomeni, da Google skraj\u0161a va\u0161 naslov IP v dr\u017eavah \u010dlanicah Evropske unije ali drugih pogodbenih strankah v Evropskem gospodarskem prostoru. Celoten naslov IP se Googlovemu stre\u017eniku v Zdru\u017eenih dr\u017eavah Amerike posreduje le v izjemnih primerih in se skraj\u0161a \u0161ele tam. Google bo te podatke uporabil v imenu upravljavca tega spletnega mesta, da bi ocenil va\u0161o uporabo spletnega mesta, pripravil poro\u010dila o dejavnostih na spletnem mestu ter upravljavcu spletnega mesta zagotovil nadaljnje storitve, povezane z uporabo spletnega mesta in interneta. Ta poro\u010dila in storitve bodo uporabljeni za stalno izbolj\u0161evanje ponudbe tega spletnega mesta. Googlu lahko prepre\u010dite zbiranje informacij, ki jih ustvarjajo ti pi\u0161kotki in so pridobljene z va\u0161o uporabo spletnega mesta (vklju\u010dno z naslovom IP), ter obdelavo teh informacij tako, da prenesete in namestite Googlov vti\u010dnik za brskalnik, ki je na voljo na naslednji povezavi:\u00a0<a href=\"http:\/\/tools.google.com\/dlpage\/gaoptout?hl=de\" target=\"_blank\" rel=\"noopener noreferrer\">http:\/\/tools.google.com\/dlpage\/gaoptout?hl=de<\/a>. Drugi podobni vti\u010dniki drugih ponudnikov so na voljo glede na uporabljeni brskalnik. Zgoraj navedeni osebni podatki se hranijo dve leti.<\/p>\n<p><strong>4.4. Novi\u010dke in potisna sporo\u010dila<br \/>\n<\/strong><\/p>\n<p>Va\u0161e osebne podatke obdelujemo, da vam lahko po\u0161iljamo novice in sporo\u010dila push. Ta postopek poteka zakonito z va\u0161im soglasjem. Va\u0161e osebne podatke posredujemo tretji osebi, da lahko za nas po\u0161lje sporo\u010dilo. Va\u0161i osebni podatki se obdelujejo, dokler obdelave ne prekli\u010dete.<\/p>\n<p><strong>4.5. Komentarji<\/strong><\/p>\n<p>Ko obiskovalci na spletnem mestu pustijo komentarje, zberemo podatke, ki so prikazani v obrazcu za komentarje, ter obiskoval\u010dev naslov IP in niz uporabni\u0161kega agenta (za identifikacijo brskalnika), da bi podprli prepoznavanje ne\u017eelene po\u0161te.<\/p>\n<p>Iz va\u0161ega e-po\u0161tnega naslova je mogo\u010de ustvariti anonimiziran niz znakov (imenovan tudi hash) in ga posredovati dru\u017ebi Gravatar, da preveri, ali ga uporabljate. Pravilnik o zasebnosti podjetja Gravatar najdete tukaj: <a href=\"https:\/\/automattic.com\/privacy\/\" target=\"_blank\" rel=\"noopener noreferrer\">https:\/\/automattic.com\/privacy\/<\/a>. Ko je va\u0161 komentar odobren, je va\u0161a slika profila vidna v va\u0161em komentarju.<\/p>\n<p><strong>4.6. Mediji<\/strong><\/p>\n<p>\u010ce ste registrirani uporabnik in nalagate fotografije na to spletno mesto, se izogibajte nalaganju fotografij z lokacijo GPS EXIF. Obiskovalci tega spletnega mesta lahko prenesejo fotografije, ki so shranjene na tem spletnem mestu, in pridobijo informacije o lokaciji, na kateri so bile posnete.<\/p>\n<p><strong>4.7. Vstavljena vsebina z drugih spletnih mest<\/strong><\/p>\n<p>Prispevki na tem spletnem mestu lahko vsebujejo vdelano vsebino (npr. videoposnetke, slike, \u010dlanke). Vdelana vsebina z drugih spletnih mest deluje popolnoma enako, kot \u010de bi obiskovalec obiskal druga spletna mesta.<\/p>\n<p>Ta spletna mesta lahko zbirajo informacije o vas, uporabljajo pi\u0161kotke, vgrajujejo dodatne storitve sledenja tretjih oseb in bele\u017eijo va\u0161o interakcijo s to vgrajeno vsebino, vklju\u010dno z va\u0161o interakcijo z njo, \u010de imate ra\u010dun in ste prijavljeni na to spletno mesto.<\/p>\n<p><strong>4.8. Klepet v \u017eivo<\/strong><\/p>\n<p>Za zagotavljanje optimalne podpore na\u0161im uporabnikom in strankam uporabljamo storitev klepeta Zendesk. Pravilnik o zasebnosti dru\u017ebe Zendesk najdete tukaj:\u00a0<a href=\"https:\/\/www.zendesk.com\/company\/customers-partners\/privacy-policy\/\" target=\"_blank\" rel=\"noopener noreferrer\">https:\/\/www.zendesk.com\/company\/customers-partners\/privacy-policy\/<\/a>.<\/p>\n<p><strong>4.9. Predstavitev anonimiziranih poizvedb in nakupov<\/strong><\/p>\n<p>Storitev v oblaku uporabljamo za obve\u0161\u010danje in predstavitev pogosto zahtevanih in kupljenih izdelkov ter za prikaz varnega nakupa v na\u0161i spletni trgovini. Tej tretji osebi posredujemo anonimizirane podatke za izvedbo optimalnih predstavitev za spletni sistem.<\/p>\n<p><strong>4.10. Nadaljnje analiti\u010dne storitve<\/strong><\/p>\n<p>Poleg Googlove storitve analize (Google Anlytics) po potrebi uporabljamo dodatne postopke tehni\u010dne analize, predvsem takoj po posodobitvi doma\u010de strani in operacijske programske opreme spletne trgovine. Cilj je hitro prepoznati tehni\u010dne napake, ki bi lahko ogrozile uporabni\u0161ko izku\u0161njo brskanja in nakupne potrebe. Primeri tega so lahko \u201cIzdelka ni mogo\u010de dodati v ko\u0161arico\u201d, \u201cPla\u010dilo ni mogo\u010de\u201d, \u201cNi mogo\u010de registrirati uporabni\u0161kega ra\u010duna\u201d itd. Zabele\u017eeni osebni podatki so shranjeni anonimno in se izbri\u0161ejo po deaktivaciji pregleda.<\/p>\n<p><strong>4.11. Sistem za\u0161\u010dite pred vdori, ne\u017eeleno po\u0161to, zlonamerno programsko opremo in ribarjenjem<br \/>\n<\/strong><\/p>\n<p>Za za\u0161\u010dito osebnih podatkov in celotnega sistema uporabljamo ve\u010d visoko razvitih za\u0161\u010ditnih sistemov, ki jih zaradi zasebnosti in varnosti ne navajamo. Komentarje, ki jih pustijo obiskovalci, lahko pregleda samodejna storitev za prepoznavanje ne\u017eelene po\u0161te. Celotna doma\u010da stran je \u0161ifrirana s protokolom SSL, da se zagotovi varno brskanje.<\/p>\n<p>To spletno mesto je za\u0161\u010diteno z reCAPTCHA in Googlovo <a href=\"https:\/\/policies.google.com\/privacy\" rel=\"nofollow noopener\">Pravilnik o zasebnosti<\/a>\u00a0in . <a href=\"https:\/\/policies.google.com\/terms\" rel=\"nofollow noopener\">Pogoji uporabe storitev<\/a>\u00a0uporabiti.<\/p>\n<h3>5. Shranjevanje in obdelava podatkov v spletni trgovini<\/h3>\n<p><strong>5.1. Med va\u0161im obiskom na\u0161e spletne trgovine bele\u017eimo:<\/strong><\/p>\n<ul>\n<li>Izdelki, ki ste si jih ogledali. S tem zapisom vam v opomnik prika\u017eemo izdelke, ki ste si jih \u017ee ogledali.<\/li>\n<li>lokacija, naslov IP in brskalnik. Te mo\u017enosti uporabljamo, da vam na primer samodejno prika\u017eemo pravilne davke in stro\u0161ke dostave.<\/li>\n<li>Pi\u0161kotki in seje za predpomnilnik vsebine ko\u0161arice med brskanjem po spletni trgovini.<\/li>\n<\/ul>\n<p>Ko pri nas kupite izdelke, bomo zahtevali va\u0161e osebne podatke, da bomo lahko dokon\u010dali naro\u010dilo in poslali izdelke. Ti podatki so va\u0161e ime, naslov za izdajo ra\u010duna, naslov za po\u0161iljanje, e-po\u0161tni naslov in telefonska \u0161tevilka. \u010ce odprete uporabni\u0161ki ra\u010dun in ne naro\u010date kot gost, vas bomo prosili tudi za \u017eeleno uporabni\u0161ko ime in geslo. Podatkov o pla\u010dilu, vnesenih v trgovini, ne zbiramo in ne shranjujemo. Shranjevanje teh finan\u010dnih podatkov je odvisno od izbrane pla\u010dilne storitve (PayPal, kreditne kartice, takoj\u0161nje nakazilo itd.).<\/p>\n<p>Poleg izpolnjevanja naro\u010dil va\u0161e osebne podatke uporabljamo za:<\/p>\n<ul>\n<li>Po\u0161ljite podatke o naro\u010dilu in ra\u010dunu stranke po e-po\u0161ti.<\/li>\n<li>Na morebitna vpra\u0161anja odgovorite v komentarju naro\u010dila.<\/li>\n<li>Izvedite pla\u010dilo in se izognite goljufijam.<\/li>\n<li>Ustvarite svoj ra\u010dun stranke<\/li>\n<li>izpolnjevanje na\u0161ih finan\u010dnih nalog, kot je na primer izra\u010dun DDV za dav\u010dne organe.<\/li>\n<li>Neprestano optimizirajte na\u0161o trgovino za \u0161e la\u017eji nakup.<\/li>\n<li>po\u0161iljanje informacij, na primer na\u0161ega glasila, \u010de se strinjate s to uporabo.<\/li>\n<\/ul>\n<p>Va\u0161e osebne podatke obdelujemo, da vam lahko ponudimo spletno trgovino. Ta obdelava se izvaja v skladu s pravno podlago pogodbe. Va\u0161e osebne podatke posredujemo upravljavcu ra\u010dunalni\u0161kega centra, ki za nas izvaja to obdelavo. Poleg tega osebne podatke posredujemo ponudniku pla\u010dilnih storitev in dostavni slu\u017ebi, da lahko obdelujeta va\u0161e podatke za namen obdelave pla\u010dila ali dostave. Va\u0161e osebne podatke obdelujemo, dokler je to potrebno zaradi dav\u010dnih rokov hrambe in dokler va\u0161ih osebnih podatkov ne potrebujemo ve\u010d za pravne zahtevke.<\/p>\n<p>Prav tako shranjujemo ocene izdelkov in jih objavljamo, tako da lahko do va\u0161ih izku\u0161enj dostopajo tudi drugi, ki jih izdelki zanimajo.<\/p>\n<p><strong>5.2. Dostop do osebnih podatkov<\/strong><\/p>\n<p>Na\u0161a slu\u017eba za pomo\u010d strankam ima dostop do podatkov, ki jih vnesete ob naro\u010dilu. To vklju\u010duje:<\/p>\n<ul>\n<li>Informacije o vsebini naro\u010dila, \u010dasu naro\u010dila in kraju, kamor ga je treba poslati.<\/li>\n<li>Osebni podatki, kot so ime, naslov za po\u0161iljanje in zara\u010dunavanje, e-po\u0161tni naslov in telefonska \u0161tevilka.<\/li>\n<\/ul>\n<p>Ta dostop je potreben za pripravo naro\u010dila za odpremo, odgovarjanje na va\u0161a vpra\u0161anja in obdelavo vra\u010dil.<\/p>\n<p><strong>5.3. Pla\u010dilni sistemi<\/strong><\/p>\n<div class=\"policy-text hide-privacy-policy-tutorial\">\n<p>Ponujamo ve\u010d mo\u017enosti za pla\u010dilo naro\u010dila. Te mo\u017enosti nenehno \u0161irimo, da bi za vas ustvarili najudobnej\u0161o mo\u017enost pla\u010dila. Tako je mogo\u010de pla\u010dati prek sistema PayPal, kreditne kartice, takoj\u0161njega nakazila, nakupa na podlagi ra\u010duna, Bitcoin in Altcoin ter \u0161e veliko ve\u010d. Ustrezno politiko zasebnosti vsakega spletnega mesta najdete na doma\u010di strani izbranega ponudnika pla\u010dil.<\/p>\n<p>Povezave do pravilnikov o zasebnosti ponudnikov pla\u010dil najdete spodaj:<\/p>\n<ul>\n<li>PayPal (https:\/\/www.paypal.com\/myaccount\/privacy\/privacyhub)<\/li>\n<li>Stripe (https:\/\/stripe.com\/gb\/privacy)<\/li>\n<li>Klarna (https:\/\/cdn.klarna.com\/1.0\/shared\/content\/legal\/terms\/0\/en_us\/privacy)<\/li>\n<li>Amazon Pay (https:\/\/pay.amazon.com\/us\/help\/201491260)<\/li>\n<li>CoinGate (https:\/\/coingate.com\/privacy)<\/li>\n<\/ul>\n<\/div>\n<h3>6. Pravice prizadete osebe<\/h3>\n<p>Kot prizadeta oseba ste upravi\u010deni do naslednjih pravic proti odgovorni osebi:<\/p>\n<p><strong>6.1. Pravica do informacij<\/strong><\/p>\n<p>Od odgovorne osebe lahko zahtevate potrditev, da obdeluje osebne podatke, ki se nana\u0161ajo na vas.<\/p>\n<p><strong>6.2. Pravica do popravka<\/strong><\/p>\n<p>\u010ce so osebni podatki, ki se obdelujejo, nepravilni ali nepopolni, imate pravico do popravka ali dopolnitve zoper odgovorno stranko. Odgovorna oseba mora te popravke opraviti takoj.<\/p>\n<p><strong>6.3. Pravica do omejitve obdelave<\/strong><\/p>\n<p>Omejitev obdelave va\u0161ih osebnih podatkov lahko zahtevate pod naslednjimi pogoji:<\/p>\n<p>(1) \u010ce zanikate to\u010dnost osebnih podatkov;<br \/>\n(2) \u010de je obdelava nezakonita;<br \/>\n(3) \u010de odgovorna stranka osebnih podatkov ne potrebuje ve\u010d za obdelavo, vi pa jih potrebujete za uveljavljanje, izvajanje ali obrambo pravnega zahtevka, ali<br \/>\n(4) \u010de ste vlo\u017eili ugovor zoper obdelavo in \u0161e niste ugotovili, ali razlogi odgovorne stranke prevladajo nad va\u0161imi.<\/p>\n<p><strong>6.4. Pravica do izbrisa<\/strong><\/p>\n<p>Od odgovorne osebe lahko zahtevate, da takoj izbri\u0161e va\u0161e osebne podatke, odgovorna oseba pa je to dol\u017ena storiti, \u010de velja eden od naslednjih razlogov:<\/p>\n<p>(1) Va\u0161i osebni podatki niso ve\u010d potrebni za namene, za katere so bili zbrani ali obdelani na dolo\u010den na\u010din.<br \/>\n(2) umaknete privolitev za obdelavo va\u0161ih osebnih podatkov in za obdelavo teh podatkov ni drugih pravnih podlag.<br \/>\n(3) vlo\u017eite ugovor zoper obdelavo va\u0161ih osebnih podatkov in za to ni prevladujo\u010dih razlogov.<br \/>\n(4) Va\u0161i osebni podatki so bili obdelani nezakonito.<\/p>\n<p><strong>6.5. Pravica do posvetovanja<\/strong><\/p>\n<p>\u010ce ste pri odgovorni stranki uveljavljali pravico do popravka, izbrisa ali omejitve obdelave, mora o tem popravku, izbrisu ali omejitvi obdelave obvestiti vse stranke, ki so jim bili razkriti va\u0161i osebni podatki, razen \u010de se to izka\u017ee za nemogo\u010de ali zahteva prevelik napor. Odgovorna stranka vas ima pravico obvestiti o teh strankah.<\/p>\n<p><strong>6.6. Pravica do prenosljivosti podatkov<\/strong><\/p>\n<p>Pravico imate, da osebne podatke, ki ste jih dali na voljo odgovorni osebi, prejmete v strukturirani, obi\u010dajni in strojno berljivi obliki. Poleg tega imate pravico, da te podatke posredujete drugi odgovorni stranki brez vme\u0161avanja odgovorne stranke, ki ste ji dali na voljo svoje osebne podatke, \u010de<\/p>\n<p>(1) obdelava temelji na privolitvi ali pogodbi in<br \/>\n(2) obdelava se izvaja s pomo\u010djo avtomatiziranih postopkov.<\/p>\n<p>Pri uveljavljanju te pravice pridobite tudi pravico, da se va\u0161i osebni podatki prenesejo od ene odgovorne osebe k drugi odgovorni osebi, dokler je to tehni\u010dno izvedljivo. S tem se ne sme ogroziti svobode in pravic drugih oseb.<\/p>\n<p><strong>6.7. Pravica do prito\u017ebe<\/strong><\/p>\n<p>Imate pravico, da kadar koli vlo\u017eite ugovor zoper obdelavo va\u0161ih osebnih podatkov, ki se izvaja zaradi javnega interesa ali na podlagi zakonitega interesa odgovorne stranke.<\/p>\n<p>\u010ce se va\u0161i osebni podatki obdelujejo za namene neposrednega ogla\u0161evanja, lahko kadar koli vlo\u017eite ugovor zoper obdelavo va\u0161ih osebnih podatkov za namene te vrste ogla\u0161evanja; to velja tudi za profiliranje, \u010de je povezano s to vrsto neposrednega ogla\u0161evanja.<\/p>\n<p>\u010ce nasprotujete obdelavi svojih osebnih podatkov za namene neposrednega ogla\u0161evanja, se ti podatki ne bodo ve\u010d obdelovali za ta namen.<\/p>\n<p><strong>6.8. Pravica do preklica soglasja za varstvo podatkov<\/strong><\/p>\n<p>Imate pravico, da kadar koli prekli\u010dete svoje soglasje za varstvo podatkov.<\/p>\n<p><strong>6.9. Avtomatizirane odlo\u010ditve v posameznih primerih, vklju\u010dno z oblikovanjem profilov<\/strong><\/p>\n<p>Pravico imate, da se ne sprejme odlo\u010ditev, ki temelji izklju\u010dno na samodejni obdelavi va\u0161ih osebnih podatkov - vklju\u010dno z oblikovanjem profilov - in ima pravne posledice ali vas na podoben na\u010din resno ogro\u017ea.<\/p>\n<p><strong>6.10. Pravica do prito\u017ebe pri regulativnem organu<\/strong><\/p>\n<p>\u010ce obdelava va\u0161ih osebnih podatkov kr\u0161i DSGVO, imate pravico do prito\u017ebe pri regulativnem organu ne glede na druga upravna ali pravna sredstva, zlasti v dr\u017eavi \u010dlanici va\u0161ega prebivali\u0161\u010da, kraja dela ali kraja domnevne kr\u0161itve.<\/p>\n<p>\u010ce nam \u017eelite poslati poizvedbo, uporabite obrazec tukaj.<\/p>\n<p>\u010ce menite, da so va\u0161e pravice kr\u0161ene, se lahko obrnete na avstrijski organ za varstvo podatkov:<\/p>\n<p>Datenschutzbeh\u00f6rde<br \/>\nWickenburggasse 8<br \/>\n1080 Dunaj<\/p>\n<p>E-po\u0161ta:\u00a0<a href=\"mailto:dsb@dsb.gv.at\">dsb@dsb.gv.at<\/a><br \/>\nTelefon: <a href=\"tel:+431521522569\">+43 1 521 52-25 69<\/a><\/p>\n<h3>7. Posodobitev politike zasebnosti<\/h3>\n<p>Ta pravilnik o zasebnosti bo posodobljen, ko se spremenijo postopki ali tehni\u010dne prilagoditve. Vedno preverite aktualno razli\u010dico na\u0161ega pravilnika o zasebnosti.<\/p>\n<hr \/>\n<p>Od: 01.01.2022<\/p>\n<p>&nbsp;<\/p>\n\t\t<\/div>\n\t\t\t\t\t<\/div>\n\n\t\n<\/div>","protected":false},"excerpt":{"rendered":"","protected":false},"author":1319,"featured_media":0,"parent":39312,"menu_order":0,"comment_status":"closed","ping_status":"closed","template":"page-blank.php","meta":{"inline_featured_image":false,"footnotes":""},"class_list":["post-4875","page","type-page","status-publish","hentry"],"_links":{"self":[{"href":"https:\/\/ecoturbino.shop\/sl\/wp-json\/wp\/v2\/pages\/4875","targetHints":{"allow":["GET"]}}],"collection":[{"href":"https:\/\/ecoturbino.shop\/sl\/wp-json\/wp\/v2\/pages"}],"about":[{"href":"https:\/\/ecoturbino.shop\/sl\/wp-json\/wp\/v2\/types\/page"}],"author":[{"embeddable":true,"href":"https:\/\/ecoturbino.shop\/sl\/wp-json\/wp\/v2\/users\/1319"}],"replies":[{"embeddable":true,"href":"https:\/\/ecoturbino.shop\/sl\/wp-json\/wp\/v2\/comments?post=4875"}],"version-history":[{"count":0,"href":"https:\/\/ecoturbino.shop\/sl\/wp-json\/wp\/v2\/pages\/4875\/revisions"}],"up":[{"embeddable":true,"href":"https:\/\/ecoturbino.shop\/sl\/wp-json\/wp\/v2\/pages\/39312"}],"wp:attachment":[{"href":"https:\/\/ecoturbino.shop\/sl\/wp-json\/wp\/v2\/media?parent=4875"}],"curies":[{"name":"wp","href":"https:\/\/api.w.org\/{rel}","templated":true}]}}