{"id":48895,"date":"2024-01-23T19:21:07","date_gmt":"2024-01-23T18:21:07","guid":{"rendered":"https:\/\/en.ecoturbino.shop\/?page_id=48895"},"modified":"2024-01-23T19:21:07","modified_gmt":"2024-01-23T18:21:07","slug":"vpliv-2-2","status":"publish","type":"page","link":"https:\/\/ecoturbino.shop\/sl\/impact-2\/","title":{"rendered":"Optimizirana in vidna higiena v tu\u0161ih | Glave za prhanje"},"content":{"rendered":"<section class=\"section zindex1\" id=\"section_29518491\">\n\t\t<div class=\"section-bg fill\" >\n\t\t\t\t\t\t\t\t\t\n\t\t\t\n\n\t\t<\/div>\n\n\t\t\n\n\t\t<div class=\"section-content relative\">\n\t\t\t\n<div class=\"row row-small\"  id=\"row-343213616\">\n\n\t<div id=\"col-1785836865\" class=\"col medium-9 small-12 large-9\"  >\n\t\t\t\t<div class=\"col-inner\"  >\n\t\t\t\n\t\t\t\n<h1 class=\"uppercase\">Optimizirana in vidna higiena v prhah in kopelih<\/h1>\n<h3 class=\"thin-font\">drugi u\u010dinek sistema ecoturbino\u00ae za var\u010devanje z vodo in varovanje okolja<\/h3>\n<div class=\"row\"  id=\"row-1956182953\">\n\n\t<div id=\"col-596620282\" class=\"col medium-11 small-12 large-11\"  >\n\t\t\t\t<div class=\"col-inner\"  >\n\t\t\t\n\t\t\t\n\t<div id=\"stack-2297132764\" class=\"stack stack-row justify-start items-start\">\n\t\t\n\t<div class=\"img has-hover x md-x lg-x y md-y lg-y\" id=\"image_375865102\">\n\t\t<a class=\"\" href=\"\/sl\/vpliv-1\/\" >\t\t\t\t\t\t<div class=\"img-inner image-color dark\" >\n\t\t\t<img decoding=\"async\" width=\"100\" height=\"100\" src=\"https:\/\/ecoturbino.shop\/wp-content\/uploads\/2024\/01\/impact1.svg\" class=\"attachment-original size-original\" alt=\"\" \/>\t\t\t\t\t\t\n\t\t\t\t\t<\/div>\n\t\t\t\t\t\t<\/a>\t\t\n<style>\n#image_375865102 {\n  width: 100%;\n}\n<\/style>\n\t<\/div>\n\t\n\t<div class=\"img has-hover x md-x lg-x y md-y lg-y\" id=\"image_237890900\">\n\t\t\t\t\t\t\t\t<div class=\"img-inner dark\" >\n\t\t\t<img decoding=\"async\" width=\"100\" height=\"100\" src=\"https:\/\/ecoturbino.shop\/wp-content\/uploads\/2024\/01\/impact2.svg\" class=\"attachment-original size-original\" alt=\"\" \/>\t\t\t\t\t\t\n\t\t\t\t\t<\/div>\n\t\t\t\t\t\t\t\t\n<style>\n#image_237890900 {\n  width: 100%;\n}\n<\/style>\n\t<\/div>\n\t\n\t<div class=\"img has-hover x md-x lg-x y md-y lg-y\" id=\"image_1571059602\">\n\t\t<a class=\"\" href=\"\/sl\/vpliv-3-2\/\" >\t\t\t\t\t\t<div class=\"img-inner image-color dark\" >\n\t\t\t<img decoding=\"async\" width=\"100\" height=\"100\" src=\"https:\/\/ecoturbino.shop\/wp-content\/uploads\/2024\/01\/impact3.svg\" class=\"attachment-original size-original\" alt=\"\" \/>\t\t\t\t\t\t\n\t\t\t\t\t<\/div>\n\t\t\t\t\t\t<\/a>\t\t\n<style>\n#image_1571059602 {\n  width: 100%;\n}\n<\/style>\n\t<\/div>\n\t\n\t<div class=\"img has-hover x md-x lg-x y md-y lg-y\" id=\"image_802271301\">\n\t\t<a class=\"\" href=\"\/sl\/vpliv-4-2\/\" >\t\t\t\t\t\t<div class=\"img-inner image-color dark\" >\n\t\t\t<img decoding=\"async\" width=\"100\" height=\"100\" src=\"https:\/\/ecoturbino.shop\/wp-content\/uploads\/2024\/01\/impact4.svg\" class=\"attachment-original size-original\" alt=\"\" \/>\t\t\t\t\t\t\n\t\t\t\t\t<\/div>\n\t\t\t\t\t\t<\/a>\t\t\n<style>\n#image_802271301 {\n  width: 100%;\n}\n<\/style>\n\t<\/div>\n\t\n\t<div class=\"img has-hover x md-x lg-x y md-y lg-y\" id=\"image_1540510494\">\n\t\t<a class=\"\" href=\"\/sl\/vpliv-5-2\/\" >\t\t\t\t\t\t<div class=\"img-inner image-color dark\" >\n\t\t\t<img decoding=\"async\" width=\"100\" height=\"100\" src=\"https:\/\/ecoturbino.shop\/wp-content\/uploads\/2024\/01\/impact5.svg\" class=\"attachment-original size-original\" alt=\"\" \/>\t\t\t\t\t\t\n\t\t\t\t\t<\/div>\n\t\t\t\t\t\t<\/a>\t\t\n<style>\n#image_1540510494 {\n  width: 100%;\n}\n<\/style>\n\t<\/div>\n\t\n\t<div class=\"img has-hover x md-x lg-x y md-y lg-y\" id=\"image_787139766\">\n\t\t<a class=\"\" href=\"\/sl\/vpliv-6-2\/\" >\t\t\t\t\t\t<div class=\"img-inner image-color dark\" >\n\t\t\t<img decoding=\"async\" width=\"100\" height=\"100\" src=\"https:\/\/ecoturbino.shop\/wp-content\/uploads\/2024\/01\/impact6.svg\" class=\"attachment-original size-original\" alt=\"\" \/>\t\t\t\t\t\t\n\t\t\t\t\t<\/div>\n\t\t\t\t\t\t<\/a>\t\t\n<style>\n#image_787139766 {\n  width: 100%;\n}\n<\/style>\n\t<\/div>\n\t\n\t<div class=\"img has-hover x md-x lg-x y md-y lg-y\" id=\"image_1461326793\">\n\t\t<a class=\"\" href=\"\/sl\/vpliv-7-2\/\" >\t\t\t\t\t\t<div class=\"img-inner image-color dark\" >\n\t\t\t<img decoding=\"async\" width=\"100\" height=\"100\" src=\"https:\/\/ecoturbino.shop\/wp-content\/uploads\/2024\/01\/impact7.svg\" class=\"attachment-original size-original\" alt=\"\" \/>\t\t\t\t\t\t\n\t\t\t\t\t<\/div>\n\t\t\t\t\t\t<\/a>\t\t\n<style>\n#image_1461326793 {\n  width: 100%;\n}\n<\/style>\n\t<\/div>\n\t\n\t\t\n<style>\n#stack-2297132764 > * {\n  --stack-gap: 1rem;\n}\n<\/style>\n\t<\/div>\n\t\n\t\t<\/div>\n\t\t\t\t\t<\/div>\n\n\t\n<\/div>\n\t\t<\/div>\n\t\t\t\t\t<\/div>\n\n\t\n\n\t<div id=\"col-310882927\" class=\"col medium-3 small-12 large-3\"  >\n\t\t\t\t<div class=\"col-inner\"  >\n\t\t\t\n\t\t\t\n\t<div class=\"img has-hover x md-x lg-x y md-y lg-y\" id=\"image_678850587\">\n\t\t\t\t\t\t\t\t<div class=\"img-inner dark\" >\n\t\t\t<img decoding=\"async\" width=\"100\" height=\"100\" src=\"https:\/\/ecoturbino.shop\/wp-content\/uploads\/2024\/01\/impact2.svg\" class=\"attachment-original size-original\" alt=\"\" \/>\t\t\t\t\t\t\n\t\t\t\t\t<\/div>\n\t\t\t\t\t\t\t\t\n<style>\n#image_678850587 {\n  width: 100%;\n}\n<\/style>\n\t<\/div>\n\t\n\t\t<\/div>\n\t\t\t\t\t<\/div>\n\n\t\n<\/div>\n<div class=\"row\"  id=\"row-772101934\">\n\n\t<div id=\"col-816646621\" class=\"col small-12 large-12\"  >\n\t\t\t\t<div class=\"col-inner\"  >\n\t\t\t\n\t\t\t\n<div class=\"is-divider divider clearfix\" style=\"max-width:100%;height:1px;\"><\/div>\n<h3><span style=\"font-size: 120%;\">\u010ciste glave za prhanje in cevi | nujnost za higieni\u010dno prhanje v hotelih, domovih, \u0161portnih objektih itd.<\/span><\/h3>\n<p>Spletna stran <strong>izku\u0161nje s prhanjem<\/strong> ima osrednjo vlogo pri na\u0161em po\u010dutju doma, v hotelih ali drugih nastanitvenih objektih.<\/p>\n<p>Spro\u0161\u010dujo\u010de prhanje zjutraj ali po dolgem dnevu lahko pomeni razliko med dobrim in odli\u010dnim dnevom. Kaj pa, \u010de <strong>glave za prhanje in cevi<\/strong> ki jih uporabljamo za \u010di\u0161\u010denje, so sami <strong>onesna\u017eeni z bakterijami.<\/strong>?<\/p>\n<p>Ta te\u017eava ni le lahko <strong>nehigieni\u010dno<\/strong> pa tudi <strong>predstavljajo tveganje za zdravje (onesna\u017eenje z legionelo).<\/strong> Tu pride do izraza inovativna tehnologija ecoturbino, ki ne le <strong>zagotavljanje higiensko \u010distih tu\u0161ev in cevi.<\/strong> pa tudi zmanj\u0161anje naporov pri \u010di\u0161\u010denju, zmanj\u0161anje koli\u010dine vodnega kamna in usedlin ter spodbujanje zdravja, zlasti z vidika tveganja legionele.<\/p>\n\t<div id=\"gap-1133972357\" class=\"gap-element clearfix\" style=\"display:block; height:auto;\">\n\t\t\n<style>\n#gap-1133972357 {\n  padding-top: 30px;\n}\n<\/style>\n\t<\/div>\n\t\n<div class=\"row\"  id=\"row-1126128740\">\n\n\t<div id=\"col-1344814153\" class=\"col medium-4 small-12 large-4\"  >\n\t\t\t\t<div class=\"col-inner\"  >\n\t\t\t\n\t\t\t\n\t<div class=\"img has-hover radius10 x md-x lg-x y md-y lg-y\" id=\"image_1406270236\">\n\t\t\t\t\t\t\t\t<div class=\"img-inner dark\" >\n\t\t\t<img decoding=\"async\" width=\"600\" height=\"600\" src=\"https:\/\/ecoturbino.shop\/wp-content\/uploads\/2024\/01\/shower-head_600.webp\" class=\"attachment-original size-original\" alt=\"\u010ci\u0161\u010denje glave tu\u0161a\" srcset=\"https:\/\/ecoturbino.shop\/wp-content\/uploads\/2024\/01\/shower-head_600.webp 600w, https:\/\/ecoturbino.shop\/wp-content\/uploads\/2024\/01\/shower-head_600-470x470.webp 470w, https:\/\/ecoturbino.shop\/wp-content\/uploads\/2024\/01\/shower-head_600-340x340.webp 340w\" sizes=\"(max-width: 600px) 100vw, 600px\" \/>\t\t\t\t\t\t\n\t\t\t\t\t<\/div>\n\t\t\t\t\t\t\t\t\n<style>\n#image_1406270236 {\n  width: 100%;\n}\n<\/style>\n\t<\/div>\n\t\n\t\t<\/div>\n\t\t\t\t\t<\/div>\n\n\t\n\n\t<div id=\"col-177556669\" class=\"col medium-8 small-12 large-8\"  >\n\t\t\t\t<div class=\"col-inner\"  >\n\t\t\t\n\t\t\t\n<h3>Zakaj so glave za prhanje in cevi onesna\u017eene z bakterijami?<\/h3>\n<p>Glave za prhanje in cevi so iz ve\u010d razlogov dovzetne za oku\u017ebo z bakterijami. Glavni razlog je <strong>stoje\u010da voda.<\/strong> Ko voda zastaja v ceveh in glavici za prhanje, se <strong>idealno okolje za razmno\u017eevanje bakterij.<\/strong> in druge mikroorganizme.<\/p>\n<p>Kadar ne uporabljate glave za prhanje in cevi za prhanje, na primer na po\u010ditnicah, se temperatura vode v <strong>naravno dvigne na sobno temperaturo, kar pove\u010da onesna\u017eenost in rast legionele.<\/strong> z ve\u010dkratnikom - optimalno okolje za razmno\u017eevanje bakterij!<\/p>\n<p>Te bakterije se v toplem in vla\u017enem okolju hitro razmno\u017eujejo in lahko<strong> povzro\u010dajo zdravstvene te\u017eave (kot so <a href=\"https:\/\/en.wikipedia.org\/wiki\/Pneumonia\" target=\"_blank\" rel=\"noopener sponsored\">plju\u010dnica<\/a><\/strong>). Druga te\u017eava je<strong> nastanek vodnega kamna<\/strong> in druge usedline, ki niso le grdega videza, ampak tudi <strong>vplivajo na delovanje glave za prhanje.<\/strong> in lahko povzro\u010di neenakomerno porazdelitev vode.<\/p>\n\t\t<\/div>\n\t\t\t\t\t<\/div>\n\n\t\n<\/div>\n<div class=\"row\"  id=\"row-1903779653\">\n\n\t<div id=\"col-981186945\" class=\"col medium-6 small-12 large-6\"  >\n\t\t\t\t<div class=\"col-inner\"  >\n\t\t\t\n\t\t\t\n<h3>Re\u0161itev za \u010diste glave za prhanje in cevi: ecoturbino\u00ae<\/h3>\n<p>Tehnologija Ecoturbino ponuja u\u010dinkovito re\u0161itev teh te\u017eav. Zasnovana je tako, da neprekinjeno odvaja vodo iz prh in cevi ter tako prepre\u010duje zastajanje vode. To ima ve\u010d prednosti:<\/p>\n<ul>\n<li><strong>Higiena:<\/strong> Neprestano izpu\u0161\u010danje vode iz prhe in cevi po prhanju znatno zmanj\u0161a tveganje za bakterijsko onesna\u017eenje. Brez zastajanja vode v glavi za prhanje bakterije in mikroorganizmi nimajo mo\u017enosti za razmno\u017eevanje.<\/li>\n<li><strong>Napori za \u010di\u0161\u010denje:<\/strong> Ni\u010d kaj naporno redno \u010di\u0161\u010denje glav za prhanje in cevi za prepre\u010devanje nalaganja usedlin in vodnega kamna je v veliki meri odpravljeno. To prihrani \u010das in trud. Vzdr\u017eevalni napori so bistveno manj\u0161i!<\/li>\n<li><strong>Vodni kamen in usedline:<\/strong> <a href=\"https:\/\/ecoturbino.shop\/sl\/kupi\/ecoturbino-et10l-adapter-za-tusiranje-srebrn-2\/\">Tehnologija Ecoturbino<\/a> pomaga tudi pri zmanj\u0161evanju vodnega kamna in usedlin v pr\u0161ilnikih in ceveh. To ne le podalj\u0161a \u017eivljenjsko dobo opreme za prhanje, temve\u010d tudi zagotavlja enakomeren pretok vode in optimalno delovanje.<\/li>\n<li><strong>Zdravje:<\/strong> Zmanj\u0161anje tveganja za nastanek legionele je \u0161e posebej pomembno. Legionele so bakterije, ki se razmno\u017eujejo v stoje\u010di vodi in lahko pri vdihavanju aerosolov povzro\u010dijo resne zdravstvene te\u017eave. Ecoturbino pomaga zmanj\u0161ati to tveganje in za\u0161\u010dititi zdravje uporabnikov.<\/li>\n<li><strong>Vizualna \u010disto\u010da:<\/strong> Tu\u0161ne glave, ki jih tehnologija ecoturbino nenehno odvaja, ostanejo vedno vizualno \u010diste in privla\u010dne. To prispeva k splo\u0161ni estetiki kopalnice.<\/li>\n<\/ul>\n\t\t<\/div>\n\t\t\t\t\t<\/div>\n\n\t\n\n\t<div id=\"col-126578476\" class=\"col medium-6 small-12 large-6\"  >\n\t\t\t\t<div class=\"col-inner\" style=\"background-color:#c0d63d;\" >\n\t\t\t\n\t\t\t\n\t<div id=\"text-435313728\" class=\"text\">\n\t\t\n<h4 class=\"uppercase\">ZAKLJU\u010cEK<\/h4>\n\t\t\n<style>\n#text-435313728 {\n  font-size: 2rem;\n  text-align: right;\n  color: rgb(255, 255, 255);\n}\n#text-435313728 > * {\n  color: rgb(255, 255, 255);\n}\n@media (min-width:850px) {\n  #text-435313728 {\n    font-size: 3.5rem;\n  }\n}\n<\/style>\n\t<\/div>\n\t\n<h3>Popolna higiena v kopalnici in \u0161ir\u0161e Zahvaljujo\u010d ecoturbinu<\/h3>\n<p><strong>ecoturbino<\/strong> ne zagotavlja le <strong>higiensko \u010diste glave za prhanje<\/strong> in cevi ter prispeva tudi k splo\u0161ni higieni v kopalnici. Z zmanj\u0161anjem zastajanja vode in s tem povezanih bakterij se izbolj\u0161a splo\u0161na higiena kopalnice.<\/p>\n<p>To je \u0161e posebej pomembno pri nastanitvah, kot so <strong>hoteli, domovi za ostarele, <a href=\"https:\/\/maps.ecoturbino.shop\/directory-world\/categories\/medical\/\" target=\"_blank\" rel=\"noopener\">klinike<\/a>, in penzioni<\/strong>, pa tudi sezonske dejavnosti in \u0161portni objekti, kjer sta varnost in udobje gostov in bolnikov najpomembnej\u0161i nalogi.<\/p>\n<p>Na splo\u0161no je ecoturbino<strong> inovativna re\u0161itev za pogosto spregledano<\/strong> problem. \u010ciste glave za prhanje in cevi niso le <strong>estetsko prijetno.<\/strong> vendar so bistvenega pomena tudi za zdravje in dobro po\u010dutje uporabnikov.<\/p>\n<p>Z ecoturbino lahko povzdignete<strong> izku\u0161nje s prhanjem v hotelih, domovih<\/strong>, in druge nastanitve na novo raven, medtem ko<strong> optimiziranje higiene v kopalnici.<\/strong><\/p>\n\t\t<\/div>\n\t\t\t\t\n<style>\n#col-126578476 > .col-inner {\n  padding: 10px 20px 1px 25px;\n  border-radius: 10px;\n}\n<\/style>\n\t<\/div>\n\n\t\n<\/div>\n<div class=\"video video-fit mb\" style=\"padding-top:56.25%;\"><p><iframe title=\"Najla\u017eji na\u010din za \u010di\u0161\u010denje glave za prhanje\ud83d\udca5 (neverjeten rezultat)!!\" width=\"1020\" height=\"574\" src=\"https:\/\/www.youtube.com\/embed\/J7uwCSF8Ym0?feature=oembed\" frameborder=\"0\" allow=\"accelerometer; autoplay; clipboard-write; encrypted-media; gyroscope; picture-in-picture; web-share\" referrerpolicy=\"strict-origin-when-cross-origin\" allowfullscreen><\/iframe><\/p>\n<\/div>\n\t\t<\/div>\n\t\t\t\t\t<\/div>\n\n\t\n<\/div>\n\t\t<\/div>\n\n\t\t\n<style>\n#section_29518491 {\n  padding-top: 30px;\n  padding-bottom: 30px;\n}\n<\/style>\n\t<\/section>","protected":false},"excerpt":{"rendered":"","protected":false},"author":1320,"featured_media":0,"parent":0,"menu_order":0,"comment_status":"closed","ping_status":"closed","template":"page-blank.php","meta":{"inline_featured_image":false,"footnotes":""},"class_list":["post-48895","page","type-page","status-publish","hentry"],"_links":{"self":[{"href":"https:\/\/ecoturbino.shop\/sl\/wp-json\/wp\/v2\/pages\/48895","targetHints":{"allow":["GET"]}}],"collection":[{"href":"https:\/\/ecoturbino.shop\/sl\/wp-json\/wp\/v2\/pages"}],"about":[{"href":"https:\/\/ecoturbino.shop\/sl\/wp-json\/wp\/v2\/types\/page"}],"author":[{"embeddable":true,"href":"https:\/\/ecoturbino.shop\/sl\/wp-json\/wp\/v2\/users\/1320"}],"replies":[{"embeddable":true,"href":"https:\/\/ecoturbino.shop\/sl\/wp-json\/wp\/v2\/comments?post=48895"}],"version-history":[{"count":0,"href":"https:\/\/ecoturbino.shop\/sl\/wp-json\/wp\/v2\/pages\/48895\/revisions"}],"wp:attachment":[{"href":"https:\/\/ecoturbino.shop\/sl\/wp-json\/wp\/v2\/media?parent=48895"}],"curies":[{"name":"wp","href":"https:\/\/api.w.org\/{rel}","templated":true}]}}