{"id":48899,"date":"2024-01-23T19:21:04","date_gmt":"2024-01-23T18:21:04","guid":{"rendered":"https:\/\/en.ecoturbino.shop\/?page_id=48899"},"modified":"2026-01-02T10:52:49","modified_gmt":"2026-01-02T09:52:49","slug":"vpliv-3-2","status":"publish","type":"page","link":"https:\/\/ecoturbino.shop\/sl\/impact-3\/","title":{"rendered":"Dovolj tople vode za vse prhe hkrati"},"content":{"rendered":"<section class=\"section zindex1\" id=\"section_1283589482\">\n\t\t<div class=\"section-bg fill\" >\n\t\t\t\t\t\t\t\t\t\n\t\t\t\n\n\t\t<\/div>\n\n\t\t\n\n\t\t<div class=\"section-content relative\">\n\t\t\t\n<div class=\"row row-small\"  id=\"row-1654855970\">\n\n\t<div id=\"col-1040965951\" class=\"col medium-9 small-12 large-9\"  >\n\t\t\t\t<div class=\"col-inner\"  >\n\t\t\t\n\t\t\t\n<h1 class=\"uppercase\">Zadostna oskrba s toplo vodo za vse prhe<\/h1>\n<h3 class=\"thin-font\">tretji u\u010dinek sistema ecoturbino\u00ae za var\u010devanje z vodo in varovanje okolja<\/h3>\n<div class=\"row\"  id=\"row-1131059625\">\n\n\t<div id=\"col-425963391\" class=\"col medium-11 small-12 large-11\"  >\n\t\t\t\t<div class=\"col-inner\"  >\n\t\t\t\n\t\t\t\n\t<div id=\"stack-1644267387\" class=\"stack stack-row justify-start items-start\">\n\t\t\n\t<div class=\"img has-hover x md-x lg-x y md-y lg-y\" id=\"image_327699154\">\n\t\t<a class=\"\" href=\"\/sl\/vpliv-1\/\" >\t\t\t\t\t\t<div class=\"img-inner image-color dark\" >\n\t\t\t<img decoding=\"async\" width=\"100\" height=\"100\" src=\"https:\/\/ecoturbino.shop\/wp-content\/uploads\/2024\/01\/impact1.svg\" class=\"attachment-original size-original\" alt=\"\" \/>\t\t\t\t\t\t\n\t\t\t\t\t<\/div>\n\t\t\t\t\t\t<\/a>\t\t\n<style>\n#image_327699154 {\n  width: 100%;\n}\n<\/style>\n\t<\/div>\n\t\n\t<div class=\"img has-hover x md-x lg-x y md-y lg-y\" id=\"image_51677658\">\n\t\t<a class=\"\" href=\"\/sl\/vpliv-2-2\/\" >\t\t\t\t\t\t<div class=\"img-inner image-color dark\" >\n\t\t\t<img decoding=\"async\" width=\"100\" height=\"100\" src=\"https:\/\/ecoturbino.shop\/wp-content\/uploads\/2024\/01\/impact2.svg\" class=\"attachment-original size-original\" alt=\"\" \/>\t\t\t\t\t\t\n\t\t\t\t\t<\/div>\n\t\t\t\t\t\t<\/a>\t\t\n<style>\n#image_51677658 {\n  width: 100%;\n}\n<\/style>\n\t<\/div>\n\t\n\t<div class=\"img has-hover x md-x lg-x y md-y lg-y\" id=\"image_71765125\">\n\t\t\t\t\t\t\t\t<div class=\"img-inner dark\" >\n\t\t\t<img decoding=\"async\" width=\"100\" height=\"100\" src=\"https:\/\/ecoturbino.shop\/wp-content\/uploads\/2024\/01\/impact3.svg\" class=\"attachment-original size-original\" alt=\"\" \/>\t\t\t\t\t\t\n\t\t\t\t\t<\/div>\n\t\t\t\t\t\t\t\t\n<style>\n#image_71765125 {\n  width: 100%;\n}\n<\/style>\n\t<\/div>\n\t\n\t<div class=\"img has-hover x md-x lg-x y md-y lg-y\" id=\"image_2042670488\">\n\t\t<a class=\"\" href=\"\/sl\/vpliv-4-2\/\" >\t\t\t\t\t\t<div class=\"img-inner image-color dark\" >\n\t\t\t<img decoding=\"async\" width=\"100\" height=\"100\" src=\"https:\/\/ecoturbino.shop\/wp-content\/uploads\/2024\/01\/impact4.svg\" class=\"attachment-original size-original\" alt=\"\" \/>\t\t\t\t\t\t\n\t\t\t\t\t<\/div>\n\t\t\t\t\t\t<\/a>\t\t\n<style>\n#image_2042670488 {\n  width: 100%;\n}\n<\/style>\n\t<\/div>\n\t\n\t<div class=\"img has-hover x md-x lg-x y md-y lg-y\" id=\"image_266805822\">\n\t\t<a class=\"\" href=\"\/sl\/vpliv-5-2\/\" >\t\t\t\t\t\t<div class=\"img-inner image-color dark\" >\n\t\t\t<img decoding=\"async\" width=\"100\" height=\"100\" src=\"https:\/\/ecoturbino.shop\/wp-content\/uploads\/2024\/01\/impact5.svg\" class=\"attachment-original size-original\" alt=\"\" \/>\t\t\t\t\t\t\n\t\t\t\t\t<\/div>\n\t\t\t\t\t\t<\/a>\t\t\n<style>\n#image_266805822 {\n  width: 100%;\n}\n<\/style>\n\t<\/div>\n\t\n\t<div class=\"img has-hover x md-x lg-x y md-y lg-y\" id=\"image_1197769416\">\n\t\t<a class=\"\" href=\"\/sl\/vpliv-6-2\/\" >\t\t\t\t\t\t<div class=\"img-inner image-color dark\" >\n\t\t\t<img decoding=\"async\" width=\"100\" height=\"100\" src=\"https:\/\/ecoturbino.shop\/wp-content\/uploads\/2024\/01\/impact6.svg\" class=\"attachment-original size-original\" alt=\"\" \/>\t\t\t\t\t\t\n\t\t\t\t\t<\/div>\n\t\t\t\t\t\t<\/a>\t\t\n<style>\n#image_1197769416 {\n  width: 100%;\n}\n<\/style>\n\t<\/div>\n\t\n\t<div class=\"img has-hover x md-x lg-x y md-y lg-y\" id=\"image_954081243\">\n\t\t<a class=\"\" href=\"\/sl\/vpliv-7-2\/\" >\t\t\t\t\t\t<div class=\"img-inner image-color dark\" >\n\t\t\t<img decoding=\"async\" width=\"100\" height=\"100\" src=\"https:\/\/ecoturbino.shop\/wp-content\/uploads\/2024\/01\/impact7.svg\" class=\"attachment-original size-original\" alt=\"\" \/>\t\t\t\t\t\t\n\t\t\t\t\t<\/div>\n\t\t\t\t\t\t<\/a>\t\t\n<style>\n#image_954081243 {\n  width: 100%;\n}\n<\/style>\n\t<\/div>\n\t\n\t\t\n<style>\n#stack-1644267387 > * {\n  --stack-gap: 1rem;\n}\n<\/style>\n\t<\/div>\n\t\n\t\t<\/div>\n\t\t\t\t\t<\/div>\n\n\t\n<\/div>\n\t\t<\/div>\n\t\t\t\t\t<\/div>\n\n\t\n\n\t<div id=\"col-1661957864\" class=\"col medium-3 small-12 large-3\"  >\n\t\t\t\t<div class=\"col-inner\"  >\n\t\t\t\n\t\t\t\n\t<div class=\"img has-hover x md-x lg-x y md-y lg-y\" id=\"image_42573543\">\n\t\t\t\t\t\t\t\t<div class=\"img-inner dark\" >\n\t\t\t<img decoding=\"async\" width=\"100\" height=\"100\" src=\"https:\/\/ecoturbino.shop\/wp-content\/uploads\/2024\/01\/impact3.svg\" class=\"attachment-original size-original\" alt=\"\" \/>\t\t\t\t\t\t\n\t\t\t\t\t<\/div>\n\t\t\t\t\t\t\t\t\n<style>\n#image_42573543 {\n  width: 100%;\n}\n<\/style>\n\t<\/div>\n\t\n\t\t<\/div>\n\t\t\t\t\t<\/div>\n\n\t\n<\/div>\n<div class=\"row\"  id=\"row-1922319051\">\n\n\t<div id=\"col-320716143\" class=\"col small-12 large-12\"  >\n\t\t\t\t<div class=\"col-inner\"  >\n\t\t\t\n\t\t\t\n<div class=\"is-divider divider clearfix\" style=\"max-width:100%;height:1px;\"><\/div>\n<h3><span style=\"font-size: 120%;\">Mali kotli in oskrba s toplo vodo za vsakogar | Problem in re\u0161itev z ecoturbino<\/span><\/h3>\n<p>Vpra\u0161anje <strong>oskrba s toplo vodo je pogosto spregledana.<\/strong> vendar ostaja klju\u010dni element za udobje in kakovost \u017eivljenja v \u0161tevilnih <strong>gospodinjstva, <a href=\"https:\/\/maps.ecoturbino.shop\/directory-world\/categories\/sports-center\/\" target=\"_blank\" rel=\"noopener\">telovadnice<\/a>, \u0161tudentski domovi,<\/strong> in druge komunalne objekte.<\/p>\n<p>Zlasti v primerih, ko <strong>majhni kotli ali toplotne \u010drpalke so edini vir tople vode,<\/strong> lahko pride do pomanjkanja, ko se vsi \u017eelijo prhati hkrati. Ta te\u017eava prizadene predvsem dru\u017eine v enodru\u017einskih hi\u0161ah, telovadnicah in skupnih prostorih.<\/p>\n<p>Tu je treba <strong>inovativna tehnologija ecoturbino se za\u010dne uporabljati<\/strong>, ne le <strong>zmanj\u0161anje porabe vode med prhanjem za kar 40 odstotkov.<\/strong> na splo\u0161no pa zagotavlja ustrezno oskrbo s toplo vodo za vse in ponuja \u0161tevilne prednosti.<\/p>\n<blockquote>\n<p>Trajanje razpolo\u017eljivosti tople vode za prhanje se podalj\u0161a s 40%.<\/p>\n<\/blockquote>\n\t<div id=\"gap-667077706\" class=\"gap-element clearfix\" style=\"display:block; height:auto;\">\n\t\t\n<style>\n#gap-667077706 {\n  padding-top: 30px;\n}\n<\/style>\n\t<\/div>\n\t\n<div class=\"row\"  id=\"row-1904722262\">\n\n\t<div id=\"col-389485408\" class=\"col medium-4 small-12 large-4\"  >\n\t\t\t\t<div class=\"col-inner\"  >\n\t\t\t\n\t\t\t\n\t<div class=\"img has-hover radius10 x md-x lg-x y md-y lg-y\" id=\"image_811445024\">\n\t\t\t\t\t\t\t\t<div class=\"img-inner dark\" >\n\t\t\t<img decoding=\"async\" width=\"600\" height=\"600\" src=\"https:\/\/ecoturbino.shop\/wp-content\/uploads\/2024\/01\/setting-temp_600-1.webp\" class=\"attachment-original size-original\" alt=\"Nastavitev temperature Voda\" srcset=\"https:\/\/ecoturbino.shop\/wp-content\/uploads\/2024\/01\/setting-temp_600-1.webp 600w, https:\/\/ecoturbino.shop\/wp-content\/uploads\/2024\/01\/setting-temp_600-1-470x470.webp 470w, https:\/\/ecoturbino.shop\/wp-content\/uploads\/2024\/01\/setting-temp_600-1-340x340.webp 340w\" sizes=\"(max-width: 600px) 100vw, 600px\" \/>\t\t\t\t\t\t\n\t\t\t\t\t<\/div>\n\t\t\t\t\t\t\t\t\n<style>\n#image_811445024 {\n  width: 100%;\n}\n<\/style>\n\t<\/div>\n\t\n\t\t<\/div>\n\t\t\t\t\t<\/div>\n\n\t\n\n\t<div id=\"col-610969864\" class=\"col medium-8 small-12 large-8\"  >\n\t\t\t\t<div class=\"col-inner\"  >\n\t\t\t\n\t\t\t\n<h3>Te\u017eava z majhnimi kotli in <a href=\"https:\/\/en.wikipedia.org\/wiki\/Heat_pump\" target=\"_blank\" rel=\"noopener sponsored\">Toplotne \u010drpalke<\/a><\/h3>\n<p>V \u0161tevilnih stanovanjskih hi\u0161ah in skupnih prostorih, <strong>sistemi za oskrbo s toplo vodo so pogosto poddimenzionirani.<\/strong> zaradi omejenih virov ali prostorskih omejitev.<\/p>\n<p>Te\u017eave lahko povzro\u010dajo majhni kotli ali toplotne \u010drpalke, <strong>zlasti kadar se ho\u010de prhati ve\u010d ljudi hkrati.<\/strong> To pogosto privede do neprijetnih situacij, ko vro\u010de vode zmanjka ali je celo popolnoma zmanjka.<\/p>\n<p>Dru\u017einski \u010dlani morajo med prhanjem hiteti ali \u010dakati na ve\u010d vro\u010de vode, <strong>stranke v telovadnici postanejo razo\u010darane,<\/strong> in splo\u0161no udobje je bistveno slab\u0161e.<\/p>\n\t\t<\/div>\n\t\t\t\t\t<\/div>\n\n\t\n<\/div>\n\t<div id=\"gap-566484135\" class=\"gap-element clearfix\" style=\"display:block; height:auto;\">\n\t\t\n<style>\n#gap-566484135 {\n  padding-top: 30px;\n}\n<\/style>\n\t<\/div>\n\t\n<div class=\"row\"  id=\"row-557664995\">\n\n\t<div id=\"col-1264003378\" class=\"col medium-6 small-12 large-6\"  >\n\t\t\t\t<div class=\"col-inner\" style=\"background-color:rgb(255,255,255);\" >\n\t\t\t\n\t\t\t\n<h3>Re\u0161itev \u201czadostne koli\u010dine tople vode za vse\u201d = ecoturbino<\/h3>\n<p>Tehnologija ecoturbino ponuja<strong> u\u010dinkovita re\u0161itev za to raz\u0161irjeno te\u017eavo.<\/strong>. Zasnovan je tako, da <strong>mo\u010dno zmanj\u0161ati porabo vode med prhanjem.<\/strong> brez ogro\u017eanja udobja pri prhanju. Tukaj je nekaj prednosti, ki jih ecoturbino ponuja vsem:<\/p>\n<ul>\n<li><strong>Zmanj\u0161ana (HOT) - Poraba vode:<\/strong> ecoturbino lahko zmanj\u0161a porabo vode za neverjetnih 40 odstotkov. To pomeni, da je treba za pripravo tople vode za prhanje ogrevati manj vode ali da obstoje\u010da koli\u010dina zado\u0161\u010da za veliko ve\u010d prhanja. S tem je mogo\u010de znatno prihraniti energijo in vodne vire.<\/li>\n<\/ul>\n<blockquote>\n<p>Zadostna koli\u010dina tople vode za vse: Z zmanj\u0161anjem porabe vode ecoturbino zagotavlja dovolj tople vode za vse, tudi \u010de se \u017eeli prhati ve\u010d ljudi hkrati. Problem omejene zmogljivosti majhnih kotlov ali toplotnih \u010drpalk je u\u010dinkovito re\u0161en.<\/p>\n<\/blockquote>\n<ul>\n<li><strong>Hitro povra\u010dilo:<\/strong> Namestitev sistema ecoturbino je preprosta in stro\u0161kovno u\u010dinkovita. Zaradi prihrankov pri stro\u0161kih za energijo in vodo se nalo\u017eba v kratkem \u010dasu izpla\u010da. Dru\u017einam, telovadnicam in drugim objektom se ecoturbino hitro povrne.<\/li>\n<li><strong>Okolju prijazno:<\/strong> Z zmanj\u0161anjem porabe vode ecoturbino prispeva k ohranjanju vodnih virov in zmanj\u0161anju emisij CO2. To ni koristno le za va\u0161o denarnico, temve\u010d tudi za okolje.<\/li>\n<li><strong>Izbolj\u0161ano udobje pri prhanju:<\/strong> Kljub zmanj\u0161anju porabe vode, <strong>ecoturbino \u0161e vedno zagotavlja nespremenjeno, prijetno in spro\u0161\u010dujo\u010do izku\u0161njo tu\u0161iranja<\/strong>. Tehnologija zagotavlja, da vodni tok ostane mo\u010dan in prijeten, ne da bi bil potraten (na\u010delo pove\u010danja tlaka brez zunanje energije).<\/li>\n<\/ul>\n\t\t<\/div>\n\t\t\t\t\n<style>\n#col-1264003378 > .col-inner {\n  padding: 0px 0px 1px 0px;\n  border-radius: 10px;\n}\n<\/style>\n\t<\/div>\n\n\t\n\n\t<div id=\"col-1124359883\" class=\"col medium-6 small-12 large-6\"  >\n\t\t\t\t<div class=\"col-inner\" style=\"background-color:#c0d63d;\" >\n\t\t\t\n\t\t\t\n\t<div id=\"text-3155248786\" class=\"text\">\n\t\t\n<h4 class=\"uppercase\">ZAKLJU\u010cEK<\/h4>\n\t\t\n<style>\n#text-3155248786 {\n  font-size: 2rem;\n  text-align: right;\n  color: rgb(255,255,255);\n}\n#text-3155248786 > * {\n  color: rgb(255,255,255);\n}\n@media (min-width:850px) {\n  #text-3155248786 {\n    font-size: 3.5rem;\n  }\n}\n<\/style>\n\t<\/div>\n\t\n<h3>Prednosti sistema ecoturbino za vse<\/h3>\n<p>tehnologija ecoturbino je <strong>re\u0161itev, ki je koristna za vse.<\/strong> ravnanje z omejenimi viri tople vode. Na spletni strani <strong>zmanj\u0161uje porabo vode in zagotavlja zadostno koli\u010dino tople vode za vse,<\/strong> in ponuja \u0161tevilne prednosti v smislu prihranka stro\u0161kov, prijaznosti do okolja in udobja pri prhanju.<\/p>\n<blockquote>\n<p>V dru\u017einskih hi\u0161ah, telovadnicah ali drugih skupnih prostorih ecoturbino zagotavlja u\u010dinkovito in zadovoljivo oskrbo s toplo vodo za vse.<\/p>\n<\/blockquote>\n<p>\u010ce bi moral <strong>obstoje\u010di odtok je premajhen,<\/strong> Pri tej te\u017eavi lahko pomaga tudi ecoturbino. Namesto poplav je uporaba na\u0161ih izdelkov <strong>pogosto zadostuje za prepre\u010ditev prelivanja,<\/strong> zato je potrebna le 60% odto\u010dne zmogljivosti - pogosto je mogo\u010de prepre\u010diti prelivanje.<\/p>\n\t\t<\/div>\n\t\t\t\t\n<style>\n#col-1124359883 > .col-inner {\n  padding: 10px 20px 1px 25px;\n  border-radius: 10px;\n}\n<\/style>\n\t<\/div>\n\n\t\n<\/div>\n\t\t<\/div>\n\t\t\t\t\n<style>\n#col-320716143 > .col-inner {\n  margin: 0px 0px -200px 0px;\n}\n<\/style>\n\t<\/div>\n\n\t\n<\/div>\n\t\t<\/div>\n\n\t\t\n<style>\n#section_1283589482 {\n  padding-top: 30px;\n  padding-bottom: 30px;\n}\n<\/style>\n\t<\/section>\n\t\n\n\t<section class=\"section hide-for-small\" id=\"section_683767113\">\n\t\t<div class=\"section-bg fill\" >\n\t\t\t<img decoding=\"async\" width=\"1920\" height=\"683\" src=\"https:\/\/ecoturbino.shop\/wp-content\/uploads\/2025\/12\/ecoturbino-function_1920.webp\" class=\"bg attachment- size-\" alt=\"funkcija ecoturbino\" \/>\t\t\t\t\t\t<div class=\"section-bg-overlay absolute fill\"><\/div>\n\t\t\t\n\n\t\t<\/div>\n\n\t\t\t<div class=\"ux-shape-divider ux-shape-divider--top ux-shape-divider--style-waves-opacity\">\n\t\t<svg viewbox=\"0 0 1000 300\" xmlns=\"http:\/\/www.w3.org\/2000\/svg\" preserveaspectratio=\"none\">\n    <path class=\"ux-shape-fill\" d=\"M0 300L-1 69.71C216 57 299.47 198.86 403 226C506 253 577 196 660 197C740 198 790.09 234.07 874 267C935.23 291 982 282.61 1000 277.61V300H0Z\"\/>\n    <path class=\"ux-shape-fill\" opacity=\"0.5\" d=\"M1 265.094L0 50.5C217 37.79 300.47 186.36 404 213.5C507 240.5 578 196.5 661 197.5C741 198.5 787.59 239.57 871.5 272.5C932.73 296.5 980.5 284.5 998.5 279.5V298.5L1 265.094Z\"\/>\n    <path class=\"ux-shape-fill\" opacity=\"0.15\" d=\"M0.999878 244.094L-0.00012207 27C217 14.29 300.47 173.86 404 201C507 228 578 196 661 197C741 198 787.59 243.07 871.5 276C932.73 300 980.5 284.5 998.5 279.5V299L0.999878 244.094Z\"\/>\n<\/svg>\n\n\t<\/div>\n\n\n\t\t<div class=\"section-content relative\">\n\t\t\t\n\t\t<\/div>\n\n\t\t\n<style>\n#section_683767113 {\n  padding-top: 220px;\n  padding-bottom: 220px;\n}\n#section_683767113 .section-bg-overlay {\n  background-color: rgba(0, 0, 0, 0.25);\n}\n#section_683767113 .ux-shape-divider--top svg {\n  height: 80px;\n  --divider-top-width: 100%;\n}\n@media (min-width:550px) {\n  #section_683767113 .ux-shape-divider--top svg {\n    height: 124px;\n  }\n}\n<\/style>\n\t<\/section>","protected":false},"excerpt":{"rendered":"","protected":false},"author":1320,"featured_media":0,"parent":0,"menu_order":0,"comment_status":"closed","ping_status":"closed","template":"page-blank.php","meta":{"inline_featured_image":false,"footnotes":""},"class_list":["post-48899","page","type-page","status-publish","hentry"],"_links":{"self":[{"href":"https:\/\/ecoturbino.shop\/sl\/wp-json\/wp\/v2\/pages\/48899","targetHints":{"allow":["GET"]}}],"collection":[{"href":"https:\/\/ecoturbino.shop\/sl\/wp-json\/wp\/v2\/pages"}],"about":[{"href":"https:\/\/ecoturbino.shop\/sl\/wp-json\/wp\/v2\/types\/page"}],"author":[{"embeddable":true,"href":"https:\/\/ecoturbino.shop\/sl\/wp-json\/wp\/v2\/users\/1320"}],"replies":[{"embeddable":true,"href":"https:\/\/ecoturbino.shop\/sl\/wp-json\/wp\/v2\/comments?post=48899"}],"version-history":[{"count":0,"href":"https:\/\/ecoturbino.shop\/sl\/wp-json\/wp\/v2\/pages\/48899\/revisions"}],"wp:attachment":[{"href":"https:\/\/ecoturbino.shop\/sl\/wp-json\/wp\/v2\/media?parent=48899"}],"curies":[{"name":"wp","href":"https:\/\/api.w.org\/{rel}","templated":true}]}}