{"id":48905,"date":"2024-01-23T19:21:02","date_gmt":"2024-01-23T18:21:02","guid":{"rendered":"https:\/\/en.ecoturbino.shop\/?page_id=48905"},"modified":"2026-01-02T10:53:00","modified_gmt":"2026-01-02T09:53:00","slug":"vpliv-4-2","status":"publish","type":"page","link":"https:\/\/ecoturbino.shop\/sl\/impact-4\/","title":{"rendered":"zadosten pritisk vode za prhanje za vse (v gospodinjstvih ni problem)"},"content":{"rendered":"<section class=\"section zindex1\" id=\"section_1597441213\">\n\t\t<div class=\"section-bg fill\" >\n\t\t\t\t\t\t\t\t\t\n\t\t\t\n\n\t\t<\/div>\n\n\t\t\n\n\t\t<div class=\"section-content relative\">\n\t\t\t\n<div class=\"row row-small\"  id=\"row-482115852\">\n\n\t<div id=\"col-1334140795\" class=\"col medium-9 small-12 large-9\"  >\n\t\t\t\t<div class=\"col-inner\"  >\n\t\t\t\n\t\t\t\n<h1 class=\"uppercase\">Zadosten pritisk vode za vse (samo za podjetja)<\/h1>\n<h3 class=\"thin-font\">\u010detrti u\u010dinek sistema ecoturbino\u00ae za var\u010devanje z vodo in varovanje okolja<\/h3>\n<div class=\"row\"  id=\"row-726789757\">\n\n\t<div id=\"col-1373914150\" class=\"col medium-11 small-12 large-11\"  >\n\t\t\t\t<div class=\"col-inner\"  >\n\t\t\t\n\t\t\t\n\t<div id=\"stack-3366393878\" class=\"stack stack-row justify-start items-start\">\n\t\t\n\t<div class=\"img has-hover x md-x lg-x y md-y lg-y\" id=\"image_136532895\">\n\t\t<a class=\"\" href=\"\/sl\/vpliv-1\/\" >\t\t\t\t\t\t<div class=\"img-inner image-color dark\" >\n\t\t\t<img decoding=\"async\" width=\"100\" height=\"100\" src=\"https:\/\/ecoturbino.shop\/wp-content\/uploads\/2024\/01\/impact1.svg\" class=\"attachment-original size-original\" alt=\"\" \/>\t\t\t\t\t\t\n\t\t\t\t\t<\/div>\n\t\t\t\t\t\t<\/a>\t\t\n<style>\n#image_136532895 {\n  width: 100%;\n}\n<\/style>\n\t<\/div>\n\t\n\t<div class=\"img has-hover x md-x lg-x y md-y lg-y\" id=\"image_91119490\">\n\t\t<a class=\"\" href=\"\/sl\/vpliv-2-2\/\" >\t\t\t\t\t\t<div class=\"img-inner image-color dark\" >\n\t\t\t<img decoding=\"async\" width=\"100\" height=\"100\" src=\"https:\/\/ecoturbino.shop\/wp-content\/uploads\/2024\/01\/impact2.svg\" class=\"attachment-original size-original\" alt=\"\" \/>\t\t\t\t\t\t\n\t\t\t\t\t<\/div>\n\t\t\t\t\t\t<\/a>\t\t\n<style>\n#image_91119490 {\n  width: 100%;\n}\n<\/style>\n\t<\/div>\n\t\n\t<div class=\"img has-hover x md-x lg-x y md-y lg-y\" id=\"image_234238553\">\n\t\t<a class=\"\" href=\"\/sl\/vpliv-3-2\/\" >\t\t\t\t\t\t<div class=\"img-inner image-color dark\" >\n\t\t\t<img decoding=\"async\" width=\"100\" height=\"100\" src=\"https:\/\/ecoturbino.shop\/wp-content\/uploads\/2024\/01\/impact3.svg\" class=\"attachment-original size-original\" alt=\"\" \/>\t\t\t\t\t\t\n\t\t\t\t\t<\/div>\n\t\t\t\t\t\t<\/a>\t\t\n<style>\n#image_234238553 {\n  width: 100%;\n}\n<\/style>\n\t<\/div>\n\t\n\t<div class=\"img has-hover x md-x lg-x y md-y lg-y\" id=\"image_2023142534\">\n\t\t\t\t\t\t\t\t<div class=\"img-inner dark\" >\n\t\t\t<img decoding=\"async\" width=\"100\" height=\"100\" src=\"https:\/\/ecoturbino.shop\/wp-content\/uploads\/2024\/01\/impact4.svg\" class=\"attachment-original size-original\" alt=\"\" \/>\t\t\t\t\t\t\n\t\t\t\t\t<\/div>\n\t\t\t\t\t\t\t\t\n<style>\n#image_2023142534 {\n  width: 100%;\n}\n<\/style>\n\t<\/div>\n\t\n\t<div class=\"img has-hover x md-x lg-x y md-y lg-y\" id=\"image_2052448729\">\n\t\t<a class=\"\" href=\"\/sl\/vpliv-5-2\/\" >\t\t\t\t\t\t<div class=\"img-inner image-color dark\" >\n\t\t\t<img decoding=\"async\" width=\"100\" height=\"100\" src=\"https:\/\/ecoturbino.shop\/wp-content\/uploads\/2024\/01\/impact5.svg\" class=\"attachment-original size-original\" alt=\"\" \/>\t\t\t\t\t\t\n\t\t\t\t\t<\/div>\n\t\t\t\t\t\t<\/a>\t\t\n<style>\n#image_2052448729 {\n  width: 100%;\n}\n<\/style>\n\t<\/div>\n\t\n\t<div class=\"img has-hover x md-x lg-x y md-y lg-y\" id=\"image_931936943\">\n\t\t<a class=\"\" href=\"\/sl\/vpliv-6-2\/\" >\t\t\t\t\t\t<div class=\"img-inner image-color dark\" >\n\t\t\t<img decoding=\"async\" width=\"100\" height=\"100\" src=\"https:\/\/ecoturbino.shop\/wp-content\/uploads\/2024\/01\/impact6.svg\" class=\"attachment-original size-original\" alt=\"\" \/>\t\t\t\t\t\t\n\t\t\t\t\t<\/div>\n\t\t\t\t\t\t<\/a>\t\t\n<style>\n#image_931936943 {\n  width: 100%;\n}\n<\/style>\n\t<\/div>\n\t\n\t<div class=\"img has-hover x md-x lg-x y md-y lg-y\" id=\"image_1551249260\">\n\t\t<a class=\"\" href=\"\/sl\/vpliv-7-2\/\" >\t\t\t\t\t\t<div class=\"img-inner image-color dark\" >\n\t\t\t<img decoding=\"async\" width=\"100\" height=\"100\" src=\"https:\/\/ecoturbino.shop\/wp-content\/uploads\/2024\/01\/impact7.svg\" class=\"attachment-original size-original\" alt=\"\" \/>\t\t\t\t\t\t\n\t\t\t\t\t<\/div>\n\t\t\t\t\t\t<\/a>\t\t\n<style>\n#image_1551249260 {\n  width: 100%;\n}\n<\/style>\n\t<\/div>\n\t\n\t\t\n<style>\n#stack-3366393878 > * {\n  --stack-gap: 1rem;\n}\n<\/style>\n\t<\/div>\n\t\n\t\t<\/div>\n\t\t\t\t\t<\/div>\n\n\t\n<\/div>\n\t\t<\/div>\n\t\t\t\t\t<\/div>\n\n\t\n\n\t<div id=\"col-920801988\" class=\"col medium-3 small-12 large-3\"  >\n\t\t\t\t<div class=\"col-inner\"  >\n\t\t\t\n\t\t\t\n\t<div class=\"img has-hover x md-x lg-x y md-y lg-y\" id=\"image_143110630\">\n\t\t\t\t\t\t\t\t<div class=\"img-inner dark\" >\n\t\t\t<img decoding=\"async\" width=\"100\" height=\"100\" src=\"https:\/\/ecoturbino.shop\/wp-content\/uploads\/2024\/01\/impact4.svg\" class=\"attachment-original size-original\" alt=\"\" \/>\t\t\t\t\t\t\n\t\t\t\t\t<\/div>\n\t\t\t\t\t\t\t\t\n<style>\n#image_143110630 {\n  width: 100%;\n}\n<\/style>\n\t<\/div>\n\t\n\t\t<\/div>\n\t\t\t\t\t<\/div>\n\n\t\n<\/div>\n<div class=\"row\"  id=\"row-853858291\">\n\n\t<div id=\"col-1097786363\" class=\"col small-12 large-12\"  >\n\t\t\t\t<div class=\"col-inner\"  >\n\t\t\t\n\t\t\t\n<div class=\"is-divider divider clearfix\" style=\"max-width:100%;height:1px;\"><\/div>\n<h3><span style=\"font-size: 120%;\">U\u010dinkovite re\u0161itve za prhanje v hotelih, <a href=\"https:\/\/maps.ecoturbino.shop\/directory-world\/categories\/student-residences\/\" target=\"_blank\" rel=\"noopener\">\u0160tudentski domovi<\/a>, klubi in fitnes centri: <a href=\"https:\/\/ecoturbino.shop\/sl\/kupi\/ecoturbino-et10l-adapter-za-tusiranje-srebrn-2\/\">ecoturbino<\/a> za ve\u010dje zadovoljstvo<\/span><\/h3>\n<p>Na spletnem mestu <strong>V hotelih, klubih in fitnes centrih lahko oskrba s toplo vodo pogosto postane prava te\u017eava,<\/strong> zlasti kadar vsi gostje ali \u010dlani <strong>se \u017eelite prhati hkrati<\/strong>. Po \u0161portu, smu\u010danju ali pred ve\u010derjo ljudje hitijo pod prho in<a href=\"https:\/\/en.wikipedia.org\/wiki\/Plumbing#Water_pipes\" target=\"_blank\" rel=\"noopener sponsored\"> vodovodne cevi<\/a> lahko zagotovi le<strong> omejena kapaciteta vode.<\/strong><\/p>\n<blockquote>\n<p>\u010ce se hkrati tu\u0161ira preve\u010d ljudi, se tlak vode mo\u010dno zni\u017ea in izku\u0161nja tu\u0161iranja je okrnjena. To vodi do nezadovoljnih strank ali gostov in lahko negativno vpliva na ugled objekta.<\/p>\n<\/blockquote>\n<p>Tu je treba <strong>se za\u010dne uporabljati inovativna tehnologija ecoturbino,<\/strong> zmanj\u0161anje porabe vode za prhanje za 40 odstotkov, ohranjanje vodnega tlaka ter zagotavljanje zadovoljnih strank in gostov.<\/p>\n\t<div id=\"gap-539553651\" class=\"gap-element clearfix\" style=\"display:block; height:auto;\">\n\t\t\n<style>\n#gap-539553651 {\n  padding-top: 30px;\n}\n<\/style>\n\t<\/div>\n\t\n<div class=\"row\"  id=\"row-1859988635\">\n\n\t<div id=\"col-160225660\" class=\"col medium-4 small-12 large-4\"  >\n\t\t\t\t<div class=\"col-inner\"  >\n\t\t\t\n\t\t\t\n\t<div class=\"img has-hover radius10 x md-x lg-x y md-y lg-y\" id=\"image_1725558518\">\n\t\t\t\t\t\t\t\t<div class=\"img-inner dark\" >\n\t\t\t<img decoding=\"async\" width=\"600\" height=\"600\" src=\"https:\/\/ecoturbino.shop\/wp-content\/uploads\/2024\/01\/hotel-floor_600.webp\" class=\"attachment-original size-original\" alt=\"Nadstropje hotela | ecoturbino\" srcset=\"https:\/\/ecoturbino.shop\/wp-content\/uploads\/2024\/01\/hotel-floor_600.webp 600w, https:\/\/ecoturbino.shop\/wp-content\/uploads\/2024\/01\/hotel-floor_600-470x470.webp 470w, https:\/\/ecoturbino.shop\/wp-content\/uploads\/2024\/01\/hotel-floor_600-340x340.webp 340w\" sizes=\"(max-width: 600px) 100vw, 600px\" \/>\t\t\t\t\t\t\n\t\t\t\t\t<\/div>\n\t\t\t\t\t\t\t\t\n<style>\n#image_1725558518 {\n  width: 100%;\n}\n<\/style>\n\t<\/div>\n\t\n\t\t<\/div>\n\t\t\t\t\t<\/div>\n\n\t\n\n\t<div id=\"col-1502904388\" class=\"col medium-8 small-12 large-8\"  >\n\t\t\t\t<div class=\"col-inner\"  >\n\t\t\t\n\t\t\t\n<h3>Problem omejenih vodnih zmogljivosti<\/h3>\n<p>Omejena zmogljivost cevi in sistemov za oskrbo s toplo vodo v hotelih, klubih in fitnes centrih je pogosta te\u017eava, ki <strong>lahko privede do neprijetnih situacij.<\/strong><\/p>\n<p>Ko vsi \u017eelijo <strong>tu\u0161iranje hkrati, lahko pade tlak vode.<\/strong> tako zelo, da je vodni tok le \u0161e curek. Veselje do prhanja se izgubi in <strong>gostje ali \u010dlani so razo\u010darani.<\/strong>. To lahko vpliva na zadovoljstvo strank in \u0161kodi ugledu objekta.<\/p>\n<ul>\n<li><strong>Dolgi koridorji:<\/strong> Veliko prostorov je pogosto priklju\u010denih na eno samo cev, pove\u010dana poraba vode v bli\u017eini vstopne to\u010dke cevi pa pogosto povzro\u010di <strong>nezadostna oskrba na oddaljenih mestih uporabe,<\/strong> pogosta te\u017eava v starej\u0161ih stavbah. Re\u0161itev: To velja tudi za ve\u010dnadstropne stavbe!<\/li>\n<li>Enostavna re\u0161itev: sistem ecoturbino<\/li>\n<\/ul>\n\t\t<\/div>\n\t\t\t\t\t<\/div>\n\n\t\n<\/div>\n\t<div id=\"gap-36413137\" class=\"gap-element clearfix\" style=\"display:block; height:auto;\">\n\t\t\n<style>\n#gap-36413137 {\n  padding-top: 30px;\n}\n<\/style>\n\t<\/div>\n\t\n<div class=\"row\"  id=\"row-1807993124\">\n\n\t<div id=\"col-493289749\" class=\"col medium-6 small-12 large-6\"  >\n\t\t\t\t<div class=\"col-inner\" style=\"background-color:rgb(255,255,255);\" >\n\t\t\t\n\t\t\t\n<p>ecoturbino je u\u010dinkovita re\u0161itev za to raz\u0161irjeno te\u017eavo. Tehnologija je bila razvita za zmanj\u0161anje porabe vode za prhanje za neverjetnih 40 odstotkov, ne da bi to vplivalo na vodni tlak. Tukaj je nekaj prednosti, ki jih ecoturbino ponuja hotelom, klubom in fitnes centrom:<\/p>\n<ul>\n<li><strong>Ohranjanje vodnega tlaka:<\/strong> Ecoturbino zagotavlja, da se tlak vode ohranja tudi pri hkratnem prhanju ve\u010d oseb. To pomeni, da lahko vsi gostje ali \u010dlani u\u017eivajo v mo\u010dnem in prijetnem vodnem toku, ne da bi morali sklepati kompromise zaradi omejene razpolo\u017eljivosti vode.<\/li>\n<li><strong>Zadovoljne stranke in gostje:<\/strong> ecoturbino zagotavlja zadovoljne stranke in goste. Ti lahko v celoti u\u017eivajo v prhanju, ne da bi jih skrbelo, kak\u0161en je pritisk vode. To vodi do <strong>pozitivno govorjenje od ust do ust.<\/strong> in krepi ugled objekta.<\/li>\n<li><strong>Var\u010devanje z vodo:<\/strong> Kljub ohranjanju vodnega tlaka, <strong>ecoturbino znatno zmanj\u0161a porabo vode.<\/strong> To prispeva k ohranjanju vodnih virov in hkrati zmanj\u0161uje stro\u0161ke za vodo.<\/li>\n<li><strong>Var\u010devanje z energijo:<\/strong> Ker je za pripravo tople vode za prhanje treba ogrevati manj vode, se zmanj\u0161ajo tudi stro\u0161ki energije. To ni koristno le za okolje, temve\u010d tudi za prora\u010dun objekta.<\/li>\n<li><strong>Enostavna namestitev:<\/strong> ecoturbino je mogo\u010de enostavno in stro\u0161kovno u\u010dinkovito namestiti brez obse\u017enih prenov. Nalo\u017eba se hitro povrne zaradi dose\u017eenih prihrankov.<\/li>\n<\/ul>\n\t\t<\/div>\n\t\t\t\t\n<style>\n#col-493289749 > .col-inner {\n  padding: 0px 0px 1px 0px;\n  border-radius: 10px;\n}\n<\/style>\n\t<\/div>\n\n\t\n\n\t<div id=\"col-151125324\" class=\"col medium-6 small-12 large-6\"  >\n\t\t\t\t<div class=\"col-inner\" style=\"background-color:#c0d63d;\" >\n\t\t\t\n\t\t\t\n\t<div id=\"text-2558457951\" class=\"text\">\n\t\t\n<h4 class=\"uppercase\">ZAKLJU\u010cEK<\/h4>\n\t\t\n<style>\n#text-2558457951 {\n  font-size: 2rem;\n  text-align: right;\n  color: rgb(255, 255, 255);\n}\n#text-2558457951 > * {\n  color: rgb(255, 255, 255);\n}\n@media (min-width:550px) {\n  #text-2558457951 {\n    font-size: 3.5rem;\n    text-align: right;\n  }\n}\n<\/style>\n\t<\/div>\n\t\n<h3>Ve\u010d zadovoljstva, ni\u017eji stro\u0161ki<\/h3>\n<p>tehnologija ecoturbino je<strong> idealna re\u0161itev za hotele, klube in fitnes centre<\/strong>, pa tudi vsem, ki se ukvarjajo z omejeno zmogljivostjo vodnih virov. To ni le <strong>zagotavlja zadovoljne stranke in goste.<\/strong> omogo\u010da tudi znatno var\u010devanje z vodo in ni\u017eje stro\u0161ke energije.<\/p>\n<p>Z ecoturbino lahko objekti izbolj\u0161ajo svoje storitve in hkrati zmanj\u0161ajo stro\u0161ke, kar je koristno za vse.<\/p>\n\t\t<\/div>\n\t\t\t\t\n<style>\n#col-151125324 > .col-inner {\n  padding: 10px 20px 1px 25px;\n  border-radius: 10px;\n}\n<\/style>\n\t<\/div>\n\n\t\n<\/div>\n\t\t<\/div>\n\t\t\t\t\n<style>\n#col-1097786363 > .col-inner {\n  margin: 0px 0px -200px 0px;\n}\n<\/style>\n\t<\/div>\n\n\t\n<\/div>\n\t\t<\/div>\n\n\t\t\n<style>\n#section_1597441213 {\n  padding-top: 30px;\n  padding-bottom: 30px;\n}\n<\/style>\n\t<\/section>\n\t\n\n\t<section class=\"section hide-for-small\" id=\"section_1850926267\">\n\t\t<div class=\"section-bg fill\" >\n\t\t\t<img decoding=\"async\" width=\"1920\" height=\"683\" src=\"https:\/\/ecoturbino.shop\/wp-content\/uploads\/2025\/12\/ecoturbino-function_1920.webp\" class=\"bg attachment- size-\" alt=\"funkcija ecoturbino\" \/>\t\t\t\t\t\t<div class=\"section-bg-overlay absolute fill\"><\/div>\n\t\t\t\n\n\t\t<\/div>\n\n\t\t\t<div class=\"ux-shape-divider ux-shape-divider--top ux-shape-divider--style-waves-opacity\">\n\t\t<svg viewbox=\"0 0 1000 300\" xmlns=\"http:\/\/www.w3.org\/2000\/svg\" preserveaspectratio=\"none\">\n    <path class=\"ux-shape-fill\" d=\"M0 300L-1 69.71C216 57 299.47 198.86 403 226C506 253 577 196 660 197C740 198 790.09 234.07 874 267C935.23 291 982 282.61 1000 277.61V300H0Z\"\/>\n    <path class=\"ux-shape-fill\" opacity=\"0.5\" d=\"M1 265.094L0 50.5C217 37.79 300.47 186.36 404 213.5C507 240.5 578 196.5 661 197.5C741 198.5 787.59 239.57 871.5 272.5C932.73 296.5 980.5 284.5 998.5 279.5V298.5L1 265.094Z\"\/>\n    <path class=\"ux-shape-fill\" opacity=\"0.15\" d=\"M0.999878 244.094L-0.00012207 27C217 14.29 300.47 173.86 404 201C507 228 578 196 661 197C741 198 787.59 243.07 871.5 276C932.73 300 980.5 284.5 998.5 279.5V299L0.999878 244.094Z\"\/>\n<\/svg>\n\n\t<\/div>\n\n\n\t\t<div class=\"section-content relative\">\n\t\t\t\n\t\t<\/div>\n\n\t\t\n<style>\n#section_1850926267 {\n  padding-top: 220px;\n  padding-bottom: 220px;\n}\n#section_1850926267 .section-bg-overlay {\n  background-color: rgba(0, 0, 0, 0.25);\n}\n#section_1850926267 .ux-shape-divider--top svg {\n  height: 80px;\n  --divider-top-width: 100%;\n}\n@media (min-width:550px) {\n  #section_1850926267 .ux-shape-divider--top svg {\n    height: 124px;\n  }\n}\n<\/style>\n\t<\/section>","protected":false},"excerpt":{"rendered":"","protected":false},"author":1320,"featured_media":0,"parent":0,"menu_order":0,"comment_status":"closed","ping_status":"closed","template":"page-blank.php","meta":{"inline_featured_image":false,"footnotes":""},"class_list":["post-48905","page","type-page","status-publish","hentry"],"_links":{"self":[{"href":"https:\/\/ecoturbino.shop\/sl\/wp-json\/wp\/v2\/pages\/48905","targetHints":{"allow":["GET"]}}],"collection":[{"href":"https:\/\/ecoturbino.shop\/sl\/wp-json\/wp\/v2\/pages"}],"about":[{"href":"https:\/\/ecoturbino.shop\/sl\/wp-json\/wp\/v2\/types\/page"}],"author":[{"embeddable":true,"href":"https:\/\/ecoturbino.shop\/sl\/wp-json\/wp\/v2\/users\/1320"}],"replies":[{"embeddable":true,"href":"https:\/\/ecoturbino.shop\/sl\/wp-json\/wp\/v2\/comments?post=48905"}],"version-history":[{"count":0,"href":"https:\/\/ecoturbino.shop\/sl\/wp-json\/wp\/v2\/pages\/48905\/revisions"}],"wp:attachment":[{"href":"https:\/\/ecoturbino.shop\/sl\/wp-json\/wp\/v2\/media?parent=48905"}],"curies":[{"name":"wp","href":"https:\/\/api.w.org\/{rel}","templated":true}]}}