{"id":48915,"date":"2024-01-23T19:21:18","date_gmt":"2024-01-23T18:21:18","guid":{"rendered":"https:\/\/en.ecoturbino.shop\/?page_id=48915"},"modified":"2025-05-27T14:29:40","modified_gmt":"2025-05-27T12:29:40","slug":"vpliv-6-2","status":"publish","type":"page","link":"https:\/\/ecoturbino.shop\/sl\/impact-6\/","title":{"rendered":"Popolnoma brez vzdr\u017eevanja in mo\u017enost naknadne namestitve v vse prhe - vgradi ga lahko vsakdo"},"content":{"rendered":"<section class=\"section zindex1\" id=\"section_893322526\">\n\t\t<div class=\"section-bg fill\" >\n\t\t\t\t\t\t\t\t\t\n\t\t\t\n\n\t\t<\/div>\n\n\t\t\n\n\t\t<div class=\"section-content relative\">\n\t\t\t\n<div class=\"row row-small\"  id=\"row-595813582\">\n\n\t<div id=\"col-44865775\" class=\"col medium-9 small-12 large-9\"  >\n\t\t\t\t<div class=\"col-inner\"  >\n\t\t\t\n\t\t\t\n<h2 class=\"uppercase\">Popolnoma brez vzdr\u017eevanja in za naknadno namestitev v vse prhe - lahko ga namesti vsakdo<\/h2>\n<h3 class=\"thin-font\">\u0161esti u\u010dinek sistema ecoturbino\u00ae za var\u010devanje z vodo in varovanje okolja<\/h3>\n<div class=\"row\"  id=\"row-252670732\">\n\n\t<div id=\"col-896010354\" class=\"col medium-11 small-12 large-11\"  >\n\t\t\t\t<div class=\"col-inner\"  >\n\t\t\t\n\t\t\t\n\t<div id=\"stack-1764170155\" class=\"stack stack-row justify-start items-start\">\n\t\t\n\t<div class=\"img has-hover x md-x lg-x y md-y lg-y\" id=\"image_1582434367\">\n\t\t<a class=\"\" href=\"\/sl\/vpliv-1\/\" >\t\t\t\t\t\t<div class=\"img-inner image-color dark\" >\n\t\t\t<img decoding=\"async\" width=\"100\" height=\"100\" src=\"https:\/\/ecoturbino.shop\/wp-content\/uploads\/2024\/01\/impact1.svg\" class=\"attachment-original size-original\" alt=\"\" \/>\t\t\t\t\t\t\n\t\t\t\t\t<\/div>\n\t\t\t\t\t\t<\/a>\t\t\n<style>\n#image_1582434367 {\n  width: 100%;\n}\n<\/style>\n\t<\/div>\n\t\n\t<div class=\"img has-hover x md-x lg-x y md-y lg-y\" id=\"image_504910845\">\n\t\t<a class=\"\" href=\"\/sl\/vpliv-2-2\/\" >\t\t\t\t\t\t<div class=\"img-inner image-color dark\" >\n\t\t\t<img decoding=\"async\" width=\"100\" height=\"100\" src=\"https:\/\/ecoturbino.shop\/wp-content\/uploads\/2024\/01\/impact2.svg\" class=\"attachment-original size-original\" alt=\"\" \/>\t\t\t\t\t\t\n\t\t\t\t\t<\/div>\n\t\t\t\t\t\t<\/a>\t\t\n<style>\n#image_504910845 {\n  width: 100%;\n}\n<\/style>\n\t<\/div>\n\t\n\t<div class=\"img has-hover x md-x lg-x y md-y lg-y\" id=\"image_1496348492\">\n\t\t<a class=\"\" href=\"\/sl\/vpliv-3-2\/\" >\t\t\t\t\t\t<div class=\"img-inner image-color dark\" >\n\t\t\t<img decoding=\"async\" width=\"100\" height=\"100\" src=\"https:\/\/ecoturbino.shop\/wp-content\/uploads\/2024\/01\/impact3.svg\" class=\"attachment-original size-original\" alt=\"\" \/>\t\t\t\t\t\t\n\t\t\t\t\t<\/div>\n\t\t\t\t\t\t<\/a>\t\t\n<style>\n#image_1496348492 {\n  width: 100%;\n}\n<\/style>\n\t<\/div>\n\t\n\t<div class=\"img has-hover x md-x lg-x y md-y lg-y\" id=\"image_327552374\">\n\t\t<a class=\"\" href=\"\/sl\/vpliv-4-2\/\" >\t\t\t\t\t\t<div class=\"img-inner image-color dark\" >\n\t\t\t<img decoding=\"async\" width=\"100\" height=\"100\" src=\"https:\/\/ecoturbino.shop\/wp-content\/uploads\/2024\/01\/impact4.svg\" class=\"attachment-original size-original\" alt=\"\" \/>\t\t\t\t\t\t\n\t\t\t\t\t<\/div>\n\t\t\t\t\t\t<\/a>\t\t\n<style>\n#image_327552374 {\n  width: 100%;\n}\n<\/style>\n\t<\/div>\n\t\n\t<div class=\"img has-hover x md-x lg-x y md-y lg-y\" id=\"image_617046748\">\n\t\t<a class=\"\" href=\"\/sl\/vpliv-5-2\/\" >\t\t\t\t\t\t<div class=\"img-inner image-color dark\" >\n\t\t\t<img decoding=\"async\" width=\"100\" height=\"100\" src=\"https:\/\/ecoturbino.shop\/wp-content\/uploads\/2024\/01\/impact5.svg\" class=\"attachment-original size-original\" alt=\"\" \/>\t\t\t\t\t\t\n\t\t\t\t\t<\/div>\n\t\t\t\t\t\t<\/a>\t\t\n<style>\n#image_617046748 {\n  width: 100%;\n}\n<\/style>\n\t<\/div>\n\t\n\t<div class=\"img has-hover x md-x lg-x y md-y lg-y\" id=\"image_256825598\">\n\t\t\t\t\t\t\t\t<div class=\"img-inner dark\" >\n\t\t\t<img decoding=\"async\" width=\"100\" height=\"100\" src=\"https:\/\/ecoturbino.shop\/wp-content\/uploads\/2024\/01\/impact6.svg\" class=\"attachment-original size-original\" alt=\"\" \/>\t\t\t\t\t\t\n\t\t\t\t\t<\/div>\n\t\t\t\t\t\t\t\t\n<style>\n#image_256825598 {\n  width: 100%;\n}\n<\/style>\n\t<\/div>\n\t\n\t<div class=\"img has-hover x md-x lg-x y md-y lg-y\" id=\"image_60608216\">\n\t\t<a class=\"\" href=\"\/sl\/vpliv-7-2\/\" >\t\t\t\t\t\t<div class=\"img-inner image-color dark\" >\n\t\t\t<img decoding=\"async\" width=\"100\" height=\"100\" src=\"https:\/\/ecoturbino.shop\/wp-content\/uploads\/2024\/01\/impact7.svg\" class=\"attachment-original size-original\" alt=\"\" \/>\t\t\t\t\t\t\n\t\t\t\t\t<\/div>\n\t\t\t\t\t\t<\/a>\t\t\n<style>\n#image_60608216 {\n  width: 100%;\n}\n<\/style>\n\t<\/div>\n\t\n\t\t\n<style>\n#stack-1764170155 > * {\n  --stack-gap: 1rem;\n}\n<\/style>\n\t<\/div>\n\t\n\t\t<\/div>\n\t\t\t\t\t<\/div>\n\n\t\n<\/div>\n\t\t<\/div>\n\t\t\t\t\t<\/div>\n\n\t\n\n\t<div id=\"col-634788700\" class=\"col medium-3 small-12 large-3\"  >\n\t\t\t\t<div class=\"col-inner\"  >\n\t\t\t\n\t\t\t\n\t<div class=\"img has-hover x md-x lg-x y md-y lg-y\" id=\"image_101880121\">\n\t\t\t\t\t\t\t\t<div class=\"img-inner dark\" >\n\t\t\t<img decoding=\"async\" width=\"100\" height=\"100\" src=\"https:\/\/ecoturbino.shop\/wp-content\/uploads\/2024\/01\/impact6.svg\" class=\"attachment-original size-original\" alt=\"\" \/>\t\t\t\t\t\t\n\t\t\t\t\t<\/div>\n\t\t\t\t\t\t\t\t\n<style>\n#image_101880121 {\n  width: 100%;\n}\n<\/style>\n\t<\/div>\n\t\n\t\t<\/div>\n\t\t\t\t\t<\/div>\n\n\t\n<\/div>\n<div class=\"row\"  id=\"row-1699685994\">\n\n\t<div id=\"col-1487603042\" class=\"col small-12 large-12\"  >\n\t\t\t\t<div class=\"col-inner\"  >\n\t\t\t\n\t\t\t\n<div class=\"is-divider divider clearfix\" style=\"max-width:100%;height:1px;\"><\/div>\n<h3><span style=\"font-size: 120%;\">Enostavno var\u010devanje z energijo | <a href=\"https:\/\/ecoturbino.shop\/sl\/kupi\/ecoturbino-et10l-adapter-za-tusiranje-srebrn-2\/\">ecoturbino<\/a> - Enostaven za namestitev in primeren za vsakogar<\/span><\/h3>\n<p>V \u010dasu, ko <strong>var\u010devanje z energijo in varstvo okolja postajata vse pomembnej\u0161a,<\/strong> veliko ljudi i\u0161\u010de na\u010dine, kako <strong>zmanj\u0161ajo porabo energije.<\/strong> in . <strong>zmanj\u0161ajo svoj ekolo\u0161ki odtis.<\/strong><\/p>\n<p>Vendar se pogosto sre\u010dujejo s te\u017eavo, da je veliko <strong>izdelki za var\u010devanje z energijo so zapleteni<\/strong> in zahtevajo strokovno namestitev. Vendar ni nujno, da je tako. Z ecoturbino je var\u010devanje z energijo otro\u010dje lahko.<\/p>\n<p>Na spletni strani . <strong>inovativni avstrijski izdelek<\/strong> je lahko <strong>ga lahko brez predhodnega znanja namesti kdor koli.<\/strong> ali strokovnega znanja in se prilega vsakemu tu\u0161u. Za uporabo je pripravljen v samo treh minutah in ne zahteva orodja ali zapletene namestitve.<\/p>\n<h3>Zakaj je ecoturbino tako enostavno namestiti?<\/h3>\n<p>Ecoturbino je bil zasnovan tako, da<strong> \u010dim bolj preprosta namestitev<\/strong>. Ne zahteva zapletenih orodij ali specializiranega znanja. Razlog za to je \u00bd-pal\u010dni standardni navoj, ki je prisoten v ve\u010dini vodovodnih priklju\u010dkov na me\u0161alniku tople vode v prhi.<\/p>\n<p>Ta standardni navoj omogo\u010da enostavno in varno pritrditev ecoturbina brez potrebe po dodatnih prilagoditvah ali modifikacijah.<\/p>\n\t<div id=\"gap-1938429925\" class=\"gap-element clearfix\" style=\"display:block; height:auto;\">\n\t\t\n<style>\n#gap-1938429925 {\n  padding-top: 30px;\n}\n<\/style>\n\t<\/div>\n\t\n<div class=\"row\"  id=\"row-6115889\">\n\n\t<div id=\"col-171731752\" class=\"col medium-4 small-12 large-4\"  >\n\t\t\t\t<div class=\"col-inner\"  >\n\t\t\t\n\t\t\t\n\t<div class=\"img has-hover radius10 x md-x lg-x y md-y lg-y\" id=\"image_1996240476\">\n\t\t\t\t\t\t\t\t<div class=\"img-inner dark\" >\n\t\t\t<img decoding=\"async\" width=\"600\" height=\"600\" src=\"https:\/\/ecoturbino.shop\/wp-content\/uploads\/2024\/01\/tools-shower_600.webp\" class=\"attachment-original size-original\" alt=\"Orodje za monta\u017eo ecoturbino\" srcset=\"https:\/\/ecoturbino.shop\/wp-content\/uploads\/2024\/01\/tools-shower_600.webp 600w, https:\/\/ecoturbino.shop\/wp-content\/uploads\/2024\/01\/tools-shower_600-470x470.webp 470w, https:\/\/ecoturbino.shop\/wp-content\/uploads\/2024\/01\/tools-shower_600-340x340.webp 340w\" sizes=\"(max-width: 600px) 100vw, 600px\" \/>\t\t\t\t\t\t\n\t\t\t\t\t<\/div>\n\t\t\t\t\t\t\t\t\n<style>\n#image_1996240476 {\n  width: 100%;\n}\n<\/style>\n\t<\/div>\n\t\n\t\t<\/div>\n\t\t\t\t\t<\/div>\n\n\t\n\n\t<div id=\"col-948093676\" class=\"col medium-8 small-12 large-8\"  >\n\t\t\t\t<div class=\"col-inner\"  >\n\t\t\t\n\t\t\t\n<h3>Enostaven postopek namestitve sistema ecoturbino<\/h3>\n<p>Namestitev sistema ecoturbino ne bi mogla biti la\u017eja. Tukaj so podrobno opisani koraki:<\/p>\n<ol>\n<li><strong>Priprava:<\/strong> Prepri\u010dajte se, da ima va\u0161a cev za prhanje <a href=\"https:\/\/en.wikipedia.org\/wiki\/Unified_Thread_Standard\" target=\"_blank\" rel=\"noopener sponsored\"><strong>\u00bd-pal\u010dni standardni navoj<\/strong><\/a> (ki je svetovni standard). To velja za ve\u010dino tu\u0161ev.<\/li>\n<li><strong>Odstranite cev za prho:<\/strong> Odvijte ga z vrtenjem v smeri urinega kazalca.<\/li>\n<li><strong>Pritrdite ecoturbino:<\/strong> Ecoturbino preprosto privijte na \u00bd-pal\u010dni standardni navoj na me\u0161alniku in ga obra\u010dajte v smeri urinega kazalca, dokler ni trdno pritrjen.<\/li>\n<li>Na ecoturbino priklju\u010dite vodno cev - Kon\u010dano! Va\u0161 ecoturbino je zdaj pripravljen za uporabo. Nadaljnji koraki niso potrebni.<\/li>\n<\/ol>\n\t\t<\/div>\n\t\t\t\t\t<\/div>\n\n\t\n<\/div>\n\t<div id=\"gap-1493255822\" class=\"gap-element clearfix\" style=\"display:block; height:auto;\">\n\t\t\n<style>\n#gap-1493255822 {\n  padding-top: 30px;\n}\n<\/style>\n\t<\/div>\n\t\n<div class=\"row\"  id=\"row-85720954\">\n\n\t<div id=\"col-1795759241\" class=\"col medium-6 small-12 large-6\"  >\n\t\t\t\t<div class=\"col-inner\"  >\n\t\t\t\n\t\t\t\n<h3>Predhodno znanje ali izku\u0161nje niso potrebne<\/h3>\n<p>Najbolj\u0161a stvar pri ecoturbinu je, da je <strong>primerno za vsakogar<\/strong>. Ne potrebujete nobenega predhodnega znanja ali izku\u0161enj na podro\u010dju vodovodnih napeljav. Zaradi standardnega navoja in enostavnega pritrjevanja je namestitev enostavna.<\/p>\n<blockquote>\n<p>To je odli\u010den na\u010din za var\u010devanje z energijo in vodo, ne da bi vam bilo treba skrbeti za zapleteno namestitev.<\/p>\n<\/blockquote>\n\t\t<\/div>\n\t\t\t\t\t<\/div>\n\n\t\n\n\t<div id=\"col-1000564915\" class=\"col medium-6 small-12 large-6\"  >\n\t\t\t\t<div class=\"col-inner\" style=\"background-color:#c0d63d;\" >\n\t\t\t\n\t\t\t\n\t<div id=\"text-565298147\" class=\"text\">\n\t\t\n<h4 class=\"uppercase\">ZAKLJU\u010cEK<\/h4>\n\t\t\n<style>\n#text-565298147 {\n  font-size: 2rem;\n  text-align: right;\n  color: rgb(255,255,255);\n}\n#text-565298147 > * {\n  color: rgb(255,255,255);\n}\n@media (min-width:550px) {\n  #text-565298147 {\n    font-size: 3.5rem;\n  }\n}\n<\/style>\n\t<\/div>\n\t\n<h3>Velike prednosti sistema ecoturbino<\/h3>\n<p>Ecoturbino ne ponuja le enostavne namestitve, temve\u010d tudi \u0161tevilne prednosti, ki so <strong>da je to koristna nalo\u017eba.<\/strong>:<\/p>\n<ul>\n<li><strong>Var\u010devanje z vodo:<\/strong> Ecoturbino zmanj\u0161a porabo vode med prhanjem za 40 odstotkov. S tem se ne samo prihrani voda, temve\u010d tudi zmanj\u0161ajo stro\u0161ki proizvodnje in odstranjevanja vode.<\/li>\n<li><strong>Var\u010devanje z energijo:<\/strong> Ker je za pripravo tople vode za prhanje treba ogrevati manj vode, ecoturbino omogo\u010da tudi znatne prihranke energije in ni\u017eje stro\u0161ke za energijo.<\/li>\n<li><strong>Okolju prijazno:<\/strong> Manj\u0161a poraba vode in energije prispeva k ohranjanju okolja in zmanj\u0161anju emisij CO2.<\/li>\n<li><strong>Hitro povra\u010dilo:<\/strong> Zaradi prihrankov pri stro\u0161kih vode in energije se nalo\u017eba v ecoturbino hitro izpla\u010da.<\/li>\n<li><strong>Ve\u010dje udobje pri prhanju:<\/strong> Kljub manj\u0161i porabi vode ecoturbino \u0161e vedno zagotavlja mo\u010dno in prijetno izku\u0161njo prhanja. Vodni tok ostaja mo\u010dan in prijeten.<\/li>\n<\/ul>\n<blockquote>\n<p>Na splo\u0161no je ecoturbino preprost in <strong>stro\u0161kovno u\u010dinkovit na\u010din za var\u010devanje z energijo in vodo, ne da bi pri tem \u017ertvovali udobje pri prhanju.<\/strong> Vsakdo ga lahko namesti in izkoristi \u0161tevilne prednosti, ki jih ponuja. To je re\u0161itev, ki je koristna za obe strani, tako za va\u0161o denarnico kot za okolje.<\/p>\n<\/blockquote>\n\t\t<\/div>\n\t\t\t\t\n<style>\n#col-1000564915 > .col-inner {\n  padding: 10px 20px 1px 20px;\n  border-radius: 10px;\n}\n<\/style>\n\t<\/div>\n\n\t\n<\/div>\n\t\t<\/div>\n\t\t\t\t\n<style>\n#col-1487603042 > .col-inner {\n  margin: 0px 0px -200px 0px;\n}\n<\/style>\n\t<\/div>\n\n\t\n<\/div>\n\t\t<\/div>\n\n\t\t\n<style>\n#section_893322526 {\n  padding-top: 30px;\n  padding-bottom: 30px;\n}\n<\/style>\n\t<\/section>\n\t\n\n\t<section class=\"section hide-for-small\" id=\"section_536652332\">\n\t\t<div class=\"section-bg fill\" >\n\t\t\t\t\t\t\t\t\t<div class=\"section-bg-overlay absolute fill\"><\/div>\n\t\t\t\n\n\t\t<\/div>\n\n\t\t\t<div class=\"ux-shape-divider ux-shape-divider--top ux-shape-divider--style-waves-opacity\">\n\t\t<svg viewbox=\"0 0 1000 300\" xmlns=\"http:\/\/www.w3.org\/2000\/svg\" preserveaspectratio=\"none\">\n    <path class=\"ux-shape-fill\" d=\"M0 300L-1 69.71C216 57 299.47 198.86 403 226C506 253 577 196 660 197C740 198 790.09 234.07 874 267C935.23 291 982 282.61 1000 277.61V300H0Z\"\/>\n    <path class=\"ux-shape-fill\" opacity=\"0.5\" d=\"M1 265.094L0 50.5C217 37.79 300.47 186.36 404 213.5C507 240.5 578 196.5 661 197.5C741 198.5 787.59 239.57 871.5 272.5C932.73 296.5 980.5 284.5 998.5 279.5V298.5L1 265.094Z\"\/>\n    <path class=\"ux-shape-fill\" opacity=\"0.15\" d=\"M0.999878 244.094L-0.00012207 27C217 14.29 300.47 173.86 404 201C507 228 578 196 661 197C741 198 787.59 243.07 871.5 276C932.73 300 980.5 284.5 998.5 279.5V299L0.999878 244.094Z\"\/>\n<\/svg>\n\n\t<\/div>\n\n\n\t\t<div class=\"section-content relative\">\n\t\t\t\n\t\t<\/div>\n\n\t\t\n<style>\n#section_536652332 {\n  padding-top: 220px;\n  padding-bottom: 220px;\n}\n#section_536652332 .section-bg-overlay {\n  background-color: rgba(0, 0, 0, 0.25);\n}\n#section_536652332 .ux-shape-divider--top svg {\n  height: 80px;\n  --divider-top-width: 100%;\n}\n@media (min-width:550px) {\n  #section_536652332 .ux-shape-divider--top svg {\n    height: 124px;\n  }\n}\n<\/style>\n\t<\/section>","protected":false},"excerpt":{"rendered":"","protected":false},"author":1320,"featured_media":0,"parent":0,"menu_order":0,"comment_status":"closed","ping_status":"closed","template":"page-blank.php","meta":{"inline_featured_image":false,"footnotes":""},"class_list":["post-48915","page","type-page","status-publish","hentry"],"_links":{"self":[{"href":"https:\/\/ecoturbino.shop\/sl\/wp-json\/wp\/v2\/pages\/48915","targetHints":{"allow":["GET"]}}],"collection":[{"href":"https:\/\/ecoturbino.shop\/sl\/wp-json\/wp\/v2\/pages"}],"about":[{"href":"https:\/\/ecoturbino.shop\/sl\/wp-json\/wp\/v2\/types\/page"}],"author":[{"embeddable":true,"href":"https:\/\/ecoturbino.shop\/sl\/wp-json\/wp\/v2\/users\/1320"}],"replies":[{"embeddable":true,"href":"https:\/\/ecoturbino.shop\/sl\/wp-json\/wp\/v2\/comments?post=48915"}],"version-history":[{"count":0,"href":"https:\/\/ecoturbino.shop\/sl\/wp-json\/wp\/v2\/pages\/48915\/revisions"}],"wp:attachment":[{"href":"https:\/\/ecoturbino.shop\/sl\/wp-json\/wp\/v2\/media?parent=48915"}],"curies":[{"name":"wp","href":"https:\/\/api.w.org\/{rel}","templated":true}]}}