{"id":48920,"date":"2024-01-23T19:20:20","date_gmt":"2024-01-23T18:20:20","guid":{"rendered":"https:\/\/en.ecoturbino.shop\/?page_id=48920"},"modified":"2026-01-02T10:53:36","modified_gmt":"2026-01-02T09:53:36","slug":"vpliv-7-2","status":"publish","type":"page","link":"https:\/\/ecoturbino.shop\/sl\/impact-7\/","title":{"rendered":"Turbulentna voda - po\u017eivlja vodo"},"content":{"rendered":"<section class=\"section zindex1\" id=\"section_437256285\">\n\t\t<div class=\"section-bg fill\" >\n\t\t\t\t\t\t\t\t\t\n\t\t\t\n\n\t\t<\/div>\n\n\t\t\n\n\t\t<div class=\"section-content relative\">\n\t\t\t\n<div class=\"row row-small\"  id=\"row-1292522527\">\n\n\t<div id=\"col-1176378139\" class=\"col medium-9 small-12 large-9\"  >\n\t\t\t\t<div class=\"col-inner\"  >\n\t\t\t\n\t\t\t\n<h1 class=\"uppercase\">Turbulentna voda - Energizira vodo<\/h1>\n<h3 class=\"thin-font\">sedmi u\u010dinek sistema ecoturbino\u00ae za var\u010devanje z vodo in varovanje okolja<\/h3>\n<div class=\"row\"  id=\"row-1762769807\">\n\n\t<div id=\"col-1340660524\" class=\"col medium-11 small-12 large-11\"  >\n\t\t\t\t<div class=\"col-inner\"  >\n\t\t\t\n\t\t\t\n\t<div id=\"stack-2220265514\" class=\"stack stack-row justify-start items-start\">\n\t\t\n\t<div class=\"img has-hover x md-x lg-x y md-y lg-y\" id=\"image_393871295\">\n\t\t<a class=\"\" href=\"\/sl\/vpliv-1\/\" >\t\t\t\t\t\t<div class=\"img-inner image-color dark\" >\n\t\t\t<img decoding=\"async\" width=\"100\" height=\"100\" src=\"https:\/\/ecoturbino.shop\/wp-content\/uploads\/2024\/01\/impact1.svg\" class=\"attachment-original size-original\" alt=\"\" \/>\t\t\t\t\t\t\n\t\t\t\t\t<\/div>\n\t\t\t\t\t\t<\/a>\t\t\n<style>\n#image_393871295 {\n  width: 100%;\n}\n<\/style>\n\t<\/div>\n\t\n\t<div class=\"img has-hover x md-x lg-x y md-y lg-y\" id=\"image_419261757\">\n\t\t<a class=\"\" href=\"\/sl\/vpliv-2-2\/\" >\t\t\t\t\t\t<div class=\"img-inner image-color dark\" >\n\t\t\t<img decoding=\"async\" width=\"100\" height=\"100\" src=\"https:\/\/ecoturbino.shop\/wp-content\/uploads\/2024\/01\/impact2.svg\" class=\"attachment-original size-original\" alt=\"\" \/>\t\t\t\t\t\t\n\t\t\t\t\t<\/div>\n\t\t\t\t\t\t<\/a>\t\t\n<style>\n#image_419261757 {\n  width: 100%;\n}\n<\/style>\n\t<\/div>\n\t\n\t<div class=\"img has-hover x md-x lg-x y md-y lg-y\" id=\"image_326558664\">\n\t\t<a class=\"\" href=\"\/sl\/vpliv-3-2\/\" >\t\t\t\t\t\t<div class=\"img-inner image-color dark\" >\n\t\t\t<img decoding=\"async\" width=\"100\" height=\"100\" src=\"https:\/\/ecoturbino.shop\/wp-content\/uploads\/2024\/01\/impact3.svg\" class=\"attachment-original size-original\" alt=\"\" \/>\t\t\t\t\t\t\n\t\t\t\t\t<\/div>\n\t\t\t\t\t\t<\/a>\t\t\n<style>\n#image_326558664 {\n  width: 100%;\n}\n<\/style>\n\t<\/div>\n\t\n\t<div class=\"img has-hover x md-x lg-x y md-y lg-y\" id=\"image_901573813\">\n\t\t<a class=\"\" href=\"\/sl\/vpliv-4-2\/\" >\t\t\t\t\t\t<div class=\"img-inner image-color dark\" >\n\t\t\t<img decoding=\"async\" width=\"100\" height=\"100\" src=\"https:\/\/ecoturbino.shop\/wp-content\/uploads\/2024\/01\/impact4.svg\" class=\"attachment-original size-original\" alt=\"\" \/>\t\t\t\t\t\t\n\t\t\t\t\t<\/div>\n\t\t\t\t\t\t<\/a>\t\t\n<style>\n#image_901573813 {\n  width: 100%;\n}\n<\/style>\n\t<\/div>\n\t\n\t<div class=\"img has-hover x md-x lg-x y md-y lg-y\" id=\"image_1311770169\">\n\t\t<a class=\"\" href=\"\/sl\/vpliv-5-2\/\" >\t\t\t\t\t\t<div class=\"img-inner image-color dark\" >\n\t\t\t<img decoding=\"async\" width=\"100\" height=\"100\" src=\"https:\/\/ecoturbino.shop\/wp-content\/uploads\/2024\/01\/impact5.svg\" class=\"attachment-original size-original\" alt=\"\" \/>\t\t\t\t\t\t\n\t\t\t\t\t<\/div>\n\t\t\t\t\t\t<\/a>\t\t\n<style>\n#image_1311770169 {\n  width: 100%;\n}\n<\/style>\n\t<\/div>\n\t\n\t<div class=\"img has-hover x md-x lg-x y md-y lg-y\" id=\"image_1967065687\">\n\t\t<a class=\"\" href=\"\/sl\/vpliv-6-2\/\" >\t\t\t\t\t\t<div class=\"img-inner image-color dark\" >\n\t\t\t<img decoding=\"async\" width=\"100\" height=\"100\" src=\"https:\/\/ecoturbino.shop\/wp-content\/uploads\/2024\/01\/impact6.svg\" class=\"attachment-original size-original\" alt=\"\" \/>\t\t\t\t\t\t\n\t\t\t\t\t<\/div>\n\t\t\t\t\t\t<\/a>\t\t\n<style>\n#image_1967065687 {\n  width: 100%;\n}\n<\/style>\n\t<\/div>\n\t\n\t<div class=\"img has-hover x md-x lg-x y md-y lg-y\" id=\"image_1557963670\">\n\t\t\t\t\t\t\t\t<div class=\"img-inner dark\" >\n\t\t\t<img decoding=\"async\" width=\"100\" height=\"100\" src=\"https:\/\/ecoturbino.shop\/wp-content\/uploads\/2024\/01\/impact7.svg\" class=\"attachment-original size-original\" alt=\"\" \/>\t\t\t\t\t\t\n\t\t\t\t\t<\/div>\n\t\t\t\t\t\t\t\t\n<style>\n#image_1557963670 {\n  width: 100%;\n}\n<\/style>\n\t<\/div>\n\t\n\t\t\n<style>\n#stack-2220265514 > * {\n  --stack-gap: 1rem;\n}\n<\/style>\n\t<\/div>\n\t\n\t\t<\/div>\n\t\t\t\t\t<\/div>\n\n\t\n<\/div>\n\t\t<\/div>\n\t\t\t\t\t<\/div>\n\n\t\n\n\t<div id=\"col-1358528102\" class=\"col medium-3 small-12 large-3\"  >\n\t\t\t\t<div class=\"col-inner\"  >\n\t\t\t\n\t\t\t\n\t<div class=\"img has-hover x md-x lg-x y md-y lg-y\" id=\"image_462059334\">\n\t\t\t\t\t\t\t\t<div class=\"img-inner dark\" >\n\t\t\t<img decoding=\"async\" width=\"100\" height=\"100\" src=\"https:\/\/ecoturbino.shop\/wp-content\/uploads\/2024\/01\/impact7.svg\" class=\"attachment-original size-original\" alt=\"\" \/>\t\t\t\t\t\t\n\t\t\t\t\t<\/div>\n\t\t\t\t\t\t\t\t\n<style>\n#image_462059334 {\n  width: 100%;\n}\n<\/style>\n\t<\/div>\n\t\n\t\t<\/div>\n\t\t\t\t\t<\/div>\n\n\t\n<\/div>\n<div class=\"row\"  id=\"row-1150029236\">\n\n\t<div id=\"col-1656879372\" class=\"col small-12 large-12\"  >\n\t\t\t\t<div class=\"col-inner\"  >\n\t\t\t\n\t\t\t\n<div class=\"is-divider divider clearfix\" style=\"max-width:100%;height:1px;\"><\/div>\n<h2><span style=\"font-size: 120%;\">Turbulentna voda v prhi zaradi sistema ecoturbino | Kako zrak po\u017eivlja vodni tok<\/span><\/h2>\n<p>Spletna stran <strong>jutranja prha je klju\u010dni trenutek<\/strong> za mnoge ljudi, da<strong> za\u010dnite dan sve\u017ee in polni energije.<\/strong>. Osve\u017eujo\u010d vodni tok lahko naredi \u010dude\u017ee in prebudi \u010dute.<\/p>\n<p>ecoturbino naredi \u0161e korak dlje, da izbolj\u0161a to izku\u0161njo prhanja z<strong> ustvarjanje turbulentne vode.<\/strong> Toda kako dejansko deluje? Odgovor se skriva v pametnem <strong>vnos zraka v vodni tok<\/strong>, kar zagotavlja po\u017eivljajo\u010do in u\u010dinkovito izku\u0161njo prhanja.<\/p>\n<h3>Vloga zraka v prhi<\/h3>\n<p>Zrak ima klju\u010dno vlogo pri izbolj\u0161anju izku\u0161nje pri prhanju. Ko ga vnesemo v vodni tok, se <strong>ustvarja drobne zra\u010dne mehur\u010dke, ki vznemirjajo vodo ter ji dajejo ve\u010dji volumen in strukturo.<\/strong> Tako nastane turbulenten vodni tok, ki omogo\u010da<strong> ve\u010djo u\u010dinkovitost in prijetnej\u0161o izku\u0161njo pri prhanju.<\/strong><\/p>\n<h3>Inovativna tehnologija ecoturbino<\/h3>\n<p>ecoturbino uporablja to <strong>zra\u010dna tehnologija za izbolj\u0161anje vodnega toka.<\/strong> Tehnologija temelji na posebni zo\u017eitvi pre\u010dnega prereza, ki <strong>pospe\u0161uje pretok vode<\/strong> med vdihavanjem zraka. Ta zrak se nato pome\u0161a z vodo in ustvari dinami\u010den in po\u017eivljajo\u010d tok.<\/p>\n\t<div id=\"gap-2013147436\" class=\"gap-element clearfix\" style=\"display:block; height:auto;\">\n\t\t\n<style>\n#gap-2013147436 {\n  padding-top: 30px;\n}\n<\/style>\n\t<\/div>\n\t\n<div class=\"row\"  id=\"row-1961953578\">\n\n\t<div id=\"col-1185523080\" class=\"col medium-4 small-12 large-4\"  >\n\t\t\t\t<div class=\"col-inner\"  >\n\t\t\t\n\t\t\t\n\t<div class=\"img has-hover radius10 x md-x lg-x y md-y lg-y\" id=\"image_1400669780\">\n\t\t\t\t\t\t\t\t<div class=\"img-inner dark\" >\n\t\t\t<img decoding=\"async\" width=\"600\" height=\"600\" src=\"https:\/\/ecoturbino.shop\/wp-content\/uploads\/2024\/01\/air-water_600.webp\" class=\"attachment-original size-original\" alt=\"Zrak Voda ecoturbino\" srcset=\"https:\/\/ecoturbino.shop\/wp-content\/uploads\/2024\/01\/air-water_600.webp 600w, https:\/\/ecoturbino.shop\/wp-content\/uploads\/2024\/01\/air-water_600-470x470.webp 470w, https:\/\/ecoturbino.shop\/wp-content\/uploads\/2024\/01\/air-water_600-340x340.webp 340w\" sizes=\"(max-width: 600px) 100vw, 600px\" \/>\t\t\t\t\t\t\n\t\t\t\t\t<\/div>\n\t\t\t\t\t\t\t\t\n<style>\n#image_1400669780 {\n  width: 100%;\n}\n<\/style>\n\t<\/div>\n\t\n\t\t<\/div>\n\t\t\t\t\t<\/div>\n\n\t\n\n\t<div id=\"col-1223907187\" class=\"col medium-8 small-12 large-8\"  >\n\t\t\t\t<div class=\"col-inner\"  >\n\t\t\t\n\t\t\t\n<h3>Prednosti turbulentne vode pri prhanju<\/h3>\n<ul>\n<li><strong>U\u010dinkovitej\u0161e \u010di\u0161\u010denje:<\/strong> A <a href=\"https:\/\/en.wikipedia.org\/wiki\/Turbulence\" target=\"_blank\" rel=\"noopener sponsored\">turbulentni<\/a> Vodni tok lahko u\u010dinkovito odstrani umazanijo in milo s ko\u017ee in las, kar omogo\u010da temeljitej\u0161e \u010di\u0161\u010denje in bolj\u0161o izku\u0161njo pri prhanju.<\/li>\n<li><strong>Var\u010devanje z vodo:<\/strong> Z dodajanjem zraka lahko ecoturbino pove\u010da tlak vode, ne da bi porabil ve\u010d vode. To omogo\u010da udobno prhanje z manj\u0161o porabo vode.<\/li>\n<li><strong>Var\u010devanje z energijo:<\/strong> Ker je za toplo vodo za prhanje treba ogrevati manj vode, ecoturbino omogo\u010da tudi prihranek energije in ni\u017eje stro\u0161ke za energijo.<\/li>\n<li><strong>Ve\u010dje udobje pri prhanju:<\/strong> Bolj turbulenten vodni tok ecoturbino je mo\u010dnej\u0161i in prijetnej\u0161i, kar izbolj\u0161a udobje pri prhanju.<\/li>\n<li><strong>Okolju prijazno:<\/strong> Manj\u0161a poraba vode in energije pomeni manj\u0161o obremenitev okolja in manj\u0161e emisije CO2.<\/li>\n<\/ul>\n\t\t<\/div>\n\t\t\t\t\t<\/div>\n\n\t\n<\/div>\n\t<div id=\"gap-1267688813\" class=\"gap-element clearfix\" style=\"display:block; height:auto;\">\n\t\t\n<style>\n#gap-1267688813 {\n  padding-top: 30px;\n}\n<\/style>\n\t<\/div>\n\t\n<div class=\"row\"  id=\"row-1289412840\">\n\n\t<div id=\"col-1828851091\" class=\"col medium-6 small-12 large-6\"  >\n\t\t\t\t<div class=\"col-inner\"  >\n\t\t\t\n\t\t\t\n<h3>Namestitev <a href=\"https:\/\/ecoturbino.shop\/sl\/kupi\/ecoturbino-et10l-adapter-za-tusiranje-srebrn-2\/\">ecoturbino<\/a><\/h3>\n<p>Namestitev sistema ecoturbino ne bi mogla biti la\u017eja. Obi\u010dajno je opremljen s standardnim navojem \u00bd palca, ki je prisoten v ve\u010dini tu\u0161ev.<\/p>\n<p>To omogo\u010da <strong>hitra in preprosta namestitev brez uporabe posebnega orodja<\/strong> ali strokovno znanje. V nekaj minutah lahko vsakdo u\u017eiva v prednostih turbulentnega vodnega toka.<\/p>\n\t\t<\/div>\n\t\t\t\t\t<\/div>\n\n\t\n\n\t<div id=\"col-328615219\" class=\"col medium-6 small-12 large-6\"  >\n\t\t\t\t<div class=\"col-inner\" style=\"background-color:#c0d63d;\" >\n\t\t\t\n\t\t\t\n\t<div id=\"text-1411592898\" class=\"text\">\n\t\t\n<h4 class=\"uppercase\">ZAKLJU\u010cEK<\/h4>\n\t\t\n<style>\n#text-1411592898 {\n  font-size: 2rem;\n  text-align: right;\n  color: rgb(255,255,255);\n}\n#text-1411592898 > * {\n  color: rgb(255,255,255);\n}\n@media (min-width:550px) {\n  #text-1411592898 {\n    font-size: 3.5rem;\n  }\n}\n<\/style>\n\t<\/div>\n\t\n<h3>Okrep\u010dujo\u010da izku\u0161nja tu\u0161iranja z ecoturbino<\/h3>\n<blockquote>\n<p>Ecoturbino ponuja inovativno re\u0161itev za ustvarjanje turbulentne vode v prhi in u\u017eivanje v prednostih po\u017eivljajo\u010dega vodnega toka.<\/p>\n<\/blockquote>\n<p>Z vpihovanjem zraka v vodni tok je mogo\u010de <strong>bolj u\u010dinkovito prhanje, var\u010devanje z vodo in energijo,<\/strong> in . <strong>izbolj\u0161a udobje pri prhanju<\/strong>t.<\/p>\n<p>Zaradi preproste namestitve lahko vsakdo izkoristi prednosti sistema ecoturbino in svojo izku\u0161njo jutranjega tu\u0161iranja dvigne na novo raven.<\/p>\n\t\t<\/div>\n\t\t\t\t\n<style>\n#col-328615219 > .col-inner {\n  padding: 10px 20px 1px 25px;\n  border-radius: 10px;\n}\n<\/style>\n\t<\/div>\n\n\t\n<\/div>\n\t\t<\/div>\n\t\t\t\t\n<style>\n#col-1656879372 > .col-inner {\n  margin: 0px 0px -200px 0px;\n}\n<\/style>\n\t<\/div>\n\n\t\n<\/div>\n\t\t<\/div>\n\n\t\t\n<style>\n#section_437256285 {\n  padding-top: 30px;\n  padding-bottom: 30px;\n}\n<\/style>\n\t<\/section>\n\t\n\n\t<section class=\"section hide-for-small\" id=\"section_1353238497\">\n\t\t<div class=\"section-bg fill\" >\n\t\t\t<img decoding=\"async\" width=\"1920\" height=\"683\" src=\"https:\/\/ecoturbino.shop\/wp-content\/uploads\/2025\/12\/ecoturbino-function_1920.webp\" class=\"bg attachment- size-\" alt=\"funkcija ecoturbino\" \/>\t\t\t\t\t\t<div class=\"section-bg-overlay absolute fill\"><\/div>\n\t\t\t\n\n\t\t<\/div>\n\n\t\t\t<div class=\"ux-shape-divider ux-shape-divider--top ux-shape-divider--style-waves-opacity\">\n\t\t<svg viewbox=\"0 0 1000 300\" xmlns=\"http:\/\/www.w3.org\/2000\/svg\" preserveaspectratio=\"none\">\n    <path class=\"ux-shape-fill\" d=\"M0 300L-1 69.71C216 57 299.47 198.86 403 226C506 253 577 196 660 197C740 198 790.09 234.07 874 267C935.23 291 982 282.61 1000 277.61V300H0Z\"\/>\n    <path class=\"ux-shape-fill\" opacity=\"0.5\" d=\"M1 265.094L0 50.5C217 37.79 300.47 186.36 404 213.5C507 240.5 578 196.5 661 197.5C741 198.5 787.59 239.57 871.5 272.5C932.73 296.5 980.5 284.5 998.5 279.5V298.5L1 265.094Z\"\/>\n    <path class=\"ux-shape-fill\" opacity=\"0.15\" d=\"M0.999878 244.094L-0.00012207 27C217 14.29 300.47 173.86 404 201C507 228 578 196 661 197C741 198 787.59 243.07 871.5 276C932.73 300 980.5 284.5 998.5 279.5V299L0.999878 244.094Z\"\/>\n<\/svg>\n\n\t<\/div>\n\n\n\t\t<div class=\"section-content relative\">\n\t\t\t\n\t\t<\/div>\n\n\t\t\n<style>\n#section_1353238497 {\n  padding-top: 220px;\n  padding-bottom: 220px;\n}\n#section_1353238497 .section-bg-overlay {\n  background-color: rgba(0, 0, 0, 0.25);\n}\n#section_1353238497 .ux-shape-divider--top svg {\n  height: 80px;\n  --divider-top-width: 100%;\n}\n@media (min-width:550px) {\n  #section_1353238497 .ux-shape-divider--top svg {\n    height: 124px;\n  }\n}\n<\/style>\n\t<\/section>","protected":false},"excerpt":{"rendered":"","protected":false},"author":1320,"featured_media":0,"parent":0,"menu_order":0,"comment_status":"closed","ping_status":"closed","template":"page-blank.php","meta":{"inline_featured_image":false,"footnotes":""},"class_list":["post-48920","page","type-page","status-publish","hentry"],"_links":{"self":[{"href":"https:\/\/ecoturbino.shop\/sl\/wp-json\/wp\/v2\/pages\/48920","targetHints":{"allow":["GET"]}}],"collection":[{"href":"https:\/\/ecoturbino.shop\/sl\/wp-json\/wp\/v2\/pages"}],"about":[{"href":"https:\/\/ecoturbino.shop\/sl\/wp-json\/wp\/v2\/types\/page"}],"author":[{"embeddable":true,"href":"https:\/\/ecoturbino.shop\/sl\/wp-json\/wp\/v2\/users\/1320"}],"replies":[{"embeddable":true,"href":"https:\/\/ecoturbino.shop\/sl\/wp-json\/wp\/v2\/comments?post=48920"}],"version-history":[{"count":0,"href":"https:\/\/ecoturbino.shop\/sl\/wp-json\/wp\/v2\/pages\/48920\/revisions"}],"wp:attachment":[{"href":"https:\/\/ecoturbino.shop\/sl\/wp-json\/wp\/v2\/media?parent=48920"}],"curies":[{"name":"wp","href":"https:\/\/api.w.org\/{rel}","templated":true}]}}