{"id":50140,"date":"2024-05-24T12:05:41","date_gmt":"2024-05-24T10:05:41","guid":{"rendered":"https:\/\/en.ecoturbino.shop\/?page_id=50140"},"modified":"2025-08-15T11:39:54","modified_gmt":"2025-08-15T09:39:54","slug":"besedilo-ponudbe","status":"publish","type":"page","link":"https:\/\/ecoturbino.shop\/sl\/tender-text\/","title":{"rendered":"Besedilo razpisa za in\u017eenirske, arhitekturne in projektantske pisarne"},"content":{"rendered":"<div class=\"banner has-hover\" id=\"banner-650734930\">\n          <div class=\"banner-inner fill\">\n        <div class=\"banner-bg fill\" >\n            <img decoding=\"async\" width=\"2000\" height=\"230\" src=\"https:\/\/ecoturbino.shop\/wp-content\/uploads\/2024\/05\/tender-ecourbino_2000.webp\" class=\"bg attachment-original size-original\" alt=\"tender-ecourbino_2000\" \/>                        <div class=\"overlay\"><\/div>            \n                    <\/div>\n\t\t\n        <div class=\"banner-layers container\">\n            <div class=\"fill banner-link\"><\/div>            \n   <div id=\"text-box-779572219\" class=\"text-box banner-layer x50 md-x50 lg-x50 y50 md-y50 lg-y50 res-text\">\n                                <div class=\"text-box-content text dark\">\n              \n              <div class=\"text-inner text-center\">\n                  \n\t<div id=\"text-3810264459\" class=\"text\">\n\t\t\n<h1>BESEDILO PONUDBE<\/h1>\n<h1><span style=\"font-size: 80%;\">za in\u017eenirske pisarne, arhitekte in projektantske pisarne.<\/span><\/h1>\n\t\t\n<style>\n#text-3810264459 {\n  font-size: 0.75rem;\n}\n@media (min-width:550px) {\n  #text-3810264459 {\n    font-size: 1.05rem;\n  }\n}\n<\/style>\n\t<\/div>\n\t\n              <\/div>\n           <\/div>\n                            \n<style>\n#text-box-779572219 {\n  width: 100%;\n}\n#text-box-779572219 .text-box-content {\n  font-size: 100%;\n}\n@media (min-width:550px) {\n  #text-box-779572219 {\n    width: 91%;\n  }\n}\n@media (min-width:850px) {\n  #text-box-779572219 {\n    width: 100%;\n  }\n}\n<\/style>\n    <\/div>\n \n        <\/div>\n      <\/div>\n\n            \n<style>\n#banner-650734930 {\n  padding-top: 200px;\n}\n#banner-650734930 .overlay {\n  background-color: rgba(0, 0, 0, 0.5);\n}\n@media (min-width:550px) {\n  #banner-650734930 {\n    padding-top: 190px;\n  }\n}\n@media (min-width:850px) {\n  #banner-650734930 {\n    padding-top: 190px;\n  }\n}\n<\/style>\n  <\/div>\n\n\n<div class=\"row\"  id=\"row-1880905991\">\n\n\t<div id=\"col-290296195\" class=\"col small-12 large-12\"  >\n\t\t\t\t<div class=\"col-inner\"  >\n\t\t\t\n\t\t\t\n<h2>Besedilo razpisa za in\u017eenirske pisarne, arhitekte in projektantske pisarne za opremo hotelov, bolni\u0161nic, \u0161portnih centrov itd.<\/h2>\n<p>Javni razpis za nabavo tehnologij za var\u010devanje z vodo<\/p>\n<div class=\"is-divider divider clearfix\" style=\"max-width:100%;height:1px;\"><\/div>\n<ol>\n<li><strong>Predmet razpisa<\/strong><br \/>\nJavna ustanova (ime ustanove) razpisuje javni razpis za dobavo in namestitev inovativnih sistemov za var\u010devanje z vodo, katerih namen je zmanj\u0161ati porabo vode in izbolj\u0161ati higienske standarde v prhah in umivalnikih. Cilj je trajnostno zmanj\u0161ati porabo vode v sanitarnih objektih (npr. skupnostih, \u0161olah, organih, \u0161portnih objektih ter javnih stavbah in novogradnjah) institucije, prepre\u010diti nastajanje biofilma, zmanj\u0161ati tveganje legionele ter zagotoviti funkcijo odvajanja vode iz prh in predvsem cevi za prhanje.<\/li>\n<li><strong>Opis obsega storitev<\/strong><br \/>\n- Dostava: Dobava: sistemi za var\u010devanje z vodo v zahtevanih koli\u010dinah in izvedbah v 3 koledarskih tednih.<br \/>\n- Namestitev: Strokovna namestitev dobavljenih sistemov za var\u010devanje z vodo v sanitarne prostore.<br \/>\n- Usposabljanje: Usposabljanje osebja o delovanju in vzdr\u017eevanju sistemov za var\u010devanje z vodo.<br \/>\n- Vzdr\u017eevanje: Izbirna vzdr\u017eevalna pogodba za redne preglede in vzdr\u017eevanje vgrajenih sistemov v skladu z zakonskimi zahtevami.<\/li>\n<li><strong>Zahteve za ponudnike<\/strong><br \/>\n- Dokazilo o tehni\u010dni in strokovni ustreznosti za dobavo in vgradnjo tehnologij za var\u010devanje z vodo (certifikat T\u00dcV, higiensko poro\u010dilo o zdravju).<br \/>\n- Vsaj 15 let izku\u0161enj in referenc pri vgradnji sistemov za var\u010devanje z vodo.<br \/>\n- Zagotavljanje koncepta vzdr\u017eevanja.<br \/>\n- Certifikat kakovosti v skladu z znakom za okolje ali avstrijskim znakom za okolje.<br \/>\n- Razkritje \u0161tevilke EORI.<br \/>\n- Ponudba programa usposabljanja za osebje institucije.<\/li>\n<li><strong>Tehni\u010dne specifikacije<\/strong><br \/>\n- Ponujeni sistemi za var\u010devanje z vodo morajo omogo\u010diti zmanj\u0161anje porabe vode za vsaj 40%. Najve\u010dji pretok od 6 do 9 litrov\/uro pri popolnoma odprti prhi in od 5 do 6 litrov pri umivalnikih. Podlaga je Uredba EU o taksonomiji v sedanji obliki (od leta 2024):<br \/>\n<a href=\"https:\/\/eur-lex.europa.eu\/eli\/reg\/2020\/852\/oj\" rel=\"noopener\">Uredba - 2020\/852 - SL - Uredba o taksonomiji - EUR-Lex (europa.eu)<\/a><br \/>\n<a href=\"https:\/\/www.bmk.gv.at\/green-finance\/finanzen\/eu-strategie\/eu-taxonomie-vo.html\" rel=\"noopener\">Uredba EU o taksonomiji (bmk.gv.at)<\/a><br \/>\n- Zdru\u017eljivost z obi\u010dajnimi sistemi za prhanje in pipami, na voljo kot del za naknadno vgradnjo.<br \/>\n- Enostavna namestitev brez ve\u010djih gradbenih naporov.<br \/>\n- Funkcija drena\u017ee sistema za prepre\u010devanje nastajanja biofilma.<br \/>\n- Mehanizmi za zmanj\u0161anje tveganja za nastanek bakterije Legionella.<br \/>\n- Funkcija odvajanja vode na armaturi, ki prepre\u010duje zastajanje vode v glavi prhe po prhanju.<br \/>\n- 10-letno funkcionalno jamstvo kot trajnostna lastnost.<\/li>\n<li><strong>Merila za podelitev<\/strong><br \/>\nNaro\u010dilo bo oddano ekonomsko najugodnej\u0161emu ponudniku, ki bo upo\u0161teval naslednja merila:<br \/>\nCena (20%)<br \/>\nKakovost in tehni\u010dne zna\u010dilnosti ponujenih sistemov za var\u010devanje z vodo (50%)<br \/>\nStoritve, vklju\u010dno z namestitvijo, usposabljanjem in vzdr\u017eevanjem (10%)<br \/>\nGarancija zagotavljanja rezervnih delov za 10 let (10%)<br \/>\nDokazilo o izra\u010dunu prihrankov T\u00dcV - certificirano (10%) podrobna raz\u010dlenitev po koli\u010dini vode - stro\u0161kih odpadne vode - stro\u0161kih energije - zmanj\u0161anju CO2<\/li>\n<li><strong>Oddaja ponudb<\/strong><br \/>\nZainteresirana podjetja so vabljena, da do (datum) oddajo pisne ponudbe na naslednji naslov:<br \/>\n(ime in naslov javnega zavoda)<\/li>\n<li><strong>Obisk lokacije<\/strong><br \/>\nOgled sanitarnih prostorov, ki jih je treba posodobiti, bo organiziran (datum) ob (ura). Zbirno mesto je (lokacija).<\/li>\n<li><strong>Pi\u0161ite na<\/strong><br \/>\nZa vpra\u0161anja in dodatne informacije se obrnite na (ime kontaktne osebe) na (telefonska \u0161tevilka) ali po e-po\u0161ti na (e-po\u0161tni naslov).<\/li>\n<\/ol>\n<div class=\"is-divider divider clearfix\" style=\"max-width:100%;height:1px;\"><\/div>\n<p>Javna organizacija se veseli va\u0161ih ponudb in skupnega izvajanja trajnostnega upravljanja voda.<\/p>\n\t<div id=\"gap-2068608757\" class=\"gap-element clearfix\" style=\"display:block; height:auto;\">\n\t\t\n<style>\n#gap-2068608757 {\n  padding-top: 30px;\n}\n<\/style>\n\t<\/div>\n\t\n\t\t<\/div>\n\t\t\t\t\t<\/div>\n\n\t\n<\/div>","protected":false},"excerpt":{"rendered":"","protected":false},"author":1320,"featured_media":49835,"parent":0,"menu_order":0,"comment_status":"closed","ping_status":"closed","template":"page-blank.php","meta":{"inline_featured_image":false,"footnotes":""},"class_list":["post-50140","page","type-page","status-publish","has-post-thumbnail","hentry"],"_links":{"self":[{"href":"https:\/\/ecoturbino.shop\/sl\/wp-json\/wp\/v2\/pages\/50140","targetHints":{"allow":["GET"]}}],"collection":[{"href":"https:\/\/ecoturbino.shop\/sl\/wp-json\/wp\/v2\/pages"}],"about":[{"href":"https:\/\/ecoturbino.shop\/sl\/wp-json\/wp\/v2\/types\/page"}],"author":[{"embeddable":true,"href":"https:\/\/ecoturbino.shop\/sl\/wp-json\/wp\/v2\/users\/1320"}],"replies":[{"embeddable":true,"href":"https:\/\/ecoturbino.shop\/sl\/wp-json\/wp\/v2\/comments?post=50140"}],"version-history":[{"count":0,"href":"https:\/\/ecoturbino.shop\/sl\/wp-json\/wp\/v2\/pages\/50140\/revisions"}],"wp:featuredmedia":[{"embeddable":true,"href":"https:\/\/ecoturbino.shop\/sl\/wp-json\/wp\/v2\/media\/49835"}],"wp:attachment":[{"href":"https:\/\/ecoturbino.shop\/sl\/wp-json\/wp\/v2\/media?parent=50140"}],"curies":[{"name":"wp","href":"https:\/\/api.w.org\/{rel}","templated":true}]}}