{"id":7231,"date":"2015-02-14T13:23:14","date_gmt":"2015-02-14T12:23:14","guid":{"rendered":"http:\/\/shop.pronatur24.eu\/?page_id=7231"},"modified":"2023-11-09T01:12:03","modified_gmt":"2023-11-09T00:12:03","slug":"faq-pogosto-zastavljena-vprasanja","status":"publish","type":"page","link":"https:\/\/ecoturbino.shop\/sl\/faq-frequently-asked\/","title":{"rendered":"Pogosta vpra\u0161anja | Trgovina"},"content":{"rendered":"<div class=\"banner has-hover\" id=\"banner-1314028047\">\n          <div class=\"banner-inner fill\">\n        <div class=\"banner-bg fill\" >\n            <img decoding=\"async\" width=\"2000\" height=\"230\" src=\"https:\/\/ecoturbino.shop\/wp-content\/uploads\/2023\/10\/faq-ecoturbino_2000.webp\" class=\"bg attachment-original size-original\" alt=\"Pogosto zastavljena vpra\u0161anja\" \/>                        <div class=\"overlay\"><\/div>            \n                    <\/div>\n\t\t\n        <div class=\"banner-layers container\">\n            <div class=\"fill banner-link\"><\/div>            \n   <div id=\"text-box-528428716\" class=\"text-box banner-layer x50 md-x50 lg-x50 y50 md-y50 lg-y50 res-text\">\n                                <div class=\"text-box-content text dark\">\n              \n              <div class=\"text-inner text-center\">\n                  \n<h1>VPRA\u0160ANJA IN ODGOVORI<\/h1>\n              <\/div>\n           <\/div>\n                            \n<style>\n#text-box-528428716 {\n  width: 85%;\n}\n#text-box-528428716 .text-box-content {\n  font-size: 100%;\n}\n@media (min-width:550px) {\n  #text-box-528428716 {\n    width: 17%;\n  }\n}\n@media (min-width:850px) {\n  #text-box-528428716 {\n    width: 54%;\n  }\n}\n<\/style>\n    <\/div>\n \n        <\/div>\n      <\/div>\n\n            \n<style>\n#banner-1314028047 {\n  padding-top: 110px;\n}\n#banner-1314028047 .overlay {\n  background-color: rgba(0,0,0,.5);\n}\n@media (min-width:550px) {\n  #banner-1314028047 {\n    padding-top: 170px;\n  }\n}\n@media (min-width:850px) {\n  #banner-1314028047 {\n    padding-top: 190px;\n  }\n}\n<\/style>\n  <\/div>\n\n\n<div class=\"row\"  id=\"row-2103375292\">\n\n\t<div id=\"col-1300689976\" class=\"col small-12 large-12\"  >\n\t\t\t\t<div class=\"col-inner\"  >\n\t\t\t\n\t\t\t\n\n\t<section class=\"section\" id=\"section_971910870\">\n\t\t<div class=\"section-bg fill\" >\n\t\t\t\t\t\t\t\t\t\n\t\t\t\n\n\t\t<\/div>\n\n\t\t\n\n\t\t<div class=\"section-content relative\">\n\t\t\t\n\n<div class=\"row align-center\"  id=\"row-635312439\">\n\n\n\t<div id=\"col-511416564\" class=\"col medium-12 small-12 large-10\"  >\n\t\t\t\t<div class=\"col-inner text-left\"  >\n\t\t\t\n\t\t\t\n\n<div class=\"row row-collapse\"  id=\"row-1390457967\">\n\n\n\t<div id=\"col-931142123\" class=\"col medium-12 small-12 large-4\"  >\n\t\t\t\t<div class=\"col-inner\"  >\n\t\t\t\n\t\t\t\n\n\n\t\t<div class=\"icon-box featured-box icon-box-left text-left\"  style=\"margin:0px 0px 30px 0px;\">\n\t\t\t\t\t<div class=\"icon-box-img\" style=\"width: 60px\">\n\t\t\t\t<div class=\"icon\">\n\t\t\t\t\t<div class=\"icon-inner\" >\n\t\t\t\t\t\t<?xml version=\"1.0\" encoding=\"UTF-8\"?>\n<!-- Generated by IcoMoon.io -->\n<svg xmlns=\"http:\/\/www.w3.org\/2000\/svg\" xmlns:xlink=\"http:\/\/www.w3.org\/1999\/xlink\" version=\"1.1\" width=\"16\" height=\"16\" viewbox=\"0 0 16 16\">\n  <path fill=\"#000000\" d=\"M16 9l-2-4h-3v-2c0-0.55-0.45-1-1-1h-9c-0.55 0-1 0.45-1 1v8l1 1h1.268c-0.17 0.294-0.268 0.636-0.268 1 0 1.105 0.895 2 2 2s2-0.895 2-2c0-0.364-0.098-0.706-0.268-1h5.536c-0.17 0.294-0.268 0.636-0.268 1 0 1.105 0.895 2 2 2s2-0.895 2-2c0-0.364-0.098-0.706-0.268-1h1.268v-3zM11 9v-3h2.073l1.5 3h-3.573z\"><\/path>\n<\/svg>\n\t\t\t\t\t<\/div>\n\t\t\t\t<\/div>\n\t\t\t<\/div>\n\t\t\t\t<div class=\"icon-box-text last-reset\">\n\t\t\t\t\t\t\t\t\t\n\n<h3>Dostava + varnost<\/h3>\n\n\t\t<\/div>\n\t<\/div>\n\t\n\t\n\n\t\t<\/div>\n\t\t\t\t\t<\/div>\n\n\t\n\n\t<div id=\"col-1285682842\" class=\"col medium-12 small-12 large-8\"  >\n\t\t\t\t<div class=\"col-inner text-left\"  >\n\t\t\t\n\t\t\t\n\n<div class=\"accordion\">\n\n\t<div id=\"accordion-2576847780\" class=\"accordion-item\">\n\t\t<a id=\"accordion-2576847780-label\" class=\"accordion-title plain\" href=\"#accordion-item-shipping-costs\" aria-expanded=\"false\" aria-controls=\"accordion-2576847780-content\">\n\t\t\t<button class=\"toggle\" aria-label=\"Toggle\"><i class=\"icon-angle-down\" aria-hidden=\"true\"><\/i><\/button>\n\t\t\t<span>Stro\u0161ki po\u0161iljanja<\/span>\n\t\t<\/a>\n\t\t<div id=\"accordion-2576847780-content\" class=\"accordion-inner\" aria-labelledby=\"accordion-2576847780-label\">\n\t\t\t\n\n<p>Podrobne informacije o dostavi na na\u0161i strani <a title=\"Stro\u0161ki po\u0161iljanja\" href=\"https:\/\/ecoturbino.shop\/sl\/stroski-posiljanja\/\">stro\u0161ki po\u0161iljanja<\/a>.<\/p>\n\n\t\t<\/div>\n\t<\/div>\n\t\n\t<div id=\"accordion-1043096192\" class=\"accordion-item\">\n\t\t<a id=\"accordion-1043096192-label\" class=\"accordion-title plain\" href=\"#accordion-item-shipping-time-+-package-tracking\" aria-expanded=\"false\" aria-controls=\"accordion-1043096192-content\">\n\t\t\t<button class=\"toggle\" aria-label=\"Toggle\"><i class=\"icon-angle-down\" aria-hidden=\"true\"><\/i><\/button>\n\t\t\t<span>\u010cas po\u0161iljanja + sledenje paketu<\/span>\n\t\t<\/a>\n\t\t<div id=\"accordion-1043096192-content\" class=\"accordion-inner\" aria-labelledby=\"accordion-1043096192-label\">\n\t\t\t\n\n<p>Po\u0161iljamo vsak dan od ponedeljka do petka, razen ob praznikih. Podrobne informacije o trajanju po\u0161iljanja najdete na na\u0161i strani <a title=\"Stro\u0161ki po\u0161iljanja\" href=\"https:\/\/ecoturbino.shop\/sl\/stroski-posiljanja\/\">Stro\u0161ki po\u0161iljanja<\/a>.<\/p>\n<p>Po pakiranju in pripravi naro\u010dila za odpremo po\u0161ljemo e-po\u0161tno sporo\u010dilo \"Zaklju\u010deno\" na e-po\u0161tni naslov, ki ste ga navedli med naro\u010dilom. To e-po\u0161tno sporo\u010dilo poleg podatkov o naro\u010dilu vsebuje tudi povezavo za sledenje po\u0161iljki in ra\u010dun v formatu PDF.<\/p>\n<p>Prav tako preverite mapo SPAM za na\u0161a e-po\u0161tna sporo\u010dila!<\/p>\n\n\t\t<\/div>\n\t<\/div>\n\t\n\t<div id=\"accordion-661528793\" class=\"accordion-item\">\n\t\t<a id=\"accordion-661528793-label\" class=\"accordion-title plain\" href=\"#accordion-item-pick-up-on-site\" aria-expanded=\"false\" aria-controls=\"accordion-661528793-content\">\n\t\t\t<button class=\"toggle\" aria-label=\"Toggle\"><i class=\"icon-angle-down\" aria-hidden=\"true\"><\/i><\/button>\n\t\t\t<span>Prevzem na kraju samem<\/span>\n\t\t<\/a>\n\t\t<div id=\"accordion-661528793-content\" class=\"accordion-inner\" aria-labelledby=\"accordion-661528793-label\">\n\t\t\t\n\n<p>Nimamo \u010dasa za delovni \u010das! ecoturbino\u00ae je spletna trgovina, ki deluje 24 ur na dan, 7 dni v tednu, zato nima tradicionalne maloprodajne trgovine z dolo\u010denim delovnim \u010dasom.<\/p>\n<p>\u010cas naro\u010dila v trgovini dolo\u010di le kupec. Za nas je vezava na dolo\u010dene ure nesprejemljiva omejitev.<\/p>\n<p>Zato ni mo\u017enosti osebnega prevzema naro\u010dila.<\/p>\n\n\t\t<\/div>\n\t<\/div>\n\t\n\t<div id=\"accordion-1286009586\" class=\"accordion-item\">\n\t\t<a id=\"accordion-1286009586-label\" class=\"accordion-title plain\" href=\"#accordion-item-order-as-a-gift\" aria-expanded=\"false\" aria-controls=\"accordion-1286009586-content\">\n\t\t\t<button class=\"toggle\" aria-label=\"Toggle\"><i class=\"icon-angle-down\" aria-hidden=\"true\"><\/i><\/button>\n\t\t\t<span>Naro\u010dite kot darilo<\/span>\n\t\t<\/a>\n\t\t<div id=\"accordion-1286009586-content\" class=\"accordion-inner\" aria-labelledby=\"accordion-1286009586-label\">\n\t\t\t\n\n<p>Pri naro\u010dilu navedite tudi druga\u010den naslov za dostavo. Polje za komentar naro\u010dila na strani za prijavo na blagajno slu\u017ei kot prilo\u017enost za tiskanje osebnega sporo\u010dila na dobavnico in ra\u010dun. Paket vsebuje samo dobavnico z natisnjenim sporo\u010dilom. Ra\u010dun vam bomo poslali po elektronski po\u0161ti.<\/p>\n<p>Dostava v dr\u017eave zunaj EU je izjema. Tu moramo zaradi carinjenja prilo\u017eiti tudi ra\u010dun.<\/p>\n\n\t\t<\/div>\n\t<\/div>\n\t\n\t<div id=\"accordion-3207068997\" class=\"accordion-item\">\n\t\t<a id=\"accordion-3207068997-label\" class=\"accordion-title plain\" href=\"#accordion-item-&#039;purchase-on-account&#039;-is-our-security-seal\" aria-expanded=\"false\" aria-controls=\"accordion-3207068997-content\">\n\t\t\t<button class=\"toggle\" aria-label=\"Toggle\"><i class=\"icon-angle-down\" aria-hidden=\"true\"><\/i><\/button>\n\t\t\t<span>'Nakup na ra\u010dun' je na\u0161 varnostni pe\u010dat<\/span>\n\t\t<\/a>\n\t\t<div id=\"accordion-3207068997-content\" class=\"accordion-inner\" aria-labelledby=\"accordion-3207068997-label\">\n\t\t\t\n\n<p>O goljufijah na internetu, ki jih izvajajo la\u017ene trgovine, lahko vedno znova beremo v medijih. Da bi prepre\u010dili tr\u017eenje in zaslu\u017eili na ra\u010dun tega nesre\u010dnega polo\u017eaja, so se iznajdljiva podjetja domislila testiranega pe\u010data. Ta pe\u010dat kupcu potrdi, da je trgovina vredna zaupanja in varna. Registracija tega pe\u010data je zapletena in za podjetja zelo draga - vedno znova in znova.<\/p>\n<p><strong>Ali obstaja alternativa dragemu tesnilu Trusted. Nekaj \u0161e bolj\u0161ega za stranko?<\/strong><\/p>\n<p>Da, obstaja. Najbolj\u0161a in najvarnej\u0161a metoda se imenuje \"nakup na ra\u010dun\". Najprej prejmete blago, ga preverite in nato pla\u010date. Zaradi tega so vse plombe nepotrebne in zastarele. Zaradi preglednosti je pri nas stranka preprosto vedno na prvem mestu. Dobrodo\u0161li!<\/p>\n\n\t\t<\/div>\n\t<\/div>\n\t\n\t<div id=\"accordion-1827532606\" class=\"accordion-item\">\n\t\t<a id=\"accordion-1827532606-label\" class=\"accordion-title plain\" href=\"#accordion-item-security-+-privacy\" aria-expanded=\"false\" aria-controls=\"accordion-1827532606-content\">\n\t\t\t<button class=\"toggle\" aria-label=\"Toggle\"><i class=\"icon-angle-down\" aria-hidden=\"true\"><\/i><\/button>\n\t\t\t<span>Varnost + zasebnost<\/span>\n\t\t<\/a>\n\t\t<div id=\"accordion-1827532606-content\" class=\"accordion-inner\" aria-labelledby=\"accordion-1827532606-label\">\n\t\t\t\n\n<p>Celoten obisk spletne trgovine poteka popolnoma \u0161ifrirano. Pri tem uporabljamo zelo varno 2048-bitno \u0161ifriranje. Osebni podatki o pla\u010dilih, kot so \u0161tevilke kreditnih kartic, se na\u010deloma ne shranjujejo. Zato do teh podatkov tudi ni mogo\u010de dostopati niti s pravnimi sredstvi; morebitne pravne poizvedbe posredujemo ustreznemu pla\u010dilnemu na\u010dinu, ki ga je izbral kupec. Podrobne informacije o mo\u017enostih pla\u010dila so na voljo na na\u0161i strani <a title=\"Kako pla\u010dati v spletni trgovini\" href=\"https:\/\/ecoturbino.shop\/sl\/nacini-placila-2\/\">Na\u010dini pla\u010dila<\/a>.<\/p>\n\n\t\t<\/div>\n\t<\/div>\n\t\n\n<\/div>\n\n\t\t<\/div>\n\t\t\t\t\t<\/div>\n\n\t\n\n<\/div>\n<div class=\"is-divider divider clearfix\" style=\"margin-top:3em;margin-bottom:3em;max-width:100%;height:1px;background-color:rgb(9, 14, 29);\"><\/div>\n\n<div class=\"row row-collapse\"  id=\"row-2145314192\">\n\n\n\t<div id=\"col-1406632269\" class=\"col medium-12 small-12 large-4\"  >\n\t\t\t\t<div class=\"col-inner\"  >\n\t\t\t\n\t\t\t\n\n\n\t\t<div class=\"icon-box featured-box icon-box-left text-left\"  style=\"margin:0px 0px 30px 0px;\">\n\t\t\t\t\t<div class=\"icon-box-img\" style=\"width: 60px\">\n\t\t\t\t<div class=\"icon\">\n\t\t\t\t\t<div class=\"icon-inner\" >\n\t\t\t\t\t\t<?xml version=\"1.0\" encoding=\"UTF-8\"?>\n<!-- Generated by IcoMoon.io -->\n<svg xmlns=\"http:\/\/www.w3.org\/2000\/svg\" xmlns:xlink=\"http:\/\/www.w3.org\/1999\/xlink\" version=\"1.1\" width=\"16\" height=\"16\" viewbox=\"0 0 16 16\">\n  <path fill=\"#000000\" d=\"M14.5 2h-13c-0.825 0-1.5 0.675-1.5 1.5v9c0 0.825 0.675 1.5 1.5 1.5h13c0.825 0 1.5-0.675 1.5-1.5v-9c0-0.825-0.675-1.5-1.5-1.5zM3 12h-1v-2h1v2zM5 12h-1v-2h1v2zM7 12h-1v-2h1v2zM15.5 8h-15v-3h15v3z\"><\/path>\n<\/svg>\n\t\t\t\t\t<\/div>\n\t\t\t\t<\/div>\n\t\t\t<\/div>\n\t\t\t\t<div class=\"icon-box-text last-reset\">\n\t\t\t\t\t\t\t\t\t\n\n<h3>Naro\u010dilo + pla\u010dilo<\/h3>\n\n\t\t<\/div>\n\t<\/div>\n\t\n\t\n\n\t\t<\/div>\n\t\t\t\t\t<\/div>\n\n\t\n\n\t<div id=\"col-527221562\" class=\"col medium-12 small-12 large-8\"  >\n\t\t\t\t<div class=\"col-inner text-left\"  >\n\t\t\t\n\t\t\t\n\n<div class=\"accordion\">\n\n\t<div id=\"accordion-3069658954\" class=\"accordion-item\">\n\t\t<a id=\"accordion-3069658954-label\" class=\"accordion-title plain\" href=\"#accordion-item-payment-methods\" aria-expanded=\"false\" aria-controls=\"accordion-3069658954-content\">\n\t\t\t<button class=\"toggle\" aria-label=\"Toggle\"><i class=\"icon-angle-down\" aria-hidden=\"true\"><\/i><\/button>\n\t\t\t<span>Na\u010dini pla\u010dila<\/span>\n\t\t<\/a>\n\t\t<div id=\"accordion-3069658954-content\" class=\"accordion-inner\" aria-labelledby=\"accordion-3069658954-label\">\n\t\t\t\n\n<p>Podrobne informacije o mo\u017enostih pla\u010dila na na\u0161i strani <a title=\"Kako pla\u010dati v spletni trgovini\" href=\"https:\/\/ecoturbino.shop\/sl\/nacini-placila-2\/\">na\u010dini pla\u010dila<\/a>.<\/p>\n\n\t\t<\/div>\n\t<\/div>\n\t\n\t<div id=\"accordion-1052641564\" class=\"accordion-item\">\n\t\t<a id=\"accordion-1052641564-label\" class=\"accordion-title plain\" href=\"#accordion-item-service-fee-|-discount-for-prepayment\" aria-expanded=\"false\" aria-controls=\"accordion-1052641564-content\">\n\t\t\t<button class=\"toggle\" aria-label=\"Toggle\"><i class=\"icon-angle-down\" aria-hidden=\"true\"><\/i><\/button>\n\t\t\t<span>Pristojbina za storitev | Popust za predpla\u010dilo<\/span>\n\t\t<\/a>\n\t\t<div id=\"accordion-1052641564-content\" class=\"accordion-inner\" aria-labelledby=\"accordion-1052641564-label\">\n\t\t\t\n\n<p>Iskrenost in preglednost sta nam zelo pomembni. Zato smo se odlo\u010dili, da bomo pove\u010dali ozave\u0161\u010denost o vpra\u0161anju spletnih provizij ponudnikov pla\u010dilnih storitev. Provizije in vra\u010dila provizij, ki jih ponudniki pla\u010dilnih storitev vrnejo trgovcu v primeru odpovedi izdelka, navajamo na na\u0161i <a href=\"https:\/\/ecoturbino.shop\/sl\/nacini-placila-2\/\">stran s pregledom razpolo\u017eljivih na\u010dinov pla\u010dila<\/a>.<\/p>\n<p>Glede na ekonomske potrebe zara\u010dunamo pristojbino za storitve spletnega pla\u010devanja. Enako velja za popust kot bonus, \u010de podpira in olaj\u0161uje na\u0161e delo.<\/p>\n\n\t\t<\/div>\n\t<\/div>\n\t\n\t<div id=\"accordion-2710923234\" class=\"accordion-item\">\n\t\t<a id=\"accordion-2710923234-label\" class=\"accordion-title plain\" href=\"#accordion-item-order-by-phone-or-email\" aria-expanded=\"false\" aria-controls=\"accordion-2710923234-content\">\n\t\t\t<button class=\"toggle\" aria-label=\"Toggle\"><i class=\"icon-angle-down\" aria-hidden=\"true\"><\/i><\/button>\n\t\t\t<span>Naro\u010dilo po telefonu ali e-po\u0161ti<\/span>\n\t\t<\/a>\n\t\t<div id=\"accordion-2710923234-content\" class=\"accordion-inner\" aria-labelledby=\"accordion-2710923234-label\">\n\t\t\t\n\n<p>Nenehno razvijamo in vlagamo v sodoben prodajni sistem, ki omogo\u010da najpreprostej\u0161e naro\u010danje na vseh napravah. V izjemnih primerih je \u0161e vedno na voljo mo\u017enost naro\u010dila po e-po\u0161ti ali telefonu, pri \u010demer je treba upo\u0161tevati <a href=\"https:\/\/ecoturbino.shop\/sl\/zasebnost-kokpita\/zasebnost\/\">predpisi o varstvu podatkov<\/a> v skladu z GDPR.<\/p>\n<p>Da bi to ro\u010dno storitev lahko izvajali po ceni, zara\u010dunamo pristojbino za storitev v vi\u0161ini 10 EUR na naro\u010dilo. Poleg tega je ban\u010dno nakazilo edini na\u010din pla\u010dila, ki je na voljo kot predpla\u010dilo.<\/p>\n\n\t\t<\/div>\n\t<\/div>\n\t\n\t<div id=\"accordion-4019284725\" class=\"accordion-item\">\n\t\t<a id=\"accordion-4019284725-label\" class=\"accordion-title plain\" href=\"#accordion-item-order-with-vat-\/-tax\" aria-expanded=\"false\" aria-controls=\"accordion-4019284725-content\">\n\t\t\t<button class=\"toggle\" aria-label=\"Toggle\"><i class=\"icon-angle-down\" aria-hidden=\"true\"><\/i><\/button>\n\t\t\t<span>Naro\u010dilo z DDV \/ davkom<\/span>\n\t\t<\/a>\n\t\t<div id=\"accordion-4019284725-content\" class=\"accordion-inner\" aria-labelledby=\"accordion-4019284725-label\">\n\t\t\t\n\n<p>Mo\u017eno je neobdav\u010deno naro\u010dilo kot dobava znotraj Skupnosti prek identifikacijske \u0161tevilke za DDV. Preprosto vnesite identifikacijsko \u0161tevilko za DDV (identifikacijsko \u0161tevilko za davek na dodano vrednost) na strani za naro\u010danje skupaj s podatki o obra\u010dunu in dostavi. Preverjanje identifikacijske \u0161tevilke za DDV poteka v \u017eivo.<\/p>\n<p>Ko bo naro\u010dilo potrjeno, bo spro\u0161\u010deno, mi pa bomo poslali potrditev naro\u010dila z upo\u0161tevano identifikacijsko \u0161tevilko za DDV. Upo\u0161tevajte, da je dobava znotraj Skupnosti, ki je opro\u0161\u010dena pla\u010dila DDV, mogo\u010da le z veljavno identifikacijsko \u0161tevilko za DDV in izklju\u010dno v dr\u017eavah EU zunaj Avstrije.<\/p>\n<p>Kot evropsko podjetje smo dol\u017eni zara\u010dunati lokalni davek na dodano vrednost v namembni dr\u017eavi naro\u010dila. Tako lahko brez identifikacijske \u0161tevilke za DDV obra\u010dunani DDV uveljavljate kot vstopni davek.<\/p>\n\n\t\t<\/div>\n\t<\/div>\n\t\n\t<div id=\"accordion-892508585\" class=\"accordion-item\">\n\t\t<a id=\"accordion-892508585-label\" class=\"accordion-title plain\" href=\"#accordion-item-invoice-received\" aria-expanded=\"false\" aria-controls=\"accordion-892508585-content\">\n\t\t\t<button class=\"toggle\" aria-label=\"Toggle\"><i class=\"icon-angle-down\" aria-hidden=\"true\"><\/i><\/button>\n\t\t\t<span>Prejeti ra\u010dun<\/span>\n\t\t<\/a>\n\t\t<div id=\"accordion-892508585-content\" class=\"accordion-inner\" aria-labelledby=\"accordion-892508585-label\">\n\t\t\t\n\n<p>Ra\u010dun po\u0161ljemo v obliki datoteke PDF skupaj s kon\u010dnim e-po\u0161tnim sporo\u010dilom, ki vsebuje povezavo za sledenje paketu. Paketu prilo\u017eimo le obvestilo o dostavi ali seznam pakiranja.<\/p>\n\n\t\t<\/div>\n\t<\/div>\n\t\n\n<\/div>\n\n\t\t<\/div>\n\t\t\t\t\t<\/div>\n\n\t\n\n<\/div>\n<div class=\"is-divider divider clearfix\" style=\"margin-top:3em;margin-bottom:3em;max-width:100%;height:1px;background-color:rgb(9, 14, 29);\"><\/div>\n\n<div class=\"row row-collapse\"  id=\"row-988829484\">\n\n\n\t<div id=\"col-948879095\" class=\"col medium-12 small-12 large-4\"  >\n\t\t\t\t<div class=\"col-inner\"  >\n\t\t\t\n\t\t\t\n\n\n\t\t<div class=\"icon-box featured-box icon-box-left text-left\"  style=\"margin:0px 0px 30px 0px;\">\n\t\t\t\t\t<div class=\"icon-box-img\" style=\"width: 60px\">\n\t\t\t\t<div class=\"icon\">\n\t\t\t\t\t<div class=\"icon-inner\" >\n\t\t\t\t\t\t<?xml version=\"1.0\" encoding=\"UTF-8\"?>\n<!-- Generated by IcoMoon.io -->\n<svg xmlns=\"http:\/\/www.w3.org\/2000\/svg\" xmlns:xlink=\"http:\/\/www.w3.org\/1999\/xlink\" version=\"1.1\" width=\"16\" height=\"16\" viewbox=\"0 0 16 16\">\n  <path fill=\"#000000\" d=\"M16 1h-3v7h-7.5l2.5-2.5-2-2-6 6 6 6 2-2-2.5-2.5h10.5z\"><\/path>\n<\/svg>\n\t\t\t\t\t<\/div>\n\t\t\t\t<\/div>\n\t\t\t<\/div>\n\t\t\t\t<div class=\"icon-box-text last-reset\">\n\t\t\t\t\t\t\t\t\t\n\n<h3>Vra\u010da<\/h3>\n\n\t\t<\/div>\n\t<\/div>\n\t\n\t\n\n\t\t<\/div>\n\t\t\t\t\t<\/div>\n\n\t\n\n\t<div id=\"col-1219693885\" class=\"col medium-12 small-12 large-8\"  >\n\t\t\t\t<div class=\"col-inner text-left\"  >\n\t\t\t\n\t\t\t\n\n<div class=\"accordion\">\n\n\t<div id=\"accordion-3811634946\" class=\"accordion-item\">\n\t\t<a id=\"accordion-3811634946-label\" class=\"accordion-title plain\" href=\"#accordion-item-withdrawal-of-an-order\" aria-expanded=\"false\" aria-controls=\"accordion-3811634946-content\">\n\t\t\t<button class=\"toggle\" aria-label=\"Toggle\"><i class=\"icon-angle-down\" aria-hidden=\"true\"><\/i><\/button>\n\t\t\t<span>Umik naloga<\/span>\n\t\t<\/a>\n\t\t<div id=\"accordion-3811634946-content\" class=\"accordion-inner\" aria-labelledby=\"accordion-3811634946-label\">\n\t\t\t\n\n<p>Na\u010deloma lahko v \u0161tirinajstih dneh po prejemu naro\u010dila in brez navedbe razloga prekli\u010dete naro\u010dilo tako, da ga vrnete. Vendar pa so nekateri izdelki iz na\u0161e ponudbe izklju\u010deni iz te pravice do umika.<\/p>\n<p>Podrobne informacije o preklicu, izjemah, povratnem naslovu in predpisih o umiku so na voljo na na\u0161i strani. <a href=\"https:\/\/ecoturbino.shop\/sl\/umik-2\/\">umik<\/a>.<\/p>\n\n\t\t<\/div>\n\t<\/div>\n\t\n\t<div id=\"accordion-2897587685\" class=\"accordion-item\">\n\t\t<a id=\"accordion-2897587685-label\" class=\"accordion-title plain\" aria-expanded=\"false\" aria-controls=\"accordion-2897587685-content\">\n\t\t\t<button class=\"toggle\" aria-label=\"Toggle\"><i class=\"icon-angle-down\" aria-hidden=\"true\"><\/i><\/button>\n\t\t\t<span>Priporo\u010dilo: Pred vrnitvijo zahtevajte nasvet za uporabo!<\/span>\n\t\t<\/a>\n\t\t<div id=\"accordion-2897587685-content\" class=\"accordion-inner\" aria-labelledby=\"accordion-2897587685-label\">\n\t\t\t\n\n<p>Na\u0161a celotna paleta izdelkov je sestavljena iz specializiranih izdelkov in ni primerljiva z mno\u017ei\u010dno proizvedenimi izdelki. Pri mnogih od teh izdelkov je za doseganje najve\u010dje u\u010dinkovitosti potrebno tudi svetovanje za pravilno uporabo.<\/p>\n<p>Imamo zelo malo vra\u010dil. Vendar smo na podlagi poizvedb o vra\u010dilih ugotovili, da ti preklici pogosto nastanejo izklju\u010dno zaradi nepravilne uporabe ali napa\u010dne razlage izdelka.<\/p>\n<p>Zato priporo\u010damo (tudi zaradi prepre\u010devanja stro\u0161kov nepotrebnih vra\u010dil), da se pred vra\u010dilom izdelka posvetujete o pravilni uporabi izdelka; npr. uporaba mobilnega telefona kot nadzorne\/merilne naprave, nepravilna ocena merilne krivulje dB za du\u0161enje zaslonov itd.<\/p>\n\n\t\t<\/div>\n\t<\/div>\n\t\n\n<\/div>\n\n\t\t<\/div>\n\t\t\t\t\t<\/div>\n\n\t\n\n<\/div>\n\t<div id=\"gap-1807964159\" class=\"gap-element clearfix\" style=\"display:block; height:auto;\">\n\t\t\n<style>\n#gap-1807964159 {\n  padding-top: 60px;\n}\n<\/style>\n\t<\/div>\n\t\n\n<div class=\"row align-center\"  id=\"row-1658468152\">\n\n\n\t<div id=\"col-1688197925\" class=\"col small-12 large-12\"  >\n\t\t\t\t<div class=\"col-inner text-center dark\" style=\"background-color:rgb(85, 85, 85);\" >\n\t\t\t\n\t\t\t\n\n<h3>\u0160e vedno imate vpra\u0161anja?<\/h3>\n<a href=\"https:\/\/ecoturbino.shop\/sl\/kontaktirajte\/\" class=\"button secondary\" style=\"border-radius:5px;\">\n\t\t<span>Neposreden stik z ekipo ecoturbino\u00ae<\/span>\n\t<i class=\"icon-angle-right\" aria-hidden=\"true\"><\/i><\/a>\n\n\n\n\t\t<\/div>\n\t\t\t\t\n<style>\n#col-1688197925 > .col-inner {\n  border-radius: 10px;\n}\n<\/style>\n\t<\/div>\n\n\t\n\n\n<style>\n#row-1658468152 > .col > .col-inner {\n  padding: 40px 20px 40px 20px;\n  background-color: rgb(244, 244, 244);\n}\n@media (min-width:550px) {\n  #row-1658468152 > .col > .col-inner {\n    padding: 40px 40px 40px 40px;\n  }\n}\n<\/style>\n<\/div>\n\n\t\t<\/div>\n\t\t\t\t\t<\/div>\n\n\t\n\n<\/div>\n\n\t\t<\/div>\n\n\t\t\n<style>\n#section_971910870 {\n  padding-top: 30px;\n  padding-bottom: 30px;\n}\n<\/style>\n\t<\/section>\n\t\n\t\t<\/div>\n\t\t\t\t\t<\/div>\n\n\t\n<\/div>","protected":false},"excerpt":{"rendered":"","protected":false},"author":1319,"featured_media":47649,"parent":0,"menu_order":0,"comment_status":"closed","ping_status":"closed","template":"page-blank.php","meta":{"inline_featured_image":false,"footnotes":""},"class_list":["post-7231","page","type-page","status-publish","has-post-thumbnail","hentry"],"_links":{"self":[{"href":"https:\/\/ecoturbino.shop\/sl\/wp-json\/wp\/v2\/pages\/7231","targetHints":{"allow":["GET"]}}],"collection":[{"href":"https:\/\/ecoturbino.shop\/sl\/wp-json\/wp\/v2\/pages"}],"about":[{"href":"https:\/\/ecoturbino.shop\/sl\/wp-json\/wp\/v2\/types\/page"}],"author":[{"embeddable":true,"href":"https:\/\/ecoturbino.shop\/sl\/wp-json\/wp\/v2\/users\/1319"}],"replies":[{"embeddable":true,"href":"https:\/\/ecoturbino.shop\/sl\/wp-json\/wp\/v2\/comments?post=7231"}],"version-history":[{"count":0,"href":"https:\/\/ecoturbino.shop\/sl\/wp-json\/wp\/v2\/pages\/7231\/revisions"}],"wp:featuredmedia":[{"embeddable":true,"href":"https:\/\/ecoturbino.shop\/sl\/wp-json\/wp\/v2\/media\/47649"}],"wp:attachment":[{"href":"https:\/\/ecoturbino.shop\/sl\/wp-json\/wp\/v2\/media?parent=7231"}],"curies":[{"name":"wp","href":"https:\/\/api.w.org\/{rel}","templated":true}]}}