{"id":8166,"date":"2015-02-14T16:37:30","date_gmt":"2015-02-14T15:37:30","guid":{"rendered":"http:\/\/shop.pronatur24.eu\/?page_id=8166"},"modified":"2025-08-15T11:10:48","modified_gmt":"2025-08-15T09:10:48","slug":"program-affiliate-partnerjev-2","status":"publish","type":"page","link":"https:\/\/ecoturbino.shop\/sl\/affiliate-partner-program\/","title":{"rendered":"PRIJATELJI \u00bb Partnerski program"},"content":{"rendered":"<div class=\"banner has-hover\" id=\"banner-1384061680\">\n          <div class=\"banner-inner fill\">\n        <div class=\"banner-bg fill\" >\n            <img decoding=\"async\" width=\"2000\" height=\"230\" src=\"https:\/\/ecoturbino.shop\/wp-content\/uploads\/2023\/08\/bonuspunkte-webdeals_1050.webp\" class=\"bg attachment-original size-original\" alt=\"Affiliate Header\" \/>                        <div class=\"overlay\"><\/div>            \n                    <\/div>\n\t\t\n        <div class=\"banner-layers container\">\n            <div class=\"fill banner-link\"><\/div>            \n   <div id=\"text-box-1826988776\" class=\"text-box banner-layer x50 md-x50 lg-x50 y50 md-y50 lg-y50 res-text\">\n                                <div class=\"text-box-content text dark\">\n              \n              <div class=\"text-inner text-center\">\n                  \n<h1>PRIJATELJSTVO<\/h1>\n              <\/div>\n           <\/div>\n                            \n<style>\n#text-box-1826988776 {\n  width: 80%;\n}\n#text-box-1826988776 .text-box-content {\n  font-size: 100%;\n}\n@media (min-width:550px) {\n  #text-box-1826988776 {\n    width: 67%;\n  }\n}\n@media (min-width:850px) {\n  #text-box-1826988776 {\n    width: 44%;\n  }\n}\n<\/style>\n    <\/div>\n \n        <\/div>\n      <\/div>\n\n            \n<style>\n#banner-1384061680 {\n  padding-top: 110px;\n}\n#banner-1384061680 .overlay {\n  background-color: rgba(0,0,0,.5);\n}\n@media (min-width:550px) {\n  #banner-1384061680 {\n    padding-top: 170px;\n  }\n}\n@media (min-width:850px) {\n  #banner-1384061680 {\n    padding-top: 190px;\n  }\n}\n<\/style>\n  <\/div>\n\n\n<div class=\"row\"  id=\"row-1970721585\">\n\n\t<div id=\"col-1437298769\" class=\"col small-12 large-12\"  >\n\t\t\t\t<div class=\"col-inner\"  >\n\t\t\t\n\t\t\t\n<div class=\"row\"  id=\"row-380597466\">\n\n\t<div id=\"col-815025\" class=\"col medium-8 small-12 large-8\"  >\n\t\t\t\t<div class=\"col-inner\"  >\n\t\t\t\n\t\t\t\n<h2 class=\"headlinefocus\">Ali \u017ee govorite o ecoturbino\u00ae?<\/h2>\n<p>Z na\u0161im partnerskim programom se vam zahvaljujemo za va\u0161e priznanje in priporo\u010dilo. \u0160tevilni uporabniki imajo izku\u0161nje in cenijo na\u0161e izdelke ter njihov potencial za prihranek pri stro\u0161kih, povezanih z vodo. In to povsem neodvisno od tega, ali gre za uporabo v zasebnem ali poslovnem sektorju.<\/p>\n<p><strong>Da bi \u0161e ve\u010d uporabnikov spoznalo kakovost in mo\u017enosti sistema ecoturbino\u00ae, potrebujemo ljudi, kot ste vi.<\/strong> \u0160e naprej je treba ozave\u0161\u010dati o energetski u\u010dinkovitosti, varstvu okolja in dejanskih prihrankih. Z na\u0161im partnerskim programom postavljamo temelje za to, saj se dobro zavedamo vrednosti priporo\u010dil.<\/p>\n<p><strong>Imate svojo spletno stran, ste bloger, YouTuber, vplivne\u017e ali celo vodite spletno trgovino?<\/strong> Potem se registrirajte kot partnerski partner ecoturbino\u00ae in skupaj z nami ponudite ljudem alternativo. Zelo u\u010dinkovito orodje, ki vedno znova prihrani te\u017eko prislu\u017een denar in zagotavlja popolno udobje pod prho - tako za goste in zaposlene v podjetjih kot tudi v zasebnih gospodinjstvih.<\/p>\n<p><strong>Privla\u010dne provizije so na\u0161a zahvala za va\u0161e dragoceno delo!<\/strong><\/p>\n\t\t<\/div>\n\t\t\t\t\t<\/div>\n\n\t\n\n\t<div id=\"col-672288476\" class=\"col hide-for-small medium-4 small-12 large-4\"  >\n\t\t\t\t<div class=\"col-inner\"  >\n\t\t\t\n\t\t\t\n\t<div id=\"ux-lottie-1548575333\" class=\"ux-lottie hide-for-small\">\n\t\t\t\t<lottie-player class=\"ux-lottie__player\" data-params=\"{&quot;src&quot;:&quot;https:\\\/\\\/ecoturbino.shop\\\/wp-content\\\/uploads\\\/2023\\\/08\\\/102516-growth.json&quot;,&quot;loop&quot;:true,&quot;autoplay&quot;:true,&quot;controls&quot;:false,&quot;speed&quot;:&quot;1&quot;,&quot;direction&quot;:1,&quot;trigger&quot;:&quot;&quot;,&quot;mouseout&quot;:&quot;&quot;,&quot;start&quot;:0,&quot;end&quot;:100,&quot;scrollActionType&quot;:&quot;seek&quot;,&quot;visibilityStart&quot;:0,&quot;visibilityEnd&quot;:100,&quot;id&quot;:&quot;ux-lottie-1548575333&quot;}\"><\/lottie-player>\n\t\t\t\t\n<style>\n#ux-lottie-1548575333 {\n  width: 100%;\n  height: 300px;\n}\n<\/style>\n\t<\/div>\n\t\n\t\t<\/div>\n\t\t\t\t\t<\/div>\n\n\t\n<\/div>\n<div class=\"is-divider divider clearfix\" style=\"max-width:100%;height:1px;\"><\/div>\n\t<div class=\"img has-hover x md-x lg-x y md-y lg-y\" id=\"image_49054985\">\n\t\t\t\t\t\t\t\t<div class=\"img-inner dark\" >\n\t\t\t<img decoding=\"async\" width=\"1050\" height=\"250\" src=\"https:\/\/ecoturbino.shop\/wp-content\/uploads\/2023\/08\/affiliate-erfolg-webdeals_1050.webp\" class=\"attachment-original size-original\" alt=\"Partnerski program\" srcset=\"https:\/\/ecoturbino.shop\/wp-content\/uploads\/2023\/08\/affiliate-erfolg-webdeals_1050.webp 1050w, https:\/\/ecoturbino.shop\/wp-content\/uploads\/2023\/08\/affiliate-erfolg-webdeals_1050-470x112.webp 470w, https:\/\/ecoturbino.shop\/wp-content\/uploads\/2023\/08\/affiliate-erfolg-webdeals_1050-635x151.webp 635w, https:\/\/ecoturbino.shop\/wp-content\/uploads\/2023\/08\/affiliate-erfolg-webdeals_1050-800x190.webp 800w\" sizes=\"(max-width: 1050px) 100vw, 1050px\" \/>\t\t\t\t\t\t\n\t\t\t\t\t<\/div>\n\t\t\t\t\t\t\t\t\n<style>\n#image_49054985 {\n  width: 100%;\n}\n<\/style>\n\t<\/div>\n\t\n<h3>Podru\u017eni\u010dna aplikacija je predvsem ena stvar: Enostavna!<\/h3>\n<p>Enostavno izpolnite in po\u0161ljite prijavni obrazec na tej strani. To je to. Za vsakega novega partnerja si vzamemo veliko \u010dasa, da pojasnimo vsa vpra\u0161anja. Po kratkem \u010dasu vas bomo poklicali - tudi zato, da vas bolje spoznamo.<\/p>\n<p>In potem se za\u010dne. Skupaj z identifikacijsko oznako partnerja, na\u0161imi slikami izdelkov in digitalnim ogla\u0161evalskim gradivom vas ni\u010d ne ovira na poti v svet u\u010dinkovite gradbene biologije in zdravja ljudi.<\/p>\n\t<div id=\"gap-162635783\" class=\"gap-element clearfix\" style=\"display:block; height:auto;\">\n\t\t\n<style>\n#gap-162635783 {\n  padding-top: 15px;\n}\n<\/style>\n\t<\/div>\n\t\n<div class=\"is-divider divider clearfix\" style=\"max-width:100%;height:1px;\"><\/div>\n<div class=\"row\"  id=\"row-665089422\">\n\n\t<div id=\"col-526878721\" class=\"col medium-8 small-12 large-8\"  >\n\t\t\t\t<div class=\"col-inner\"  >\n\t\t\t\n\t\t\t\n<h3>Partnerski program ecoturbino\u00ae je preprosto prepri\u010dljiv!<\/h3>\n<ul>\n<li><strong>Lasten affiliate sistem in brez zunanje platforme<\/strong><\/li>\n<li><strong>Vzdr\u017eevanje osebnih stikov in iskanje ali optimizacija idej<\/strong><\/li>\n<li><strong>Posamezni sporazumi<\/strong> in ogla\u0161evalsko gradivo ali kampanje.<\/li>\n<li>Privla\u010dne provizije<\/li>\n<li>Posamezni \u010dasi izpla\u010dil<\/li>\n<li>30-dnevno trajanje pi\u0161kotkov<\/li>\n<li>Najni\u017eje stopnje odpovedi - <strong>zelo malo vra\u010dil<\/strong><\/li>\n<li>Visoka stopnja konverzije<\/li>\n<\/ul>\n\t<div id=\"gap-727835963\" class=\"gap-element clearfix\" style=\"display:block; height:auto;\">\n\t\t\n<style>\n#gap-727835963 {\n  padding-top: 15px;\n}\n<\/style>\n\t<\/div>\n\t\n<h3>Smernice za tr\u017eenje v iskalnikih<\/h3>\n<ul>\n<li>Tr\u017eenje v iskalnikih je na splo\u0161no dovoljeno in se spodbuja. URL se lahko uporablja kot prikazni in ciljni URL.<\/li>\n<li>Zastavljanje blagovnih znamk (\u201cecoturbino\u201d in podobni zapisi) ni dovoljeno.<\/li>\n<li>Uporaba portalov z boni, ki uporabljajo blagovno znamko \u201cecoturbino\u201d, ni dovoljena.<\/li>\n<\/ul>\n\t\t<\/div>\n\t\t\t\t\t<\/div>\n\n\t\n\n\t<div id=\"col-1577079598\" class=\"col medium-4 small-12 large-4\"  >\n\t\t\t\t<div class=\"col-inner\"  >\n\t\t\t\n\t\t\t\n\t<div class=\"img has-hover x md-x lg-x y md-y lg-y\" id=\"image_1430882417\">\n\t\t\t\t\t\t\t\t<div class=\"img-inner dark\" >\n\t\t\t<img decoding=\"async\" width=\"1000\" height=\"1000\" src=\"https:\/\/ecoturbino.shop\/wp-content\/uploads\/2023\/09\/ecoturbino-crometta-vario-hansgrohe-handbrause-pronatur24-feedbild2_1000.webp\" class=\"attachment-original size-original\" alt=\"hansgrohe Crometta Vario, 2 curka SET + ecoturbino\u00ae 10 Legio | adapter za var\u010devanje z vodo ET10L + cev za prhanje + glava za prhanje. Slika krme.\" srcset=\"https:\/\/ecoturbino.shop\/wp-content\/uploads\/2023\/09\/ecoturbino-crometta-vario-hansgrohe-handbrause-pronatur24-feedbild2_1000.webp 1000w, https:\/\/ecoturbino.shop\/wp-content\/uploads\/2023\/09\/ecoturbino-crometta-vario-hansgrohe-handbrause-pronatur24-feedbild2_1000-470x470.webp 470w, https:\/\/ecoturbino.shop\/wp-content\/uploads\/2023\/09\/ecoturbino-crometta-vario-hansgrohe-handbrause-pronatur24-feedbild2_1000-635x635.webp 635w, https:\/\/ecoturbino.shop\/wp-content\/uploads\/2023\/09\/ecoturbino-crometta-vario-hansgrohe-handbrause-pronatur24-feedbild2_1000-800x800.webp 800w, https:\/\/ecoturbino.shop\/wp-content\/uploads\/2023\/09\/ecoturbino-crometta-vario-hansgrohe-handbrause-pronatur24-feedbild2_1000-340x340.webp 340w\" sizes=\"(max-width: 1000px) 100vw, 1000px\" \/>\t\t\t\t\t\t\n\t\t\t\t\t<\/div>\n\t\t\t\t\t\t\t\t\n<style>\n#image_1430882417 {\n  width: 100%;\n}\n<\/style>\n\t<\/div>\n\t\n\t\t<\/div>\n\t\t\t\t\t<\/div>\n\n\t\n<\/div>\n\t<div id=\"gap-1532036639\" class=\"gap-element clearfix\" style=\"display:block; height:auto;\">\n\t\t\n<style>\n#gap-1532036639 {\n  padding-top: 15px;\n}\n<\/style>\n\t<\/div>\n\t\n\n\t<section class=\"section\" id=\"section_500223005\">\n\t\t<div class=\"section-bg fill\" >\n\t\t\t\t\t\t\t\t\t\n\t\t\t\n\n\t\t<\/div>\n\n\t\t\t<div class=\"ux-shape-divider ux-shape-divider--top ux-shape-divider--style-curve-opacity\">\n\t\t<svg viewbox=\"0 0 1000 100\" xmlns=\"http:\/\/www.w3.org\/2000\/svg\" preserveaspectratio=\"none\">\n\t\t<path class=\"ux-shape-fill\" opacity=\"0.15\" d=\"M0 14C0 14 88.64 17.48 300 50C560 90 814 77 1003 40L1015 68L1018 104H0V14Z\"\/>\n\t\t<path class=\"ux-shape-fill\" opacity=\"0.3\" d=\"M0 45C0 45 271 90.13 500 77C657 68 830 30 1015 14V100H0V45Z\"\/>\n\t\t<path class=\"ux-shape-fill\" d=\"M0 58C0 58 188.29 90 508 90C798 90 1002 55 1002 55V100H0V58Z\"\/>\n<\/svg>\n\t<\/div>\n\n\t<div class=\"ux-shape-divider ux-shape-divider--bottom ux-shape-divider--style-waves-opacity-3\">\n\t\t<svg viewbox=\"0 0 1000 300\" xmlns=\"http:\/\/www.w3.org\/2000\/svg\" preserveaspectratio=\"none\">\n\t<path class=\"ux-shape-fill\" opacity=\"0.05\" d=\"M1014 264V386H206L34 300C34 300 344.42 277.16 436 221C542 156 590 160 704 209C811 255 899.11 214.94 979 346L1014 264Z\"\/>\n\t<path class=\"ux-shape-fill\" opacity=\"0.1\" d=\"M-302 55C-302 55 -66.73 263.25 50 214C178 160 283 116 353 141C445.68 174.1 534.28 256.19 588 249C692.9 235 764.52 75.94 855 131C940.61 183.09 1000 254 1000 254V328L-306 338L-302 55Z\"\/>\n\t<path class=\"ux-shape-fill\" opacity=\"0.15\" d=\"M-286 255C-286 255 -72 152 52 126C176 100 255 155 436 227C581.57 284.91 614.7 277.79 708 227C787 184 1009 3.0001 1093 164C1146 265.63 1031 293 1031 293L924 377L-288 389L-286 255Z\"\/>\n\t<path class=\"ux-shape-fill\" opacity=\"0.3\" d=\"M-24 69C-24 69 275.68 370.66 389 314C397 310 622 316 673 356C690.47 369.7 845 224 890 182C944.8 130.85 1018 92 1078 143C1154.12 207.7 1196 242 1196 242L1184 374L-28 386L-24 69Z\"\/>\n\t<path class=\"ux-shape-fill\" d=\"M-12 201C-12 201 58 284 182 258C306 232 342.29 221.23 456 264C565 305 640.82 288.36 721 249C776 222 837.5 191.31 935 253C984 284 1030 279 1030 279L1024 430L-12 440V201Z\"\/>\n<\/svg>\n\t<\/div>\n\n\t\t<div class=\"section-content relative\">\n\t\t\t\n\t<div id=\"gap-1572446224\" class=\"gap-element clearfix\" style=\"display:block; height:auto;\">\n\t\t\n<style>\n#gap-1572446224 {\n  padding-top: 40px;\n}\n<\/style>\n\t<\/div>\n\t\n<h3>VLOGA ZA AFFILIATE PROGRAM ECOTURBINO\u00ae<\/h3>\n\t<div id=\"gap-1190196260\" class=\"gap-element clearfix\" style=\"display:block; height:auto;\">\n\t\t\n<style>\n#gap-1190196260 {\n  padding-top: 15px;\n}\n<\/style>\n\t<\/div>\n\t\n\n<div class=\"wpcf7 no-js\" id=\"wpcf7-f9590-o1\" lang=\"de-DE\" dir=\"ltr\" data-wpcf7-id=\"9590\">\n<div class=\"screen-reader-response\"><p role=\"status\" aria-live=\"polite\" aria-atomic=\"true\"><\/p> <ul><\/ul><\/div>\n<form action=\"\/sl\/wp-json\/wp\/v2\/pages\/8166#wpcf7-f9590-o1\" method=\"post\" class=\"wpcf7-form init\" aria-label=\"Kontaktformular\" novalidate=\"novalidate\" data-status=\"init\" data-trp-original-action=\"\/sl\/wp-json\/wp\/v2\/pages\/8166#wpcf7-f9590-o1\">\n<fieldset class=\"hidden-fields-container\"><input type=\"hidden\" name=\"_wpcf7\" value=\"9590\" \/><input type=\"hidden\" name=\"_wpcf7_version\" value=\"6.1.5\" \/><input type=\"hidden\" name=\"_wpcf7_locale\" value=\"de_DE\" \/><input type=\"hidden\" name=\"_wpcf7_unit_tag\" value=\"wpcf7-f9590-o1\" \/><input type=\"hidden\" name=\"_wpcf7_container_post\" value=\"0\" \/><input type=\"hidden\" name=\"_wpcf7_posted_data_hash\" value=\"\" \/>\n<\/fieldset>\n<p><span class=\"wpcf7-form-control-wrap\" data-name=\"name102\"><input size=\"60\" maxlength=\"100\" class=\"wpcf7-form-control wpcf7-text wpcf7-validates-as-required\" aria-required=\"true\" aria-invalid=\"false\" placeholder=\"Ime\" value=\"\" type=\"text\" name=\"name102\" \/><\/span>\n<\/p>\n<p><span class=\"wpcf7-form-control-wrap\" data-name=\"email102\"><input size=\"60\" maxlength=\"100\" class=\"wpcf7-form-control wpcf7-email wpcf7-validates-as-required wpcf7-text wpcf7-validates-as-email\" aria-required=\"true\" aria-invalid=\"false\" placeholder=\"@eMail-address\" value=\"\" type=\"email\" name=\"email102\" \/><\/span>\n<\/p>\n<p><span class=\"wpcf7-form-control-wrap\" data-name=\"telefon102\"><input size=\"30\" maxlength=\"50\" class=\"wpcf7-form-control wpcf7-text\" aria-invalid=\"false\" placeholder=\"Telefon\" value=\"\" type=\"text\" name=\"telefon102\" \/><\/span>\n<\/p>\n<p><span class=\"wpcf7-form-control-wrap\" data-name=\"homepage102\"><input size=\"60\" maxlength=\"100\" class=\"wpcf7-form-control wpcf7-text\" aria-invalid=\"false\" placeholder=\"Doma\u010da stran\" value=\"\" type=\"text\" name=\"homepage102\" \/><\/span>\n<\/p>\n<p><span class=\"wpcf7-form-control-wrap\" data-name=\"nachricht102\"><textarea cols=\"60\" rows=\"5\" maxlength=\"500\" class=\"wpcf7-form-control wpcf7-textarea wpcf7-validates-as-required\" aria-required=\"true\" aria-invalid=\"false\" placeholder=\"Kje in kako \u017eelite govoriti o nas? Kaj potrebujete, da priporo\u010dite ecoturbino (slike, povezave)?\" name=\"nachricht102\"><\/textarea><\/span>\n<\/p>\n<div class=\"wpcf7-turnstile cf-turnstile\" data-sitekey=\"0x4AAAAAAALCOGxAMe4ujVPQ\" data-response-field-name=\"_wpcf7_turnstile_response\"><\/div>\n<p><input class=\"wpcf7-form-control wpcf7-submit has-spinner\" type=\"submit\" value=\"Po\u0161lji\" \/>\n<\/p><div class=\"wpcf7-response-output\" aria-hidden=\"true\"><\/div>\n<input type=\"hidden\" name=\"trp-form-language\" value=\"sl\"\/><\/form>\n<\/div>\n\n\t\t<\/div>\n\n\t\t\n<style>\n#section_500223005 {\n  padding-top: 0px;\n  padding-bottom: 0px;\n  background-color: rgba(83, 166, 0, 0.05);\n}\n#section_500223005 .ux-shape-divider--top svg {\n  height: 150px;\n  --divider-top-width: 100%;\n}\n#section_500223005 .ux-shape-divider--top .ux-shape-fill {\n  fill: #c0d63d;\n}\n#section_500223005 .ux-shape-divider--bottom svg {\n  height: 150px;\n  --divider-width: 100%;\n}\n<\/style>\n\t<\/section>\n\t\n\t\t<\/div>\n\t\t\t\t\t<\/div>\n\n\t\n<\/div>","protected":false},"excerpt":{"rendered":"","protected":false},"author":1319,"featured_media":47649,"parent":0,"menu_order":0,"comment_status":"closed","ping_status":"closed","template":"page-blank.php","meta":{"inline_featured_image":false,"footnotes":""},"class_list":["post-8166","page","type-page","status-publish","has-post-thumbnail","hentry"],"_links":{"self":[{"href":"https:\/\/ecoturbino.shop\/sl\/wp-json\/wp\/v2\/pages\/8166","targetHints":{"allow":["GET"]}}],"collection":[{"href":"https:\/\/ecoturbino.shop\/sl\/wp-json\/wp\/v2\/pages"}],"about":[{"href":"https:\/\/ecoturbino.shop\/sl\/wp-json\/wp\/v2\/types\/page"}],"author":[{"embeddable":true,"href":"https:\/\/ecoturbino.shop\/sl\/wp-json\/wp\/v2\/users\/1319"}],"replies":[{"embeddable":true,"href":"https:\/\/ecoturbino.shop\/sl\/wp-json\/wp\/v2\/comments?post=8166"}],"version-history":[{"count":0,"href":"https:\/\/ecoturbino.shop\/sl\/wp-json\/wp\/v2\/pages\/8166\/revisions"}],"wp:featuredmedia":[{"embeddable":true,"href":"https:\/\/ecoturbino.shop\/sl\/wp-json\/wp\/v2\/media\/47649"}],"wp:attachment":[{"href":"https:\/\/ecoturbino.shop\/sl\/wp-json\/wp\/v2\/media?parent=8166"}],"curies":[{"name":"wp","href":"https:\/\/api.w.org\/{rel}","templated":true}]}}