{"id":11170,"date":"2016-02-05T21:31:25","date_gmt":"2016-02-05T20:31:25","guid":{"rendered":"http:\/\/shop.pronatur24.eu\/?page_id=11170"},"modified":"2025-06-25T00:02:38","modified_gmt":"2025-06-24T22:02:38","slug":"kunder-schweiz-liechtenstein","status":"publish","type":"page","link":"https:\/\/ecoturbino.shop\/sv\/customers-switzerland-liechtenstein\/","title":{"rendered":"Information till kunder fr\u00e5n Schweiz och Liechtenstein"},"content":{"rendered":"<div class=\"banner has-hover\" id=\"banner-331956519\">\n          <div class=\"banner-inner fill\">\n        <div class=\"banner-bg fill\" >\n            <img decoding=\"async\" width=\"2000\" height=\"230\" src=\"https:\/\/ecoturbino.shop\/wp-content\/uploads\/2023\/08\/schweiz-liechtenstein-webdeals_2000.webp\" class=\"bg attachment-original size-original\" alt=\"Schweiz Header\" \/>                        <div class=\"overlay\"><\/div>            \n                    <\/div>\n\t\t\n        <div class=\"banner-layers container\">\n            <div class=\"fill banner-link\"><\/div>            \n   <div id=\"text-box-965904960\" class=\"text-box banner-layer x50 md-x50 lg-x50 y50 md-y50 lg-y50 res-text\">\n                                <div class=\"text-box-content text dark\">\n              \n              <div class=\"text-inner text-center\">\n                  \n<h1>SCHWEIZ \/LI + TREDJE LAND<\/h1>\n              <\/div>\n           <\/div>\n                            \n<style>\n#text-box-965904960 {\n  width: 97%;\n}\n#text-box-965904960 .text-box-content {\n  font-size: 100%;\n}\n@media (min-width:550px) {\n  #text-box-965904960 {\n    width: 80%;\n  }\n}\n@media (min-width:850px) {\n  #text-box-965904960 {\n    width: 83%;\n  }\n}\n<\/style>\n    <\/div>\n \n        <\/div>\n      <\/div>\n\n            \n<style>\n#banner-331956519 {\n  padding-top: 110px;\n}\n#banner-331956519 .overlay {\n  background-color: rgba(0,0,0,.5);\n}\n@media (min-width:550px) {\n  #banner-331956519 {\n    padding-top: 170px;\n  }\n}\n@media (min-width:850px) {\n  #banner-331956519 {\n    padding-top: 190px;\n  }\n}\n<\/style>\n  <\/div>\n\n\n<div class=\"row\"  id=\"row-1470159229\">\n\n\t<div id=\"col-643647639\" class=\"col medium-8 small-12 large-8\"  >\n\t\t\t\t<div class=\"col-inner\"  >\n\t\t\t\n\t\t\t\n<h2 class=\"headlinefocus\">Vi levererar direkt till Schweiz, Liechtenstein och tredjel\u00e4nder (grannl\u00e4nder till EU). F\u00f6lj andra l\u00e4nder!<\/h2>\n<p>P\u00e5 den h\u00e4r sidan lyfter vi s\u00e4rskilt fram m\u00f6jligheten att g\u00f6ra en best\u00e4llning fr\u00e5n Schweiz och Liechtenstein. <strong> F\u00f6ljande detaljer betraktas som inneh\u00e5ll f\u00f6r export till tredje land utanf\u00f6r EU. <\/strong><\/p>\n<ul>\n<li>S\u00e5 l\u00e4nge du bor i Schweiz \/ Liechtenstein och vill ha den levererad direkt till Schweiz \/ LI, kan du k\u00f6pa den omedelbart skattefritt utan moms.<\/li>\n<li>Vi skickar din best\u00e4llning via \u00f6sterrikiska posten. Den schweiziska importskatten samt vissa avgifter f\u00f6r betalning eller bearbetning ber\u00e4knas av det schweiziska postkontoret n\u00e4r paketet levereras.<\/li>\n<li>Vi skickar som f\u00f6rs\u00e4krat paket upp till 100 \u20ac v\u00e4rde av varor. Du best\u00e4mmer sj\u00e4lv om det ut\u00f6kade f\u00f6rs\u00e4kringsbeloppet upp till max. 510 \u20ac som premiumpaketfrakt med snabbare k\u00f6rtid ocks\u00e5. Observera att f\u00f6rs\u00e4kringsbeloppet representerar det maximala skadest\u00e5ndsbeloppet f\u00f6r paketf\u00f6rlusten.<\/li>\n<li>Best\u00e4llningar fr\u00e5n 20 kg fraktvikt \u00e4r relativt dyra i frakt. Fr\u00e5n 30 kg fraktvikt \u00e4r det inte l\u00e4ngre m\u00f6jligt att g\u00f6ra en direktbest\u00e4llning i butiken. Vid en st\u00f6rre best\u00e4llning rekommenderar vi att du kontaktar oss direkt f\u00f6r att kunna klarg\u00f6ra en rimligt attraktiv speditionsf\u00f6rs\u00e4ndelse. Detta g\u00e4ller s\u00e4rskilt f\u00f6r produkter med h\u00f6gre vikt som t.ex. sk\u00e4rmlacker eller sk\u00e4rmtapeter.<\/li>\n<\/ul>\n\t\t<\/div>\n\t\t\t\t\t<\/div>\n\n\t\n\n\t<div id=\"col-865826114\" class=\"col medium-4 small-12 large-4\"  >\n\t\t\t\t<div class=\"col-inner text-center\"  >\n\t\t\t\n\t\t\t\n\t<div id=\"ux-lottie-3809573773\" class=\"ux-lottie\">\n\t\t\t\t<lottie-player class=\"ux-lottie__player\" data-params=\"{&quot;src&quot;:&quot;https:\\\/\\\/ecoturbino.shop\\\/wp-content\\\/uploads\\\/2023\\\/08\\\/swiss-flag-move.json&quot;,&quot;loop&quot;:true,&quot;autoplay&quot;:true,&quot;controls&quot;:false,&quot;speed&quot;:&quot;1&quot;,&quot;direction&quot;:1,&quot;trigger&quot;:&quot;&quot;,&quot;mouseout&quot;:&quot;&quot;,&quot;start&quot;:0,&quot;end&quot;:100,&quot;scrollActionType&quot;:&quot;seek&quot;,&quot;visibilityStart&quot;:0,&quot;visibilityEnd&quot;:100,&quot;id&quot;:&quot;ux-lottie-3809573773&quot;}\"><\/lottie-player>\n\t\t\t\t\n<style>\n#ux-lottie-3809573773 {\n  width: 100%;\n  height: 300px;\n}\n<\/style>\n\t<\/div>\n\t\n\t\t<\/div>\n\t\t\t\t\t<\/div>\n\n\t\n\n\t<div id=\"col-1241316950\" class=\"col small-12 large-12\"  >\n\t\t\t\t<div class=\"col-inner\"  >\n\t\t\t\n\t\t\t\n<a href=\"https:\/\/en.ecoturbino.shop\/shippingcosts\/\" class=\"button primary is-larger expand\" style=\"border-radius:10px;\">\n\t\t<span>Fraktkostnader f\u00f6r Schweiz, Liechtenstein och TREDJE L\u00c4NDER<\/span>\n\t<\/a>\n\n\t<div id=\"gap-1611078797\" class=\"gap-element clearfix\" style=\"display:block; height:auto;\">\n\t\t\n<style>\n#gap-1611078797 {\n  padding-top: 15px;\n}\n<\/style>\n\t<\/div>\n\t\n<div class=\"is-divider divider clearfix\" style=\"max-width:100%;height:1px;\"><\/div>\n<h3><strong> <span style=\"font-size: 120%;\"> PARCEL SERVICE, alternativet till direktleveranser till Schweiz och Liechtenstein<br \/>\n<\/span> <\/strong><\/h3>\n<p>Alternativet till skattefri direktleverans \u00e4r leverans till en adress inom EU n\u00e4ra den schweiziska gr\u00e4nsen f\u00f6r att importera varorna sj\u00e4lv eller anv\u00e4nda en pakettj\u00e4nst. Den st\u00f6rsta f\u00f6rdelen h\u00e4r \u00e4r den kompletta paketf\u00f6rs\u00e4kringen fram till \u00f6verl\u00e4mnandet till leveransadressen, inom EU, och fraktkostnaderna kan ocks\u00e5 minskas.<\/p>\n<h3>Anv\u00e4ndning av pakettj\u00e4nst i gr\u00e4nsomr\u00e5det<\/h3>\n<p>Beroende p\u00e5 vad pakettj\u00e4nsten erbjuder kan den anv\u00e4ndas som en ren leveransadress med m\u00f6jlighet till egen import eller som en leveransservice till \u00f6nskad inrikesadress.<\/p>\n<p>Om den valda pakettj\u00e4nsten \u00e4r en fullv\u00e4rdig pakettj\u00e4nst kommer best\u00e4llningen att transporteras direkt till din adress i Schweiz eller Liechtenstein. Pakettj\u00e4nsten tar sedan hand om alla tullformaliteter \u00e5t dig samt vidare transport till din adress. F\u00f6r mer information, kontakta den \u00f6nskade leverant\u00f6ren direkt eller bes\u00f6k deras webbplats.<\/p>\n<p>Nedan f\u00f6ljer tre v\u00e4lk\u00e4nda leverant\u00f6rer som redan har anv\u00e4nts av v\u00e5ra schweiziska kunder. \u00c4ven om vi inte ger n\u00e5gra rekommendationer fr\u00e5n PROnatur24\u00ae:s sida, kunde vi vid j\u00e4mf\u00f6relsen av webbplatserna f\u00e5 intrycket att \u201cmeineinkauf.ch\u201d erbjuder kunden den mest distinkta sj\u00e4lvbetj\u00e4ningsportf\u00f6ljen online.<\/p>\n\t<div id=\"gap-1991397892\" class=\"gap-element clearfix\" style=\"display:block; height:auto;\">\n\t\t\n<style>\n#gap-1991397892 {\n  padding-top: 30px;\n}\n<\/style>\n\t<\/div>\n\t\n<div class=\"row align-bottom row-divided\"  id=\"row-410702129\">\n\n\t<div id=\"col-552357007\" class=\"col medium-4 small-12 large-4\"  >\n\t\t\t\t<div class=\"col-inner text-center\"  >\n\t\t\t\n\t\t\t\n\t<div class=\"img has-hover x md-x lg-x y md-y lg-y\" id=\"image_304403853\">\n\t\t<a class=\"\" href=\"https:\/\/meineinkauf.ch\/einkaufen\/\" target=\"_blank\" rel=\"sponsored noopener\">\t\t\t\t\t\t<div class=\"img-inner dark\" >\n\t\t\t<img decoding=\"async\" width=\"842\" height=\"264\" src=\"https:\/\/ecoturbino.shop\/wp-content\/uploads\/2023\/08\/meineinkaufch-logo.svg\" class=\"attachment-original size-original\" alt=\"MeinEinkauf Logotyp\" \/>\t\t\t\t\t\t\n\t\t\t\t\t<\/div>\n\t\t\t\t\t\t<\/a>\t\t\n<style>\n#image_304403853 {\n  width: 75%;\n}\n<\/style>\n\t<\/div>\n\t\n<p>MeinEinkauf GmbH<br \/>\nMaybachstra\u00dfe 19<br \/>\n78467 Konstanz<br \/>\nTYSKLAND<\/p>\n<a href=\"https:\/\/meineinkauf.ch\/einkaufen\/\" target=\"_blank\" class=\"button primary\" rel=\"sponsored noopener\" style=\"border-radius:10px;\">\n\t\t<span>www.meineinkauf.ch<\/span>\n\t<\/a>\n\n\t\t<\/div>\n\t\t\t\t\t<\/div>\n\n\t\n\n\t<div id=\"col-131703710\" class=\"col medium-4 small-12 large-4\"  >\n\t\t\t\t<div class=\"col-inner text-center\"  >\n\t\t\t\n\t\t\t\n\t<div class=\"img has-hover x md-x lg-x y md-y lg-y\" id=\"image_1029946953\">\n\t\t<a class=\"\" href=\"https:\/\/swiss-paket.de\" target=\"_blank\" rel=\"sponsored noopener\">\t\t\t\t\t\t<div class=\"img-inner dark\" >\n\t\t\t<img decoding=\"async\" width=\"900\" height=\"270\" src=\"https:\/\/ecoturbino.shop\/wp-content\/uploads\/2023\/08\/swisspaket-logo.png\" class=\"attachment-original size-original\" alt=\"Schweizisk paketlogotyp\" srcset=\"https:\/\/ecoturbino.shop\/wp-content\/uploads\/2023\/08\/swisspaket-logo.png 900w, https:\/\/ecoturbino.shop\/wp-content\/uploads\/2023\/08\/swisspaket-logo-470x141.png 470w, https:\/\/ecoturbino.shop\/wp-content\/uploads\/2023\/08\/swisspaket-logo-635x191.png 635w, https:\/\/ecoturbino.shop\/wp-content\/uploads\/2023\/08\/swisspaket-logo-800x240.png 800w\" sizes=\"(max-width: 900px) 100vw, 900px\" \/>\t\t\t\t\t\t\n\t\t\t\t\t<\/div>\n\t\t\t\t\t\t<\/a>\t\t\n<style>\n#image_1029946953 {\n  width: 75%;\n}\n<\/style>\n\t<\/div>\n\t\n<p>Schweiziskt paket \/ HAM OHG<br \/>\nSchn\u00f6tring 9<br \/>\n79804 Dogern<br \/>\nTYSKLAND<\/p>\n<a href=\"https:\/\/swiss-paket.de\/filialen\" target=\"_blank\" class=\"button primary\" rel=\"sponsored noopener\" style=\"border-radius:10px;\">\n\t\t<span>www.swiss-paket.de<\/span>\n\t<\/a>\n\n\t\t<\/div>\n\t\t\t\t\t<\/div>\n\n\t\n\n\t<div id=\"col-833285681\" class=\"col medium-4 small-12 large-4\"  >\n\t\t\t\t<div class=\"col-inner text-center\"  >\n\t\t\t\n\t\t\t\n\t<div class=\"img has-hover x md-x lg-x y md-y lg-y\" id=\"image_804878280\">\n\t\t<a class=\"\" href=\"https:\/\/grenzpaket.ch\" target=\"_blank\" rel=\"sponsored noopener\">\t\t\t\t\t\t<div class=\"img-inner dark\" >\n\t\t\t<img decoding=\"async\" width=\"450\" height=\"94\" src=\"https:\/\/ecoturbino.shop\/wp-content\/uploads\/2023\/08\/grenzpaket-logo.png\" class=\"attachment-original size-original\" alt=\"Grenzpaket Logo\" srcset=\"https:\/\/ecoturbino.shop\/wp-content\/uploads\/2023\/08\/grenzpaket-logo.png 450w, https:\/\/ecoturbino.shop\/wp-content\/uploads\/2023\/08\/grenzpaket-logo-304x64.png 304w\" sizes=\"(max-width: 450px) 100vw, 450px\" \/>\t\t\t\t\t\t\n\t\t\t\t\t<\/div>\n\t\t\t\t\t\t<\/a>\t\t\n<style>\n#image_804878280 {\n  width: 75%;\n}\n<\/style>\n\t<\/div>\n\t\n<p>Gr\u00e4nspaket GmbH<br \/>\nHirsacker 14<br \/>\n78244 Gottmadingen<br \/>\nTYSKLAND<\/p>\n<a href=\"https:\/\/www.grenzpaket.ch\/de\/lieferadresse-deutschland-oesterreich\" target=\"_blank\" class=\"button primary\" rel=\"sponsored noopener\" style=\"border-radius:10px;\">\n\t\t<span>www.grenzpaket.ch<\/span>\n\t<\/a>\n\n\t\t<\/div>\n\t\t\t\t\t<\/div>\n\n\t\n<\/div>\n\t\t<\/div>\n\t\t\t\t\t<\/div>\n\n\t\n\n<\/div>\n<div class=\"row\"  id=\"row-538256838\">\n\n\t<div id=\"col-1071305141\" class=\"col small-12 large-12\"  >\n\t\t\t\t<div class=\"col-inner\"  >\n\t\t\t\n\t\t\t\n<a href=\"https:\/\/en.ecoturbino.shop\/contact\/\" class=\"button secondary is-larger expand\" style=\"border-radius:10px;\">\n\t\t<span>Har du fler fr\u00e5gor om FOREIGN SHIPPING? Anv\u00e4nd v\u00e5r Hotline!<\/span>\n\t<\/a>\n\n<div class=\"is-divider divider clearfix\" style=\"max-width:100%;height:1px;\"><\/div>\n<p>Med reservation f\u00f6r tryck- och s\u00e4ttningsfel. Status: 01.10.2023.<\/p>\n\t\t<\/div>\n\t\t\t\t\t<\/div>\n\n\t\n<\/div>","protected":false},"excerpt":{"rendered":"","protected":false},"author":1319,"featured_media":47649,"parent":0,"menu_order":0,"comment_status":"closed","ping_status":"closed","template":"page-blank.php","meta":{"inline_featured_image":false,"footnotes":""},"class_list":["post-11170","page","type-page","status-publish","has-post-thumbnail","hentry"],"_links":{"self":[{"href":"https:\/\/ecoturbino.shop\/sv\/wp-json\/wp\/v2\/pages\/11170","targetHints":{"allow":["GET"]}}],"collection":[{"href":"https:\/\/ecoturbino.shop\/sv\/wp-json\/wp\/v2\/pages"}],"about":[{"href":"https:\/\/ecoturbino.shop\/sv\/wp-json\/wp\/v2\/types\/page"}],"author":[{"embeddable":true,"href":"https:\/\/ecoturbino.shop\/sv\/wp-json\/wp\/v2\/users\/1319"}],"replies":[{"embeddable":true,"href":"https:\/\/ecoturbino.shop\/sv\/wp-json\/wp\/v2\/comments?post=11170"}],"version-history":[{"count":0,"href":"https:\/\/ecoturbino.shop\/sv\/wp-json\/wp\/v2\/pages\/11170\/revisions"}],"wp:featuredmedia":[{"embeddable":true,"href":"https:\/\/ecoturbino.shop\/sv\/wp-json\/wp\/v2\/media\/47649"}],"wp:attachment":[{"href":"https:\/\/ecoturbino.shop\/sv\/wp-json\/wp\/v2\/media?parent=11170"}],"curies":[{"name":"wp","href":"https:\/\/api.w.org\/{rel}","templated":true}]}}