{"id":26038,"date":"2019-01-02T00:48:41","date_gmt":"2019-01-01T23:48:41","guid":{"rendered":"https:\/\/en.ecoturbino.shop\/?page_id=26038"},"modified":"2023-10-13T12:11:28","modified_gmt":"2023-10-13T10:11:28","slug":"recensioner","status":"publish","type":"page","link":"https:\/\/ecoturbino.shop\/sv\/reviews\/","title":{"rendered":"Recensioner"},"content":{"rendered":"<div class=\"banner has-hover\" id=\"banner-1993612237\">\n          <div class=\"banner-inner fill\">\n        <div class=\"banner-bg fill\" >\n            <img decoding=\"async\" width=\"2000\" height=\"230\" src=\"https:\/\/ecoturbino.shop\/wp-content\/uploads\/2023\/08\/bewertungen-reviews-webdeals_2000.webp\" class=\"bg attachment-original size-original\" alt=\"Rubrik f\u00f6r vittnesm\u00e5l\" \/>                        <div class=\"overlay\"><\/div>            \n                    <\/div>\n\t\t\n        <div class=\"banner-layers container\">\n            <div class=\"fill banner-link\"><\/div>            \n   <div id=\"text-box-1253074306\" class=\"text-box banner-layer x50 md-x50 lg-x50 y50 md-y50 lg-y50 res-text\">\n                                <div class=\"text-box-content text dark\">\n              \n              <div class=\"text-inner text-center\">\n                  \n<h1>RECENSIONER<\/h1>\n              <\/div>\n           <\/div>\n                            \n<style>\n#text-box-1253074306 {\n  width: 53%;\n}\n#text-box-1253074306 .text-box-content {\n  font-size: 100%;\n}\n@media (min-width:550px) {\n  #text-box-1253074306 {\n    width: 32%;\n  }\n}\n@media (min-width:850px) {\n  #text-box-1253074306 {\n    width: 23%;\n  }\n}\n<\/style>\n    <\/div>\n \n        <\/div>\n      <\/div>\n\n            \n<style>\n#banner-1993612237 {\n  padding-top: 110px;\n}\n#banner-1993612237 .overlay {\n  background-color: rgba(0,0,0,.5);\n}\n@media (min-width:550px) {\n  #banner-1993612237 {\n    padding-top: 170px;\n  }\n}\n@media (min-width:850px) {\n  #banner-1993612237 {\n    padding-top: 190px;\n  }\n}\n<\/style>\n  <\/div>\n\n\n<div class=\"row\"  id=\"row-1218048926\">\n\n\t<div id=\"col-1364653489\" class=\"col medium-8 small-12 large-8\"  >\n\t\t\t\t<div class=\"col-inner\"  >\n\t\t\t\n\t\t\t\n<h2 class=\"headlinefocus\">OMD\u00d6MEN. H\u00e4r talar bara v\u00e5ra kunder, utan undantag!<\/h2>\n<p>H\u00e4r \u00e4r den engelska \u00f6vers\u00e4ttningen f\u00f6r det tillhandah\u00e5llna inneh\u00e5llet:<\/p>\n<p>Du kan se vad v\u00e5ra kunder upplever, s\u00e4ga direkt och st\u00e4lla alla fr\u00e5gor som sammanst\u00e4llts h\u00e4r.<\/p>\n<p>Och vad har du f\u00f6r erfarenhet av v\u00e5ra vattenbesparande produkter? Dela g\u00e4rna med dig av din personliga produktupplevelse till oss. Med din feedback hj\u00e4lper du oss aktivt att n\u00e5 ut till \u00e4nnu fler m\u00e4nniskor, och tillsammans sparar vi resurser.<\/p>\n<p>Stort tack fr\u00e5n hela ecoturbino\u00ae-teamet!<\/p>\n\t<div id=\"gap-2000491088\" class=\"gap-element clearfix\" style=\"display:block; height:auto;\">\n\t\t\n<style>\n#gap-2000491088 {\n  padding-top: 15px;\n}\n<\/style>\n\t<\/div>\n\t\n\t\t<\/div>\n\t\t\t\t\t<\/div>\n\n\t\n\n\t<div id=\"col-988387456\" class=\"col medium-4 small-12 large-4\"  >\n\t\t\t\t<div class=\"col-inner\"  >\n\t\t\t\n\t\t\t\n\n\t<div id=\"col-864114954\" class=\"col small-12 large-12\"  >\n\t\t\t\t<div class=\"col-inner dark\" style=\"background-color:#1499d6;\" >\n\t\t\t\n\t\t\t\n\n\t<section class=\"section\" id=\"section_1943823844\">\n\t\t<div class=\"section-bg fill\" >\n\t\t\t\t\t\t\t\t\t\n\t\t\t\n\n\t\t<\/div>\n\n\t\t\n\t<div class=\"ux-shape-divider ux-shape-divider--bottom ux-shape-divider--style-curve-opacity\">\n\t\t<svg viewbox=\"0 0 1000 100\" xmlns=\"http:\/\/www.w3.org\/2000\/svg\" preserveaspectratio=\"none\">\n\t\t<path class=\"ux-shape-fill\" opacity=\"0.15\" d=\"M0 14C0 14 88.64 17.48 300 50C560 90 814 77 1003 40L1015 68L1018 104H0V14Z\"\/>\n\t\t<path class=\"ux-shape-fill\" opacity=\"0.3\" d=\"M0 45C0 45 271 90.13 500 77C657 68 830 30 1015 14V100H0V45Z\"\/>\n\t\t<path class=\"ux-shape-fill\" d=\"M0 58C0 58 188.29 90 508 90C798 90 1002 55 1002 55V100H0V58Z\"\/>\n<\/svg>\n\t<\/div>\n\n\t\t<div class=\"section-content relative\">\n\t\t\t\n\t<div id=\"text-2111543916\" class=\"text\">\n\t\t\n<h3><a href=\"\/sv\/kontakt\/\">Dela g\u00e4rna med dig av dina personliga erfarenheter!<\/a><\/h3>\n\t\t\n<style>\n#text-2111543916 {\n  font-size: 1.4rem;\n  line-height: 1;\n  text-align: center;\n}\n<\/style>\n\t<\/div>\n\t\n\t<div id=\"gap-747048015\" class=\"gap-element clearfix\" style=\"display:block; height:auto;\">\n\t\t\n<style>\n#gap-747048015 {\n  padding-top: 30px;\n}\n<\/style>\n\t<\/div>\n\t\n\t\t<\/div>\n\n\t\t\n<style>\n#section_1943823844 {\n  padding-top: 30px;\n  padding-bottom: 30px;\n  background-color: #199bc5;\n}\n#section_1943823844 .ux-shape-divider--bottom svg {\n  height: 150px;\n  --divider-width: 200%;\n}\n<\/style>\n\t<\/section>\n\t\n\t\t<\/div>\n\t\t\t\t\n<style>\n#col-864114954 > .col-inner {\n  border-radius: 10px;\n}\n<\/style>\n\t<\/div>\n\n\t\n\t<div id=\"text-3375196653\" class=\"text hidden\">\n\t\t\n<div class=\"cr-trustbadgef\"><div class=\"cr-badge badge_size_small badge_color_dark cr-trustbadge-border\" style=\"background-color:#3d3d3d;\">\n\n\t<div class=\"badge__store\">ekoturbino\u00ae.<\/div>\n\n\t<div class=\"badge__nowrap\">\n\t\t<div class=\"badge__stars\">\n\t\t\t\t\t\t\t<div class=\"badge__star\">\n\t\t\t\t\t<div class=\"badge__star-icon badge__star-icon_type_empty\"><\/div>\n\t\t\t\t\t<div class=\"badge__star-icon badge__star-icon_type_fill\" style=\"width: 0%\"><\/div>\n\t\t\t\t<\/div>\n\t\t\t\t\t\t\t<div class=\"badge__star\">\n\t\t\t\t\t<div class=\"badge__star-icon badge__star-icon_type_empty\"><\/div>\n\t\t\t\t\t<div class=\"badge__star-icon badge__star-icon_type_fill\" style=\"width: 0%\"><\/div>\n\t\t\t\t<\/div>\n\t\t\t\t\t\t\t<div class=\"badge__star\">\n\t\t\t\t\t<div class=\"badge__star-icon badge__star-icon_type_empty\"><\/div>\n\t\t\t\t\t<div class=\"badge__star-icon badge__star-icon_type_fill\" style=\"width: 0%\"><\/div>\n\t\t\t\t<\/div>\n\t\t\t\t\t\t\t<div class=\"badge__star\">\n\t\t\t\t\t<div class=\"badge__star-icon badge__star-icon_type_empty\"><\/div>\n\t\t\t\t\t<div class=\"badge__star-icon badge__star-icon_type_fill\" style=\"width: 0%\"><\/div>\n\t\t\t\t<\/div>\n\t\t\t\t\t\t\t<div class=\"badge__star\">\n\t\t\t\t\t<div class=\"badge__star-icon badge__star-icon_type_empty\"><\/div>\n\t\t\t\t\t<div class=\"badge__star-icon badge__star-icon_type_fill\" style=\"width: 0%\"><\/div>\n\t\t\t\t<\/div>\n\t\t\t\t\t<\/div>\n\n\t\t<div class=\"badge__verified verified\">\n\t\t\t<div class=\"verified__logo\"><\/div>\n\t\t\t<div class=\"verified__text\">Independently verified<\/div>\n\t\t<\/div>\n\t<\/div>\n\n\t<div class=\"badge__rating rating\">\n\t\t\t\t\t<span class=\"rating__store\">0.00 store rating<\/span> <span class=\"rating__reviews\">(0 recensioner)<\/span> | <span class=\"rating__product\">0.00 produktbetyg<\/span>\n\t\t\t<\/div>\n\n\t\t\t<a href=\"https:\/\/www.cusrev.com\/sv\/reviews\/ecoturbino\" rel=\"nofollow noopener noreferrer\" target=\"_blank\" aria-label=\"ekoturbino\u00ae.\">\n\t\t\t<span class=\"badge__link\"><\/span>\n\t\t<\/a>\n\t\n<\/div>\n<\/div>\n\t\t\t<\/div>\n\t\n\t\t<\/div>\n\t\t\t\t\t<\/div>\n\n\t\n\n<\/div>","protected":false},"excerpt":{"rendered":"","protected":false},"author":1319,"featured_media":47649,"parent":0,"menu_order":0,"comment_status":"closed","ping_status":"closed","template":"page-blank.php","meta":{"inline_featured_image":false,"footnotes":""},"class_list":["post-26038","page","type-page","status-publish","has-post-thumbnail","hentry"],"_links":{"self":[{"href":"https:\/\/ecoturbino.shop\/sv\/wp-json\/wp\/v2\/pages\/26038","targetHints":{"allow":["GET"]}}],"collection":[{"href":"https:\/\/ecoturbino.shop\/sv\/wp-json\/wp\/v2\/pages"}],"about":[{"href":"https:\/\/ecoturbino.shop\/sv\/wp-json\/wp\/v2\/types\/page"}],"author":[{"embeddable":true,"href":"https:\/\/ecoturbino.shop\/sv\/wp-json\/wp\/v2\/users\/1319"}],"replies":[{"embeddable":true,"href":"https:\/\/ecoturbino.shop\/sv\/wp-json\/wp\/v2\/comments?post=26038"}],"version-history":[{"count":0,"href":"https:\/\/ecoturbino.shop\/sv\/wp-json\/wp\/v2\/pages\/26038\/revisions"}],"wp:featuredmedia":[{"embeddable":true,"href":"https:\/\/ecoturbino.shop\/sv\/wp-json\/wp\/v2\/media\/47649"}],"wp:attachment":[{"href":"https:\/\/ecoturbino.shop\/sv\/wp-json\/wp\/v2\/media?parent=26038"}],"curies":[{"name":"wp","href":"https:\/\/api.w.org\/{rel}","templated":true}]}}