{"id":4689,"date":"2014-06-07T14:52:06","date_gmt":"2014-06-07T12:52:06","guid":{"rendered":"http:\/\/shop.pronatur24.eu\/?page_id=4689"},"modified":"2025-04-21T23:58:12","modified_gmt":"2025-04-21T21:58:12","slug":"tillbakadragande-2","status":"publish","type":"page","link":"https:\/\/ecoturbino.shop\/sv\/withdrawal\/","title":{"rendered":"Villkor f\u00f6r uttag"},"content":{"rendered":"<div class=\"banner has-hover\" id=\"banner-1301900112\">\n          <div class=\"banner-inner fill\">\n        <div class=\"banner-bg fill\" >\n            <img decoding=\"async\" width=\"2000\" height=\"230\" src=\"https:\/\/ecoturbino.shop\/wp-content\/uploads\/2023\/08\/tastatur-webdeals-2000.webp\" class=\"bg attachment-original size-original\" alt=\"Tangentbord f\u00f6r sidhuvud\" \/>                        <div class=\"overlay\"><\/div>            \n                    <\/div>\n\t\t\n        <div class=\"banner-layers container\">\n            <div class=\"fill banner-link\"><\/div>            \n   <div id=\"text-box-576296076\" class=\"text-box banner-layer x50 md-x50 lg-x50 y50 md-y50 lg-y50 res-text\">\n                                <div class=\"text-box-content text dark\">\n              \n              <div class=\"text-inner text-center\">\n                  \n<h1>AVBRYTANDE<\/h1>\n              <\/div>\n           <\/div>\n                            \n<style>\n#text-box-576296076 {\n  width: 80%;\n}\n#text-box-576296076 .text-box-content {\n  font-size: 100%;\n}\n@media (min-width:550px) {\n  #text-box-576296076 {\n    width: 67%;\n  }\n}\n@media (min-width:850px) {\n  #text-box-576296076 {\n    width: 44%;\n  }\n}\n<\/style>\n    <\/div>\n \n        <\/div>\n      <\/div>\n\n            \n<style>\n#banner-1301900112 {\n  padding-top: 110px;\n}\n#banner-1301900112 .overlay {\n  background-color: rgba(0,0,0,.5);\n}\n@media (min-width:550px) {\n  #banner-1301900112 {\n    padding-top: 170px;\n  }\n}\n@media (min-width:850px) {\n  #banner-1301900112 {\n    padding-top: 190px;\n  }\n}\n<\/style>\n  <\/div>\n\n\n<div class=\"row\"  id=\"row-747900034\">\n\n\t<div id=\"col-1239575374\" class=\"col small-12 large-12\"  >\n\t\t\t\t<div class=\"col-inner\"  >\n\t\t\t\n\t\t\t\n<p><strong>Upps\u00e4gningsvillkor f\u00f6r slutkunder (konsumenter).<\/strong> Du har r\u00e4tt att avbest\u00e4lla din order inom fjorton dagar utan att ange n\u00e5gon orsak.<\/p>\n<p>\u00c5ngerfristen b\u00f6rjar l\u00f6pa efter mottagandet av det skriftliga meddelandet men inte f\u00f6rr\u00e4n mottagaren har f\u00e5tt varan (vid \u00e5terkommande best\u00e4llningar av samma vara inte f\u00f6rr\u00e4n mottagaren har f\u00e5tt den f\u00f6rsta delen av leveransen).<\/p>\n<p>F\u00f6r att ut\u00f6va din \u00e5ngerr\u00e4tt m\u00e5ste du informera oss om detta:<\/p>\n<div class=\"is-divider divider clearfix\" style=\"max-width:100%;height:1px;\"><\/div>\n<div class=\"row\"  id=\"row-750077392\">\n\n\t<div id=\"col-1562563606\" class=\"col medium-4 small-12 large-4\"  >\n\t\t\t\t<div class=\"col-inner\"  >\n\t\t\t\n\t\t\t\n<p>Webdeals Shops GmbH<br \/>\nTeam ecoturbino<br \/>\nHolzbodenweg 6<br \/>\nAT- 6858 Schwarzach<br \/>\ninfo@ecoturbino.shop<\/p>\n\t\t<\/div>\n\t\t\t\t\t<\/div>\n\n\t\n\n\t<div id=\"col-1626301985\" class=\"col medium-8 small-12 large-8\"  >\n\t\t\t\t<div class=\"col-inner dark\" style=\"background-color:rgb(164, 57, 6);\" >\n\t\t\t\n\t\t\t\n<p>Adress f\u00f6r retur (se detaljer nedan):<\/p>\n<p>N.E.W. Utveckling GmbH<br \/>\nTeam ecoturbino<br \/>\nNeugasse 10<br \/>\nAT- 7020 Loipersbach<\/p>\n<p>Vi <span style=\"text-decoration: underline;\">rekommenderar starkt<\/span> v\u00e4lja en f\u00f6rs\u00e4krad och sp\u00e5rbar fraktmetod med sp\u00e5rningsnummer f\u00f6r returen. Du \u00e4r v\u00e4lkommen att informera oss om sp\u00e5rningsnumret efter leverans.<\/p>\n\t\t<\/div>\n\t\t\t\t\n<style>\n#col-1626301985 > .col-inner {\n  padding: 10px 10px 10px 15px;\n  margin: 0px 0px -20px 0px;\n  border-radius: 10px;\n}\n<\/style>\n\t<\/div>\n\n\t\n<\/div>\n<div class=\"is-divider divider clearfix\" style=\"max-width:100%;height:1px;\"><\/div>\n<p>med en tydlig f\u00f6rklaring (t.ex. ett brev som skickas med posten, ett e-postmeddelande eller ett telefonsamtal) av ditt beslut att annullera best\u00e4llningen eller - om varan tillhandah\u00e5lls dig f\u00f6re utg\u00e5ngen av de 14 dagarna - genom att skicka tillbaka varan. Du kan anv\u00e4nda v\u00e5r\u00a0<a title=\"Vorlage Widerruf der Bestellung runterladen\" href=\"https:\/\/ecoturbino.shop\/wp-content\/uploads\/2023\/10\/Cancellation-order-form.pdf\" target=\"_blank\" rel=\"noopener noreferrer\">exempel p\u00e5 uttagsblankett<\/a>\u00a0f\u00f6r detta, \u00e4ven om det inte \u00e4r obligatoriskt. Du kan ocks\u00e5 fylla i och skicka oss avbest\u00e4llningsf\u00f6rklaringen p\u00e5 v\u00e5r webbplats (<a title=\"Formular zum Widerruf einer Bestellung\" href=\"\/sv\/avbestalla-order-2\/\">https:\/\/ecoturbino.shop\/cancel-order<\/a>). Anv\u00e4nd detta alternativ s\u00e5 skickar vi omedelbart en bekr\u00e4ftelse (t.ex. via e-post) p\u00e5 att vi har mottagit en s\u00e5dan avbest\u00e4llning. F\u00f6r att bevara \u00e5ngerfristen r\u00e4cker det att du informerar oss om att du utnyttjar \u00e5ngerr\u00e4tten innan \u00e5ngerfristen har l\u00f6pt ut.<\/p>\n<p><a title=\"Online-formul\u00e4r f\u00f6r Widerruf av best\u00e4llning\" href=\"https:\/\/ecoturbino.shop\/sv\/avbestalla-order-2\/\">\u00bb Till onlineformul\u00e4ret f\u00f6r avbokning av order<\/a><\/p>\n<p><a title=\"Vorlage Widerruf der Bestellung runterladen\" href=\"https:\/\/ecoturbino.shop\/wp-content\/uploads\/2023\/10\/Cancellation-order-form.pdf\" target=\"_blank\" rel=\"noopener noreferrer\">\u00bb Ladda ner formul\u00e4ret \u201c\u00c5terkallande av order\u201d (.pdf)<\/a><\/p>\n<h3>Avseende \u00e5ngerr\u00e4tt f\u00f6r undantagna artikelgrupper<\/h3>\n<p>Tj\u00e4nster, textila skyddsprodukter*, hygienartiklar, f\u00e4rskvaror f\u00f6r dagligt bruk, skurna varor, \u00f6ppnade rullar med metervara samt f\u00f6r produkter som tillverkats f\u00f6r kundens r\u00e4kning. Om en retur \u00e4nd\u00e5 genomf\u00f6rs kommer vi f\u00f6r varje produkt att besluta om vi ska acceptera returen med en v\u00e4rdeminskning och motsvarande \u00e5terbetalning, ber\u00e4kna bearbetningskostnaderna f\u00f6r att kontrollera returen (\u20ac 80 per timme) eller kassera produkten utan \u00e5terbetalning.<\/p>\n<p>Om avsk\u00e4rmning, elektriska och elektroniska produkter (m\u00e4tinstrument, str\u00f6mbrytare, filter etc.) \u00e5terkallas, \u00e4r kostnadskr\u00e4vande metrologiska tester i EMF-laboratoriet n\u00f6dv\u00e4ndiga f\u00f6r kvalitetstestning. Vi har r\u00e4tt att dra av eventuella uppkomna kostnader fr\u00e5n \u00e5terbetalningsbeloppet.<\/p>\n<div class=\"row\"  id=\"row-1828366090\">\n\n\t<div id=\"col-761360324\" class=\"col small-12 large-12\"  >\n\t\t\t\t<div class=\"col-inner dark\"  >\n\t\t\t\n\t\t\t\n<p>*Textila avsk\u00e4rmningsprodukter tillh\u00f6r familjen av speciella hygienprodukter och \u00e4r d\u00e4rf\u00f6r undantagna fr\u00e5n \u00e5ngerr\u00e4tt eller bytesr\u00e4tt n\u00e4r de anv\u00e4nds; dessa inkluderar kl\u00e4der, sovs\u00e4ckar, s\u00e4ngkl\u00e4der, filtar, t\u00e4lt och sk\u00e4rmtak fr\u00e5n budgetserien. Varje retur av produkter med denna klassificering kommer att kontrolleras i EMF-laboratoriet mot en avgift som dras av fr\u00e5n \u00e5terbetalningsbeloppet. Sk\u00e4rmtak som tillverkas p\u00e5 best\u00e4llning, inklusive specialstorlekar, \u00e4r i allm\u00e4nhet undantagna fr\u00e5n \u00e5terkallelse.<\/p>\n<p><strong>Hyr ett kapell ist\u00e4llet f\u00f6r att k\u00f6pa det:<\/strong><br \/>\nP\u00e5 grund av begr\u00e4nsningen av \u00e5ngerr\u00e4tten finns det m\u00f6jlighet att riskfritt hyra v\u00e5ra sk\u00e4rmtak under 2 veckor f\u00f6r att l\u00e4ra k\u00e4nna dem. Detta hyresalternativ \u00e4r ocks\u00e5 mycket v\u00e4l l\u00e4mpat f\u00f6r att uppleva den skyddande effekten av fullt elektrosmogskydd, s\u00e4rskilt f\u00f6re EMF-sanering eller en st\u00f6rre investering i avsk\u00e4rmning.<\/p>\n<p><strong>Skyddande kl\u00e4der:<br \/>\n<\/strong>Vi rekommenderar inte att man tittar p\u00e5 storleken, utan att man hittar r\u00e4tt storlek med hj\u00e4lp av ett m\u00e5ttband. Detaljer finns i respektive produktbeskrivning.<\/p>\n\t\t<\/div>\n\t\t\t\t\n<style>\n#col-761360324 > .col-inner {\n  padding: 10px 15px 10px 15px;\n}\n<\/style>\n\t<\/div>\n\n\t\n\n<style>\n#row-1828366090 > .col > .col-inner {\n  background-color: rgb(85, 85, 85);\n  border-radius: 10px;\n}\n<\/style>\n<\/div>\n<h3>Resultat av avbokningarna<\/h3>\n<p>Om du avbest\u00e4ller en best\u00e4llning med en \u00f6sterrikisk leveransadress (inrikes) kommer vi att \u00e5terbetala alla betalningar vi har mottagit fr\u00e5n dig, inklusive leveranskostnader (med undantag f\u00f6r de extra kostnader som uppst\u00e5r till f\u00f6ljd av att du v\u00e4ljer en annan typ av leverans \u00e4n v\u00e5r har valt den billigaste standardleveransen som erbjuds). Om du avbest\u00e4ller en order med leveransadress i andra europeiska l\u00e4nder eller i tredje land har vi r\u00e4tt att v\u00e4gra \u00e5terbetalning av fraktkostnaderna, dvs. att dra av dessa kostnader fr\u00e5n \u00e5terbetalningsbeloppet. Om den betaltj\u00e4nstleverant\u00f6r genom vilken du gjorde din betalning (PayPal, Amazon, kreditkort etc.) inte \u00e5terbetalar de avgifter som uppst\u00e5tt under k\u00f6pet, har vi r\u00e4tt att h\u00e5lla inne dessa kostnader, dvs. dra av dem fr\u00e5n \u00e5terbetalningsbeloppet. N\u00e4r det g\u00e4ller digitala varor kan denna \u00e5terbetalning ske omedelbart, men m\u00e5ste \u00e5terbetalas senast fjorton dagar fr\u00e5n den dag d\u00e5 vi mottog meddelandet om din upps\u00e4gning av detta avtal. F\u00f6r alla andra varor g\u00e4ller samma \u00e5terbetalningstid, men den b\u00f6rjar l\u00f6pa den dag d\u00e5 du tar emot den returnerade varan. Detta inneb\u00e4r att vi kan v\u00e4gra \u00e5terbetalning tills vi har mottagit de returnerade varorna fr\u00e5n dig. F\u00f6r denna \u00e5terbetalning anv\u00e4nder vi samma betalningsmedel som du anv\u00e4nde vid den ursprungliga transaktionen, s\u00e5vida inte n\u00e5got annat uttryckligen har avtalats med dig.<\/p>\n<h3>Automatisk \u00e5terkallelse\/\u00e5terl\u00e4mnande<\/h3>\n<p>Vid eventuell \u00e5ngerr\u00e4tt ska du returnera varan till oss. Kostnaderna f\u00f6r returf\u00f6rs\u00e4ndelsen ska b\u00e4ras av kunden. Automatiska returer \u00e4r likv\u00e4rdiga med en \u00e5ngerr\u00e4tt och hanteras p\u00e5 samma s\u00e4tt.\u00a0<strong>Automatisk \u00e5terkallelse omfattar:<\/strong><\/p>\n<ul>\n<li>att ordern\/leveransen inte accepteras, eller<\/li>\n<li>utebliven leverans av den paketservice som best\u00e4llts, eller<\/li>\n<li>ingen upph\u00e4mtning av varorna fr\u00e5n paketbutiken (om s\u00e5dan finns) trots motsvarande information fr\u00e5n pakettj\u00e4nsten eller paketsp\u00e5rningsl\u00e4nken. (F\u00f6rklaring: Vi kr\u00e4ver att den pakettj\u00e4nst som anlitas ska utf\u00f6ra en d\u00f6rr-till-d\u00f6rr-leverans. Men p\u00e5 grund av utmanande, f\u00f6rsv\u00e5rande problem vid paketleverans kan denna d\u00f6rrleverans inte l\u00e4ngre garanteras idag (t.ex. k\u00f6rf\u00f6rbud, stoppf\u00f6rbud, trafik, personalbrist etc.) och d\u00e4rf\u00f6r bekr\u00e4ftar kunden med best\u00e4llningen villigheten att h\u00e4mta paketet ocks\u00e5 fr\u00e5n pakettj\u00e4nstens paketbutik).<\/li>\n<\/ul>\n<h3>\u00c5terl\u00e4mnande av f\u00f6rem\u00e5len<\/h3>\n<p>Du m\u00e5ste returnera eller leverera varorna omedelbart och upp till fjorton dagar efter att du har mottagit avbest\u00e4llningsmeddelandet eller varorna till oss:<\/p>\n<p>N.E.W. Utveckling GmbH<br \/>\nTeam ecoturbino<br \/>\nNeugasse 10<br \/>\nAT- 7020 Loipersbach<\/p>\n<p>Tidsfristen \u00e4r uppfylld om du skickar varorna innan perioden p\u00e5 fjorton dagar har l\u00f6pt ut. Du b\u00e4r de direkta kostnaderna och ansvaret f\u00f6r att returnera varorna, inklusive automatiska returer. Baserat p\u00e5 v\u00e5r egen erfarenhet i praktiken rekommenderar vi att du v\u00e4ljer en f\u00f6rs\u00e4krad och sp\u00e5rbar form av retur med ett sp\u00e5rningsnummer. Var v\u00e4nlig notera: Varor som returneras fraktfritt accepteras inte. Du beh\u00f6ver endast betala f\u00f6r eventuell v\u00e4rdeminskning av varorna om denna v\u00e4rdeminskning beror p\u00e5 hantering av varorna som inte \u00e4r n\u00f6dv\u00e4ndig f\u00f6r att kontrollera varornas art, egenskaper och funktionalitet.<\/p>\n<p>Vid avbest\u00e4llning p\u00e5 grund av att paketet inte accepteras m\u00e5ste du informera oss skriftligen inom 24 timmar, annars kommer leveransen automatiskt att anses accepterad och eventuella krav p\u00e5 \u00e5terbetalning fr\u00e5n Webdeals Shops GmbH kommer inte att g\u00e4lla.<\/p>\n<p>Vi behandlar returer med h\u00f6g prioritet, i genomsnitt inom 48 timmar p\u00e5 arbetsdagar efter mottagandet av de avbest\u00e4llda produkterna. Om det inom 2 veckor efter din retur inte finns n\u00e5gon kommunikation fr\u00e5n v\u00e5r sida f\u00f6r att behandla returen, \u00e4r det kundens ansvar att fr\u00e5ga om statusen f\u00f6r behandlingen och att initiera en paketsp\u00e5rning med tj\u00e4nsteleverant\u00f6ren f\u00f6r paketpostningen. Om den avbest\u00e4llda ordern inte levereras inom 4 veckor efter att den lagts, upph\u00f6r all r\u00e4tt till \u00e5terbetalning fr\u00e5n Webdeals Shops GmbH.<\/p>\n\t<div id=\"text-2026817362\" class=\"text hidden\">\n\t\t\n<h3>Ingen leverans till f\u00f6rpackningsstationer<\/h3>\n<p>Om en best\u00e4llning \u00e4nd\u00e5 g\u00f6rs hos en paketeringsstation leder detta utan \u00e4ndring av leveransadressen till automatisk avbest\u00e4llning\/retur. <a href=\"https:\/\/ecoturbino.shop\/sv\/gtc\/\">F\u00f6r mer information se villkor och best\u00e4mmelser.<\/a><br \/>\n\t\t\t<\/div>\n\t\n\t\t<\/div>\n\t\t\t\t\t<\/div>\n\n\t\n<\/div>","protected":false},"excerpt":{"rendered":"","protected":false},"author":1319,"featured_media":47649,"parent":0,"menu_order":0,"comment_status":"closed","ping_status":"closed","template":"page-blank.php","meta":{"inline_featured_image":false,"footnotes":""},"class_list":["post-4689","page","type-page","status-publish","has-post-thumbnail","hentry"],"_links":{"self":[{"href":"https:\/\/ecoturbino.shop\/sv\/wp-json\/wp\/v2\/pages\/4689","targetHints":{"allow":["GET"]}}],"collection":[{"href":"https:\/\/ecoturbino.shop\/sv\/wp-json\/wp\/v2\/pages"}],"about":[{"href":"https:\/\/ecoturbino.shop\/sv\/wp-json\/wp\/v2\/types\/page"}],"author":[{"embeddable":true,"href":"https:\/\/ecoturbino.shop\/sv\/wp-json\/wp\/v2\/users\/1319"}],"replies":[{"embeddable":true,"href":"https:\/\/ecoturbino.shop\/sv\/wp-json\/wp\/v2\/comments?post=4689"}],"version-history":[{"count":0,"href":"https:\/\/ecoturbino.shop\/sv\/wp-json\/wp\/v2\/pages\/4689\/revisions"}],"wp:featuredmedia":[{"embeddable":true,"href":"https:\/\/ecoturbino.shop\/sv\/wp-json\/wp\/v2\/media\/47649"}],"wp:attachment":[{"href":"https:\/\/ecoturbino.shop\/sv\/wp-json\/wp\/v2\/media?parent=4689"}],"curies":[{"name":"wp","href":"https:\/\/api.w.org\/{rel}","templated":true}]}}