{"id":48326,"date":"2023-10-11T16:05:21","date_gmt":"2023-10-11T14:05:21","guid":{"rendered":"https:\/\/en.ecoturbino.shop\/?page_id=48326"},"modified":"2023-10-11T16:07:28","modified_gmt":"2023-10-11T14:07:28","slug":"pressa-2","status":"publish","type":"page","link":"https:\/\/ecoturbino.shop\/sv\/press\/","title":{"rendered":"I pressen"},"content":{"rendered":"<div class=\"banner has-hover\" id=\"banner-545084277\">\n          <div class=\"banner-inner fill\">\n        <div class=\"banner-bg fill\" >\n            <img decoding=\"async\" width=\"800\" height=\"92\" src=\"https:\/\/ecoturbino.shop\/wp-content\/uploads\/2023\/10\/water-faq-2000-sw-800x92-1.webp\" class=\"bg attachment-original size-original\" alt=\"\" \/>                                    \n                    <\/div>\n\t\t\n        <div class=\"banner-layers container\">\n            <div class=\"fill banner-link\"><\/div>            \n   <div id=\"text-box-159617706\" class=\"text-box banner-layer x50 md-x50 lg-x50 y50 md-y50 lg-y50 res-text\">\n                                <div class=\"text-box-content text dark\">\n              \n              <div class=\"text-inner text-center\">\n                  \n<h1>I PRESSEN<\/h1>\n              <\/div>\n           <\/div>\n                            \n<style>\n#text-box-159617706 {\n  width: 97%;\n}\n#text-box-159617706 .text-box-content {\n  font-size: 100%;\n}\n@media (min-width:550px) {\n  #text-box-159617706 {\n    width: 92%;\n  }\n}\n@media (min-width:850px) {\n  #text-box-159617706 {\n    width: 63%;\n  }\n}\n<\/style>\n    <\/div>\n \n        <\/div>\n      <\/div>\n\n            \n<style>\n#banner-545084277 {\n  padding-top: 110px;\n}\n@media (min-width:550px) {\n  #banner-545084277 {\n    padding-top: 170px;\n  }\n}\n@media (min-width:850px) {\n  #banner-545084277 {\n    padding-top: 190px;\n  }\n}\n<\/style>\n  <\/div>\n\n\n<div class=\"row\"  id=\"row-468864966\">\n\n\t<div id=\"col-1643951851\" class=\"col small-12 large-12\"  >\n\t\t\t\t<div class=\"col-inner\"  >\n\t\t\t\n\t\t\t\n\t<div id=\"text-2442338400\" class=\"text\">\n\t\t\n<h2 class=\"headlinefocus\"><span style=\"font-size: 120%;\">Hygien + Vatten + Energi + Kostnader | \u00c4mnen som ber\u00f6r alla<br \/>\n<\/span><\/h2>\n\t\t\n<style>\n#text-2442338400 {\n  text-align: center;\n}\n<\/style>\n\t<\/div>\n\t\n<div class=\"slider-wrapper relative\" id=\"slider-1612131431\" >\n    <div class=\"slider slider-nav-dots-dashes slider-nav-simple slider-nav-large slider-nav-light slider-style-focus slider-show-nav\"\n        data-flickity-options='{            \"cellAlign\": \"left\",            \"imagesLoaded\": true,            \"lazyLoad\": 1,            \"freeScroll\": false,            \"wrapAround\": true,            \"autoPlay\": 6000,            \"pauseAutoPlayOnHover\" : true,            \"prevNextButtons\": true,            \"contain\" : true,            \"adaptiveHeight\" : true,            \"dragThreshold\" : 10,            \"percentPosition\": true,            \"pageDots\": false,            \"rightToLeft\": false,            \"draggable\": true,            \"selectedAttraction\": 0.1,            \"parallax\" : 0,            \"friction\": 0.6        }'\n        >\n        \n\n<div class=\"row align-center\"  id=\"row-224142491\">\n\n\n\t<div id=\"col-1554384277\" class=\"col medium-3 small-6 large-3\"  >\n\t\t\t\t<div class=\"col-inner text-center\"  >\n\t\t\t\n\t<div class=\"is-border is-dashed\"\n\t\tstyle=\"border-radius:10px;border-width:2px 2px 2px 2px;\">\n\t<\/div>\n\t\t\t\n\n\t<div id=\"text-3769379268\" class=\"text\">\n\t\t\n\n\"Bra f\u00f6r hotell, g\u00e4ster och milj\u00f6\",\r\nInstallat\u00f6rens tidning\n\t\t\n<style>\n#text-3769379268 {\n  font-size: 1rem;\n}\n<\/style>\n\t<\/div>\n\t\n\t<div class=\"img has-hover x md-x lg-x y md-y lg-y\" id=\"image_942855033\">\n\t\t<a class=\"\" href=\"https:\/\/www.derinstallateur.at\/singleview\/article\/gut-fuer-hotel-gaeste-und-umwelt\" target=\"_blank\" rel=\"sponsored noopener\">\t\t\t\t\t\t<div class=\"img-inner dark\" >\n\t\t\t<img decoding=\"async\" width=\"1000\" height=\"1000\" src=\"https:\/\/ecoturbino.shop\/wp-content\/uploads\/2023\/08\/2023-03-installateur.webp\" class=\"attachment-original size-original\" alt=\"Press Installat\u00f6r\" srcset=\"https:\/\/ecoturbino.shop\/wp-content\/uploads\/2023\/08\/2023-03-installateur.webp 1000w, https:\/\/ecoturbino.shop\/wp-content\/uploads\/2023\/08\/2023-03-installateur-470x470.webp 470w, https:\/\/ecoturbino.shop\/wp-content\/uploads\/2023\/08\/2023-03-installateur-635x635.webp 635w, https:\/\/ecoturbino.shop\/wp-content\/uploads\/2023\/08\/2023-03-installateur-800x800.webp 800w, https:\/\/ecoturbino.shop\/wp-content\/uploads\/2023\/08\/2023-03-installateur-340x340.webp 340w\" sizes=\"(max-width: 1000px) 100vw, 1000px\" \/>\t\t\t\t\t\t\n\t\t\t\t\t<\/div>\n\t\t\t\t\t\t<\/a>\t\t\n<style>\n#image_942855033 {\n  width: 100%;\n}\n<\/style>\n\t<\/div>\n\t\n\n\n\t\t<\/div>\n\t\t\t\t\n<style>\n#col-1554384277 > .col-inner {\n  padding: 15px 15px 15px 15px;\n}\n<\/style>\n\t<\/div>\n\n\t\n\n\t<div id=\"col-1137794282\" class=\"col medium-3 small-6 large-3\"  >\n\t\t\t\t<div class=\"col-inner text-center\"  >\n\t\t\t\n\t<div class=\"is-border is-dashed\"\n\t\tstyle=\"border-radius:10px;border-width:2px 2px 2px 2px;\">\n\t<\/div>\n\t\t\t\n\n\t<div id=\"text-2431989331\" class=\"text\">\n\t\t\n\n<p>\"S\u00e5 g\u00f6r duschen \u00e4nnu mer kul\", Live &amp; Style Magazin<\/p>\n\n\t\t\n<style>\n#text-2431989331 {\n  font-size: 1rem;\n}\n<\/style>\n\t<\/div>\n\t\n\t<div class=\"img has-hover x md-x lg-x y md-y lg-y\" id=\"image_65210945\">\n\t\t<a class=\"\" href=\"https:\/\/ecoturbino.shop\/wp-content\/uploads\/2023\/08\/lifestyle-auszug.pdf\" target=\"_blank\" rel=\"noopener\">\t\t\t\t\t\t<div class=\"img-inner dark\" >\n\t\t\t<img decoding=\"async\" width=\"1000\" height=\"1000\" src=\"https:\/\/ecoturbino.shop\/wp-content\/uploads\/2023\/08\/lifestyle.webp\" class=\"attachment-original size-original\" alt=\"Press Live &amp; Style\" srcset=\"https:\/\/ecoturbino.shop\/wp-content\/uploads\/2023\/08\/lifestyle.webp 1000w, https:\/\/ecoturbino.shop\/wp-content\/uploads\/2023\/08\/lifestyle-470x470.webp 470w, https:\/\/ecoturbino.shop\/wp-content\/uploads\/2023\/08\/lifestyle-635x635.webp 635w, https:\/\/ecoturbino.shop\/wp-content\/uploads\/2023\/08\/lifestyle-800x800.webp 800w, https:\/\/ecoturbino.shop\/wp-content\/uploads\/2023\/08\/lifestyle-340x340.webp 340w\" sizes=\"(max-width: 1000px) 100vw, 1000px\" \/>\t\t\t\t\t\t\n\t\t\t\t\t<\/div>\n\t\t\t\t\t\t<\/a>\t\t\n<style>\n#image_65210945 {\n  width: 100%;\n}\n<\/style>\n\t<\/div>\n\t\n\n\n\t\t<\/div>\n\t\t\t\t\n<style>\n#col-1137794282 > .col-inner {\n  padding: 15px 15px 15px 15px;\n}\n<\/style>\n\t<\/div>\n\n\t\n\n\t<div id=\"col-1792645362\" class=\"col medium-3 small-6 large-3\"  >\n\t\t\t\t<div class=\"col-inner text-center\"  >\n\t\t\t\n\t<div class=\"is-border is-dashed\"\n\t\tstyle=\"border-radius:10px;border-width:2px 2px 2px 2px;\">\n\t<\/div>\n\t\t\t\n\n\t<div id=\"text-1068817339\" class=\"text\">\n\t\t\n\n\"Wasser-Wirbel sparar m\u00e5nga miljoner liter vatten\", Kurzeitung\n\t\t\n<style>\n#text-1068817339 {\n  font-size: 1rem;\n}\n<\/style>\n\t<\/div>\n\t\n\t<div class=\"img has-hover x md-x lg-x y md-y lg-y\" id=\"image_757823393\">\n\t\t<a class=\"\" href=\"https:\/\/kurzeitung.online\/ausgaben\/kurzeitung-august-2022\/\" target=\"_blank\" rel=\"sponsored noopener\">\t\t\t\t\t\t<div class=\"img-inner dark\" >\n\t\t\t<img decoding=\"async\" width=\"1000\" height=\"1000\" src=\"https:\/\/ecoturbino.shop\/wp-content\/uploads\/2023\/08\/kurzeitung.webp\" class=\"attachment-original size-original\" alt=\"Press Kurzeitung\" srcset=\"https:\/\/ecoturbino.shop\/wp-content\/uploads\/2023\/08\/kurzeitung.webp 1000w, https:\/\/ecoturbino.shop\/wp-content\/uploads\/2023\/08\/kurzeitung-470x470.webp 470w, https:\/\/ecoturbino.shop\/wp-content\/uploads\/2023\/08\/kurzeitung-635x635.webp 635w, https:\/\/ecoturbino.shop\/wp-content\/uploads\/2023\/08\/kurzeitung-800x800.webp 800w, https:\/\/ecoturbino.shop\/wp-content\/uploads\/2023\/08\/kurzeitung-340x340.webp 340w\" sizes=\"(max-width: 1000px) 100vw, 1000px\" \/>\t\t\t\t\t\t\n\t\t\t\t\t<\/div>\n\t\t\t\t\t\t<\/a>\t\t\n<style>\n#image_757823393 {\n  width: 100%;\n}\n<\/style>\n\t<\/div>\n\t\n\n\n\t\t<\/div>\n\t\t\t\t\n<style>\n#col-1792645362 > .col-inner {\n  padding: 15px 15px 15px 15px;\n}\n<\/style>\n\t<\/div>\n\n\t\n\n\n<style>\n#row-224142491 > .col > .col-inner {\n  background-color: rgba(0, 0, 0, 0.5);\n  border-radius: 10px;\n}\n<\/style>\n<\/div>\n<div class=\"row align-center\"  id=\"row-477251338\">\n\n\n\t<div id=\"col-363477708\" class=\"col medium-3 small-6 large-3\"  >\n\t\t\t\t<div class=\"col-inner text-center\"  >\n\t\t\t\n\t<div class=\"is-border is-dashed\"\n\t\tstyle=\"border-radius:10px;border-width:2px 2px 2px 2px;\">\n\t<\/div>\n\t\t\t\n\n\t<div id=\"text-2226968498\" class=\"text\">\n\t\t\n\n\"Denna innovation betalar sig ut\",\r\nHLK-tidningen\n\t\t\n<style>\n#text-2226968498 {\n  font-size: 1rem;\n}\n<\/style>\n\t<\/div>\n\t\n\t<div class=\"img has-hover x md-x lg-x y md-y lg-y\" id=\"image_1302236639\">\n\t\t<a class=\"\" href=\"https:\/\/hlk.co.at\/artikel\/diese-innovation-zahlt-sich-aus\/\" target=\"_blank\" rel=\"sponsored noopener\">\t\t\t\t\t\t<div class=\"img-inner dark\" >\n\t\t\t<img decoding=\"async\" width=\"612\" height=\"613\" src=\"https:\/\/ecoturbino.shop\/wp-content\/uploads\/2023\/08\/weka-industrie-medien-logo-presse.webp\" class=\"attachment-original size-original\" alt=\"Tryck p\u00e5 WEKA\" srcset=\"https:\/\/ecoturbino.shop\/wp-content\/uploads\/2023\/08\/weka-industrie-medien-logo-presse.webp 612w, https:\/\/ecoturbino.shop\/wp-content\/uploads\/2023\/08\/weka-industrie-medien-logo-presse-470x470.webp 470w, https:\/\/ecoturbino.shop\/wp-content\/uploads\/2023\/08\/weka-industrie-medien-logo-presse-340x340.webp 340w\" sizes=\"(max-width: 612px) 100vw, 612px\" \/>\t\t\t\t\t\t\n\t\t\t\t\t<\/div>\n\t\t\t\t\t\t<\/a>\t\t\n<style>\n#image_1302236639 {\n  width: 100%;\n}\n<\/style>\n\t<\/div>\n\t\n\n\n\t\t<\/div>\n\t\t\t\t\n<style>\n#col-363477708 > .col-inner {\n  padding: 15px 15px 15px 15px;\n}\n<\/style>\n\t<\/div>\n\n\t\n\n\t<div id=\"col-298925211\" class=\"col medium-3 small-6 large-3\"  >\n\t\t\t\t<div class=\"col-inner text-center\"  >\n\t\t\t\n\t<div class=\"is-border is-dashed\"\n\t\tstyle=\"border-radius:10px;border-width:2px 2px 2px 2px;\">\n\t<\/div>\n\t\t\t\n\n\t<div id=\"text-2050044599\" class=\"text\">\n\t\t\n\n\"Wasser und Energie sparen bei vollem Duschvergn\u00fcgen\", oe24\n\t\t\n<style>\n#text-2050044599 {\n  font-size: 1rem;\n}\n<\/style>\n\t<\/div>\n\t\n\t<div class=\"img has-hover x md-x lg-x y md-y lg-y\" id=\"image_739410417\">\n\t\t<a class=\"\" href=\"https:\/\/www.oe24.at\/gewinnspiele\/oesterreich-oe24-und-ecoturbino-verlosen-100-handbrause-sets\/532816036\" target=\"_blank\" rel=\"sponsored noopener\">\t\t\t\t\t\t<div class=\"img-inner dark\" >\n\t\t\t<img decoding=\"async\" width=\"1000\" height=\"1000\" src=\"https:\/\/ecoturbino.shop\/wp-content\/uploads\/2023\/08\/oe24.webp\" class=\"attachment-original size-original\" alt=\"Tryck p\u00e5 oe24\" srcset=\"https:\/\/ecoturbino.shop\/wp-content\/uploads\/2023\/08\/oe24.webp 1000w, https:\/\/ecoturbino.shop\/wp-content\/uploads\/2023\/08\/oe24-470x470.webp 470w, https:\/\/ecoturbino.shop\/wp-content\/uploads\/2023\/08\/oe24-635x635.webp 635w, https:\/\/ecoturbino.shop\/wp-content\/uploads\/2023\/08\/oe24-800x800.webp 800w, https:\/\/ecoturbino.shop\/wp-content\/uploads\/2023\/08\/oe24-340x340.webp 340w\" sizes=\"(max-width: 1000px) 100vw, 1000px\" \/>\t\t\t\t\t\t\n\t\t\t\t\t<\/div>\n\t\t\t\t\t\t<\/a>\t\t\n<style>\n#image_739410417 {\n  width: 100%;\n}\n<\/style>\n\t<\/div>\n\t\n\n\n\t\t<\/div>\n\t\t\t\t\n<style>\n#col-298925211 > .col-inner {\n  padding: 15px 15px 15px 15px;\n}\n<\/style>\n\t<\/div>\n\n\t\n\n\n<style>\n#row-477251338 > .col > .col-inner {\n  background-color: rgba(0, 0, 0, 0.5);\n}\n<\/style>\n<\/div>\n\n     <\/div>\n\n     <div class=\"loading-spin dark large centered\"><\/div>\n\n\t<\/div>\n\n\n\t\t<\/div>\n\t\t\t\t\t<\/div>\n\n\t\n<\/div>","protected":false},"excerpt":{"rendered":"","protected":false},"author":1319,"featured_media":47649,"parent":0,"menu_order":0,"comment_status":"closed","ping_status":"closed","template":"page-blank.php","meta":{"inline_featured_image":false,"footnotes":""},"class_list":["post-48326","page","type-page","status-publish","has-post-thumbnail","hentry"],"_links":{"self":[{"href":"https:\/\/ecoturbino.shop\/sv\/wp-json\/wp\/v2\/pages\/48326","targetHints":{"allow":["GET"]}}],"collection":[{"href":"https:\/\/ecoturbino.shop\/sv\/wp-json\/wp\/v2\/pages"}],"about":[{"href":"https:\/\/ecoturbino.shop\/sv\/wp-json\/wp\/v2\/types\/page"}],"author":[{"embeddable":true,"href":"https:\/\/ecoturbino.shop\/sv\/wp-json\/wp\/v2\/users\/1319"}],"replies":[{"embeddable":true,"href":"https:\/\/ecoturbino.shop\/sv\/wp-json\/wp\/v2\/comments?post=48326"}],"version-history":[{"count":0,"href":"https:\/\/ecoturbino.shop\/sv\/wp-json\/wp\/v2\/pages\/48326\/revisions"}],"wp:featuredmedia":[{"embeddable":true,"href":"https:\/\/ecoturbino.shop\/sv\/wp-json\/wp\/v2\/media\/47649"}],"wp:attachment":[{"href":"https:\/\/ecoturbino.shop\/sv\/wp-json\/wp\/v2\/media?parent=48326"}],"curies":[{"name":"wp","href":"https:\/\/api.w.org\/{rel}","templated":true}]}}