{"id":4875,"date":"2014-09-28T09:43:35","date_gmt":"2014-09-28T07:43:35","guid":{"rendered":"http:\/\/shop.pronatur24.eu\/?page_id=4875"},"modified":"2025-08-15T11:30:23","modified_gmt":"2025-08-15T09:30:23","slug":"integritet","status":"publish","type":"page","link":"https:\/\/ecoturbino.shop\/sv\/privacy-cockpit\/privacy\/","title":{"rendered":"Integritetspolicy enligt GDPR"},"content":{"rendered":"<div class=\"banner has-hover\" id=\"banner-160015017\">\n          <div class=\"banner-inner fill\">\n        <div class=\"banner-bg fill\" >\n            <img decoding=\"async\" width=\"2000\" height=\"230\" src=\"https:\/\/ecoturbino.shop\/wp-content\/uploads\/2023\/08\/paragraph-webdeals-2000.webp\" class=\"bg attachment-original size-original\" alt=\"Styckehuvud\" \/>                        <div class=\"overlay\"><\/div>            \n                    <\/div>\n\t\t\n        <div class=\"banner-layers container\">\n            <div class=\"fill banner-link\"><\/div>            \n   <div id=\"text-box-1548815483\" class=\"text-box banner-layer x50 md-x50 lg-x50 y50 md-y50 lg-y50 res-text\">\n                                <div class=\"text-box-content text dark\">\n              \n              <div class=\"text-inner text-center\">\n                  \n<h1><span style=\"font-size: 100%;\">POLICY F\u00d6R SKYDD AV PRIVATLIVET<\/span><\/h1>\n              <\/div>\n           <\/div>\n                            \n<style>\n#text-box-1548815483 {\n  width: 60%;\n}\n#text-box-1548815483 .text-box-content {\n  font-size: 100%;\n}\n<\/style>\n    <\/div>\n \n        <\/div>\n      <\/div>\n\n            \n<style>\n#banner-160015017 {\n  padding-top: 110px;\n}\n#banner-160015017 .overlay {\n  background-color: rgba(0,0,0,.5);\n}\n@media (min-width:550px) {\n  #banner-160015017 {\n    padding-top: 170px;\n  }\n}\n@media (min-width:850px) {\n  #banner-160015017 {\n    padding-top: 190px;\n  }\n}\n<\/style>\n  <\/div>\n\n\n<div class=\"row\"  id=\"row-1643204624\">\n\n\t<div id=\"col-1458378641\" class=\"col small-12 large-12\"  >\n\t\t\t\t<div class=\"col-inner\"  >\n\t\t\t\n\t\t\t\n<h3>1. Namn och adress till den ansvariga parten<\/h3>\n<p>Den ansvariga parten i den mening som avses i den allm\u00e4nna dataskyddsf\u00f6rordningen och andra nationella dataskyddslagar i medlemsstaterna samt andra r\u00e4ttsliga dataskyddsbest\u00e4mmelser \u00e4r:<\/p>\n<p>Webdeals Shops GmbH<br \/>\nHolzbodenweg 6<br \/>\n6858 Schwarzach<\/p>\n<p>E-post: <a href=\"mailto:info@ecoturbino.shop\">info@ecoturbino.shop<\/a><br \/>\nTelefon: +43 5574 24010 +43 5574 24010<\/p>\n<p>(\u00e4ven kallad ansvarig part fr\u00e5n och med nu).<\/p>\n<p>Den ansvariga parten driver f\u00f6ljande webbplats: https:\/\/en.ecoturbino.shop.<\/p>\n<p>Att skydda din personliga information \u00e4r en viktig fr\u00e5ga f\u00f6r oss. D\u00e4rf\u00f6r vill vi nedan visa dig hur dina personuppgifter som anv\u00e4nds f\u00f6r denna webbplats och v\u00e5ra tj\u00e4nster hanteras.<\/p>\n<p>V\u00e5r integritetspolicy g\u00e4ller endast f\u00f6r anv\u00e4ndning av webbplatsen https:\/\/en.ecoturbino.shop. Om du omdirigeras till andra webbplatser fr\u00e5n v\u00e5ra sidor, v\u00e4nligen informera dig om respektive hantering av din personliga information p\u00e5 den webbplats som du har omdirigerats till.<\/p>\n<h3>2. Fr\u00e5gor om dataskydd<\/h3>\n<p>V\u00e4nligen skicka dina fr\u00e5gor om dataskydd till <a href=\"mailto:privacy@ecoturbino.shop\">privacy@ecoturbino.shop<\/a>.<\/p>\n<h3>3. Allm\u00e4n information om databehandling<\/h3>\n<p>Med personuppgifter menar vi all information som avsl\u00f6jar din identitet (t.ex. namn, adress, e-postadress, telefonnummer). Genom att anv\u00e4nda v\u00e5r digitala tj\u00e4nst behandlas dina personuppgifter endast i enlighet med lagstadgade best\u00e4mmelser. Detta inkluderar DSGVO, TKG 2003 eller den nationella dataskyddslagen. Din personliga information kommer endast att samlas in i enlighet med policyerna f\u00f6r undvikande och minimering av data om det \u00e4r n\u00f6dv\u00e4ndigt f\u00f6r ditt \u00f6nskade syfte eller om du frivilligt g\u00f6r den tillg\u00e4nglig f\u00f6r oss.<\/p>\n<p>Vi vill informera dig om att vi ocks\u00e5 \u00e4r ansvariga f\u00f6r dina uppgifter om vi anv\u00e4nder en tredje part (personuppgiftsbitr\u00e4de) f\u00f6r att fullg\u00f6ra ett avtal.<\/p>\n<h3>4. Vi utf\u00f6r f\u00f6ljande processer<\/h3>\n<p><strong>4.1. Kakor<\/strong><\/p>\n<p>F\u00f6r att g\u00f6ra anv\u00e4ndningen av v\u00e5r webbplats s\u00e5 anv\u00e4ndarv\u00e4nlig och s\u00e4ker som m\u00f6jligt och f\u00f6r att vissa funktioner ska fungera anv\u00e4nder vi s\u00e5 kallade cookies. Det \u00e4r sm\u00e5 textfiler som sparas i din webbl\u00e4sare. De flesta av de cookies som vi anv\u00e4nder \u00e4r s\u00e5 kallade sessionscookies, dessa raderas automatiskt av din enhet efter att du har l\u00e4mnat v\u00e5r webbplats. Andra cookies, s\u00e5 kallade l\u00e5ngsiktiga cookies, sparas p\u00e5 din enhet tills du tar bort dem. Dessa cookies g\u00f6r det m\u00f6jligt f\u00f6r oss att k\u00e4nna igen din webbl\u00e4sare vid ditt n\u00e4sta bes\u00f6k. Du kan f\u00f6rhindra att cookies sparas genom att g\u00f6ra l\u00e4mpliga inst\u00e4llningar i din webbl\u00e4sare. Vi vill dock informera dig om att du d\u00e5 inte kommer att kunna anv\u00e4nda alla funktioner p\u00e5 webbplatsen fullt ut.<\/p>\n<p>Att skriva en kommentar p\u00e5 v\u00e5r webbplats kan vara ett godk\u00e4nnande f\u00f6r att ditt namn, din e-postadress och din webbplats sparas i cookies. Detta \u00e4r en komfortfunktion s\u00e5 att du inte beh\u00f6ver ange all denna information p\u00e5 nytt n\u00e4sta g\u00e5ng du skriver en kommentar. Dessa cookies sparas i ett \u00e5r.<\/p>\n<p>Om du har ett konto och loggar in p\u00e5 den h\u00e4r webbplatsen kommer vi att s\u00e4tta en tillf\u00e4llig cookie f\u00f6r att avg\u00f6ra om din webbl\u00e4sare accepterar cookies eller inte. Denna cookie inneh\u00e5ller ingen personlig information och raderas n\u00e4r du st\u00e4nger din webbl\u00e4sare.<\/p>\n<p>N\u00e4r du loggar in kommer vi att konfigurera vissa cookies f\u00f6r att spara din registreringsinformation och dina visningsalternativ. Cookies f\u00f6r inloggning upph\u00f6r att g\u00e4lla efter tv\u00e5 \u00e5r och cookies f\u00f6r dina visningsalternativ upph\u00f6r att g\u00e4lla efter ett \u00e5r. Om du v\u00e4ljer \u201cF\u00f6rbli inloggad\u201d n\u00e4r du loggar in kommer du att f\u00f6rbli inloggad i tv\u00e5 veckor. N\u00e4r du loggar ut fr\u00e5n ditt konto raderas inloggningscookies.<\/p>\n<p><strong>4.2. Cookies f\u00f6r session<\/strong><\/p>\n<p>F\u00f6r att g\u00f6ra det enklare f\u00f6r dig att surfa p\u00e5 v\u00e5r webbplats anger vi ett s\u00e5 kallat sessions-ID som tilldelas varje bes\u00f6kare n\u00e4r de b\u00f6rjar anv\u00e4nda v\u00e5r webbplats. Detta sessions-ID g\u00f6r det m\u00f6jligt f\u00f6r v\u00e5r server att k\u00e4nna igen dig eller din dator\/webbl\u00e4sare som samma bes\u00f6kare, trots eventuella \u00e4ndringar av IP-adressen mellan bes\u00f6ken. Detta sessions-ID g\u00f6r det ocks\u00e5 m\u00f6jligt att tilldela flera relaterade f\u00f6rfr\u00e5gningar som g\u00f6rs av en anv\u00e4ndare under en session. Den cookie som anv\u00e4nds f\u00f6r sessions-ID sparas tills sessionen \u00e4r avslutad. Den raderas automatiskt n\u00e4r du st\u00e4nger din webbl\u00e4sare.<\/p>\n<p><strong>4.3. L\u00e5ngsiktiga cookies<\/strong><\/p>\n<p>P\u00e5 v\u00e5r webbplats anv\u00e4nds ocks\u00e5 funktioner i webbanalystj\u00e4nsten Google Analytics, en tj\u00e4nst fr\u00e5n Google Inc. (\u201cGoogle\u201d) som har ett Privacy Shield-certifikat.<\/p>\n<p>Google Analytics anv\u00e4nder ocks\u00e5 cookies som bland annat m\u00f6jligg\u00f6r en analys av hur du anv\u00e4nder webbplatsen. I samband med att Google Analytics anv\u00e4nds p\u00e5 denna webbplats samlas f\u00f6ljande information in: IP-adress, anv\u00e4ndarbeteende, webbl\u00e4sarinformation. Vi installerar endast Google Analytics med IP-anonymisering. Detta inneb\u00e4r att din IP-adress f\u00f6rkortas av Google inom Europeiska unionens medlemsstater eller i andra avtalsslutande parter inom Europeiska ekonomiska samarbetsomr\u00e5det. Den fullst\u00e4ndiga IP-adressen kommer endast i undantagsfall att \u00f6verf\u00f6ras till en Google-server i USA och f\u00f6rkortas endast d\u00e4r. Google kommer att anv\u00e4nda denna information p\u00e5 uppdrag av operat\u00f6ren av denna webbplats f\u00f6r att utv\u00e4rdera din anv\u00e4ndning av webbplatsen, sammanst\u00e4lla rapporter om aktiviteter p\u00e5 webbplatsen och tillhandah\u00e5lla ytterligare tj\u00e4nster relaterade till anv\u00e4ndningen av webbplatsen och Internet f\u00f6r webbplatsoperat\u00f6ren. Dessa rapporter och tj\u00e4nster kommer att anv\u00e4ndas f\u00f6r att st\u00e4ndigt f\u00f6rb\u00e4ttra erbjudandena p\u00e5 denna webbplats. Du kan f\u00f6rhindra att Google samlar in den information som genereras av dessa cookies och som erh\u00e5lls genom din anv\u00e4ndning av webbplatsen (inklusive IP-adress) och bearbetar denna information genom att ladda ner och installera webbl\u00e4sarplugin-programmet fr\u00e5n Google, som finns tillg\u00e4ngligt p\u00e5 f\u00f6ljande l\u00e4nk:\u00a0<a href=\"http:\/\/tools.google.com\/dlpage\/gaoptout?hl=de\" target=\"_blank\" rel=\"noopener noreferrer\">http:\/\/tools.google.com\/dlpage\/gaoptout?hl=de<\/a>. Andra liknande plug-ins fr\u00e5n andra leverant\u00f6rer finns tillg\u00e4ngliga beroende p\u00e5 vilken webbl\u00e4sare som anv\u00e4nds. Den personliga information som n\u00e4mns ovan sparas i tv\u00e5 \u00e5r.<\/p>\n<p><strong>4.4. Nyhetsbrev &amp; push-meddelanden<br \/>\n<\/strong><\/p>\n<p>Vi behandlar dina personuppgifter s\u00e5 att vi kan skicka nyhetsbrev och push-meddelanden till dig. Denna process sker p\u00e5 laglig v\u00e4g med ditt samtycke. Vi ger dina personuppgifter till en tredje part s\u00e5 att de kan skicka meddelandet \u00e5t oss. Dina personuppgifter behandlas tills du avbryter behandlingen.<\/p>\n<p><strong>4.5. Kommentarer<\/strong><\/p>\n<p>N\u00e4r bes\u00f6kare l\u00e4mnar kommentarer p\u00e5 webbplatsen samlar vi in de uppgifter som visas i kommentarsformul\u00e4ret, samt bes\u00f6karens IP-adress och user agent-str\u00e4ngen (f\u00f6r att identifiera webbl\u00e4saren) f\u00f6r att st\u00f6dja igenk\u00e4nning av skr\u00e4ppost.<\/p>\n<p>En anonymiserad teckenstr\u00e4ng (\u00e4ven kallad hash) kan skapas fr\u00e5n din e-postadress och ges till Gravatar f\u00f6r att kontrollera om du anv\u00e4nder den. Du kan hitta Gravatars integritetspolicy h\u00e4r: <a href=\"https:\/\/automattic.com\/privacy\/\" target=\"_blank\" rel=\"noopener noreferrer\">https:\/\/automattic.com\/privacy\/<\/a>. N\u00e4r din kommentar har godk\u00e4nts syns din profilbild i din kommentar.<\/p>\n<p><strong>4.6. Medier<\/strong><\/p>\n<p>Om du \u00e4r en registrerad anv\u00e4ndare och laddar upp foton till denna webbplats b\u00f6r du undvika att ladda upp foton med en EXIF GPS-plats. Bes\u00f6kare p\u00e5 denna webbplats kan ladda ner foton som sparas p\u00e5 denna webbplats och f\u00e5 information om platsen d\u00e4r de togs.<\/p>\n<p><strong>4.7. Inb\u00e4ddat inneh\u00e5ll fr\u00e5n andra webbplatser<\/strong><\/p>\n<p>Bidrag p\u00e5 denna webbplats kan inneh\u00e5lla inb\u00e4ddat inneh\u00e5ll (t.ex. videor, bilder, artiklar). Inb\u00e4ddat inneh\u00e5ll fr\u00e5n andra webbplatser fungerar p\u00e5 exakt samma s\u00e4tt som om bes\u00f6karen hade bes\u00f6kt de andra webbplatserna.<\/p>\n<p>Dessa webbplatser kan samla in information om dig, anv\u00e4nda cookies, b\u00e4dda in ytterligare sp\u00e5rningstj\u00e4nster fr\u00e5n tredje part och registrera din interaktion med detta inb\u00e4ddade inneh\u00e5ll, inklusive din interaktion med det om du har ett konto och \u00e4r inloggad p\u00e5 den h\u00e4r webbplatsen.<\/p>\n<p><strong>4.8. Chatt i realtid<\/strong><\/p>\n<p>Vi anv\u00e4nder chattj\u00e4nsten Zendesk f\u00f6r att ge optimal support till v\u00e5ra anv\u00e4ndare och kunder. Du kan hitta Zendesks integritetspolicy h\u00e4r:\u00a0<a href=\"https:\/\/www.zendesk.com\/company\/customers-partners\/privacy-policy\/\" target=\"_blank\" rel=\"noopener noreferrer\">https:\/\/www.zendesk.com\/company\/customers-partners\/privacy-policy\/<\/a>.<\/p>\n<p><strong>4.9. Presentation av anonymiserade f\u00f6rfr\u00e5gningar och ink\u00f6p<\/strong><\/p>\n<p>Vi anv\u00e4nder en molntj\u00e4nst f\u00f6r information och presentation av ofta efterfr\u00e5gade och k\u00f6pta produkter och f\u00f6r att demonstrera s\u00e4kra ink\u00f6p i v\u00e5r onlinebutik. Vi \u00f6verf\u00f6r anonymiserade data till denna tredje part f\u00f6r att utf\u00f6ra optimala presentationer f\u00f6r webbsystemet.<\/p>\n<p><strong>4.10. Ytterligare analys av tj\u00e4nster<\/strong><\/p>\n<p>Ut\u00f6ver Googles analystj\u00e4nst (Google Anlytics) anv\u00e4nder vi vid behov ytterligare tekniska analysprocesser, fr\u00e4mst direkt efter uppdateringen av hemsidans och webbshopens operativsystem. Syftet \u00e4r att snabbt kunna identifiera tekniska fel som skulle kunna \u00e4ventyra anv\u00e4ndarens surfupplevelse och k\u00f6pbehov. Exempel p\u00e5 detta kan vara \u201cProdukten kan inte l\u00e4ggas i varukorgen\u201d, \u201cBetalning inte m\u00f6jlig\u201d, \u201cDet g\u00e5r inte att registrera ett kundkonto\u201d, etc. Registrerad personlig information sparas anonymt och raderas efter att unders\u00f6kningen har avaktiverats.<\/p>\n<p><strong>4.11. Skyddssystem mot hackning, skr\u00e4ppost, skadlig kod och n\u00e4tfiske<br \/>\n<\/strong><\/p>\n<p>F\u00f6r att skydda personlig information och hela systemet anv\u00e4nder vi flera h\u00f6gt utvecklade skyddssystem som vi inte listar av integritets- och s\u00e4kerhetssk\u00e4l. Kommentarer som l\u00e4mnas av bes\u00f6kare kan komma att granskas av en automatiserad tj\u00e4nst f\u00f6r identifiering av skr\u00e4ppost. Hela hemsidan \u00e4r krypterad med SSL f\u00f6r att garantera en s\u00e4ker surfupplevelse.<\/p>\n<p>Denna webbplats skyddas av reCAPTCHA och Googles <a href=\"https:\/\/policies.google.com\/privacy\" rel=\"nofollow noopener\">Integritetspolicy<\/a>\u00a0och <a href=\"https:\/\/policies.google.com\/terms\" rel=\"nofollow noopener\">Villkor f\u00f6r tj\u00e4nsten<\/a>\u00a0till\u00e4mpa.<\/p>\n<h3>5. Lagring och behandling av uppgifter i webbshopen<\/h3>\n<p><strong>5.1. Under ditt bes\u00f6k i v\u00e5r webbshop registrerar vi:<\/strong><\/p>\n<ul>\n<li>Produkter som du har tittat p\u00e5. Vi anv\u00e4nder denna registrering f\u00f6r att visa dig produkter som du redan har sett som en p\u00e5minnelse.<\/li>\n<li>Plats, IP-adress och webbl\u00e4sare. Vi anv\u00e4nder alternativen f\u00f6r att automatiskt kunna visa dig korrekta skatter och fraktkostnader, till exempel.<\/li>\n<li>Cookies och sessioner f\u00f6r att cacha inneh\u00e5llet i din kundvagn n\u00e4r du surfar p\u00e5 webbutiken.<\/li>\n<\/ul>\n<p>N\u00e4r du k\u00f6per produkter fr\u00e5n oss kommer vi att beg\u00e4ra dina personuppgifter f\u00f6r att kunna slutf\u00f6ra en best\u00e4llning och kunna skicka produkterna. Denna information \u00e4r ditt namn, faktureringsadress, leveransadress, e-postadress och telefonnummer. Om du \u00f6ppnar ett kundkonto och inte best\u00e4ller som g\u00e4st, kommer vi ocks\u00e5 att be om ditt \u00f6nskade anv\u00e4ndarnamn och l\u00f6senord. Betalningsinformation som anges i butiken varken samlas in eller sparas av oss. Att spara denna finansiella information \u00e4r upp till den valda betalningstj\u00e4nsten (PayPal, kreditkort, omedelbar \u00f6verf\u00f6ring etc.).<\/p>\n<p>F\u00f6rutom att fylla i best\u00e4llningar anv\u00e4nder vi din personliga information f\u00f6r att:<\/p>\n<ul>\n<li>Skicka order- och kundkontouppgifter via e-post.<\/li>\n<li>Svara p\u00e5 eventuella fr\u00e5gor i orderkommentarerna.<\/li>\n<li>Genomf\u00f6r din betalning och avv\u00e4rj bedr\u00e4gerier.<\/li>\n<li>Skapa ditt kundkonto<\/li>\n<li>Utf\u00f6ra v\u00e5ra ekonomiska uppgifter, t.ex. momsber\u00e4kning f\u00f6r skattemyndigheterna.<\/li>\n<li>Vi optimerar st\u00e4ndigt v\u00e5r butik f\u00f6r \u00e4nnu enklare ink\u00f6p.<\/li>\n<li>Skicka information till dig, t.ex. v\u00e5rt nyhetsbrev, om du samtycker till denna anv\u00e4ndning.<\/li>\n<\/ul>\n<p>Vi behandlar dina personuppgifter f\u00f6r att kunna tillhandah\u00e5lla en webbutik till dig. Denna behandling sker med st\u00f6d av den r\u00e4ttsliga grunden i avtalet. Vi l\u00e4mnar ut dina personuppgifter till en datacenteroperat\u00f6r f\u00f6r att utf\u00f6ra denna behandling \u00e5t oss. Vidare l\u00e4mnar vi personuppgifterna till en betaltj\u00e4nstleverant\u00f6r samt en leveranstj\u00e4nst s\u00e5 att de kan behandla dina uppgifter i syfte att hantera betalningen eller leveransen. Vi behandlar dina personuppgifter s\u00e5 l\u00e4nge som det \u00e4r n\u00f6dv\u00e4ndigt p\u00e5 grund av skattem\u00e4ssiga lagringstider och s\u00e5 l\u00e4nge som vi inte l\u00e4ngre beh\u00f6ver dina personuppgifter f\u00f6r r\u00e4ttsliga anspr\u00e5k.<\/p>\n<p>Vi sparar ocks\u00e5 produktrecensioner och g\u00f6r dem offentliga s\u00e5 att andra som \u00e4r intresserade av produkterna kan ta del av dina erfarenheter.<\/p>\n<p><strong>5.2. Tillg\u00e5ng till personlig information<\/strong><\/p>\n<p>V\u00e5r kundtj\u00e4nst har tillg\u00e5ng till den information som du anger n\u00e4r du best\u00e4ller. Detta inkluderar:<\/p>\n<ul>\n<li>Information om best\u00e4llningens inneh\u00e5ll, n\u00e4r den best\u00e4lldes och vart den ska skickas<\/li>\n<li>Personlig information s\u00e5som namn, fakturerings- och leveransadress, e-postadress och telefonnummer.<\/li>\n<\/ul>\n<p>Denna \u00e5tkomst \u00e4r n\u00f6dv\u00e4ndig f\u00f6r att g\u00f6ra best\u00e4llningen klar f\u00f6r leverans, svara p\u00e5 dina fr\u00e5gor och behandla returer.<\/p>\n<p><strong>5.3. Betalningssystem<\/strong><\/p>\n<div class=\"policy-text hide-privacy-policy-tutorial\">\n<p>Vi erbjuder flera alternativ f\u00f6r att betala f\u00f6r din best\u00e4llning. Vi ut\u00f6kar st\u00e4ndigt dessa alternativ f\u00f6r att skapa det mest bekv\u00e4ma betalningsalternativet f\u00f6r dig. Som ett resultat \u00e4r det m\u00f6jligt att betala via PayPal, kreditkort, omedelbar \u00f6verf\u00f6ring, k\u00f6p p\u00e5 faktura, Bitcoin &amp; Altcoin och m\u00e5nga fler. Respektive sekretesspolicy f\u00f6r varje webbplats finns p\u00e5 hemsidan f\u00f6r den valda betalningsleverant\u00f6ren.<\/p>\n<p>Du hittar l\u00e4nkar till betalningsleverant\u00f6rernas integritetspolicyer nedan:<\/p>\n<ul>\n<li>PayPal (https:\/\/www.paypal.com\/myaccount\/privacy\/privacyhub)<\/li>\n<li>Randig (https:\/\/stripe.com\/gb\/privacy)<\/li>\n<li>Klarna (https:\/\/cdn.klarna.com\/1.0\/shared\/content\/legal\/terms\/0\/en_us\/privacy)<\/li>\n<li>Amazon Pay (https:\/\/pay.amazon.com\/us\/help\/201491260)<\/li>\n<li>CoinGate (https:\/\/coingate.com\/privacy)<\/li>\n<\/ul>\n<\/div>\n<h3>6. R\u00e4ttigheter f\u00f6r den ber\u00f6rda personen<\/h3>\n<p>Som drabbad person har du f\u00f6ljande r\u00e4ttigheter gentemot den ansvariga parten:<\/p>\n<p><strong>6.1. R\u00e4tt till information<\/strong><\/p>\n<p>Du kan beg\u00e4ra en bekr\u00e4ftelse fr\u00e5n den ansvariga parten om de behandlar personuppgifter som r\u00f6r dig.<\/p>\n<p><strong>6.2. R\u00e4tt till r\u00e4ttelse<\/strong><\/p>\n<p>Du har r\u00e4tt till r\u00e4ttelse eller komplettering mot den personuppgiftsansvarige om de personuppgifter som behandlas \u00e4r felaktiga eller ofullst\u00e4ndiga. Den ansvariga parten m\u00e5ste g\u00f6ra dessa korrigeringar omedelbart.<\/p>\n<p><strong>6.3. R\u00e4tt till begr\u00e4nsning av behandling<\/strong><\/p>\n<p>Du kan beg\u00e4ra att behandlingen av dina personuppgifter begr\u00e4nsas under f\u00f6ljande f\u00f6ruts\u00e4ttningar:<\/p>\n<p>(1) Om du bestrider att personuppgifterna \u00e4r korrekta;<br \/>\n(2) om behandlingen \u00e4r olaglig;<br \/>\n(3) om den ansvariga parten inte l\u00e4ngre beh\u00f6ver personuppgifterna f\u00f6r behandling, men du beh\u00f6ver dem f\u00f6r att g\u00f6ra g\u00e4llande, ut\u00f6va eller f\u00f6rsvara ett r\u00e4ttsligt anspr\u00e5k, eller<br \/>\n(4) om du har gjort en inv\u00e4ndning mot behandlingen och \u00e4nnu inte har fastst\u00e4llt huruvida den ansvariga partens sk\u00e4l v\u00e4ger tyngre \u00e4n dina.<\/p>\n<p><strong>6.4. R\u00e4tt till radering<\/strong><\/p>\n<p>Du kan kr\u00e4va att den ansvariga parten omedelbart raderar dina personuppgifter, och den ansvariga parten \u00e4r skyldig att g\u00f6ra det om n\u00e5gon av f\u00f6ljande anledningar g\u00e4ller:<\/p>\n<p>(1) Dina personuppgifter beh\u00f6vs inte l\u00e4ngre f\u00f6r de \u00e4ndam\u00e5l f\u00f6r vilka de samlades in eller behandlades p\u00e5 ett visst s\u00e4tt.<br \/>\n(2) Du \u00e5terkallar ditt samtycke till att dina personuppgifter behandlas och det finns ingen annan r\u00e4ttslig grund f\u00f6r behandlingen av dessa uppgifter.<br \/>\n(3) Du g\u00f6r en inv\u00e4ndning mot behandlingen av dina personuppgifter och det finns inga tvingande sk\u00e4l f\u00f6r behandlingen.<br \/>\n(4) Dina personuppgifter har behandlats p\u00e5 ett olagligt s\u00e4tt.<\/p>\n<p><strong>6.5. R\u00e4tt till samr\u00e5d<\/strong><\/p>\n<p>Om du har ut\u00f6vat r\u00e4tten till r\u00e4ttelse, r\u00e4tt till radering eller r\u00e4tt till begr\u00e4nsning av behandling mot den ansvariga parten, \u00e4r denne skyldig att informera alla parter till vilka dina personuppgifter har l\u00e4mnats ut om denna r\u00e4ttelse, radering eller begr\u00e4nsning av behandling, s\u00e5vida det inte visar sig vara om\u00f6jligt eller kr\u00e4ver orimliga anstr\u00e4ngningar. Du har r\u00e4tt att bli informerad om dessa parter av den ansvariga parten.<\/p>\n<p><strong>6.6. R\u00e4tt till dataportabilitet<\/strong><\/p>\n<p>Du har r\u00e4tt att f\u00e5 den personliga information som du har gjort tillg\u00e4nglig f\u00f6r den ansvariga parten i ett strukturerat, vanligt och maskinl\u00e4sbart format. Vidare har du r\u00e4tt att \u00f6verf\u00f6ra denna information till en annan ansvarig part utan inblandning fr\u00e5n den ansvariga part som du gjorde din personliga information tillg\u00e4nglig f\u00f6r om<\/p>\n<p>(1) behandlingen grundar sig p\u00e5 samtycke eller ett avtal och<br \/>\n(2) behandlingen sker med hj\u00e4lp av automatiserade processer.<\/p>\n<p>N\u00e4r du ut\u00f6var denna r\u00e4tt f\u00e5r du ocks\u00e5 r\u00e4tt att f\u00e5 dina personuppgifter \u00f6verf\u00f6rda fr\u00e5n en ansvarig part till en annan ansvarig part s\u00e5 l\u00e4nge det \u00e4r tekniskt genomf\u00f6rbart. Andra personers fri- och r\u00e4ttigheter f\u00e5r inte \u00e4ventyras genom detta.<\/p>\n<p><strong>6.7. R\u00e4tt att \u00f6verklaga<\/strong><\/p>\n<p>Du har r\u00e4tt att n\u00e4r som helst g\u00f6ra en inv\u00e4ndning mot behandling av dina personuppgifter som har utf\u00f6rts p\u00e5 grund av ett allm\u00e4nt intresse eller p\u00e5 grundval av ett ber\u00e4ttigat intresse hos den ansvariga parten.<\/p>\n<p>Om dina personuppgifter behandlas i syfte att bedriva direktreklam har du r\u00e4tt att n\u00e4r som helst inv\u00e4nda mot behandlingen av dina personuppgifter f\u00f6r den typen av reklam; detta g\u00e4ller \u00e4ven profilering, s\u00e5 l\u00e4nge den \u00e4r kopplad till den typen av direktreklam.<\/p>\n<p>Om du inv\u00e4nder mot behandlingen av dina personuppgifter f\u00f6r direktreklam kommer dessa uppgifter inte l\u00e4ngre att behandlas f\u00f6r detta \u00e4ndam\u00e5l.<\/p>\n<p><strong>6.8. R\u00e4tt att \u00e5terkalla samtycke till dataskydd<\/strong><\/p>\n<p>Du har r\u00e4tt att n\u00e4r som helst \u00e5terkalla ditt samtycke till dataskydd.<\/p>\n<p><strong>6.9. Automatiserade beslut i enskilda fall, inklusive profilering<\/strong><\/p>\n<p>Du har r\u00e4tt att inte bli f\u00f6rem\u00e5l f\u00f6r ett beslut som enbart grundas p\u00e5 en automatisk behandling av dina personuppgifter - inklusive profilering - som har r\u00e4ttsliga f\u00f6ljder eller allvarligt \u00e4ventyrar dig p\u00e5 liknande s\u00e4tt.<\/p>\n<p><strong>6.10. R\u00e4tt att \u00f6verklaga till ett tillsynsorgan<\/strong><\/p>\n<p>Du har r\u00e4tt att \u00f6verklaga till ett tillsynsorgan oavsett andra administrativa eller r\u00e4ttsliga \u00e5tg\u00e4rder, s\u00e4rskilt i den medlemsstat d\u00e4r du bor, arbetar eller d\u00e4r det misst\u00e4nkta intr\u00e5nget har skett, om behandlingen av dina personuppgifter bryter mot DSGVO.<\/p>\n<p>Om du vill skicka en f\u00f6rfr\u00e5gan till oss, v\u00e4nligen anv\u00e4nd formul\u00e4ret h\u00e4r.<\/p>\n<p>Om du anser att dina r\u00e4ttigheter som person har kr\u00e4nkts kan du kontakta den \u00f6sterrikiska dataskyddsmyndigheten:<\/p>\n<p>Dataskyddsmyndighet<br \/>\nWickenburggasse 8<br \/>\n1080 Wien<\/p>\n<p>E-post:\u00a0<a href=\"mailto:dsb@dsb.gv.at\">dsb@dsb.gv.at<\/a><br \/>\nTelefon: <a href=\"tel:+431521522569\">+43 1 521 52-25 69<\/a><\/p>\n<h3>7. Uppdatering av integritetspolicyn<\/h3>\n<p>Denna integritetspolicy kommer att uppdateras n\u00e4r processerna \u00e4ndras eller tekniska justeringar g\u00f6rs. Kontrollera alltid den aktuella versionen av v\u00e5r integritetspolicy.<\/p>\n<hr \/>\n<p>Fr\u00e5n och med: 01.01.2022<\/p>\n<p>&nbsp;<\/p>\n\t\t<\/div>\n\t\t\t\t\t<\/div>\n\n\t\n<\/div>","protected":false},"excerpt":{"rendered":"","protected":false},"author":1319,"featured_media":0,"parent":39312,"menu_order":0,"comment_status":"closed","ping_status":"closed","template":"page-blank.php","meta":{"inline_featured_image":false,"footnotes":""},"class_list":["post-4875","page","type-page","status-publish","hentry"],"_links":{"self":[{"href":"https:\/\/ecoturbino.shop\/sv\/wp-json\/wp\/v2\/pages\/4875","targetHints":{"allow":["GET"]}}],"collection":[{"href":"https:\/\/ecoturbino.shop\/sv\/wp-json\/wp\/v2\/pages"}],"about":[{"href":"https:\/\/ecoturbino.shop\/sv\/wp-json\/wp\/v2\/types\/page"}],"author":[{"embeddable":true,"href":"https:\/\/ecoturbino.shop\/sv\/wp-json\/wp\/v2\/users\/1319"}],"replies":[{"embeddable":true,"href":"https:\/\/ecoturbino.shop\/sv\/wp-json\/wp\/v2\/comments?post=4875"}],"version-history":[{"count":0,"href":"https:\/\/ecoturbino.shop\/sv\/wp-json\/wp\/v2\/pages\/4875\/revisions"}],"up":[{"embeddable":true,"href":"https:\/\/ecoturbino.shop\/sv\/wp-json\/wp\/v2\/pages\/39312"}],"wp:attachment":[{"href":"https:\/\/ecoturbino.shop\/sv\/wp-json\/wp\/v2\/media?parent=4875"}],"curies":[{"name":"wp","href":"https:\/\/api.w.org\/{rel}","templated":true}]}}