{"id":48882,"date":"2024-01-23T19:21:13","date_gmt":"2024-01-23T18:21:13","guid":{"rendered":"https:\/\/en.ecoturbino.shop\/?page_id=48882"},"modified":"2026-01-02T11:35:47","modified_gmt":"2026-01-02T10:35:47","slug":"hart-vatten-och-legionella-2","status":"publish","type":"page","link":"https:\/\/ecoturbino.shop\/sv\/hard-water-and-legionella\/","title":{"rendered":"H\u00e5rt vatten och legionella | Problem med duschar i badrummet"},"content":{"rendered":"<section class=\"section zindex1\" id=\"section_1033799871\">\n\t\t<div class=\"section-bg fill\" >\n\t\t\t\t\t\t\t\t\t\n\t\t\t\n\n\t\t<\/div>\n\n\t\t\n\n\t\t<div class=\"section-content relative\">\n\t\t\t\n<div class=\"row\"  id=\"row-874658299\">\n\n\t<div id=\"col-633520316\" class=\"col small-12 large-12\"  >\n\t\t\t\t<div class=\"col-inner\"  >\n\t\t\t\n\t\t\t\n\t<div id=\"text-2910186500\" class=\"text\">\n\t\t\n<h1 class=\"uppercase\">H\u00e5rt vatten och legionella | Den verkliga omfattningen av problemet!<\/h1>\n<h3 class=\"thin-font\">\u00c4ven om det allm\u00e4nna sambandet mellan h\u00e5rt vatten och legionella \u00e4r v\u00e4lk\u00e4nt \u00e4r det ofta missf\u00f6rst\u00e5tt.<\/h3>\n\t\t\n<style>\n#text-2910186500 {\n  text-align: center;\n}\n<\/style>\n\t<\/div>\n\t\n<div class=\"text-center\"><div class=\"is-divider divider clearfix\" style=\"max-width:50%;height:1px;\"><\/div><\/div>\n\t<div id=\"gap-1371216565\" class=\"gap-element clearfix\" style=\"display:block; height:auto;\">\n\t\t\n<style>\n#gap-1371216565 {\n  padding-top: 30px;\n}\n<\/style>\n\t<\/div>\n\t\n<div class=\"row\"  id=\"row-300886261\">\n\n\t<div id=\"col-1616267062\" class=\"col medium-8 small-12 large-8\"  >\n\t\t\t\t<div class=\"col-inner\"  >\n\t\t\t\n\t\t\t\n<p>I det h\u00e4r inl\u00e4gget fokuserar vi p\u00e5 hur vi kan <strong>f\u00e5 b\u00e4ttre kontroll \u00f6ver bakteriehalten i vatten redan fr\u00e5n b\u00f6rjan<\/strong>, f\u00f6r att <strong>minska<\/strong> anv\u00e4ndningen av <strong>aggressiva och milj\u00f6farliga kemikalier f\u00f6r borttagning av bakterier.<\/strong><\/p>\n<p><strong>Klordioxid<\/strong> forts\u00e4tter att vara <strong>den mest anv\u00e4nda biociden f\u00f6r att eliminera bakterier i vatten, inklusive Legionella<\/strong>. Dess f\u00f6rm\u00e5ga att f\u00f6rst\u00f6ra biofilmer \u00e4r en mycket viktig aspekt av denna kemikalie. Klordioxid anv\u00e4nds dock endast f\u00f6r kontroll och minskning, inte f\u00f6r f\u00f6rebyggande.<\/p>\n<p>Nyckeln till denna fr\u00e5ga ligger i <strong>f\u00f6rst\u00e5 sambandet mellan kalkavlagringar, biofilmer och legionella.<\/strong> Detta tillv\u00e4gag\u00e5ngss\u00e4tt m\u00f6jligg\u00f6r en<strong> minskning av antalet bakterier i ditt vattensystem<\/strong>, och d\u00e4rmed minimera tids\u00e5tg\u00e5ngen och kemikalief\u00f6rbrukningen f\u00f6r systemunderh\u00e5ll.<\/p>\n<p>Och det \u00e4r h\u00e4r som <a href=\"https:\/\/ecoturbino.shop\/sv\/kopa\/ecoturbino-et10l-duschadapter-silver-2\/\">ecoturbino duschadapter<\/a> kommer in i bilden,<strong> s\u00e4kerst\u00e4ller hygieniska duschar p\u00e5 hotell, gym, i hemmet, p\u00e5 \u00e4ldreboenden, sjukhus etc.<\/strong><\/p>\n\t\t<\/div>\n\t\t\t\t\t<\/div>\n\n\t\n\n\t<div id=\"col-1876228466\" class=\"col medium-4 small-12 large-4\"  >\n\t\t\t\t<div class=\"col-inner\"  >\n\t\t\t\n\t\t\t\n\t<div class=\"img has-hover radius10 hide-for-small x md-x lg-x y md-y lg-y\" id=\"image_2082995925\">\n\t\t\t\t\t\t\t\t<div class=\"img-inner dark\" >\n\t\t\t<img decoding=\"async\" width=\"600\" height=\"600\" src=\"https:\/\/ecoturbino.shop\/wp-content\/uploads\/2024\/01\/water-drain2_600.webp\" class=\"attachment-original size-original\" alt=\"Avledning av vatten\" srcset=\"https:\/\/ecoturbino.shop\/wp-content\/uploads\/2024\/01\/water-drain2_600.webp 600w, https:\/\/ecoturbino.shop\/wp-content\/uploads\/2024\/01\/water-drain2_600-470x470.webp 470w, https:\/\/ecoturbino.shop\/wp-content\/uploads\/2024\/01\/water-drain2_600-340x340.webp 340w\" sizes=\"(max-width: 600px) 100vw, 600px\" \/>\t\t\t\t\t\t\n\t\t\t\t\t<\/div>\n\t\t\t\t\t\t\t\t\n<style>\n#image_2082995925 {\n  width: 100%;\n}\n<\/style>\n\t<\/div>\n\t\n\t\t<\/div>\n\t\t\t\t\t<\/div>\n\n\t\n<\/div>\n\t<div id=\"gap-1601172640\" class=\"gap-element clearfix\" style=\"display:block; height:auto;\">\n\t\t\n<style>\n#gap-1601172640 {\n  padding-top: 30px;\n}\n<\/style>\n\t<\/div>\n\t\n<div class=\"row\"  id=\"row-726044398\">\n\n\t<div id=\"col-1952302326\" class=\"col medium-4 small-12 large-4\"  >\n\t\t\t\t<div class=\"col-inner\"  >\n\t\t\t\n\t\t\t\n\t<div class=\"img has-hover radius10 x md-x lg-x y md-y lg-y\" id=\"image_1809624858\">\n\t\t\t\t\t\t\t\t<div class=\"img-inner dark\" >\n\t\t\t<img decoding=\"async\" width=\"600\" height=\"900\" src=\"https:\/\/ecoturbino.shop\/wp-content\/uploads\/2024\/01\/shower-head-limescale_600.webp\" class=\"attachment-original size-original\" alt=\"Kalkavlagringar p\u00e5 duschhuvudet\" srcset=\"https:\/\/ecoturbino.shop\/wp-content\/uploads\/2024\/01\/shower-head-limescale_600.webp 600w, https:\/\/ecoturbino.shop\/wp-content\/uploads\/2024\/01\/shower-head-limescale_600-470x705.webp 470w, https:\/\/ecoturbino.shop\/wp-content\/uploads\/2024\/01\/shower-head-limescale_600-313x470.webp 313w, https:\/\/ecoturbino.shop\/wp-content\/uploads\/2024\/01\/shower-head-limescale_600-533x800.webp 533w\" sizes=\"(max-width: 600px) 100vw, 600px\" \/>\t\t\t\t\t\t\n\t\t\t\t\t<\/div>\n\t\t\t\t\t\t\t\t\n<style>\n#image_1809624858 {\n  width: 100%;\n}\n<\/style>\n\t<\/div>\n\t\n\t\t<\/div>\n\t\t\t\t\t<\/div>\n\n\t\n\n\t<div id=\"col-1465356847\" class=\"col medium-8 small-12 large-8\"  >\n\t\t\t\t<div class=\"col-inner\"  >\n\t\t\t\n\t\t\t\n<div class=\"flex-1 overflow-hidden\">\n<div class=\"react-scroll-to-bottom--css-tpvix-79elbk h-full\">\n<div class=\"react-scroll-to-bottom--css-tpvix-1n7m0yu\">\n<div class=\"flex flex-col pb-9 text-sm\">\n<div class=\"w-full text-token-text-primary\" data-testid=\"conversation-turn-13\">\n<div class=\"px-4 py-2 justify-center text-base md:gap-6 m-auto\">\n<div class=\"flex flex-1 text-base mx-auto gap-3 md:px-5 lg:px-1 xl:px-5 md:max-w-3xl lg:max-w-&#091;40rem&#093; xl:max-w-&#091;48rem&#093; group final-completion\">\n<div class=\"relative flex w-full flex-col lg:w-&#091;calc(100%-115px)&#093; agent-turn\">\n<div class=\"flex-col gap-1 md:gap-3\">\n<div class=\"flex flex-grow flex-col max-w-full\">\n<div class=\"min-h-&#091;20px&#093; text-message flex flex-col items-start gap-3 whitespace-pre-wrap break-words &#091;.text-message+&amp;&#093;:mt-5 overflow-x-auto\" data-message-author-role=\"assistant\" data-message-id=\"6402d42d-ba99-40ec-b57e-ac45c40c778e\">\n<div class=\"markdown prose w-full break-words dark:prose-invert light\">\n<h3>Vad \u00e4r kalkavlagringar?<\/h3>\n<p><strong>Kalkavlagringar \u00e4r h\u00e5rda ansamlingar<\/strong> best\u00e5r huvudsakligen av <strong>kalciumkarbonat (CaCO3)<\/strong> och ofta <strong>ansamlas i varmvattensystem, r\u00f6rledningar och apparater.<\/strong><\/p>\n<p>De kan<strong> v\u00e4sentligt f\u00f6rs\u00e4mra prestandan<\/strong> av olika VVS- och v\u00e4rmekomponenter,<strong> vilket leder till minskad effektivitet<\/strong> och <strong>h\u00f6gre driftskostnader<\/strong> f\u00f6r din vattenrelaterade utrustning, samt visuellt oattraktiva resultat i badrummet.<\/p>\n<blockquote>\n<p>Den <strong>graden av kalkavlagringar<\/strong> best\u00e4ms av vattnets h\u00e5rdhet. Best\u00e4mning av vattnets h\u00e5rdhet: \u00c4r mitt vatten mjukt eller h\u00e5rt?<\/p>\n<\/blockquote>\n<p>Vattnets h\u00e5rdhet beror p\u00e5 <strong>inneh\u00e5ll av kalcium- och magnesiumf\u00f6reningar<\/strong>, bildas n\u00e4r kalcium och magnesium f\u00f6renas med den l\u00f6sta koldioxiden i vatten.<\/p>\n<ol>\n<li>Mjukt vatten: Mellan 0 och 7 grader tysk h\u00e5rdhet (dH) - H\u00e5rdhetskategori I (0 till 1,3 millimol kalciumoxid per liter) betraktas som mjukt vatten.<\/li>\n<li>H\u00e5rt vatten: Mellan 14 och 21 grader dH - H\u00e5rdhetskategori III (2,5 till 3,8 millimol kalciumoxid per liter) kategoriseras som h\u00e5rt vatten.<\/li>\n<\/ol>\n<\/div>\n<\/div>\n<\/div>\n<\/div>\n<\/div>\n<\/div>\n<\/div>\n<\/div>\n<\/div>\n<\/div>\n<\/div>\n<\/div>\n\t<div id=\"gap-935693025\" class=\"gap-element clearfix\" style=\"display:block; height:auto;\">\n\t\t\n<style>\n#gap-935693025 {\n  padding-top: 15px;\n}\n<\/style>\n\t<\/div>\n\t\n<div class=\"is-divider divider clearfix\" style=\"max-width:100%;height:1px;\"><\/div>\n<h3>Vad \u00e4r en biofilm?<\/h3>\n<p>A <strong><a href=\"https:\/\/en.wikipedia.org\/wiki\/Biofilm\" target=\"_blank\" rel=\"noopener sponsored\">biofilm<\/a> best\u00e5r av levande mikroorganismer<\/strong>, som bakterier, som bos\u00e4tter sig och f\u00f6r\u00f6kar sig i en koloni eller ett samh\u00e4lle.<\/p>\n<p>Bildandet av en biofilm sker n\u00e4r <strong>vissa mikroorganismer<\/strong>, som vissa bakteriearter, <strong>f\u00e4sta vid ytan p\u00e5 ett f\u00f6rem\u00e5l<\/strong> i en fuktig milj\u00f6 och b\u00f6rjar f\u00f6r\u00f6ka sig.<\/p>\n<p>Dessa mikroorganismer f\u00e4ster sig p\u00e5 objektets yta genom att <strong>uts\u00f6ndrar en klibbig, slemmig substans.<\/strong><\/p>\n\t\t<\/div>\n\t\t\t\t\t<\/div>\n\n\t\n<\/div>\n<div class=\"row\"  id=\"row-1724715605\">\n\n\t<div id=\"col-1457079330\" class=\"col small-12 large-12\"  >\n\t\t\t\t<div class=\"col-inner\"  >\n\t\t\t\n\t\t\t\n<div class=\"row row-large row-divided\"  id=\"row-347261183\">\n\n\t<div id=\"col-700902692\" class=\"col medium-6 small-12 large-6\"  >\n\t\t\t\t<div class=\"col-inner\"  >\n\t\t\t\n\t\t\t\n<h3>Vad \u00e4r legionella?<\/h3>\n<p><strong><a href=\"https:\/\/en.wikipedia.org\/wiki\/Legionella\" target=\"_blank\" rel=\"noopener sponsored\">Legionella<\/a> \u00e4r bakterier<\/strong> som kan orsaka legion\u00e4rssjuka, en allvarlig och sv\u00e5rartad <strong>potentiellt livshotande form av lunginflammation.<\/strong><\/p>\n<p>\u00d6verf\u00f6ring av <strong>Legion\u00e4rssjuka hos m\u00e4nniskor<\/strong> uppst\u00e5r genom inandning av sm\u00e5 vattendroppar (aerosoler) som sv\u00e4var i luften och som inneh\u00e5ller legionellabakterier. Infektionen uppst\u00e5r n\u00e4r dessa vattendroppar kommer ner i lungorna.<\/p>\n<p>Legionella pneumophila var den f\u00f6rsta av en stor och v\u00e4xande grupp besl\u00e4ktade bakteriearter, s\u00e5 kallade Legionellae, som uppt\u00e4cktes. Idag k\u00e4nner man till att det finns <strong>48 arter och 70 undergrupper.<\/strong><\/p>\n<p>Det finns varierande rapporter om f\u00f6rekomsten av legionella, men de \u00e4r <strong>generellt sett vanligare i varmvattensystem<\/strong>. Man tror dock att f\u00f6rekomsten av legionella i varmvattensystem har minskat under de senaste \u00e5ren.<\/p>\n<p>Antalet f\u00f6rv\u00e4ntas forts\u00e4tta att minska i takt med att medvetenheten om problemet \u00f6kar och fler sanit\u00e4ra \u00e5tg\u00e4rder vidtas. Detta inneb\u00e4r att de \u00e5tg\u00e4rder som vidtagits har visat sig vara effektiva f\u00f6r att minimera f\u00f6rekomsten av bakterier i vatten, och att f\u00f6rsummelse av dem betraktas som v\u00e5rdsl\u00f6shet.<\/p>\n\t\t<\/div>\n\t\t\t\t\n<style>\n#col-700902692 > .col-inner {\n  margin: 0px 0px -50px 0px;\n}\n<\/style>\n\t<\/div>\n\n\t\n\n\t<div id=\"col-1437371155\" class=\"col medium-6 small-12 large-6\"  >\n\t\t\t\t<div class=\"col-inner\"  >\n\t\t\t\n\t\t\t\n<p><strong>De optimala levnadsf\u00f6rh\u00e5llandena f\u00f6r Legionella \u00e4r:<\/strong><\/p>\n<ul>\n<li>P\u00e5fyllning av s\u00f6tvatten.<\/li>\n<li>F\u00f6rl\u00e4ngd uppeh\u00e5llstid.<\/li>\n<li>Temperaturomr\u00e5de 25\u00b0C till 50\u00b0C.<\/li>\n<\/ul>\n<p>Effekter av<strong> olika temperaturintervall<\/strong> p\u00e5 spridningen av Legionella:<\/p>\n<div class=\"row\"  id=\"row-2096804859\">\n\n\t<div id=\"col-68299635\" class=\"col small-12 large-12\"  >\n\t\t\t\t<div class=\"col-inner\"  >\n\t\t\t\n\t\t\t\n<table style=\"border-collapse: collapse; width: 100%; height: 189px;\">\n<tbody>\n<tr style=\"height: 21px;\">\n<td style=\"width: 50%; height: 21px;\">Temperaturomr\u00e5de<\/td>\n<td style=\"width: 50%; height: 21px;\">Effekt p\u00e5 reproduktionstakten<\/td>\n<\/tr>\n<tr style=\"height: 21px;\">\n<td style=\"width: 50%; height: 21px;\">fram till 20 \u00b0C<\/td>\n<td style=\"width: 50%; height: 21px;\">mycket l\u00e5ngsam reproduktion<\/td>\n<\/tr>\n<tr style=\"height: 21px;\">\n<td style=\"width: 50%; height: 21px;\">fr\u00e5n 20 \u00b0C<\/td>\n<td style=\"width: 50%; height: 21px;\">Reproduktionshastigheten \u00f6kar<\/td>\n<\/tr>\n<tr style=\"height: 21px;\">\n<td style=\"width: 50%; height: 21px;\">30 \u00b0C till 45 \u00b0C<\/td>\n<td style=\"width: 50%; height: 21px;\">Optimal f\u00f6r\u00f6kning, f\u00f6rdubbling vid 36 \u00b0C p\u00e5 endast ca 3 timmar med god n\u00e4ringstillf\u00f6rsel, 22 - 72 timmar med l\u00e5g n\u00e4ringstillf\u00f6rsel.<\/td>\n<\/tr>\n<tr style=\"height: 21px;\">\n<td style=\"width: 50%; height: 21px;\">fr\u00e5n 50 \u00b0C<\/td>\n<td style=\"width: 50%; height: 21px;\">knappast n\u00e5gon reproduktion<\/td>\n<\/tr>\n<tr style=\"height: 21px;\">\n<td style=\"width: 50%; height: 21px;\">fr\u00e5n 55 \u00b0C<\/td>\n<td style=\"width: 50%; height: 21px;\">Ingen ytterligare reproduktion m\u00f6jlig, d\u00f6dad efter 6 timmar<\/td>\n<\/tr>\n<tr style=\"height: 21px;\">\n<td style=\"width: 50%; height: 21px;\">fr\u00e5n 60 \u00b0C<\/td>\n<td style=\"width: 50%; height: 21px;\">F\u00f6rst\u00f6r legionella inom ca 30 minuter<\/td>\n<\/tr>\n<tr style=\"height: 21px;\">\n<td style=\"width: 50%; height: 21px;\">fr\u00e5n 65 \u00b0C<\/td>\n<td style=\"width: 50%; height: 21px;\">D\u00f6dad inom 2 minuter<\/td>\n<\/tr>\n<tr style=\"height: 21px;\">\n<td style=\"width: 50%; height: 21px;\">fr\u00e5n 70 \u00b0C<\/td>\n<td style=\"width: 50%; height: 21px;\">D\u00f6dad inom n\u00e5gra sekunder<\/td>\n<\/tr>\n<\/tbody>\n<\/table>\n\t\t<\/div>\n\t\t\t\t\n<style>\n#col-68299635 > .col-inner {\n  margin: 0px 0px -60px 0px;\n}\n<\/style>\n\t<\/div>\n\n\t\n<\/div>\n<p><span style=\"font-size: 90%;\">(K\u00e4lla: <a href=\"https:\/\/de.wikipedia.org\/wiki\/Legionellen\" target=\"_blank\" rel=\"noopener sponsored\">https:\/\/de.wikipedia.org\/wiki\/Legionellen<\/a>)<\/span><\/p>\n\t\t<\/div>\n\t\t\t\t\n<style>\n#col-1437371155 > .col-inner {\n  margin: 0px 0px -50px 0px;\n}\n<\/style>\n\t<\/div>\n\n\t\n<\/div>\n\t\t<\/div>\n\t\t\t\t\n<style>\n#col-1457079330 > .col-inner {\n  padding: 25px 25px 25px 25px;\n  margin: 0px 0px -30px 0px;\n}\n<\/style>\n\t<\/div>\n\n\t\n\n<style>\n#row-1724715605 > .col > .col-inner {\n  background-color: rgba(0, 0, 0, 0.15);\n  border-radius: 10px;\n}\n<\/style>\n<\/div>\n\t\t<\/div>\n\t\t\t\t\t<\/div>\n\n\t\n<\/div>\n<div class=\"row\"  id=\"row-312831312\">\n\n\t<div id=\"col-2009136512\" class=\"col small-12 large-12\"  >\n\t\t\t\t<div class=\"col-inner\" style=\"background-color:rgb(255,255,255);\" >\n\t\t\t\n\t<div class=\"is-border is-dashed\"\n\t\tstyle=\"border-color:rgba(85, 85, 85, 0.75);border-radius:10px;border-width:2px 2px 2px 2px;\">\n\t<\/div>\n\t\t\t\n<div class=\"row\"  id=\"row-1107027482\">\n\n\t<div id=\"col-1382367407\" class=\"col medium-8 small-12 large-8\"  >\n\t\t\t\t<div class=\"col-inner\"  >\n\t\t\t\n\t\t\t\n<h3>Vad \u00e4r sambandet mellan kalkavlagringar, biofilm och Legionella?<\/h3>\n<p>P\u00e5 platser d\u00e4r<strong> Kalkavlagringar har bildats p\u00e5 grund av utf\u00e4llning av mineraler<\/strong> i h\u00e5rt vatten och deras f\u00e4ste p\u00e5 ytor skapas en optimal grogrund f\u00f6r bakterier.<\/p>\n<p>De viktigaste faktorerna som s\u00e4rskilt gynnar tillv\u00e4xten av Legionella \u00e4r temperatur och tillg\u00e5ng till n\u00e4rings\u00e4mnen. <strong>Legionella trivs b\u00e4st vid temperaturer mellan 20 och 45 \u00b0C<\/strong>, och n\u00e4r vattnet f\u00f6rblir stillast\u00e5ende i detta temperaturomr\u00e5de<strong> bakterier kan f\u00f6r\u00f6ka sig snabbt.<\/strong><\/p>\n<p>I kombination med den mineralrika naturen i <strong>ny livsmilj\u00f6 f\u00f6r bakterierna, n\u00e4mligen kalkavlagringen,<\/strong> som fungerar som en utm\u00e4rkt n\u00e4ringsk\u00e4lla, kan problemet spridas ytterligare.<\/p>\n<p>N\u00e4r bakterierna finns d\u00e4r och f\u00f6r\u00f6kar sig bildar de en biofilm. I n\u00e4rvaro av kalkavlagringar och biofilm, som nu befinner sig i en milj\u00f6 som ger dem <strong>idealiska f\u00f6rh\u00e5llanden och tillr\u00e4cklig n\u00e4ring,<\/strong> Legionella och andra bakterier kan f\u00f6r\u00f6ka sig och frodas.<\/p>\n\t\t<\/div>\n\t\t\t\t\n<style>\n#col-1382367407 > .col-inner {\n  margin: 0px 0px -20px 0px;\n}\n<\/style>\n\t<\/div>\n\n\t\n\n\t<div id=\"col-1666193206\" class=\"col medium-4 small-12 large-4\"  >\n\t\t\t\t<div class=\"col-inner\"  >\n\t\t\t\n\t\t\t\n\t<div class=\"img has-hover radius10 x md-x lg-x y md-y lg-y\" id=\"image_976385586\">\n\t\t\t\t\t\t\t\t<div class=\"img-inner dark\" >\n\t\t\t<img decoding=\"async\" width=\"600\" height=\"600\" src=\"https:\/\/ecoturbino.shop\/wp-content\/uploads\/2024\/01\/legionella-wikipedia_600.webp\" class=\"attachment-original size-original\" alt=\"Legionellas mikroskop\" srcset=\"https:\/\/ecoturbino.shop\/wp-content\/uploads\/2024\/01\/legionella-wikipedia_600.webp 600w, https:\/\/ecoturbino.shop\/wp-content\/uploads\/2024\/01\/legionella-wikipedia_600-470x470.webp 470w, https:\/\/ecoturbino.shop\/wp-content\/uploads\/2024\/01\/legionella-wikipedia_600-340x340.webp 340w\" sizes=\"(max-width: 600px) 100vw, 600px\" \/>\t\t\t\t\t\t\n\t\t\t\t\t<\/div>\n\t\t\t\t\t\t\t\t\n<style>\n#image_976385586 {\n  width: 100%;\n}\n<\/style>\n\t<\/div>\n\t\n\t\t<\/div>\n\t\t\t\t\n<style>\n#col-1666193206 > .col-inner {\n  margin: 5px 0px -20px 0px;\n}\n<\/style>\n\t<\/div>\n\n\t\n<\/div>\n\t\t<\/div>\n\t\t\t\t\n<style>\n#col-2009136512 > .col-inner {\n  padding: 15px 20px 10px 30px;\n  margin: 0px 0px 0px 0px;\n  border-radius: 10px;\n}\n@media (min-width:550px) {\n  #col-2009136512 > .col-inner {\n    margin: 0px 0px 0px 0px;\n  }\n}\n<\/style>\n\t<\/div>\n\n\t\n<\/div>\n\t\t<\/div>\n\n\t\t\n<style>\n#section_1033799871 {\n  padding-top: 30px;\n  padding-bottom: 30px;\n}\n<\/style>\n\t<\/section>","protected":false},"excerpt":{"rendered":"","protected":false},"author":1320,"featured_media":0,"parent":0,"menu_order":0,"comment_status":"closed","ping_status":"closed","template":"page-blank.php","meta":{"inline_featured_image":false,"footnotes":""},"class_list":["post-48882","page","type-page","status-publish","hentry"],"_links":{"self":[{"href":"https:\/\/ecoturbino.shop\/sv\/wp-json\/wp\/v2\/pages\/48882","targetHints":{"allow":["GET"]}}],"collection":[{"href":"https:\/\/ecoturbino.shop\/sv\/wp-json\/wp\/v2\/pages"}],"about":[{"href":"https:\/\/ecoturbino.shop\/sv\/wp-json\/wp\/v2\/types\/page"}],"author":[{"embeddable":true,"href":"https:\/\/ecoturbino.shop\/sv\/wp-json\/wp\/v2\/users\/1320"}],"replies":[{"embeddable":true,"href":"https:\/\/ecoturbino.shop\/sv\/wp-json\/wp\/v2\/comments?post=48882"}],"version-history":[{"count":0,"href":"https:\/\/ecoturbino.shop\/sv\/wp-json\/wp\/v2\/pages\/48882\/revisions"}],"wp:attachment":[{"href":"https:\/\/ecoturbino.shop\/sv\/wp-json\/wp\/v2\/media?parent=48882"}],"curies":[{"name":"wp","href":"https:\/\/api.w.org\/{rel}","templated":true}]}}