{"id":48895,"date":"2024-01-23T19:21:07","date_gmt":"2024-01-23T18:21:07","guid":{"rendered":"https:\/\/en.ecoturbino.shop\/?page_id=48895"},"modified":"2024-01-23T19:21:07","modified_gmt":"2024-01-23T18:21:07","slug":"paverkan-2-2","status":"publish","type":"page","link":"https:\/\/ecoturbino.shop\/sv\/impact-2\/","title":{"rendered":"Optimerad och synlig hygien i duschar och duschmunstycken"},"content":{"rendered":"<section class=\"section zindex1\" id=\"section_565147385\">\n\t\t<div class=\"section-bg fill\" >\n\t\t\t\t\t\t\t\t\t\n\t\t\t\n\n\t\t<\/div>\n\n\t\t\n\n\t\t<div class=\"section-content relative\">\n\t\t\t\n<div class=\"row row-small\"  id=\"row-134235703\">\n\n\t<div id=\"col-1615127251\" class=\"col medium-9 small-12 large-9\"  >\n\t\t\t\t<div class=\"col-inner\"  >\n\t\t\t\n\t\t\t\n<h1 class=\"uppercase\">Optimerad och synlig hygien i duschar och badkar<\/h1>\n<h3 class=\"thin-font\">den andra effekten av ecoturbino\u00ae vattenbesparande milj\u00f6skyddssystem<\/h3>\n<div class=\"row\"  id=\"row-382793330\">\n\n\t<div id=\"col-748268711\" class=\"col medium-11 small-12 large-11\"  >\n\t\t\t\t<div class=\"col-inner\"  >\n\t\t\t\n\t\t\t\n\t<div id=\"stack-2934490241\" class=\"stack stack-row justify-start items-start\">\n\t\t\n\t<div class=\"img has-hover x md-x lg-x y md-y lg-y\" id=\"image_713042643\">\n\t\t<a class=\"\" href=\"\/sv\/paverkan-1-2\/\" >\t\t\t\t\t\t<div class=\"img-inner image-color dark\" >\n\t\t\t<img decoding=\"async\" width=\"100\" height=\"100\" src=\"https:\/\/ecoturbino.shop\/wp-content\/uploads\/2024\/01\/impact1.svg\" class=\"attachment-original size-original\" alt=\"\" \/>\t\t\t\t\t\t\n\t\t\t\t\t<\/div>\n\t\t\t\t\t\t<\/a>\t\t\n<style>\n#image_713042643 {\n  width: 100%;\n}\n<\/style>\n\t<\/div>\n\t\n\t<div class=\"img has-hover x md-x lg-x y md-y lg-y\" id=\"image_1834499957\">\n\t\t\t\t\t\t\t\t<div class=\"img-inner dark\" >\n\t\t\t<img decoding=\"async\" width=\"100\" height=\"100\" src=\"https:\/\/ecoturbino.shop\/wp-content\/uploads\/2024\/01\/impact2.svg\" class=\"attachment-original size-original\" alt=\"\" \/>\t\t\t\t\t\t\n\t\t\t\t\t<\/div>\n\t\t\t\t\t\t\t\t\n<style>\n#image_1834499957 {\n  width: 100%;\n}\n<\/style>\n\t<\/div>\n\t\n\t<div class=\"img has-hover x md-x lg-x y md-y lg-y\" id=\"image_301827216\">\n\t\t<a class=\"\" href=\"\/sv\/paverkan-3-2\/\" >\t\t\t\t\t\t<div class=\"img-inner image-color dark\" >\n\t\t\t<img decoding=\"async\" width=\"100\" height=\"100\" src=\"https:\/\/ecoturbino.shop\/wp-content\/uploads\/2024\/01\/impact3.svg\" class=\"attachment-original size-original\" alt=\"\" \/>\t\t\t\t\t\t\n\t\t\t\t\t<\/div>\n\t\t\t\t\t\t<\/a>\t\t\n<style>\n#image_301827216 {\n  width: 100%;\n}\n<\/style>\n\t<\/div>\n\t\n\t<div class=\"img has-hover x md-x lg-x y md-y lg-y\" id=\"image_390556418\">\n\t\t<a class=\"\" href=\"\/sv\/paverkan-4-2\/\" >\t\t\t\t\t\t<div class=\"img-inner image-color dark\" >\n\t\t\t<img decoding=\"async\" width=\"100\" height=\"100\" src=\"https:\/\/ecoturbino.shop\/wp-content\/uploads\/2024\/01\/impact4.svg\" class=\"attachment-original size-original\" alt=\"\" \/>\t\t\t\t\t\t\n\t\t\t\t\t<\/div>\n\t\t\t\t\t\t<\/a>\t\t\n<style>\n#image_390556418 {\n  width: 100%;\n}\n<\/style>\n\t<\/div>\n\t\n\t<div class=\"img has-hover x md-x lg-x y md-y lg-y\" id=\"image_892467804\">\n\t\t<a class=\"\" href=\"\/sv\/paverkan-5-2\/\" >\t\t\t\t\t\t<div class=\"img-inner image-color dark\" >\n\t\t\t<img decoding=\"async\" width=\"100\" height=\"100\" src=\"https:\/\/ecoturbino.shop\/wp-content\/uploads\/2024\/01\/impact5.svg\" class=\"attachment-original size-original\" alt=\"\" \/>\t\t\t\t\t\t\n\t\t\t\t\t<\/div>\n\t\t\t\t\t\t<\/a>\t\t\n<style>\n#image_892467804 {\n  width: 100%;\n}\n<\/style>\n\t<\/div>\n\t\n\t<div class=\"img has-hover x md-x lg-x y md-y lg-y\" id=\"image_2009009301\">\n\t\t<a class=\"\" href=\"\/sv\/paverkan-6-2\/\" >\t\t\t\t\t\t<div class=\"img-inner image-color dark\" >\n\t\t\t<img decoding=\"async\" width=\"100\" height=\"100\" src=\"https:\/\/ecoturbino.shop\/wp-content\/uploads\/2024\/01\/impact6.svg\" class=\"attachment-original size-original\" alt=\"\" \/>\t\t\t\t\t\t\n\t\t\t\t\t<\/div>\n\t\t\t\t\t\t<\/a>\t\t\n<style>\n#image_2009009301 {\n  width: 100%;\n}\n<\/style>\n\t<\/div>\n\t\n\t<div class=\"img has-hover x md-x lg-x y md-y lg-y\" id=\"image_2060852553\">\n\t\t<a class=\"\" href=\"\/sv\/paverkan-7\/\" >\t\t\t\t\t\t<div class=\"img-inner image-color dark\" >\n\t\t\t<img decoding=\"async\" width=\"100\" height=\"100\" src=\"https:\/\/ecoturbino.shop\/wp-content\/uploads\/2024\/01\/impact7.svg\" class=\"attachment-original size-original\" alt=\"\" \/>\t\t\t\t\t\t\n\t\t\t\t\t<\/div>\n\t\t\t\t\t\t<\/a>\t\t\n<style>\n#image_2060852553 {\n  width: 100%;\n}\n<\/style>\n\t<\/div>\n\t\n\t\t\n<style>\n#stack-2934490241 > * {\n  --stack-gap: 1rem;\n}\n<\/style>\n\t<\/div>\n\t\n\t\t<\/div>\n\t\t\t\t\t<\/div>\n\n\t\n<\/div>\n\t\t<\/div>\n\t\t\t\t\t<\/div>\n\n\t\n\n\t<div id=\"col-1616599885\" class=\"col medium-3 small-12 large-3\"  >\n\t\t\t\t<div class=\"col-inner\"  >\n\t\t\t\n\t\t\t\n\t<div class=\"img has-hover x md-x lg-x y md-y lg-y\" id=\"image_930857915\">\n\t\t\t\t\t\t\t\t<div class=\"img-inner dark\" >\n\t\t\t<img decoding=\"async\" width=\"100\" height=\"100\" src=\"https:\/\/ecoturbino.shop\/wp-content\/uploads\/2024\/01\/impact2.svg\" class=\"attachment-original size-original\" alt=\"\" \/>\t\t\t\t\t\t\n\t\t\t\t\t<\/div>\n\t\t\t\t\t\t\t\t\n<style>\n#image_930857915 {\n  width: 100%;\n}\n<\/style>\n\t<\/div>\n\t\n\t\t<\/div>\n\t\t\t\t\t<\/div>\n\n\t\n<\/div>\n<div class=\"row\"  id=\"row-993338111\">\n\n\t<div id=\"col-1730722598\" class=\"col small-12 large-12\"  >\n\t\t\t\t<div class=\"col-inner\"  >\n\t\t\t\n\t\t\t\n<div class=\"is-divider divider clearfix\" style=\"max-width:100%;height:1px;\"><\/div>\n<h3><span style=\"font-size: 120%;\">Rena duschmunstycken och slangar \u00e4r ett m\u00e5ste f\u00f6r hygieniska duschar p\u00e5 hotell, i hemmen, p\u00e5 idrottsanl\u00e4ggningar osv.<\/span><\/h3>\n<p>Den <strong>duschupplevelse<\/strong> spelar en central roll f\u00f6r v\u00e5rt v\u00e4lbefinnande, oavsett om det \u00e4r hemma, p\u00e5 hotell eller andra boenden.<\/p>\n<p>En avkopplande dusch p\u00e5 morgonen eller efter en l\u00e5ng dag kan g\u00f6ra skillnaden mellan en bra och en fantastisk dag. Men vad h\u00e4nder om <strong>duschmunstycken och slangar<\/strong> vi anv\u00e4nder f\u00f6r att reng\u00f6ra oss sj\u00e4lva \u00e4r sig sj\u00e4lva <strong>f\u00f6rorenad med bakterier<\/strong>?<\/p>\n<p>Detta problem kan inte bara <strong>ohygienisk<\/strong> men ocks\u00e5 <strong>utg\u00f6ra h\u00e4lsorisker (legionellakontaminering).<\/strong> Det \u00e4r h\u00e4r den innovativa tekniken hos ecoturbino kommer in i bilden, inte bara <strong>s\u00e4kerst\u00e4lla hygieniskt rena duschmunstycken och slangar<\/strong> men ocks\u00e5 minimera reng\u00f6ringsarbetet, minska kalkavlagringar och avlagringar samt fr\u00e4mja h\u00e4lsan, s\u00e4rskilt n\u00e4r det g\u00e4ller legionellarisken.<\/p>\n\t<div id=\"gap-1961711854\" class=\"gap-element clearfix\" style=\"display:block; height:auto;\">\n\t\t\n<style>\n#gap-1961711854 {\n  padding-top: 30px;\n}\n<\/style>\n\t<\/div>\n\t\n<div class=\"row\"  id=\"row-893642292\">\n\n\t<div id=\"col-19775167\" class=\"col medium-4 small-12 large-4\"  >\n\t\t\t\t<div class=\"col-inner\"  >\n\t\t\t\n\t\t\t\n\t<div class=\"img has-hover radius10 x md-x lg-x y md-y lg-y\" id=\"image_518323343\">\n\t\t\t\t\t\t\t\t<div class=\"img-inner dark\" >\n\t\t\t<img decoding=\"async\" width=\"600\" height=\"600\" src=\"https:\/\/ecoturbino.shop\/wp-content\/uploads\/2024\/01\/shower-head_600.webp\" class=\"attachment-original size-original\" alt=\"Duschhuvudet rent\" srcset=\"https:\/\/ecoturbino.shop\/wp-content\/uploads\/2024\/01\/shower-head_600.webp 600w, https:\/\/ecoturbino.shop\/wp-content\/uploads\/2024\/01\/shower-head_600-470x470.webp 470w, https:\/\/ecoturbino.shop\/wp-content\/uploads\/2024\/01\/shower-head_600-340x340.webp 340w\" sizes=\"(max-width: 600px) 100vw, 600px\" \/>\t\t\t\t\t\t\n\t\t\t\t\t<\/div>\n\t\t\t\t\t\t\t\t\n<style>\n#image_518323343 {\n  width: 100%;\n}\n<\/style>\n\t<\/div>\n\t\n\t\t<\/div>\n\t\t\t\t\t<\/div>\n\n\t\n\n\t<div id=\"col-1553925917\" class=\"col medium-8 small-12 large-8\"  >\n\t\t\t\t<div class=\"col-inner\"  >\n\t\t\t\n\t\t\t\n<h3>Varf\u00f6r blir duschmunstycken och slangar f\u00f6rorenade av bakterier?<\/h3>\n<p>Duschmunstycken och slangar \u00e4r k\u00e4nsliga f\u00f6r bakteriell kontaminering av flera sk\u00e4l. Det fr\u00e4msta sk\u00e4let \u00e4r <strong>stillast\u00e5ende vatten.<\/strong> N\u00e4r vatten stagnerar i r\u00f6ren och duschmunstycket ger det en <strong>idealisk grogrund f\u00f6r bakterier<\/strong> och andra mikroorganismer.<\/p>\n<p>N\u00e4r duschmunstycken och duschslangar inte anv\u00e4nds, t.ex. n\u00e4r man \u00e5ker p\u00e5 semester, kan vattentemperaturen i <strong>systemen stiger naturligt till rumstemperatur, vilket \u00f6kar kontamineringen och tillv\u00e4xten av legionella<\/strong> av en multipel - en optimal grogrund f\u00f6r bakterier!<\/p>\n<p>Dessa bakterier kan snabbt f\u00f6r\u00f6ka sig i den varma och fuktiga milj\u00f6n och kan<strong> orsaka h\u00e4lsoproblem (t.ex. <a href=\"https:\/\/en.wikipedia.org\/wiki\/Pneumonia\" target=\"_blank\" rel=\"noopener sponsored\">lunginflammation<\/a><\/strong>). Ett annat problem \u00e4r<strong> bildning av kalkavlagringar<\/strong> och andra avlagringar, som inte bara ser fula ut utan ocks\u00e5 <strong>p\u00e5verka duschmunstyckets prestanda<\/strong> och kan leda till oj\u00e4mn vattenf\u00f6rdelning.<\/p>\n\t\t<\/div>\n\t\t\t\t\t<\/div>\n\n\t\n<\/div>\n<div class=\"row\"  id=\"row-794852619\">\n\n\t<div id=\"col-1093551904\" class=\"col medium-6 small-12 large-6\"  >\n\t\t\t\t<div class=\"col-inner\"  >\n\t\t\t\n\t\t\t\n<h3>L\u00f6sningen f\u00f6r rena duschmunstycken och slangar: ecoturbino\u00ae.<\/h3>\n<p>Ecoturbino-tekniken erbjuder en effektiv l\u00f6sning p\u00e5 dessa problem. Den \u00e4r utformad f\u00f6r att kontinuerligt t\u00f6mma duschmunstycken och slangar f\u00f6r att f\u00f6rhindra stillast\u00e5ende vatten. Detta har flera f\u00f6rdelar:<\/p>\n<ul>\n<li><strong>Hygien:<\/strong> Kontinuerlig dr\u00e4nering av duschmunstycken och slangar efter duschning minskar risken f\u00f6r bakteriell kontaminering avsev\u00e4rt. N\u00e4r det inte finns n\u00e5got stillast\u00e5ende vatten i duschhuvudet har bakterier och mikroorganismer ingen grogrund.<\/li>\n<li><strong>Reng\u00f6ringsinsats:<\/strong> Den tr\u00e5kiga uppgiften att regelbundet reng\u00f6ra duschmunstycken och slangar f\u00f6r att f\u00f6rhindra avlagringar och kalkavlagringar elimineras till stor del. Detta sparar tid och anstr\u00e4ngning. Underh\u00e5llsinsatserna minskar avsev\u00e4rt!<\/li>\n<li><strong>Kalkavlagringar och avlagringar:<\/strong> <a href=\"https:\/\/ecoturbino.shop\/sv\/kopa\/ecoturbino-et10l-duschadapter-silver-2\/\">Ekoturbino-teknik<\/a> bidrar ocks\u00e5 till att minska kalkavlagringar och bel\u00e4ggningar i duschmunstycken och slangar. Detta f\u00f6rb\u00e4ttrar inte bara duschutrustningens livsl\u00e4ngd utan s\u00e4kerst\u00e4ller ocks\u00e5 ett j\u00e4mnt vattenfl\u00f6de och optimal prestanda.<\/li>\n<li><strong>H\u00e4lsa:<\/strong> Det \u00e4r s\u00e4rskilt viktigt att minska risken f\u00f6r legionella. Legionella \u00e4r bakterier som f\u00f6r\u00f6kar sig i stillast\u00e5ende vatten och kan orsaka allvarliga h\u00e4lsoproblem n\u00e4r de andas in genom aerosoler. Ecoturbino hj\u00e4lper till att minimera denna risk och skydda anv\u00e4ndarnas h\u00e4lsa.<\/li>\n<li><strong>Visuell renlighet:<\/strong> Duschhuvuden som kontinuerligt dr\u00e4neras med ecoturbino-teknik f\u00f6rblir alltid visuellt rena och tilltalande. Detta bidrar till den \u00f6vergripande estetiken i badrummet.<\/li>\n<\/ul>\n\t\t<\/div>\n\t\t\t\t\t<\/div>\n\n\t\n\n\t<div id=\"col-1887960893\" class=\"col medium-6 small-12 large-6\"  >\n\t\t\t\t<div class=\"col-inner\" style=\"background-color:#c0d63d;\" >\n\t\t\t\n\t\t\t\n\t<div id=\"text-993810952\" class=\"text\">\n\t\t\n<h4 class=\"uppercase\">SLUTSATS<\/h4>\n\t\t\n<style>\n#text-993810952 {\n  font-size: 2rem;\n  text-align: right;\n  color: rgb(255, 255, 255);\n}\n#text-993810952 > * {\n  color: rgb(255, 255, 255);\n}\n@media (min-width:850px) {\n  #text-993810952 {\n    font-size: 3.5rem;\n  }\n}\n<\/style>\n\t<\/div>\n\t\n<h3>Perfekt badrumshygien och mer d\u00e4rtill tack vare ecoturbino<\/h3>\n<p><strong>ecoturbino<\/strong> inte bara tillhandah\u00e5ller <strong>hygieniskt rena duschmunstycken<\/strong> och slangar, men bidrar ocks\u00e5 till den \u00f6vergripande badrumshygienen. N\u00e4r stillast\u00e5ende vatten och d\u00e4rmed sammanh\u00e4ngande bakterieproblem minskar f\u00f6rb\u00e4ttras den \u00f6vergripande hygienen i badrummet.<\/p>\n<p>Detta \u00e4r s\u00e4rskilt viktigt i boenden som <strong>hotell, v\u00e5rdhem, <a href=\"https:\/\/maps.ecoturbino.shop\/directory-world\/categories\/medical\/\" target=\"_blank\" rel=\"noopener\">kliniker<\/a>, och pensionat<\/strong>, Det g\u00e4ller s\u00e5v\u00e4l s\u00e4songsbetonade verksamheter som sportanl\u00e4ggningar, d\u00e4r g\u00e4sternas och patienternas s\u00e4kerhet och komfort \u00e4r av h\u00f6gsta prioritet.<\/p>\n<p>Sammantaget \u00e4r ecoturbino en<strong> innovativ l\u00f6sning p\u00e5 ett ofta f\u00f6rbisett problem<\/strong> problem. Rena duschmunstycken och slangar \u00e4r inte bara <strong>estetiskt tilltalande<\/strong> men ocks\u00e5 avg\u00f6rande f\u00f6r anv\u00e4ndarnas h\u00e4lsa och v\u00e4lbefinnande.<\/p>\n<p>Med ecoturbino kan du h\u00f6ja kvaliteten p\u00e5<strong> erfarenhet av dusch p\u00e5 hotell, hem<\/strong>, och andra boenden till en ny niv\u00e5 medan<strong> optimera badrumshygienen.<\/strong><\/p>\n\t\t<\/div>\n\t\t\t\t\n<style>\n#col-1887960893 > .col-inner {\n  padding: 10px 20px 1px 25px;\n  border-radius: 10px;\n}\n<\/style>\n\t<\/div>\n\n\t\n<\/div>\n<div class=\"video video-fit mb\" style=\"padding-top:56.25%;\"><p><iframe title=\"Det enklaste s\u00e4ttet att reng\u00f6ra ditt duschhuvud\ud83d\udca5 (osannolikt resultat)!!!\" width=\"1020\" height=\"574\" src=\"https:\/\/www.youtube.com\/embed\/J7uwCSF8Ym0?feature=oembed\" frameborder=\"0\" allow=\"accelerometer; autoplay; clipboard-write; encrypted-media; gyroscope; picture-in-picture; web-share\" referrerpolicy=\"strict-origin-when-cross-origin\" allowfullscreen><\/iframe><\/p>\n<\/div>\n\t\t<\/div>\n\t\t\t\t\t<\/div>\n\n\t\n<\/div>\n\t\t<\/div>\n\n\t\t\n<style>\n#section_565147385 {\n  padding-top: 30px;\n  padding-bottom: 30px;\n}\n<\/style>\n\t<\/section>","protected":false},"excerpt":{"rendered":"","protected":false},"author":1320,"featured_media":0,"parent":0,"menu_order":0,"comment_status":"closed","ping_status":"closed","template":"page-blank.php","meta":{"inline_featured_image":false,"footnotes":""},"class_list":["post-48895","page","type-page","status-publish","hentry"],"_links":{"self":[{"href":"https:\/\/ecoturbino.shop\/sv\/wp-json\/wp\/v2\/pages\/48895","targetHints":{"allow":["GET"]}}],"collection":[{"href":"https:\/\/ecoturbino.shop\/sv\/wp-json\/wp\/v2\/pages"}],"about":[{"href":"https:\/\/ecoturbino.shop\/sv\/wp-json\/wp\/v2\/types\/page"}],"author":[{"embeddable":true,"href":"https:\/\/ecoturbino.shop\/sv\/wp-json\/wp\/v2\/users\/1320"}],"replies":[{"embeddable":true,"href":"https:\/\/ecoturbino.shop\/sv\/wp-json\/wp\/v2\/comments?post=48895"}],"version-history":[{"count":0,"href":"https:\/\/ecoturbino.shop\/sv\/wp-json\/wp\/v2\/pages\/48895\/revisions"}],"wp:attachment":[{"href":"https:\/\/ecoturbino.shop\/sv\/wp-json\/wp\/v2\/media?parent=48895"}],"curies":[{"name":"wp","href":"https:\/\/api.w.org\/{rel}","templated":true}]}}