{"id":48905,"date":"2024-01-23T19:21:02","date_gmt":"2024-01-23T18:21:02","guid":{"rendered":"https:\/\/en.ecoturbino.shop\/?page_id=48905"},"modified":"2026-01-02T10:53:00","modified_gmt":"2026-01-02T09:53:00","slug":"paverkan-4-2","status":"publish","type":"page","link":"https:\/\/ecoturbino.shop\/sv\/impact-4\/","title":{"rendered":"Tillr\u00e4ckligt tryck i duschvattnet f\u00f6r alla (inget problem i hush\u00e5llen)"},"content":{"rendered":"<section class=\"section zindex1\" id=\"section_68174318\">\n\t\t<div class=\"section-bg fill\" >\n\t\t\t\t\t\t\t\t\t\n\t\t\t\n\n\t\t<\/div>\n\n\t\t\n\n\t\t<div class=\"section-content relative\">\n\t\t\t\n<div class=\"row row-small\"  id=\"row-1087331852\">\n\n\t<div id=\"col-1611414629\" class=\"col medium-9 small-12 large-9\"  >\n\t\t\t\t<div class=\"col-inner\"  >\n\t\t\t\n\t\t\t\n<h1 class=\"uppercase\">Tillr\u00e4ckligt vattentryck f\u00f6r alla (endast f\u00f6r f\u00f6retag)<\/h1>\n<h3 class=\"thin-font\">den fj\u00e4rde effekten av ecoturbino\u00ae vattenbesparande milj\u00f6skyddssystem<\/h3>\n<div class=\"row\"  id=\"row-1795915907\">\n\n\t<div id=\"col-587108200\" class=\"col medium-11 small-12 large-11\"  >\n\t\t\t\t<div class=\"col-inner\"  >\n\t\t\t\n\t\t\t\n\t<div id=\"stack-3458386294\" class=\"stack stack-row justify-start items-start\">\n\t\t\n\t<div class=\"img has-hover x md-x lg-x y md-y lg-y\" id=\"image_225398981\">\n\t\t<a class=\"\" href=\"\/sv\/paverkan-1-2\/\" >\t\t\t\t\t\t<div class=\"img-inner image-color dark\" >\n\t\t\t<img decoding=\"async\" width=\"100\" height=\"100\" src=\"https:\/\/ecoturbino.shop\/wp-content\/uploads\/2024\/01\/impact1.svg\" class=\"attachment-original size-original\" alt=\"\" \/>\t\t\t\t\t\t\n\t\t\t\t\t<\/div>\n\t\t\t\t\t\t<\/a>\t\t\n<style>\n#image_225398981 {\n  width: 100%;\n}\n<\/style>\n\t<\/div>\n\t\n\t<div class=\"img has-hover x md-x lg-x y md-y lg-y\" id=\"image_1723659213\">\n\t\t<a class=\"\" href=\"\/sv\/paverkan-2-2\/\" >\t\t\t\t\t\t<div class=\"img-inner image-color dark\" >\n\t\t\t<img decoding=\"async\" width=\"100\" height=\"100\" src=\"https:\/\/ecoturbino.shop\/wp-content\/uploads\/2024\/01\/impact2.svg\" class=\"attachment-original size-original\" alt=\"\" \/>\t\t\t\t\t\t\n\t\t\t\t\t<\/div>\n\t\t\t\t\t\t<\/a>\t\t\n<style>\n#image_1723659213 {\n  width: 100%;\n}\n<\/style>\n\t<\/div>\n\t\n\t<div class=\"img has-hover x md-x lg-x y md-y lg-y\" id=\"image_1188391636\">\n\t\t<a class=\"\" href=\"\/sv\/paverkan-3-2\/\" >\t\t\t\t\t\t<div class=\"img-inner image-color dark\" >\n\t\t\t<img decoding=\"async\" width=\"100\" height=\"100\" src=\"https:\/\/ecoturbino.shop\/wp-content\/uploads\/2024\/01\/impact3.svg\" class=\"attachment-original size-original\" alt=\"\" \/>\t\t\t\t\t\t\n\t\t\t\t\t<\/div>\n\t\t\t\t\t\t<\/a>\t\t\n<style>\n#image_1188391636 {\n  width: 100%;\n}\n<\/style>\n\t<\/div>\n\t\n\t<div class=\"img has-hover x md-x lg-x y md-y lg-y\" id=\"image_1483830679\">\n\t\t\t\t\t\t\t\t<div class=\"img-inner dark\" >\n\t\t\t<img decoding=\"async\" width=\"100\" height=\"100\" src=\"https:\/\/ecoturbino.shop\/wp-content\/uploads\/2024\/01\/impact4.svg\" class=\"attachment-original size-original\" alt=\"\" \/>\t\t\t\t\t\t\n\t\t\t\t\t<\/div>\n\t\t\t\t\t\t\t\t\n<style>\n#image_1483830679 {\n  width: 100%;\n}\n<\/style>\n\t<\/div>\n\t\n\t<div class=\"img has-hover x md-x lg-x y md-y lg-y\" id=\"image_502829453\">\n\t\t<a class=\"\" href=\"\/sv\/paverkan-5-2\/\" >\t\t\t\t\t\t<div class=\"img-inner image-color dark\" >\n\t\t\t<img decoding=\"async\" width=\"100\" height=\"100\" src=\"https:\/\/ecoturbino.shop\/wp-content\/uploads\/2024\/01\/impact5.svg\" class=\"attachment-original size-original\" alt=\"\" \/>\t\t\t\t\t\t\n\t\t\t\t\t<\/div>\n\t\t\t\t\t\t<\/a>\t\t\n<style>\n#image_502829453 {\n  width: 100%;\n}\n<\/style>\n\t<\/div>\n\t\n\t<div class=\"img has-hover x md-x lg-x y md-y lg-y\" id=\"image_1209674803\">\n\t\t<a class=\"\" href=\"\/sv\/paverkan-6-2\/\" >\t\t\t\t\t\t<div class=\"img-inner image-color dark\" >\n\t\t\t<img decoding=\"async\" width=\"100\" height=\"100\" src=\"https:\/\/ecoturbino.shop\/wp-content\/uploads\/2024\/01\/impact6.svg\" class=\"attachment-original size-original\" alt=\"\" \/>\t\t\t\t\t\t\n\t\t\t\t\t<\/div>\n\t\t\t\t\t\t<\/a>\t\t\n<style>\n#image_1209674803 {\n  width: 100%;\n}\n<\/style>\n\t<\/div>\n\t\n\t<div class=\"img has-hover x md-x lg-x y md-y lg-y\" id=\"image_346166987\">\n\t\t<a class=\"\" href=\"\/sv\/paverkan-7\/\" >\t\t\t\t\t\t<div class=\"img-inner image-color dark\" >\n\t\t\t<img decoding=\"async\" width=\"100\" height=\"100\" src=\"https:\/\/ecoturbino.shop\/wp-content\/uploads\/2024\/01\/impact7.svg\" class=\"attachment-original size-original\" alt=\"\" \/>\t\t\t\t\t\t\n\t\t\t\t\t<\/div>\n\t\t\t\t\t\t<\/a>\t\t\n<style>\n#image_346166987 {\n  width: 100%;\n}\n<\/style>\n\t<\/div>\n\t\n\t\t\n<style>\n#stack-3458386294 > * {\n  --stack-gap: 1rem;\n}\n<\/style>\n\t<\/div>\n\t\n\t\t<\/div>\n\t\t\t\t\t<\/div>\n\n\t\n<\/div>\n\t\t<\/div>\n\t\t\t\t\t<\/div>\n\n\t\n\n\t<div id=\"col-42597214\" class=\"col medium-3 small-12 large-3\"  >\n\t\t\t\t<div class=\"col-inner\"  >\n\t\t\t\n\t\t\t\n\t<div class=\"img has-hover x md-x lg-x y md-y lg-y\" id=\"image_660850752\">\n\t\t\t\t\t\t\t\t<div class=\"img-inner dark\" >\n\t\t\t<img decoding=\"async\" width=\"100\" height=\"100\" src=\"https:\/\/ecoturbino.shop\/wp-content\/uploads\/2024\/01\/impact4.svg\" class=\"attachment-original size-original\" alt=\"\" \/>\t\t\t\t\t\t\n\t\t\t\t\t<\/div>\n\t\t\t\t\t\t\t\t\n<style>\n#image_660850752 {\n  width: 100%;\n}\n<\/style>\n\t<\/div>\n\t\n\t\t<\/div>\n\t\t\t\t\t<\/div>\n\n\t\n<\/div>\n<div class=\"row\"  id=\"row-587344011\">\n\n\t<div id=\"col-1497620537\" class=\"col small-12 large-12\"  >\n\t\t\t\t<div class=\"col-inner\"  >\n\t\t\t\n\t\t\t\n<div class=\"is-divider divider clearfix\" style=\"max-width:100%;height:1px;\"><\/div>\n<h3><span style=\"font-size: 120%;\">Effektiva duschl\u00f6sningar f\u00f6r hotell, <a href=\"https:\/\/maps.ecoturbino.shop\/directory-world\/categories\/student-residences\/\" target=\"_blank\" rel=\"noopener\">Studentbost\u00e4der<\/a>, klubbar och fitnesscenter: <a href=\"https:\/\/ecoturbino.shop\/sv\/kopa\/ecoturbino-et10l-duschadapter-silver-2\/\">ecoturbino<\/a> f\u00f6r \u00f6kad tillfredsst\u00e4llelse<\/span><\/h3>\n<p>I <strong>hotell, klubbar och fitnesscenter kan varmvattenf\u00f6rs\u00f6rjningen ofta bli ett verkligt problem,<\/strong> s\u00e4rskilt n\u00e4r alla g\u00e4ster eller medlemmar <strong>vill duscha p\u00e5 samma g\u00e5ng<\/strong>. Efter sport, skid\u00e5kning eller f\u00f6re middagen rusar m\u00e4nniskor till duscharna och<a href=\"https:\/\/en.wikipedia.org\/wiki\/Plumbing#Water_pipes\" target=\"_blank\" rel=\"noopener sponsored\"> vattenledningar<\/a> kan bara tillhandah\u00e5lla<strong> begr\u00e4nsad vattenkapacitet.<\/strong><\/p>\n<blockquote>\n<p>N\u00e4r f\u00f6r m\u00e5nga m\u00e4nniskor duschar samtidigt sjunker vattentrycket avsev\u00e4rt och duschupplevelsen f\u00f6rst\u00f6rs. Detta leder till missn\u00f6jda kunder eller g\u00e4ster och kan ha en negativ inverkan p\u00e5 anl\u00e4ggningens rykte.<\/p>\n<\/blockquote>\n<p>Det \u00e4r h\u00e4r som <strong>kommer den innovativa tekniken hos ecoturbino in i bilden,<\/strong> minska vattenf\u00f6rbrukningen i duscharna med 40 procent, uppr\u00e4tth\u00e5lla vattentrycket och s\u00e4kerst\u00e4lla n\u00f6jda kunder och g\u00e4ster.<\/p>\n\t<div id=\"gap-1956823923\" class=\"gap-element clearfix\" style=\"display:block; height:auto;\">\n\t\t\n<style>\n#gap-1956823923 {\n  padding-top: 30px;\n}\n<\/style>\n\t<\/div>\n\t\n<div class=\"row\"  id=\"row-1891792695\">\n\n\t<div id=\"col-941028477\" class=\"col medium-4 small-12 large-4\"  >\n\t\t\t\t<div class=\"col-inner\"  >\n\t\t\t\n\t\t\t\n\t<div class=\"img has-hover radius10 x md-x lg-x y md-y lg-y\" id=\"image_1775594453\">\n\t\t\t\t\t\t\t\t<div class=\"img-inner dark\" >\n\t\t\t<img decoding=\"async\" width=\"600\" height=\"600\" src=\"https:\/\/ecoturbino.shop\/wp-content\/uploads\/2024\/01\/hotel-floor_600.webp\" class=\"attachment-original size-original\" alt=\"Hotellgolv | ecoturbino\" srcset=\"https:\/\/ecoturbino.shop\/wp-content\/uploads\/2024\/01\/hotel-floor_600.webp 600w, https:\/\/ecoturbino.shop\/wp-content\/uploads\/2024\/01\/hotel-floor_600-470x470.webp 470w, https:\/\/ecoturbino.shop\/wp-content\/uploads\/2024\/01\/hotel-floor_600-340x340.webp 340w\" sizes=\"(max-width: 600px) 100vw, 600px\" \/>\t\t\t\t\t\t\n\t\t\t\t\t<\/div>\n\t\t\t\t\t\t\t\t\n<style>\n#image_1775594453 {\n  width: 100%;\n}\n<\/style>\n\t<\/div>\n\t\n\t\t<\/div>\n\t\t\t\t\t<\/div>\n\n\t\n\n\t<div id=\"col-555636970\" class=\"col medium-8 small-12 large-8\"  >\n\t\t\t\t<div class=\"col-inner\"  >\n\t\t\t\n\t\t\t\n<h3>Problemet med begr\u00e4nsad vattenkapacitet<\/h3>\n<p>Den begr\u00e4nsade vattenkapaciteten i r\u00f6r och varmvattensystem p\u00e5 hotell, klubbar och fitnesscenter \u00e4r ett vanligt problem som <strong>kan leda till frustrerande situationer.<\/strong><\/p>\n<p>N\u00e4r alla vill <strong>dusch samtidigt, vattentrycket kan sjunka<\/strong> s\u00e5 mycket att vattenstr\u00e5len bara blir en r\u00e4nnil. Gl\u00e4djen i att duscha g\u00e5r f\u00f6rlorad, och <strong>g\u00e4ster eller medlemmar \u00e4r besvikna<\/strong>. Detta kan p\u00e5verka kundn\u00f6jdheten och skada anl\u00e4ggningens rykte.<\/p>\n<ul>\n<li><strong>L\u00e5nga korridorer:<\/strong> M\u00e5nga rum \u00e4r ofta anslutna till ett enda r\u00f6r, och \u00f6kad vattenf\u00f6rbrukning n\u00e4ra r\u00f6rets ing\u00e5ngspunkt resulterar ofta i <strong>underf\u00f6rs\u00f6rjning vid avl\u00e4gsna anv\u00e4ndningsst\u00e4llen,<\/strong> ett vanligt problem i \u00e4ldre byggnader. L\u00f6sning p\u00e5 problemet: Eftermontering av ecoturbino-systemet s\u00e4kerst\u00e4ller j\u00e4mn vattenf\u00f6rdelning vid alla anv\u00e4ndningsst\u00e4llen - detta g\u00e4ller \u00e4ven f\u00f6r flerv\u00e5ningshus!<\/li>\n<li>Den enkla l\u00f6sningen: Ecoturbino System<\/li>\n<\/ul>\n\t\t<\/div>\n\t\t\t\t\t<\/div>\n\n\t\n<\/div>\n\t<div id=\"gap-637294023\" class=\"gap-element clearfix\" style=\"display:block; height:auto;\">\n\t\t\n<style>\n#gap-637294023 {\n  padding-top: 30px;\n}\n<\/style>\n\t<\/div>\n\t\n<div class=\"row\"  id=\"row-1696313037\">\n\n\t<div id=\"col-986744206\" class=\"col medium-6 small-12 large-6\"  >\n\t\t\t\t<div class=\"col-inner\" style=\"background-color:rgb(255,255,255);\" >\n\t\t\t\n\t\t\t\n<p>ecoturbino \u00e4r en effektiv l\u00f6sning p\u00e5 detta utbredda problem. Tekniken har utvecklats f\u00f6r att minska vattenf\u00f6rbrukningen i duschen med imponerande 40 procent utan att p\u00e5verka vattentrycket. H\u00e4r \u00e4r n\u00e5gra av de f\u00f6rdelar som ecoturbino erbjuder hotell, klubbar och fitnesscenter:<\/p>\n<ul>\n<li><strong>Bevarande av vattentryck:<\/strong> ecoturbino s\u00e4kerst\u00e4ller att vattentrycket bibeh\u00e5lls \u00e4ven n\u00e4r flera personer duschar samtidigt. Det inneb\u00e4r att alla g\u00e4ster eller medlemmar kan njuta av ett starkt och behagligt vattenfl\u00f6de utan att beh\u00f6va kompromissa p\u00e5 grund av begr\u00e4nsad vattentillg\u00e5ng.<\/li>\n<li><strong>N\u00f6jda kunder och g\u00e4ster:<\/strong> ecoturbino garanterar n\u00f6jda kunder och g\u00e4ster. De kan njuta fullt ut av sin duschupplevelse utan att beh\u00f6va oroa sig f\u00f6r vattentrycket. Detta leder till <strong>positiv mun-till-mun-metod<\/strong> och st\u00e4rker anl\u00e4ggningens rykte.<\/li>\n<li><strong>Vattenbesparingar:<\/strong> Trots bibeh\u00e5llet vattentryck, <strong>ecoturbino minskar vattenf\u00f6rbrukningen avsev\u00e4rt.<\/strong> Detta bidrar till att spara p\u00e5 vattenresurserna och minskar samtidigt vattenkostnaderna.<\/li>\n<li><strong>Energibesparingar:<\/strong> Eftersom mindre vatten beh\u00f6ver v\u00e4rmas upp f\u00f6r att ge varmt duschvatten minskar ocks\u00e5 energikostnaderna. Detta \u00e4r inte bara bra f\u00f6r milj\u00f6n utan ocks\u00e5 f\u00f6r anl\u00e4ggningens budget.<\/li>\n<li><strong>Enkel installation:<\/strong> ecoturbino kan installeras p\u00e5 ett enkelt och kostnadseffektivt s\u00e4tt utan att det kr\u00e4vs omfattande renoveringar. Investeringen betalar sig snabbt genom de besparingar som uppn\u00e5s.<\/li>\n<\/ul>\n\t\t<\/div>\n\t\t\t\t\n<style>\n#col-986744206 > .col-inner {\n  padding: 0px 0px 1px 0px;\n  border-radius: 10px;\n}\n<\/style>\n\t<\/div>\n\n\t\n\n\t<div id=\"col-1346535916\" class=\"col medium-6 small-12 large-6\"  >\n\t\t\t\t<div class=\"col-inner\" style=\"background-color:#c0d63d;\" >\n\t\t\t\n\t\t\t\n\t<div id=\"text-3294701162\" class=\"text\">\n\t\t\n<h4 class=\"uppercase\">SLUTSATS<\/h4>\n\t\t\n<style>\n#text-3294701162 {\n  font-size: 2rem;\n  text-align: right;\n  color: rgb(255, 255, 255);\n}\n#text-3294701162 > * {\n  color: rgb(255, 255, 255);\n}\n@media (min-width:550px) {\n  #text-3294701162 {\n    font-size: 3.5rem;\n    text-align: right;\n  }\n}\n<\/style>\n\t<\/div>\n\t\n<h3>H\u00f6gre tillfredsst\u00e4llelse, l\u00e4gre kostnader<\/h3>\n<p>ecoturbino-tekniken \u00e4r en<strong> perfekt l\u00f6sning f\u00f6r hotell, klubbar och fitnesscenter<\/strong>, samt alla som har begr\u00e4nsad vattenkapacitet. Det \u00e4r inte bara <strong>s\u00e4kerst\u00e4ller n\u00f6jda kunder och g\u00e4ster<\/strong> men m\u00f6jligg\u00f6r ocks\u00e5 betydande vattenbesparingar och minskade energikostnader.<\/p>\n<p>Med ecoturbino kan anl\u00e4ggningarna f\u00f6rb\u00e4ttra sina tj\u00e4nster samtidigt som de s\u00e4nker kostnaderna - en win-win-situation f\u00f6r alla.<\/p>\n\t\t<\/div>\n\t\t\t\t\n<style>\n#col-1346535916 > .col-inner {\n  padding: 10px 20px 1px 25px;\n  border-radius: 10px;\n}\n<\/style>\n\t<\/div>\n\n\t\n<\/div>\n\t\t<\/div>\n\t\t\t\t\n<style>\n#col-1497620537 > .col-inner {\n  margin: 0px 0px -200px 0px;\n}\n<\/style>\n\t<\/div>\n\n\t\n<\/div>\n\t\t<\/div>\n\n\t\t\n<style>\n#section_68174318 {\n  padding-top: 30px;\n  padding-bottom: 30px;\n}\n<\/style>\n\t<\/section>\n\t\n\n\t<section class=\"section hide-for-small\" id=\"section_959267146\">\n\t\t<div class=\"section-bg fill\" >\n\t\t\t<img decoding=\"async\" width=\"1920\" height=\"683\" src=\"https:\/\/ecoturbino.shop\/wp-content\/uploads\/2025\/12\/ecoturbino-function_1920.webp\" class=\"bg attachment- size-\" alt=\"ecoturbino-funktion\" \/>\t\t\t\t\t\t<div class=\"section-bg-overlay absolute fill\"><\/div>\n\t\t\t\n\n\t\t<\/div>\n\n\t\t\t<div class=\"ux-shape-divider ux-shape-divider--top ux-shape-divider--style-waves-opacity\">\n\t\t<svg viewbox=\"0 0 1000 300\" xmlns=\"http:\/\/www.w3.org\/2000\/svg\" preserveaspectratio=\"none\">\n    <path class=\"ux-shape-fill\" d=\"M0 300L-1 69.71C216 57 299.47 198.86 403 226C506 253 577 196 660 197C740 198 790.09 234.07 874 267C935.23 291 982 282.61 1000 277.61V300H0Z\"\/>\n    <path class=\"ux-shape-fill\" opacity=\"0.5\" d=\"M1 265.094L0 50.5C217 37.79 300.47 186.36 404 213.5C507 240.5 578 196.5 661 197.5C741 198.5 787.59 239.57 871.5 272.5C932.73 296.5 980.5 284.5 998.5 279.5V298.5L1 265.094Z\"\/>\n    <path class=\"ux-shape-fill\" opacity=\"0.15\" d=\"M0.999878 244.094L-0.00012207 27C217 14.29 300.47 173.86 404 201C507 228 578 196 661 197C741 198 787.59 243.07 871.5 276C932.73 300 980.5 284.5 998.5 279.5V299L0.999878 244.094Z\"\/>\n<\/svg>\n\n\t<\/div>\n\n\n\t\t<div class=\"section-content relative\">\n\t\t\t\n\t\t<\/div>\n\n\t\t\n<style>\n#section_959267146 {\n  padding-top: 220px;\n  padding-bottom: 220px;\n}\n#section_959267146 .section-bg-overlay {\n  background-color: rgba(0, 0, 0, 0.25);\n}\n#section_959267146 .ux-shape-divider--top svg {\n  height: 80px;\n  --divider-top-width: 100%;\n}\n@media (min-width:550px) {\n  #section_959267146 .ux-shape-divider--top svg {\n    height: 124px;\n  }\n}\n<\/style>\n\t<\/section>","protected":false},"excerpt":{"rendered":"","protected":false},"author":1320,"featured_media":0,"parent":0,"menu_order":0,"comment_status":"closed","ping_status":"closed","template":"page-blank.php","meta":{"inline_featured_image":false,"footnotes":""},"class_list":["post-48905","page","type-page","status-publish","hentry"],"_links":{"self":[{"href":"https:\/\/ecoturbino.shop\/sv\/wp-json\/wp\/v2\/pages\/48905","targetHints":{"allow":["GET"]}}],"collection":[{"href":"https:\/\/ecoturbino.shop\/sv\/wp-json\/wp\/v2\/pages"}],"about":[{"href":"https:\/\/ecoturbino.shop\/sv\/wp-json\/wp\/v2\/types\/page"}],"author":[{"embeddable":true,"href":"https:\/\/ecoturbino.shop\/sv\/wp-json\/wp\/v2\/users\/1320"}],"replies":[{"embeddable":true,"href":"https:\/\/ecoturbino.shop\/sv\/wp-json\/wp\/v2\/comments?post=48905"}],"version-history":[{"count":0,"href":"https:\/\/ecoturbino.shop\/sv\/wp-json\/wp\/v2\/pages\/48905\/revisions"}],"wp:attachment":[{"href":"https:\/\/ecoturbino.shop\/sv\/wp-json\/wp\/v2\/media?parent=48905"}],"curies":[{"name":"wp","href":"https:\/\/api.w.org\/{rel}","templated":true}]}}