{"id":48915,"date":"2024-01-23T19:21:18","date_gmt":"2024-01-23T18:21:18","guid":{"rendered":"https:\/\/en.ecoturbino.shop\/?page_id=48915"},"modified":"2025-05-27T14:29:40","modified_gmt":"2025-05-27T12:29:40","slug":"paverkan-6-2","status":"publish","type":"page","link":"https:\/\/ecoturbino.shop\/sv\/impact-6\/","title":{"rendered":"Absolut underh\u00e5llsfri och eftermonterbar i alla duschar - kan installeras av vem som helst"},"content":{"rendered":"<section class=\"section zindex1\" id=\"section_386324761\">\n\t\t<div class=\"section-bg fill\" >\n\t\t\t\t\t\t\t\t\t\n\t\t\t\n\n\t\t<\/div>\n\n\t\t\n\n\t\t<div class=\"section-content relative\">\n\t\t\t\n<div class=\"row row-small\"  id=\"row-1599409755\">\n\n\t<div id=\"col-382276558\" class=\"col medium-9 small-12 large-9\"  >\n\t\t\t\t<div class=\"col-inner\"  >\n\t\t\t\n\t\t\t\n<h2 class=\"uppercase\">Absolut underh\u00e5llsfri och eftermonterbar i alla duschar - kan installeras av vem som helst<\/h2>\n<h3 class=\"thin-font\">den sj\u00e4tte effekten av ecoturbino\u00ae vattenbesparande milj\u00f6skyddssystem<\/h3>\n<div class=\"row\"  id=\"row-155245554\">\n\n\t<div id=\"col-1159233108\" class=\"col medium-11 small-12 large-11\"  >\n\t\t\t\t<div class=\"col-inner\"  >\n\t\t\t\n\t\t\t\n\t<div id=\"stack-1209436039\" class=\"stack stack-row justify-start items-start\">\n\t\t\n\t<div class=\"img has-hover x md-x lg-x y md-y lg-y\" id=\"image_772393294\">\n\t\t<a class=\"\" href=\"\/sv\/paverkan-1-2\/\" >\t\t\t\t\t\t<div class=\"img-inner image-color dark\" >\n\t\t\t<img decoding=\"async\" width=\"100\" height=\"100\" src=\"https:\/\/ecoturbino.shop\/wp-content\/uploads\/2024\/01\/impact1.svg\" class=\"attachment-original size-original\" alt=\"\" \/>\t\t\t\t\t\t\n\t\t\t\t\t<\/div>\n\t\t\t\t\t\t<\/a>\t\t\n<style>\n#image_772393294 {\n  width: 100%;\n}\n<\/style>\n\t<\/div>\n\t\n\t<div class=\"img has-hover x md-x lg-x y md-y lg-y\" id=\"image_383958008\">\n\t\t<a class=\"\" href=\"\/sv\/paverkan-2-2\/\" >\t\t\t\t\t\t<div class=\"img-inner image-color dark\" >\n\t\t\t<img decoding=\"async\" width=\"100\" height=\"100\" src=\"https:\/\/ecoturbino.shop\/wp-content\/uploads\/2024\/01\/impact2.svg\" class=\"attachment-original size-original\" alt=\"\" \/>\t\t\t\t\t\t\n\t\t\t\t\t<\/div>\n\t\t\t\t\t\t<\/a>\t\t\n<style>\n#image_383958008 {\n  width: 100%;\n}\n<\/style>\n\t<\/div>\n\t\n\t<div class=\"img has-hover x md-x lg-x y md-y lg-y\" id=\"image_1795646037\">\n\t\t<a class=\"\" href=\"\/sv\/paverkan-3-2\/\" >\t\t\t\t\t\t<div class=\"img-inner image-color dark\" >\n\t\t\t<img decoding=\"async\" width=\"100\" height=\"100\" src=\"https:\/\/ecoturbino.shop\/wp-content\/uploads\/2024\/01\/impact3.svg\" class=\"attachment-original size-original\" alt=\"\" \/>\t\t\t\t\t\t\n\t\t\t\t\t<\/div>\n\t\t\t\t\t\t<\/a>\t\t\n<style>\n#image_1795646037 {\n  width: 100%;\n}\n<\/style>\n\t<\/div>\n\t\n\t<div class=\"img has-hover x md-x lg-x y md-y lg-y\" id=\"image_1275629546\">\n\t\t<a class=\"\" href=\"\/sv\/paverkan-4-2\/\" >\t\t\t\t\t\t<div class=\"img-inner image-color dark\" >\n\t\t\t<img decoding=\"async\" width=\"100\" height=\"100\" src=\"https:\/\/ecoturbino.shop\/wp-content\/uploads\/2024\/01\/impact4.svg\" class=\"attachment-original size-original\" alt=\"\" \/>\t\t\t\t\t\t\n\t\t\t\t\t<\/div>\n\t\t\t\t\t\t<\/a>\t\t\n<style>\n#image_1275629546 {\n  width: 100%;\n}\n<\/style>\n\t<\/div>\n\t\n\t<div class=\"img has-hover x md-x lg-x y md-y lg-y\" id=\"image_392394617\">\n\t\t<a class=\"\" href=\"\/sv\/paverkan-5-2\/\" >\t\t\t\t\t\t<div class=\"img-inner image-color dark\" >\n\t\t\t<img decoding=\"async\" width=\"100\" height=\"100\" src=\"https:\/\/ecoturbino.shop\/wp-content\/uploads\/2024\/01\/impact5.svg\" class=\"attachment-original size-original\" alt=\"\" \/>\t\t\t\t\t\t\n\t\t\t\t\t<\/div>\n\t\t\t\t\t\t<\/a>\t\t\n<style>\n#image_392394617 {\n  width: 100%;\n}\n<\/style>\n\t<\/div>\n\t\n\t<div class=\"img has-hover x md-x lg-x y md-y lg-y\" id=\"image_883391085\">\n\t\t\t\t\t\t\t\t<div class=\"img-inner dark\" >\n\t\t\t<img decoding=\"async\" width=\"100\" height=\"100\" src=\"https:\/\/ecoturbino.shop\/wp-content\/uploads\/2024\/01\/impact6.svg\" class=\"attachment-original size-original\" alt=\"\" \/>\t\t\t\t\t\t\n\t\t\t\t\t<\/div>\n\t\t\t\t\t\t\t\t\n<style>\n#image_883391085 {\n  width: 100%;\n}\n<\/style>\n\t<\/div>\n\t\n\t<div class=\"img has-hover x md-x lg-x y md-y lg-y\" id=\"image_124704770\">\n\t\t<a class=\"\" href=\"\/sv\/paverkan-7\/\" >\t\t\t\t\t\t<div class=\"img-inner image-color dark\" >\n\t\t\t<img decoding=\"async\" width=\"100\" height=\"100\" src=\"https:\/\/ecoturbino.shop\/wp-content\/uploads\/2024\/01\/impact7.svg\" class=\"attachment-original size-original\" alt=\"\" \/>\t\t\t\t\t\t\n\t\t\t\t\t<\/div>\n\t\t\t\t\t\t<\/a>\t\t\n<style>\n#image_124704770 {\n  width: 100%;\n}\n<\/style>\n\t<\/div>\n\t\n\t\t\n<style>\n#stack-1209436039 > * {\n  --stack-gap: 1rem;\n}\n<\/style>\n\t<\/div>\n\t\n\t\t<\/div>\n\t\t\t\t\t<\/div>\n\n\t\n<\/div>\n\t\t<\/div>\n\t\t\t\t\t<\/div>\n\n\t\n\n\t<div id=\"col-1367756865\" class=\"col medium-3 small-12 large-3\"  >\n\t\t\t\t<div class=\"col-inner\"  >\n\t\t\t\n\t\t\t\n\t<div class=\"img has-hover x md-x lg-x y md-y lg-y\" id=\"image_666976058\">\n\t\t\t\t\t\t\t\t<div class=\"img-inner dark\" >\n\t\t\t<img decoding=\"async\" width=\"100\" height=\"100\" src=\"https:\/\/ecoturbino.shop\/wp-content\/uploads\/2024\/01\/impact6.svg\" class=\"attachment-original size-original\" alt=\"\" \/>\t\t\t\t\t\t\n\t\t\t\t\t<\/div>\n\t\t\t\t\t\t\t\t\n<style>\n#image_666976058 {\n  width: 100%;\n}\n<\/style>\n\t<\/div>\n\t\n\t\t<\/div>\n\t\t\t\t\t<\/div>\n\n\t\n<\/div>\n<div class=\"row\"  id=\"row-1076299978\">\n\n\t<div id=\"col-409056603\" class=\"col small-12 large-12\"  >\n\t\t\t\t<div class=\"col-inner\"  >\n\t\t\t\n\t\t\t\n<div class=\"is-divider divider clearfix\" style=\"max-width:100%;height:1px;\"><\/div>\n<h3><span style=\"font-size: 120%;\">Energibesparing l\u00e4tt som en pl\u00e4tt <a href=\"https:\/\/ecoturbino.shop\/sv\/kopa\/ecoturbino-et10l-duschadapter-silver-2\/\">ecoturbino<\/a> - Enkel att installera och passar alla<\/span><\/h3>\n<p>I en tid d\u00e5 <strong>Energibesparing och milj\u00f6skydd blir allt viktigare,<\/strong> m\u00e5nga m\u00e4nniskor letar efter s\u00e4tt att <strong>minska sin energif\u00f6rbrukning<\/strong> och <strong>minska sitt ekologiska fotavtryck.<\/strong><\/p>\n<p>De st\u00f6ter dock ofta p\u00e5 problemet att m\u00e5nga <strong>Energibesparande produkter \u00e4r komplicerade<\/strong> och kr\u00e4ver professionell installation. Men det beh\u00f6ver inte vara p\u00e5 det s\u00e4ttet. Med ecoturbino blir det en barnlek att spara energi.<\/p>\n<p>Detta <strong>innovativ \u00f6sterrikisk produkt<\/strong> kan vara <strong>kan installeras av vem som helst utan f\u00f6rkunskaper<\/strong> eller expertis, och den passar in i alla duschar. Den \u00e4r klar att anv\u00e4nda p\u00e5 bara tre minuter och kr\u00e4ver inga verktyg eller komplicerad installation.<\/p>\n<h3>Varf\u00f6r \u00e4r ecoturbino s\u00e5 l\u00e4tt att installera?<\/h3>\n<p>Ecoturbino utformades f\u00f6r att g\u00f6ra<strong> installationen s\u00e5 enkel som m\u00f6jligt<\/strong>. Det kr\u00e4ver inga komplicerade verktyg eller specialkunskaper. Anledningen till detta \u00e4r den \u00bd-tums standardg\u00e4nga som finns i de flesta VVS-anslutningar vid duschens varmvattenblandare.<\/p>\n<p>Denna standardg\u00e4nga m\u00f6jligg\u00f6r enkel och s\u00e4ker fasts\u00e4ttning av ecoturbino utan behov av ytterligare justeringar eller modifieringar.<\/p>\n\t<div id=\"gap-409447132\" class=\"gap-element clearfix\" style=\"display:block; height:auto;\">\n\t\t\n<style>\n#gap-409447132 {\n  padding-top: 30px;\n}\n<\/style>\n\t<\/div>\n\t\n<div class=\"row\"  id=\"row-1855620180\">\n\n\t<div id=\"col-2146349857\" class=\"col medium-4 small-12 large-4\"  >\n\t\t\t\t<div class=\"col-inner\"  >\n\t\t\t\n\t\t\t\n\t<div class=\"img has-hover radius10 x md-x lg-x y md-y lg-y\" id=\"image_470327079\">\n\t\t\t\t\t\t\t\t<div class=\"img-inner dark\" >\n\t\t\t<img decoding=\"async\" width=\"600\" height=\"600\" src=\"https:\/\/ecoturbino.shop\/wp-content\/uploads\/2024\/01\/tools-shower_600.webp\" class=\"attachment-original size-original\" alt=\"Monteringsverktyg ecoturbino\" srcset=\"https:\/\/ecoturbino.shop\/wp-content\/uploads\/2024\/01\/tools-shower_600.webp 600w, https:\/\/ecoturbino.shop\/wp-content\/uploads\/2024\/01\/tools-shower_600-470x470.webp 470w, https:\/\/ecoturbino.shop\/wp-content\/uploads\/2024\/01\/tools-shower_600-340x340.webp 340w\" sizes=\"(max-width: 600px) 100vw, 600px\" \/>\t\t\t\t\t\t\n\t\t\t\t\t<\/div>\n\t\t\t\t\t\t\t\t\n<style>\n#image_470327079 {\n  width: 100%;\n}\n<\/style>\n\t<\/div>\n\t\n\t\t<\/div>\n\t\t\t\t\t<\/div>\n\n\t\n\n\t<div id=\"col-1305311622\" class=\"col medium-8 small-12 large-8\"  >\n\t\t\t\t<div class=\"col-inner\"  >\n\t\t\t\n\t\t\t\n<h3>Den enkla installationsprocessen f\u00f6r ecoturbino<\/h3>\n<p>Att installera ecoturbino kunde inte vara enklare. H\u00e4r \u00e4r stegen i detalj:<\/p>\n<ol>\n<li><strong>F\u00f6rberedelser:<\/strong> Se till att din duschslang har en <a href=\"https:\/\/en.wikipedia.org\/wiki\/Unified_Thread_Standard\" target=\"_blank\" rel=\"noopener sponsored\"><strong>\u00bd-tums standardg\u00e4nga<\/strong><\/a> (vilket \u00e4r den globala standarden). Detta \u00e4r fallet i de flesta duschar.<\/li>\n<li><strong>Ta bort duschslangen:<\/strong> Skruva loss den genom att vrida den medurs.<\/li>\n<li><strong>F\u00e4st ecoturbino:<\/strong> Skruva helt enkelt fast ecoturbino p\u00e5 blandarens \u00bd-tums standardg\u00e4nga och vrid den medurs tills den sitter ordentligt fast.<\/li>\n<li>Koppla nu vattenslangen till ecoturbino - klart! Din ecoturbino \u00e4r nu klar f\u00f6r anv\u00e4ndning. Det kr\u00e4vs inga ytterligare steg.<\/li>\n<\/ol>\n\t\t<\/div>\n\t\t\t\t\t<\/div>\n\n\t\n<\/div>\n\t<div id=\"gap-596326213\" class=\"gap-element clearfix\" style=\"display:block; height:auto;\">\n\t\t\n<style>\n#gap-596326213 {\n  padding-top: 30px;\n}\n<\/style>\n\t<\/div>\n\t\n<div class=\"row\"  id=\"row-2142743919\">\n\n\t<div id=\"col-1722926178\" class=\"col medium-6 small-12 large-6\"  >\n\t\t\t\t<div class=\"col-inner\"  >\n\t\t\t\n\t\t\t\n<h3>Ingen f\u00f6rkunskap eller expertis kr\u00e4vs<\/h3>\n<p>Det b\u00e4sta med ecoturbino \u00e4r att det \u00e4r <strong>l\u00e4mplig f\u00f6r alla<\/strong>. Du beh\u00f6ver inte ha n\u00e5gra f\u00f6rkunskaper eller n\u00e5gon expertis inom VVS-installationer. Standardg\u00e4ngan och det enkla f\u00e4stet g\u00f6r installationen till en barnlek.<\/p>\n<blockquote>\n<p>Det \u00e4r ett utm\u00e4rkt s\u00e4tt att spara energi och vatten utan att beh\u00f6va oroa sig f\u00f6r en komplicerad installation.<\/p>\n<\/blockquote>\n\t\t<\/div>\n\t\t\t\t\t<\/div>\n\n\t\n\n\t<div id=\"col-2022099129\" class=\"col medium-6 small-12 large-6\"  >\n\t\t\t\t<div class=\"col-inner\" style=\"background-color:#c0d63d;\" >\n\t\t\t\n\t\t\t\n\t<div id=\"text-2466336871\" class=\"text\">\n\t\t\n<h4 class=\"uppercase\">SLUTSATS<\/h4>\n\t\t\n<style>\n#text-2466336871 {\n  font-size: 2rem;\n  text-align: right;\n  color: rgb(255,255,255);\n}\n#text-2466336871 > * {\n  color: rgb(255,255,255);\n}\n@media (min-width:550px) {\n  #text-2466336871 {\n    font-size: 3.5rem;\n  }\n}\n<\/style>\n\t<\/div>\n\t\n<h3>De stora f\u00f6rdelarna med ecoturbino<\/h3>\n<p>Ecoturbino erbjuder inte bara enkel installation utan ocks\u00e5 en rad f\u00f6rdelar som <strong>g\u00f6r det till en v\u00e4rdefull investering<\/strong>:<\/p>\n<ul>\n<li><strong>Vattenbesparingar:<\/strong> Ecoturbino minskar vattenf\u00f6rbrukningen under duschen med 40 procent. Detta sparar inte bara vatten utan s\u00e4nker ocks\u00e5 kostnaderna f\u00f6r vattenproduktion och avfallshantering.<\/li>\n<li><strong>Energibesparingar:<\/strong> Eftersom mindre vatten beh\u00f6ver v\u00e4rmas upp f\u00f6r att ge varmt duschvatten leder ecoturbino ocks\u00e5 till betydande energibesparingar och l\u00e4gre energikostnader.<\/li>\n<li><strong>Milj\u00f6v\u00e4nlig:<\/strong> Minskad vatten- och energif\u00f6rbrukning bidrar till milj\u00f6skydd och minskade CO2-utsl\u00e4pp.<\/li>\n<li><strong>Snabb \u00e5terbetalning:<\/strong> Besparingarna p\u00e5 vatten- och energikostnader g\u00f6r snabbt investeringen i ecoturbino l\u00f6nsam.<\/li>\n<li><strong>F\u00f6rb\u00e4ttrad duschkomfort:<\/strong> Trots den minskade vattenf\u00f6rbrukningen ger ecoturbino fortfarande en stark och njutbar duschupplevelse. Vattenstr\u00e5len f\u00f6rblir robust och behaglig.<\/li>\n<\/ul>\n<blockquote>\n<p>Sammantaget \u00e4r ecoturbino ett enkelt och <strong>kostnadseffektivt s\u00e4tt att spara energi och vatten utan att g\u00f6ra avkall p\u00e5 duschkomforten.<\/strong> Vem som helst kan installera den och dra nytta av de m\u00e5nga f\u00f6rdelar den erbjuder. Det \u00e4r en win-win-l\u00f6sning f\u00f6r din pl\u00e5nbok och milj\u00f6n.<\/p>\n<\/blockquote>\n\t\t<\/div>\n\t\t\t\t\n<style>\n#col-2022099129 > .col-inner {\n  padding: 10px 20px 1px 20px;\n  border-radius: 10px;\n}\n<\/style>\n\t<\/div>\n\n\t\n<\/div>\n\t\t<\/div>\n\t\t\t\t\n<style>\n#col-409056603 > .col-inner {\n  margin: 0px 0px -200px 0px;\n}\n<\/style>\n\t<\/div>\n\n\t\n<\/div>\n\t\t<\/div>\n\n\t\t\n<style>\n#section_386324761 {\n  padding-top: 30px;\n  padding-bottom: 30px;\n}\n<\/style>\n\t<\/section>\n\t\n\n\t<section class=\"section hide-for-small\" id=\"section_1884767207\">\n\t\t<div class=\"section-bg fill\" >\n\t\t\t\t\t\t\t\t\t<div class=\"section-bg-overlay absolute fill\"><\/div>\n\t\t\t\n\n\t\t<\/div>\n\n\t\t\t<div class=\"ux-shape-divider ux-shape-divider--top ux-shape-divider--style-waves-opacity\">\n\t\t<svg viewbox=\"0 0 1000 300\" xmlns=\"http:\/\/www.w3.org\/2000\/svg\" preserveaspectratio=\"none\">\n    <path class=\"ux-shape-fill\" d=\"M0 300L-1 69.71C216 57 299.47 198.86 403 226C506 253 577 196 660 197C740 198 790.09 234.07 874 267C935.23 291 982 282.61 1000 277.61V300H0Z\"\/>\n    <path class=\"ux-shape-fill\" opacity=\"0.5\" d=\"M1 265.094L0 50.5C217 37.79 300.47 186.36 404 213.5C507 240.5 578 196.5 661 197.5C741 198.5 787.59 239.57 871.5 272.5C932.73 296.5 980.5 284.5 998.5 279.5V298.5L1 265.094Z\"\/>\n    <path class=\"ux-shape-fill\" opacity=\"0.15\" d=\"M0.999878 244.094L-0.00012207 27C217 14.29 300.47 173.86 404 201C507 228 578 196 661 197C741 198 787.59 243.07 871.5 276C932.73 300 980.5 284.5 998.5 279.5V299L0.999878 244.094Z\"\/>\n<\/svg>\n\n\t<\/div>\n\n\n\t\t<div class=\"section-content relative\">\n\t\t\t\n\t\t<\/div>\n\n\t\t\n<style>\n#section_1884767207 {\n  padding-top: 220px;\n  padding-bottom: 220px;\n}\n#section_1884767207 .section-bg-overlay {\n  background-color: rgba(0, 0, 0, 0.25);\n}\n#section_1884767207 .ux-shape-divider--top svg {\n  height: 80px;\n  --divider-top-width: 100%;\n}\n@media (min-width:550px) {\n  #section_1884767207 .ux-shape-divider--top svg {\n    height: 124px;\n  }\n}\n<\/style>\n\t<\/section>","protected":false},"excerpt":{"rendered":"","protected":false},"author":1320,"featured_media":0,"parent":0,"menu_order":0,"comment_status":"closed","ping_status":"closed","template":"page-blank.php","meta":{"inline_featured_image":false,"footnotes":""},"class_list":["post-48915","page","type-page","status-publish","hentry"],"_links":{"self":[{"href":"https:\/\/ecoturbino.shop\/sv\/wp-json\/wp\/v2\/pages\/48915","targetHints":{"allow":["GET"]}}],"collection":[{"href":"https:\/\/ecoturbino.shop\/sv\/wp-json\/wp\/v2\/pages"}],"about":[{"href":"https:\/\/ecoturbino.shop\/sv\/wp-json\/wp\/v2\/types\/page"}],"author":[{"embeddable":true,"href":"https:\/\/ecoturbino.shop\/sv\/wp-json\/wp\/v2\/users\/1320"}],"replies":[{"embeddable":true,"href":"https:\/\/ecoturbino.shop\/sv\/wp-json\/wp\/v2\/comments?post=48915"}],"version-history":[{"count":0,"href":"https:\/\/ecoturbino.shop\/sv\/wp-json\/wp\/v2\/pages\/48915\/revisions"}],"wp:attachment":[{"href":"https:\/\/ecoturbino.shop\/sv\/wp-json\/wp\/v2\/media?parent=48915"}],"curies":[{"name":"wp","href":"https:\/\/api.w.org\/{rel}","templated":true}]}}