{"id":48920,"date":"2024-01-23T19:20:20","date_gmt":"2024-01-23T18:20:20","guid":{"rendered":"https:\/\/en.ecoturbino.shop\/?page_id=48920"},"modified":"2026-01-02T10:53:36","modified_gmt":"2026-01-02T09:53:36","slug":"paverkan-7","status":"publish","type":"page","link":"https:\/\/ecoturbino.shop\/sv\/impact-7\/","title":{"rendered":"Turbulent vatten - vitaliserar vattnet"},"content":{"rendered":"<section class=\"section zindex1\" id=\"section_2144435845\">\n\t\t<div class=\"section-bg fill\" >\n\t\t\t\t\t\t\t\t\t\n\t\t\t\n\n\t\t<\/div>\n\n\t\t\n\n\t\t<div class=\"section-content relative\">\n\t\t\t\n<div class=\"row row-small\"  id=\"row-387341053\">\n\n\t<div id=\"col-216986591\" class=\"col medium-9 small-12 large-9\"  >\n\t\t\t\t<div class=\"col-inner\"  >\n\t\t\t\n\t\t\t\n<h1 class=\"uppercase\">Turbulent vatten - ger energi till vattnet<\/h1>\n<h3 class=\"thin-font\">den sjunde effekten av ecoturbino\u00ae vattenbesparande milj\u00f6skyddssystem<\/h3>\n<div class=\"row\"  id=\"row-575212390\">\n\n\t<div id=\"col-236965865\" class=\"col medium-11 small-12 large-11\"  >\n\t\t\t\t<div class=\"col-inner\"  >\n\t\t\t\n\t\t\t\n\t<div id=\"stack-2478113293\" class=\"stack stack-row justify-start items-start\">\n\t\t\n\t<div class=\"img has-hover x md-x lg-x y md-y lg-y\" id=\"image_337965631\">\n\t\t<a class=\"\" href=\"\/sv\/paverkan-1-2\/\" >\t\t\t\t\t\t<div class=\"img-inner image-color dark\" >\n\t\t\t<img decoding=\"async\" width=\"100\" height=\"100\" src=\"https:\/\/ecoturbino.shop\/wp-content\/uploads\/2024\/01\/impact1.svg\" class=\"attachment-original size-original\" alt=\"\" \/>\t\t\t\t\t\t\n\t\t\t\t\t<\/div>\n\t\t\t\t\t\t<\/a>\t\t\n<style>\n#image_337965631 {\n  width: 100%;\n}\n<\/style>\n\t<\/div>\n\t\n\t<div class=\"img has-hover x md-x lg-x y md-y lg-y\" id=\"image_602063536\">\n\t\t<a class=\"\" href=\"\/sv\/paverkan-2-2\/\" >\t\t\t\t\t\t<div class=\"img-inner image-color dark\" >\n\t\t\t<img decoding=\"async\" width=\"100\" height=\"100\" src=\"https:\/\/ecoturbino.shop\/wp-content\/uploads\/2024\/01\/impact2.svg\" class=\"attachment-original size-original\" alt=\"\" \/>\t\t\t\t\t\t\n\t\t\t\t\t<\/div>\n\t\t\t\t\t\t<\/a>\t\t\n<style>\n#image_602063536 {\n  width: 100%;\n}\n<\/style>\n\t<\/div>\n\t\n\t<div class=\"img has-hover x md-x lg-x y md-y lg-y\" id=\"image_1354237565\">\n\t\t<a class=\"\" href=\"\/sv\/paverkan-3-2\/\" >\t\t\t\t\t\t<div class=\"img-inner image-color dark\" >\n\t\t\t<img decoding=\"async\" width=\"100\" height=\"100\" src=\"https:\/\/ecoturbino.shop\/wp-content\/uploads\/2024\/01\/impact3.svg\" class=\"attachment-original size-original\" alt=\"\" \/>\t\t\t\t\t\t\n\t\t\t\t\t<\/div>\n\t\t\t\t\t\t<\/a>\t\t\n<style>\n#image_1354237565 {\n  width: 100%;\n}\n<\/style>\n\t<\/div>\n\t\n\t<div class=\"img has-hover x md-x lg-x y md-y lg-y\" id=\"image_1977079867\">\n\t\t<a class=\"\" href=\"\/sv\/paverkan-4-2\/\" >\t\t\t\t\t\t<div class=\"img-inner image-color dark\" >\n\t\t\t<img decoding=\"async\" width=\"100\" height=\"100\" src=\"https:\/\/ecoturbino.shop\/wp-content\/uploads\/2024\/01\/impact4.svg\" class=\"attachment-original size-original\" alt=\"\" \/>\t\t\t\t\t\t\n\t\t\t\t\t<\/div>\n\t\t\t\t\t\t<\/a>\t\t\n<style>\n#image_1977079867 {\n  width: 100%;\n}\n<\/style>\n\t<\/div>\n\t\n\t<div class=\"img has-hover x md-x lg-x y md-y lg-y\" id=\"image_2084835720\">\n\t\t<a class=\"\" href=\"\/sv\/paverkan-5-2\/\" >\t\t\t\t\t\t<div class=\"img-inner image-color dark\" >\n\t\t\t<img decoding=\"async\" width=\"100\" height=\"100\" src=\"https:\/\/ecoturbino.shop\/wp-content\/uploads\/2024\/01\/impact5.svg\" class=\"attachment-original size-original\" alt=\"\" \/>\t\t\t\t\t\t\n\t\t\t\t\t<\/div>\n\t\t\t\t\t\t<\/a>\t\t\n<style>\n#image_2084835720 {\n  width: 100%;\n}\n<\/style>\n\t<\/div>\n\t\n\t<div class=\"img has-hover x md-x lg-x y md-y lg-y\" id=\"image_151361036\">\n\t\t<a class=\"\" href=\"\/sv\/paverkan-6-2\/\" >\t\t\t\t\t\t<div class=\"img-inner image-color dark\" >\n\t\t\t<img decoding=\"async\" width=\"100\" height=\"100\" src=\"https:\/\/ecoturbino.shop\/wp-content\/uploads\/2024\/01\/impact6.svg\" class=\"attachment-original size-original\" alt=\"\" \/>\t\t\t\t\t\t\n\t\t\t\t\t<\/div>\n\t\t\t\t\t\t<\/a>\t\t\n<style>\n#image_151361036 {\n  width: 100%;\n}\n<\/style>\n\t<\/div>\n\t\n\t<div class=\"img has-hover x md-x lg-x y md-y lg-y\" id=\"image_1400675920\">\n\t\t\t\t\t\t\t\t<div class=\"img-inner dark\" >\n\t\t\t<img decoding=\"async\" width=\"100\" height=\"100\" src=\"https:\/\/ecoturbino.shop\/wp-content\/uploads\/2024\/01\/impact7.svg\" class=\"attachment-original size-original\" alt=\"\" \/>\t\t\t\t\t\t\n\t\t\t\t\t<\/div>\n\t\t\t\t\t\t\t\t\n<style>\n#image_1400675920 {\n  width: 100%;\n}\n<\/style>\n\t<\/div>\n\t\n\t\t\n<style>\n#stack-2478113293 > * {\n  --stack-gap: 1rem;\n}\n<\/style>\n\t<\/div>\n\t\n\t\t<\/div>\n\t\t\t\t\t<\/div>\n\n\t\n<\/div>\n\t\t<\/div>\n\t\t\t\t\t<\/div>\n\n\t\n\n\t<div id=\"col-38586982\" class=\"col medium-3 small-12 large-3\"  >\n\t\t\t\t<div class=\"col-inner\"  >\n\t\t\t\n\t\t\t\n\t<div class=\"img has-hover x md-x lg-x y md-y lg-y\" id=\"image_918036931\">\n\t\t\t\t\t\t\t\t<div class=\"img-inner dark\" >\n\t\t\t<img decoding=\"async\" width=\"100\" height=\"100\" src=\"https:\/\/ecoturbino.shop\/wp-content\/uploads\/2024\/01\/impact7.svg\" class=\"attachment-original size-original\" alt=\"\" \/>\t\t\t\t\t\t\n\t\t\t\t\t<\/div>\n\t\t\t\t\t\t\t\t\n<style>\n#image_918036931 {\n  width: 100%;\n}\n<\/style>\n\t<\/div>\n\t\n\t\t<\/div>\n\t\t\t\t\t<\/div>\n\n\t\n<\/div>\n<div class=\"row\"  id=\"row-529046065\">\n\n\t<div id=\"col-279794528\" class=\"col small-12 large-12\"  >\n\t\t\t\t<div class=\"col-inner\"  >\n\t\t\t\n\t\t\t\n<div class=\"is-divider divider clearfix\" style=\"max-width:100%;height:1px;\"><\/div>\n<h2><span style=\"font-size: 120%;\">Turbulent vatten i duschen tack vare ecoturbino | Hur luften vitaliserar vattenstr\u00f6mmen<\/span><\/h2>\n<p>Den <strong>Morgonduschen \u00e4r ett avg\u00f6rande \u00f6gonblick<\/strong> f\u00f6r m\u00e5nga m\u00e4nniskor att<strong> b\u00f6rja dagen med att k\u00e4nna dig fr\u00e4sch och full av energi<\/strong>. En uppfriskande vattenstr\u00f6m kan g\u00f6ra underverk och v\u00e4cka sinnena till liv.<\/p>\n<p>ecoturbino g\u00e5r ett steg l\u00e4ngre f\u00f6r att f\u00f6rb\u00e4ttra denna duschupplevelse genom att<strong> som genererar turbulent vatten.<\/strong> Men hur fungerar den egentligen? Svaret ligger i den smarta <strong>inf\u00f6rande av luft i vattenstr\u00f6mmen<\/strong>, vilket resulterar i en vitaliserande och effektiv duschupplevelse.<\/p>\n<h3>Luftens roll i duschen<\/h3>\n<p>Luft spelar en avg\u00f6rande roll f\u00f6r att f\u00f6rh\u00f6ja duschupplevelsen. N\u00e4r den introduceras i vattenstr\u00f6mmen \u00e4r den <strong>skapar sm\u00e5 luftbubblor som r\u00f6r om i vattnet och ger mer volym och struktur.<\/strong> Detta leder till en turbulent vattenstr\u00f6m som erbjuder<strong> h\u00f6gre effektivitet och en behagligare duschupplevelse.<\/strong><\/p>\n<h3>Den innovativa tekniken hos ecoturbino<\/h3>\n<p>ecoturbino anv\u00e4nder detta <strong>luftteknik f\u00f6r att f\u00f6rb\u00e4ttra vattenfl\u00f6det.<\/strong> Tekniken bygger p\u00e5 en speciell f\u00f6rminskning av tv\u00e4rsnittet som <strong>p\u00e5skyndar vattenfl\u00f6det<\/strong> samtidigt som luft sugs in. Luften blandas sedan med vattnet och skapar en dynamisk och uppfriskande str\u00f6m.<\/p>\n\t<div id=\"gap-1489024625\" class=\"gap-element clearfix\" style=\"display:block; height:auto;\">\n\t\t\n<style>\n#gap-1489024625 {\n  padding-top: 30px;\n}\n<\/style>\n\t<\/div>\n\t\n<div class=\"row\"  id=\"row-1213281571\">\n\n\t<div id=\"col-94327773\" class=\"col medium-4 small-12 large-4\"  >\n\t\t\t\t<div class=\"col-inner\"  >\n\t\t\t\n\t\t\t\n\t<div class=\"img has-hover radius10 x md-x lg-x y md-y lg-y\" id=\"image_1376508471\">\n\t\t\t\t\t\t\t\t<div class=\"img-inner dark\" >\n\t\t\t<img decoding=\"async\" width=\"600\" height=\"600\" src=\"https:\/\/ecoturbino.shop\/wp-content\/uploads\/2024\/01\/air-water_600.webp\" class=\"attachment-original size-original\" alt=\"Luft Vatten ecoturbino\" srcset=\"https:\/\/ecoturbino.shop\/wp-content\/uploads\/2024\/01\/air-water_600.webp 600w, https:\/\/ecoturbino.shop\/wp-content\/uploads\/2024\/01\/air-water_600-470x470.webp 470w, https:\/\/ecoturbino.shop\/wp-content\/uploads\/2024\/01\/air-water_600-340x340.webp 340w\" sizes=\"(max-width: 600px) 100vw, 600px\" \/>\t\t\t\t\t\t\n\t\t\t\t\t<\/div>\n\t\t\t\t\t\t\t\t\n<style>\n#image_1376508471 {\n  width: 100%;\n}\n<\/style>\n\t<\/div>\n\t\n\t\t<\/div>\n\t\t\t\t\t<\/div>\n\n\t\n\n\t<div id=\"col-13033249\" class=\"col medium-8 small-12 large-8\"  >\n\t\t\t\t<div class=\"col-inner\"  >\n\t\t\t\n\t\t\t\n<h3>F\u00f6rdelarna med turbulent vatten i duschen<\/h3>\n<ul>\n<li><strong>Mer effektiv reng\u00f6ring:<\/strong> A <a href=\"https:\/\/en.wikipedia.org\/wiki\/Turbulence\" target=\"_blank\" rel=\"noopener sponsored\">turbulent<\/a> vattenstr\u00e5len kan effektivt avl\u00e4gsna smuts och tv\u00e5l fr\u00e5n hud och h\u00e5r, vilket resulterar i en grundligare reng\u00f6ring och en b\u00e4ttre duschupplevelse.<\/li>\n<li><strong>Vattenbesparingar:<\/strong> Genom att tills\u00e4tta luft kan ecoturbino \u00f6ka vattentrycket utan att f\u00f6rbruka mer vatten. Detta ger en bekv\u00e4m duschupplevelse med minskad vattenf\u00f6rbrukning.<\/li>\n<li><strong>Energibesparingar:<\/strong> Eftersom mindre vatten beh\u00f6ver v\u00e4rmas upp f\u00f6r att ge varmt duschvatten leder ecoturbino ocks\u00e5 till energibesparingar och l\u00e4gre energikostnader.<\/li>\n<li><strong>F\u00f6rb\u00e4ttrad duschkomfort:<\/strong> Den mer turbulenta vattenstr\u00f6mmen fr\u00e5n ecoturbino k\u00e4nns starkare och mer behaglig, vilket leder till f\u00f6rb\u00e4ttrad duschkomfort.<\/li>\n<li><strong>Milj\u00f6v\u00e4nlig:<\/strong> Minskad vatten- och energif\u00f6rbrukning inneb\u00e4r mindre belastning p\u00e5 milj\u00f6n och minskade CO2-utsl\u00e4pp.<\/li>\n<\/ul>\n\t\t<\/div>\n\t\t\t\t\t<\/div>\n\n\t\n<\/div>\n\t<div id=\"gap-1984448614\" class=\"gap-element clearfix\" style=\"display:block; height:auto;\">\n\t\t\n<style>\n#gap-1984448614 {\n  padding-top: 30px;\n}\n<\/style>\n\t<\/div>\n\t\n<div class=\"row\"  id=\"row-1973197696\">\n\n\t<div id=\"col-53998490\" class=\"col medium-6 small-12 large-6\"  >\n\t\t\t\t<div class=\"col-inner\"  >\n\t\t\t\n\t\t\t\n<h3>Installationen av <a href=\"https:\/\/ecoturbino.shop\/sv\/kopa\/ecoturbino-et10l-duschadapter-silver-2\/\">ecoturbino<\/a><\/h3>\n<p>Installationen av ecoturbino kunde inte vara enklare. Den levereras vanligtvis med en \u00bd-tums standardg\u00e4nga, som finns i de flesta duschar.<\/p>\n<p>Detta g\u00f6r det m\u00f6jligt f\u00f6r <strong>snabb och okomplicerad installation utan behov av specialverktyg<\/strong> eller expertis. P\u00e5 bara n\u00e5gra minuter kan vem som helst njuta av f\u00f6rdelarna med en turbulent vattenstr\u00f6m.<\/p>\n\t\t<\/div>\n\t\t\t\t\t<\/div>\n\n\t\n\n\t<div id=\"col-1575059646\" class=\"col medium-6 small-12 large-6\"  >\n\t\t\t\t<div class=\"col-inner\" style=\"background-color:#c0d63d;\" >\n\t\t\t\n\t\t\t\n\t<div id=\"text-3283791220\" class=\"text\">\n\t\t\n<h4 class=\"uppercase\">SLUTSATS<\/h4>\n\t\t\n<style>\n#text-3283791220 {\n  font-size: 2rem;\n  text-align: right;\n  color: rgb(255,255,255);\n}\n#text-3283791220 > * {\n  color: rgb(255,255,255);\n}\n@media (min-width:550px) {\n  #text-3283791220 {\n    font-size: 3.5rem;\n  }\n}\n<\/style>\n\t<\/div>\n\t\n<h3>En uppfriskande duschupplevelse tack vare ecoturbino<\/h3>\n<blockquote>\n<p>ecoturbino erbjuder en innovativ l\u00f6sning f\u00f6r att generera turbulent vatten i duschen och njuta av f\u00f6rdelarna med en uppfriskande vattenstr\u00f6m.<\/p>\n<\/blockquote>\n<p>Genom att f\u00f6ra in luft i vattenstr\u00f6mmen blir det m\u00f6jligt att <strong>duscha mer effektivt, spara vatten och energi,<\/strong> och <strong>f\u00f6rb\u00e4ttra duschkomforten<\/strong>t.<\/p>\n<p>Tack vare den enkla installationen kan alla dra nytta av f\u00f6rdelarna med ecoturbino och lyfta upplevelsen av morgonduschen till en ny niv\u00e5.<\/p>\n\t\t<\/div>\n\t\t\t\t\n<style>\n#col-1575059646 > .col-inner {\n  padding: 10px 20px 1px 25px;\n  border-radius: 10px;\n}\n<\/style>\n\t<\/div>\n\n\t\n<\/div>\n\t\t<\/div>\n\t\t\t\t\n<style>\n#col-279794528 > .col-inner {\n  margin: 0px 0px -200px 0px;\n}\n<\/style>\n\t<\/div>\n\n\t\n<\/div>\n\t\t<\/div>\n\n\t\t\n<style>\n#section_2144435845 {\n  padding-top: 30px;\n  padding-bottom: 30px;\n}\n<\/style>\n\t<\/section>\n\t\n\n\t<section class=\"section hide-for-small\" id=\"section_1711195443\">\n\t\t<div class=\"section-bg fill\" >\n\t\t\t<img decoding=\"async\" width=\"1920\" height=\"683\" src=\"https:\/\/ecoturbino.shop\/wp-content\/uploads\/2025\/12\/ecoturbino-function_1920.webp\" class=\"bg attachment- size-\" alt=\"ecoturbino-funktion\" \/>\t\t\t\t\t\t<div class=\"section-bg-overlay absolute fill\"><\/div>\n\t\t\t\n\n\t\t<\/div>\n\n\t\t\t<div class=\"ux-shape-divider ux-shape-divider--top ux-shape-divider--style-waves-opacity\">\n\t\t<svg viewbox=\"0 0 1000 300\" xmlns=\"http:\/\/www.w3.org\/2000\/svg\" preserveaspectratio=\"none\">\n    <path class=\"ux-shape-fill\" d=\"M0 300L-1 69.71C216 57 299.47 198.86 403 226C506 253 577 196 660 197C740 198 790.09 234.07 874 267C935.23 291 982 282.61 1000 277.61V300H0Z\"\/>\n    <path class=\"ux-shape-fill\" opacity=\"0.5\" d=\"M1 265.094L0 50.5C217 37.79 300.47 186.36 404 213.5C507 240.5 578 196.5 661 197.5C741 198.5 787.59 239.57 871.5 272.5C932.73 296.5 980.5 284.5 998.5 279.5V298.5L1 265.094Z\"\/>\n    <path class=\"ux-shape-fill\" opacity=\"0.15\" d=\"M0.999878 244.094L-0.00012207 27C217 14.29 300.47 173.86 404 201C507 228 578 196 661 197C741 198 787.59 243.07 871.5 276C932.73 300 980.5 284.5 998.5 279.5V299L0.999878 244.094Z\"\/>\n<\/svg>\n\n\t<\/div>\n\n\n\t\t<div class=\"section-content relative\">\n\t\t\t\n\t\t<\/div>\n\n\t\t\n<style>\n#section_1711195443 {\n  padding-top: 220px;\n  padding-bottom: 220px;\n}\n#section_1711195443 .section-bg-overlay {\n  background-color: rgba(0, 0, 0, 0.25);\n}\n#section_1711195443 .ux-shape-divider--top svg {\n  height: 80px;\n  --divider-top-width: 100%;\n}\n@media (min-width:550px) {\n  #section_1711195443 .ux-shape-divider--top svg {\n    height: 124px;\n  }\n}\n<\/style>\n\t<\/section>","protected":false},"excerpt":{"rendered":"","protected":false},"author":1320,"featured_media":0,"parent":0,"menu_order":0,"comment_status":"closed","ping_status":"closed","template":"page-blank.php","meta":{"inline_featured_image":false,"footnotes":""},"class_list":["post-48920","page","type-page","status-publish","hentry"],"_links":{"self":[{"href":"https:\/\/ecoturbino.shop\/sv\/wp-json\/wp\/v2\/pages\/48920","targetHints":{"allow":["GET"]}}],"collection":[{"href":"https:\/\/ecoturbino.shop\/sv\/wp-json\/wp\/v2\/pages"}],"about":[{"href":"https:\/\/ecoturbino.shop\/sv\/wp-json\/wp\/v2\/types\/page"}],"author":[{"embeddable":true,"href":"https:\/\/ecoturbino.shop\/sv\/wp-json\/wp\/v2\/users\/1320"}],"replies":[{"embeddable":true,"href":"https:\/\/ecoturbino.shop\/sv\/wp-json\/wp\/v2\/comments?post=48920"}],"version-history":[{"count":0,"href":"https:\/\/ecoturbino.shop\/sv\/wp-json\/wp\/v2\/pages\/48920\/revisions"}],"wp:attachment":[{"href":"https:\/\/ecoturbino.shop\/sv\/wp-json\/wp\/v2\/media?parent=48920"}],"curies":[{"name":"wp","href":"https:\/\/api.w.org\/{rel}","templated":true}]}}