{"id":49029,"date":"2024-02-05T01:24:18","date_gmt":"2024-02-05T00:24:18","guid":{"rendered":"https:\/\/en.ecoturbino.shop\/?page_id=49029"},"modified":"2024-02-06T11:24:51","modified_gmt":"2024-02-06T10:24:51","slug":"hotellvoucher-2","status":"publish","type":"page","link":"https:\/\/ecoturbino.shop\/sv\/hotelvoucher\/","title":{"rendered":"Beg\u00e4ran om 50% v\u00e4rdecheck | 1x ecoturbino Deluxe Set, silver"},"content":{"rendered":"<div class=\"banner has-hover\" id=\"banner-165510362\">\n          <div class=\"banner-inner fill\">\n        <div class=\"banner-bg fill\" >\n            <img decoding=\"async\" width=\"800\" height=\"92\" src=\"https:\/\/ecoturbino.shop\/wp-content\/uploads\/2023\/10\/water-faq-2000-sw-800x92-1.webp\" class=\"bg attachment-original size-original\" alt=\"\" \/>                        <div class=\"overlay\"><\/div>            \n                    <\/div>\n\t\t\n        <div class=\"banner-layers container\">\n            <div class=\"fill banner-link\"><\/div>            \n   <div id=\"text-box-1802370929\" class=\"text-box banner-layer x50 md-x50 lg-x50 y50 md-y50 lg-y50 res-text\">\n                                <div class=\"text-box-content text dark\">\n              \n              <div class=\"text-inner text-center\">\n                  \n\t<div id=\"text-1642490588\" class=\"text\">\n\t\t\n<h1>50% BEG\u00c4RAN OM RABATTKUPONG<\/h1>\n<h3>Sanningen om hotellens badrum: F\u00f6rhindra avfall!<\/h3>\n\t\t\n<style>\n#text-1642490588 {\n  font-size: 0.75rem;\n}\n<\/style>\n\t<\/div>\n\t\n              <\/div>\n           <\/div>\n                            \n<style>\n#text-box-1802370929 {\n  width: 88%;\n}\n#text-box-1802370929 .text-box-content {\n  font-size: 100%;\n}\n@media (min-width:550px) {\n  #text-box-1802370929 {\n    width: 100%;\n  }\n}\n@media (min-width:850px) {\n  #text-box-1802370929 {\n    width: 86%;\n  }\n}\n<\/style>\n    <\/div>\n \n        <\/div>\n      <\/div>\n\n            \n<style>\n#banner-165510362 {\n  padding-top: 230px;\n}\n#banner-165510362 .overlay {\n  background-color: rgba(0, 0, 0, 0.5);\n}\n@media (min-width:550px) {\n  #banner-165510362 {\n    padding-top: 200px;\n  }\n}\n@media (min-width:850px) {\n  #banner-165510362 {\n    padding-top: 190px;\n  }\n}\n<\/style>\n  <\/div>\n\n\n<div class=\"row\"  id=\"row-977004030\">\n\n\t<div id=\"col-1777272104\" class=\"col medium-8 small-12 large-8\"  >\n\t\t\t\t<div class=\"col-inner\"  >\n\t\t\t\n\t\t\t\n<p><span style=\"color: #555555;\">I aff\u00e4rslivet har ingen tid med l\u00e5nga f\u00f6rklaringar. Det \u00e4r d\u00e4rf\u00f6r vi g\u00f6r det: Bes\u00f6k v\u00e5r internationella portal <\/span><strong style=\"color: #555555;\">\u201c<a href=\"https:\/\/ecoturbino.eu\/\" target=\"_blank\" rel=\"noopener\">Ord av ecoturbino<\/a>\u201c<\/strong><span style=\"color: #555555;\"> och se sj\u00e4lv hur v\u00e5ra globala partners drar nytta av f\u00f6rdelarna med <\/span><strong style=\"color: #555555;\">\u201cecoturbino - originalet\u201d<\/strong><span style=\"color: #555555;\">.<\/span><\/p>\n<blockquote><p>Ditt n\u00e4sta steg: beg\u00e4r en 50%-kupong NU, best\u00e4ll <a href=\"https:\/\/ecoturbino.shop\/sv\/kopa\/ecoturbino-duschmunstycke-deluxe-set-silver\/\">ecoturbino Deluxe Set<\/a>, installera den, upplev den sj\u00e4lv + njut av f\u00f6rdelarna med ecoturbino\u00ae.<\/p><\/blockquote>\n<div class=\"accordion\">\n\t<div id=\"accordion-2186875739\" class=\"accordion-item\">\n\t\t<a id=\"accordion-2186875739-label\" class=\"accordion-title plain\" aria-expanded=\"false\" aria-controls=\"accordion-2186875739-content\">\n\t\t\t<button class=\"toggle\" aria-label=\"Toggle\"><i class=\"icon-angle-down\" aria-hidden=\"true\"><\/i><\/button>\n\t\t\t<span>I ett n\u00f6tskal: Vilka \u00e4r mina f\u00f6rdelar som hotelloperat\u00f6r?<\/span>\n\t\t<\/a>\n\t\t<div id=\"accordion-2186875739-content\" class=\"accordion-inner\" aria-labelledby=\"accordion-2186875739-label\">\n\t\t\t\n<ol>\n<li><strong>F\u00f6rb\u00e4ttra badrumshygienen<br \/>\n<\/strong>genom att - t\u00f6mma duschslangen efter duschning = minskar biofilm och legionella!<\/li>\n<li><strong>Minska arbetskraftskostnaderna<\/strong><br \/>\ngenom - Mindre kalkavlagringar \u201d f\u00e4rre f\u00f6rkalkade duschmunstycken = mindre tids\u00e5tg\u00e5ng = mer hygien!<\/li>\n<li><strong>Minska f\u00f6rbrukningskostnaderna med 40%<\/strong><br \/>\ngenom - minskade vatten- och avloppskostnader i badrummet = avskrivningstid 1-2 m\u00e5nader!<\/li>\n<li><strong>100% duschkomfort bibeh\u00e5lls<\/strong><br \/>\nmen - vattenbesparing fr\u00e5n ca 15 liter till 7 liter per minut - med full duschgl\u00e4dje<\/li>\n<\/ol>\n\t\t<\/div>\n\t<\/div>\n\t\n<\/div>\n\t<div id=\"gap-1741819140\" class=\"gap-element clearfix\" style=\"display:block; height:auto;\">\n\t\t\n<style>\n#gap-1741819140 {\n  padding-top: 30px;\n}\n<\/style>\n\t<\/div>\n\t\n<div class=\"row\"  id=\"row-752701846\">\n\n\t<div id=\"col-1689374028\" class=\"col small-12 large-12\"  >\n\t\t\t\t<div class=\"col-inner\" style=\"background-color:rgb(242, 242, 242);\" >\n\t\t\t\n\t<div class=\"is-border is-dashed\"\n\t\tstyle=\"border-color:rgba(85, 85, 85, 0.75);border-radius:10px;border-width:2px 2px 2px 2px;\">\n\t<\/div>\n\t\t\t\n\n<div class=\"wpcf7 no-js\" id=\"wpcf7-f49037-o1\" lang=\"en-GB\" dir=\"ltr\" data-wpcf7-id=\"49037\">\n<div class=\"screen-reader-response\"><p role=\"status\" aria-live=\"polite\" aria-atomic=\"true\"><\/p> <ul><\/ul><\/div>\n<form action=\"\/sv\/wp-json\/wp\/v2\/pages\/49029#wpcf7-f49037-o1\" method=\"post\" class=\"wpcf7-form init\" aria-label=\"Contact form\" novalidate=\"novalidate\" data-status=\"init\" data-trp-original-action=\"\/sv\/wp-json\/wp\/v2\/pages\/49029#wpcf7-f49037-o1\">\n<fieldset class=\"hidden-fields-container\"><input type=\"hidden\" name=\"_wpcf7\" value=\"49037\" \/><input type=\"hidden\" name=\"_wpcf7_version\" value=\"6.1.5\" \/><input type=\"hidden\" name=\"_wpcf7_locale\" value=\"en_GB\" \/><input type=\"hidden\" name=\"_wpcf7_unit_tag\" value=\"wpcf7-f49037-o1\" \/><input type=\"hidden\" name=\"_wpcf7_container_post\" value=\"0\" \/><input type=\"hidden\" name=\"_wpcf7_posted_data_hash\" value=\"\" \/>\n<\/fieldset>\n<p><span class=\"wpcf7-form-control-wrap\" data-name=\"name5102\"><input size=\"40\" maxlength=\"400\" class=\"wpcf7-form-control wpcf7-text wpcf7-validates-as-required\" aria-required=\"true\" aria-invalid=\"false\" placeholder=\"F\u00f6retagets namn (hotell, pensionat, ...)\" value=\"\" type=\"text\" name=\"name5102\" \/><\/span>\n<\/p>\n<p><span class=\"wpcf7-form-control-wrap\" data-name=\"partner5102\"><input size=\"40\" maxlength=\"400\" class=\"wpcf7-form-control wpcf7-text wpcf7-validates-as-required\" aria-required=\"true\" aria-invalid=\"false\" placeholder=\"Kontaktperson* kontaktperson\" value=\"\" type=\"text\" name=\"partner5102\" \/><\/span>\n<\/p>\n<p><span class=\"wpcf7-form-control-wrap\" data-name=\"email5102\"><input size=\"40\" maxlength=\"400\" class=\"wpcf7-form-control wpcf7-email wpcf7-validates-as-required wpcf7-text wpcf7-validates-as-email\" aria-required=\"true\" aria-invalid=\"false\" placeholder=\"@Mail-adress*\" value=\"\" type=\"email\" name=\"email5102\" \/><\/span>\n<\/p>\n<p><span class=\"wpcf7-form-control-wrap\" data-name=\"telefon5102\"><input size=\"40\" maxlength=\"400\" class=\"wpcf7-form-control wpcf7-text\" aria-invalid=\"false\" placeholder=\"Telefon\" value=\"\" type=\"text\" name=\"telefon5102\" \/><\/span>\n<\/p>\n<p><span class=\"wpcf7-form-control-wrap\" data-name=\"betrieb5102\"><input size=\"40\" maxlength=\"400\" class=\"wpcf7-form-control wpcf7-text\" aria-invalid=\"false\" placeholder=\"F\u00f6retagsnummer\/f\u00f6retagsregisternummer\" value=\"\" type=\"text\" name=\"betrieb5102\" \/><\/span>\n<\/p>\n<div class=\"acceptance-container\" style=\"margin-bottom:15px;\">\n\t<p><span class=\"wpcf7-form-control-wrap\" data-name=\"beratung5102\"><span class=\"wpcf7-form-control wpcf7-acceptance optional\"><span class=\"wpcf7-list-item\"><input type=\"checkbox\" name=\"beratung5102\" value=\"1\" aria-invalid=\"false\" \/><\/span><\/span><\/span>Ring g\u00e4rna i f\u00f6rv\u00e4g f\u00f6r produktr\u00e5dgivning!\n\t<\/p>\n<\/div>\n<div class=\"wpcf7-turnstile cf-turnstile\" data-sitekey=\"0x4AAAAAAALCOGxAMe4ujVPQ\" data-response-field-name=\"_wpcf7_turnstile_response\"><\/div>\n<p><input class=\"wpcf7-form-control wpcf7-submit has-spinner\" type=\"submit\" value=\"S\u00e4ndning\" \/>\n<\/p><div class=\"wpcf7-response-output\" aria-hidden=\"true\"><\/div>\n<input type=\"hidden\" name=\"trp-form-language\" value=\"sv\"\/><\/form>\n<\/div>\n\n\t\t<\/div>\n\t\t\t\t\n<style>\n#col-1689374028 > .col-inner {\n  padding: 25px 25px 25px 25px;\n  border-radius: 10px;\n}\n<\/style>\n\t<\/div>\n\n\t\n<\/div>\n\t\t<\/div>\n\t\t\t\t\t<\/div>\n\n\t\n\n\t<div id=\"col-451087043\" class=\"col medium-4 small-12 large-4\"  >\n\t\t\t\t<div class=\"col-inner text-center\"  >\n\t\t\t\n\t\t\t\n\t<div class=\"img has-hover x md-x lg-x y md-y lg-y\" id=\"image_1874911427\">\n\t\t<a class=\"\" href=\"https:\/\/ecoturbino.shop\/sv\/paverkan-1-2\/\" target=\"_blank\" rel=\"noopener\">\t\t\t\t\t\t<div class=\"img-inner dark\" >\n\t\t\t<img decoding=\"async\" width=\"100\" height=\"100\" src=\"https:\/\/ecoturbino.shop\/wp-content\/uploads\/2024\/01\/impact1-7.svg\" class=\"attachment-original size-original\" alt=\"\" \/>\t\t\t\t\t\t\n\t\t\t\t\t<\/div>\n\t\t\t\t\t\t<\/a>\t\t\n<style>\n#image_1874911427 {\n  width: 57%;\n}\n<\/style>\n\t<\/div>\n\t\n\t<div class=\"img has-hover x md-x lg-x y md-y lg-y\" id=\"image_954653245\">\n\t\t<a class=\"\" href=\"\/sv\/detaljer\/\" >\t\t\t\t\t\t<div class=\"img-inner dark\" >\n\t\t\t<img decoding=\"async\" width=\"2000\" height=\"2000\" src=\"https:\/\/ecoturbino.shop\/wp-content\/uploads\/2023\/08\/ecoturbino-handbrause-teile-silber-set_2000.webp\" class=\"attachment-original size-original\" alt=\"Duschhuvud DELUXE Dusch SET 10 Legio | ecoturbino\u00ae ET10L Vattenbesparande adapter + Duschslang + DESIGN Duschhuvud | silver\" srcset=\"https:\/\/ecoturbino.shop\/wp-content\/uploads\/2023\/08\/ecoturbino-handbrause-teile-silber-set_2000.webp 2000w, https:\/\/ecoturbino.shop\/wp-content\/uploads\/2023\/08\/ecoturbino-handbrause-teile-silber-set_2000-470x470.webp 470w, https:\/\/ecoturbino.shop\/wp-content\/uploads\/2023\/08\/ecoturbino-handbrause-teile-silber-set_2000-635x635.webp 635w, https:\/\/ecoturbino.shop\/wp-content\/uploads\/2023\/08\/ecoturbino-handbrause-teile-silber-set_2000-800x800.webp 800w, https:\/\/ecoturbino.shop\/wp-content\/uploads\/2023\/08\/ecoturbino-handbrause-teile-silber-set_2000-1600x1600.webp 1600w, https:\/\/ecoturbino.shop\/wp-content\/uploads\/2023\/08\/ecoturbino-handbrause-teile-silber-set_2000-340x340.webp 340w, https:\/\/ecoturbino.shop\/wp-content\/uploads\/2023\/08\/ecoturbino-handbrause-teile-silber-set_2000-1536x1536.webp 1536w\" sizes=\"(max-width: 2000px) 100vw, 2000px\" \/>\t\t\t\t\t\t\n\t\t\t\t\t<\/div>\n\t\t\t\t\t\t<\/a>\t\t\n<style>\n#image_954653245 {\n  width: 74%;\n}\n<\/style>\n\t<\/div>\n\t\n<h3>Din bekymmersfria 50% DELUXE testupps\u00e4ttning!<\/h3>\n\t<div id=\"gap-1395815333\" class=\"gap-element clearfix\" style=\"display:block; height:auto;\">\n\t\t\n<style>\n#gap-1395815333 {\n  padding-top: 30px;\n}\n<\/style>\n\t<\/div>\n\t\n<div class=\"row align-center\"  id=\"row-568383102\">\n\n\t<div id=\"col-60201638\" class=\"col small-12 large-12\"  >\n\t\t\t\t<div class=\"col-inner text-center dark\" style=\"background-color:#199bc5;\" >\n\t\t\t\n\t\t\t\n\t<div id=\"stack-3430478243\" class=\"stack stack-row justify-center items-center\">\n\t\t\n\t<div class=\"img has-hover x md-x lg-x y md-y lg-y\" id=\"image_1421192155\">\n\t\t\t\t\t\t\t\t<div class=\"img-inner dark\" >\n\t\t\t<img decoding=\"async\" width=\"16\" height=\"16\" src=\"https:\/\/ecoturbino.shop\/wp-content\/uploads\/2023\/08\/email-icon.svg\" class=\"attachment-original size-original\" alt=\"E-post-ikon\" \/>\t\t\t\t\t\t\n\t\t\t\t\t<\/div>\n\t\t\t\t\t\t\t\t\n<style>\n#image_1421192155 {\n  width: 15%;\n}\n@media (min-width:550px) {\n  #image_1421192155 {\n    width: 20%;\n  }\n}\n<\/style>\n\t<\/div>\n\t\n\t<div class=\"img has-hover x md-x lg-x y md-y lg-y\" id=\"image_1489495165\">\n\t\t\t\t\t\t\t\t<div class=\"img-inner dark\" >\n\t\t\t<img decoding=\"async\" width=\"16\" height=\"16\" src=\"https:\/\/ecoturbino.shop\/wp-content\/uploads\/2023\/08\/phone-icon.svg\" class=\"attachment-original size-original\" alt=\"Telefonikon\" \/>\t\t\t\t\t\t\n\t\t\t\t\t<\/div>\n\t\t\t\t\t\t\t\t\n<style>\n#image_1489495165 {\n  width: 15%;\n}\n@media (min-width:550px) {\n  #image_1489495165 {\n    width: 18%;\n  }\n}\n<\/style>\n\t<\/div>\n\t\n\t\t\n<style>\n#stack-3430478243 > * {\n  --stack-gap: 1.5rem;\n}\n<\/style>\n\t<\/div>\n\t\n\t<div id=\"gap-689494809\" class=\"gap-element clearfix\" style=\"display:block; height:auto;\">\n\t\t\n<style>\n#gap-689494809 {\n  padding-top: 10px;\n}\n<\/style>\n\t<\/div>\n\t\n<h3 class=\"uppercase\">E-post | TELEFON<\/h3>\n<p><span style=\"font-size: 120%;\"><a href=\"mailto:sales@ecoturbino.shop\">f\u00f6rs\u00e4ljning (at) ecoturbino.shop<\/a><\/span><br \/>\n<span style=\"font-size: 120%;\"><a href=\"tel:+4369918180000\">+43 699 18180000<\/a><\/span><\/p>\n\t\t<\/div>\n\t\t\t\t\n<style>\n#col-60201638 > .col-inner {\n  padding: 20px 0px 10px 0px;\n  border-radius: 10px;\n}\n<\/style>\n\t<\/div>\n\n\t\n<\/div>\n\t\t<\/div>\n\t\t\t\t\t<\/div>\n\n\t\n<\/div>","protected":false},"excerpt":{"rendered":"","protected":false},"author":1320,"featured_media":48720,"parent":0,"menu_order":0,"comment_status":"closed","ping_status":"closed","template":"page-blank.php","meta":{"inline_featured_image":false,"footnotes":""},"class_list":["post-49029","page","type-page","status-publish","has-post-thumbnail","hentry"],"_links":{"self":[{"href":"https:\/\/ecoturbino.shop\/sv\/wp-json\/wp\/v2\/pages\/49029","targetHints":{"allow":["GET"]}}],"collection":[{"href":"https:\/\/ecoturbino.shop\/sv\/wp-json\/wp\/v2\/pages"}],"about":[{"href":"https:\/\/ecoturbino.shop\/sv\/wp-json\/wp\/v2\/types\/page"}],"author":[{"embeddable":true,"href":"https:\/\/ecoturbino.shop\/sv\/wp-json\/wp\/v2\/users\/1320"}],"replies":[{"embeddable":true,"href":"https:\/\/ecoturbino.shop\/sv\/wp-json\/wp\/v2\/comments?post=49029"}],"version-history":[{"count":0,"href":"https:\/\/ecoturbino.shop\/sv\/wp-json\/wp\/v2\/pages\/49029\/revisions"}],"wp:featuredmedia":[{"embeddable":true,"href":"https:\/\/ecoturbino.shop\/sv\/wp-json\/wp\/v2\/media\/48720"}],"wp:attachment":[{"href":"https:\/\/ecoturbino.shop\/sv\/wp-json\/wp\/v2\/media?parent=49029"}],"curies":[{"name":"wp","href":"https:\/\/api.w.org\/{rel}","templated":true}]}}