{"id":50140,"date":"2024-05-24T12:05:41","date_gmt":"2024-05-24T10:05:41","guid":{"rendered":"https:\/\/en.ecoturbino.shop\/?page_id=50140"},"modified":"2025-08-15T11:39:54","modified_gmt":"2025-08-15T09:39:54","slug":"anbudstext","status":"publish","type":"page","link":"https:\/\/ecoturbino.shop\/sv\/tender-text\/","title":{"rendered":"Anbudstext f\u00f6r ingenj\u00f6rskontor, arkitektkontor och planeringskontor"},"content":{"rendered":"<div class=\"banner has-hover\" id=\"banner-408090955\">\n          <div class=\"banner-inner fill\">\n        <div class=\"banner-bg fill\" >\n            <img decoding=\"async\" width=\"2000\" height=\"230\" src=\"https:\/\/ecoturbino.shop\/wp-content\/uploads\/2024\/05\/tender-ecourbino_2000.webp\" class=\"bg attachment-original size-original\" alt=\"anbud-ecourbino_2000\" \/>                        <div class=\"overlay\"><\/div>            \n                    <\/div>\n\t\t\n        <div class=\"banner-layers container\">\n            <div class=\"fill banner-link\"><\/div>            \n   <div id=\"text-box-830570244\" class=\"text-box banner-layer x50 md-x50 lg-x50 y50 md-y50 lg-y50 res-text\">\n                                <div class=\"text-box-content text dark\">\n              \n              <div class=\"text-inner text-center\">\n                  \n\t<div id=\"text-3073229141\" class=\"text\">\n\t\t\n<h1>T\u00c4NDARE TEXT<\/h1>\n<h1><span style=\"font-size: 80%;\">f\u00f6r ingenj\u00f6rsbyr\u00e5er, arkitekter och planeringsbyr\u00e5er<\/span><\/h1>\n\t\t\n<style>\n#text-3073229141 {\n  font-size: 0.75rem;\n}\n@media (min-width:550px) {\n  #text-3073229141 {\n    font-size: 1.05rem;\n  }\n}\n<\/style>\n\t<\/div>\n\t\n              <\/div>\n           <\/div>\n                            \n<style>\n#text-box-830570244 {\n  width: 100%;\n}\n#text-box-830570244 .text-box-content {\n  font-size: 100%;\n}\n@media (min-width:550px) {\n  #text-box-830570244 {\n    width: 91%;\n  }\n}\n@media (min-width:850px) {\n  #text-box-830570244 {\n    width: 100%;\n  }\n}\n<\/style>\n    <\/div>\n \n        <\/div>\n      <\/div>\n\n            \n<style>\n#banner-408090955 {\n  padding-top: 200px;\n}\n#banner-408090955 .overlay {\n  background-color: rgba(0, 0, 0, 0.5);\n}\n@media (min-width:550px) {\n  #banner-408090955 {\n    padding-top: 190px;\n  }\n}\n@media (min-width:850px) {\n  #banner-408090955 {\n    padding-top: 190px;\n  }\n}\n<\/style>\n  <\/div>\n\n\n<div class=\"row\"  id=\"row-2103333862\">\n\n\t<div id=\"col-1716309520\" class=\"col small-12 large-12\"  >\n\t\t\t\t<div class=\"col-inner\"  >\n\t\t\t\n\t\t\t\n<h2>Anbudstext f\u00f6r ingenj\u00f6rsbyr\u00e5er, arkitekter och planeringsbyr\u00e5er f\u00f6r utrustning av hotell, sjukhus, idrottsanl\u00e4ggningar etc.<\/h2>\n<p>Offentligt anbudsf\u00f6rfarande f\u00f6r upphandling av vattenbesparande teknik<\/p>\n<div class=\"is-divider divider clearfix\" style=\"max-width:100%;height:1px;\"><\/div>\n<ol>\n<li><strong>F\u00f6rem\u00e5l f\u00f6r anbudsinfordran<\/strong><br \/>\nDen offentliga institutionen (institutionens namn) inbjuder till anbudsgivning f\u00f6r leverans och installation av innovativa vattenbesparande system som syftar till att minska vattenf\u00f6rbrukningen och f\u00f6rb\u00e4ttra hygienstandarden i duschar och handfat. M\u00e5let \u00e4r att p\u00e5 ett h\u00e5llbart s\u00e4tt minska vattenf\u00f6rbrukningen i institutionens sanit\u00e4ra anl\u00e4ggningar (t.ex. samh\u00e4llen, skolor, myndigheter, idrottsanl\u00e4ggningar och offentliga byggnader och nybyggnationer), f\u00f6rhindra biofilmsbildning, minska risken f\u00f6r legionella och s\u00e4kerst\u00e4lla dr\u00e4neringsfunktionen hos duschmunstycken och fr\u00e4mst duschslangar.<\/li>\n<li><strong>Beskrivning av tj\u00e4nstens omfattning<\/strong><br \/>\n- Leverans: Tillhandah\u00e5llande av vattenbesparingssystem i erforderliga kvantiteter och utf\u00f6randen inom 3 kalenderveckor.<br \/>\n- Installation av system: Professionell installation av de levererade vattenbesparingssystemen i sanitetsanl\u00e4ggningarna.<br \/>\n- Utbildning av personal: Utbildning av personal i drift och underh\u00e5ll av vattenbesparingssystemen.<br \/>\n- Underh\u00e5ll: Valfritt underh\u00e5llsavtal f\u00f6r regelbunden inspektion och underh\u00e5ll av de installerade systemen i enlighet med lagstadgade krav.<\/li>\n<li><strong>Krav p\u00e5 anbudsgivare<\/strong><br \/>\n- Bevis p\u00e5 teknisk och yrkesm\u00e4ssig l\u00e4mplighet f\u00f6r leverans och installation av vattenbesparande teknik (T\u00dcV-certifikat, hygienrapport om h\u00e4lsa).<br \/>\n- Minst 15 \u00e5rs erfarenhet och referenser inom installation av vattenbesparande system.<br \/>\n- Tillhandah\u00e5llande av ett underh\u00e5llskoncept.<br \/>\n- Kvalitetscertifiering enligt Ecolabel eller Austrian Eco-label.<br \/>\n- Offentligg\u00f6rande av EORI-numret.<br \/>\n- Erbjudande om ett utbildningsprogram f\u00f6r institutionens personal.<\/li>\n<li><strong>Tekniska specifikationer<\/strong><br \/>\n- De vattenbesparande system som erbjuds m\u00e5ste m\u00f6jligg\u00f6ra en minskning av vattenf\u00f6rbrukningen med minst 40%. Maximal fl\u00f6deshastighet p\u00e5 6 till 9 liter\/timme vid fullt \u00f6ppet l\u00e4ge f\u00f6r duschar och 5 till 6 liter f\u00f6r handfat. Grunden \u00e4r EU:s taxonomif\u00f6rordning i dess nuvarande form (fr\u00e5n och med 2024):<br \/>\n<a href=\"https:\/\/eur-lex.europa.eu\/eli\/reg\/2020\/852\/oj\" rel=\"noopener\">F\u00f6rordning - 2020\/852 - SV - taxonomif\u00f6rordning - EUR-Lex (europa.eu)<\/a><br \/>\n<a href=\"https:\/\/www.bmk.gv.at\/green-finance\/finanzen\/eu-strategie\/eu-taxonomie-vo.html\" rel=\"noopener\">EU:s taxonomif\u00f6rordning (bmk.gv.at)<\/a><br \/>\n- Kompatibel med vanliga duschsystem och kranar, tillg\u00e4nglig som eftermonteringsdel.<br \/>\n- Enkel installation utan st\u00f6rre byggnadsarbete.<br \/>\n- Systemets dr\u00e4neringsfunktion f\u00f6r att f\u00f6rhindra biofilmbildning.<br \/>\n- Mekanismer f\u00f6r att minska risken f\u00f6r legionella.<br \/>\n- Dr\u00e4neringsfunktion vid armaturen f\u00f6r att f\u00f6rhindra st\u00e5ende vatten i duschmunstycken efter duschning.<br \/>\n- 10 \u00e5rs funktionsgaranti som en h\u00e5llbarhetsaspekt.<\/li>\n<li><strong>Kriterier f\u00f6r tilldelning<\/strong><br \/>\nKontraktet kommer att tilldelas det ekonomiskt mest f\u00f6rdelaktiga anbudet med beaktande av f\u00f6ljande kriterier:<br \/>\nPris (20%)<br \/>\nKvalitet och tekniska egenskaper hos de erbjudna vattenbesparingssystemen (50%)<br \/>\nService, inklusive installation, utbildning och underh\u00e5ll (10%)<br \/>\nGaranti f\u00f6r reservdelar i 10 \u00e5r (10%)<br \/>\nBevis p\u00e5 besparingsber\u00e4kning T\u00dcV-certifierad (10%) detaljerad uppdelning efter Vattenm\u00e4ngd - Avloppsvattenkostnader - Energikostnader - CO2-reduktion<\/li>\n<li><strong>Inl\u00e4mnande av anbud<\/strong><br \/>\nIntresserade f\u00f6retag uppmanas att skriftligen l\u00e4mna in sina anbud senast den (datum) till f\u00f6ljande adress<br \/>\n(Namn p\u00e5 och adress till den offentliga institutionen)<\/li>\n<li><strong>Bes\u00f6k p\u00e5 plats<\/strong><br \/>\nEtt platsbes\u00f6k f\u00f6r de sanit\u00e4ra anl\u00e4ggningar som ska moderniseras kommer att erbjudas den (datum) kl (tid). M\u00f6tesplatsen \u00e4r (plats).<\/li>\n<li><strong>Kontakt<\/strong><br \/>\nF\u00f6r fr\u00e5gor och ytterligare information, v\u00e4nligen kontakta (namn p\u00e5 kontaktperson) p\u00e5 (telefonnummer) eller via e-post p\u00e5 (e-postadress).<\/li>\n<\/ol>\n<div class=\"is-divider divider clearfix\" style=\"max-width:100%;height:1px;\"><\/div>\n<p>Den offentliga organisationen ser fram emot dina erbjudanden och det gemensamma genomf\u00f6randet av en h\u00e5llbar vattenf\u00f6rvaltning.<\/p>\n\t<div id=\"gap-1658291660\" class=\"gap-element clearfix\" style=\"display:block; height:auto;\">\n\t\t\n<style>\n#gap-1658291660 {\n  padding-top: 30px;\n}\n<\/style>\n\t<\/div>\n\t\n\t\t<\/div>\n\t\t\t\t\t<\/div>\n\n\t\n<\/div>","protected":false},"excerpt":{"rendered":"","protected":false},"author":1320,"featured_media":49835,"parent":0,"menu_order":0,"comment_status":"closed","ping_status":"closed","template":"page-blank.php","meta":{"inline_featured_image":false,"footnotes":""},"class_list":["post-50140","page","type-page","status-publish","has-post-thumbnail","hentry"],"_links":{"self":[{"href":"https:\/\/ecoturbino.shop\/sv\/wp-json\/wp\/v2\/pages\/50140","targetHints":{"allow":["GET"]}}],"collection":[{"href":"https:\/\/ecoturbino.shop\/sv\/wp-json\/wp\/v2\/pages"}],"about":[{"href":"https:\/\/ecoturbino.shop\/sv\/wp-json\/wp\/v2\/types\/page"}],"author":[{"embeddable":true,"href":"https:\/\/ecoturbino.shop\/sv\/wp-json\/wp\/v2\/users\/1320"}],"replies":[{"embeddable":true,"href":"https:\/\/ecoturbino.shop\/sv\/wp-json\/wp\/v2\/comments?post=50140"}],"version-history":[{"count":0,"href":"https:\/\/ecoturbino.shop\/sv\/wp-json\/wp\/v2\/pages\/50140\/revisions"}],"wp:featuredmedia":[{"embeddable":true,"href":"https:\/\/ecoturbino.shop\/sv\/wp-json\/wp\/v2\/media\/49835"}],"wp:attachment":[{"href":"https:\/\/ecoturbino.shop\/sv\/wp-json\/wp\/v2\/media?parent=50140"}],"curies":[{"name":"wp","href":"https:\/\/api.w.org\/{rel}","templated":true}]}}