{"id":8166,"date":"2015-02-14T16:37:30","date_gmt":"2015-02-14T15:37:30","guid":{"rendered":"http:\/\/shop.pronatur24.eu\/?page_id=8166"},"modified":"2025-08-15T11:10:48","modified_gmt":"2025-08-15T09:10:48","slug":"partnerprogram-for-affiliates-2","status":"publish","type":"page","link":"https:\/\/ecoturbino.shop\/sv\/affiliate-partner-program\/","title":{"rendered":"AFFILIATES \u00bb Partnerprogrammet"},"content":{"rendered":"<div class=\"banner has-hover\" id=\"banner-1360295901\">\n          <div class=\"banner-inner fill\">\n        <div class=\"banner-bg fill\" >\n            <img decoding=\"async\" width=\"2000\" height=\"230\" src=\"https:\/\/ecoturbino.shop\/wp-content\/uploads\/2023\/08\/bonuspunkte-webdeals_1050.webp\" class=\"bg attachment-original size-original\" alt=\"Affiliate-header\" \/>                        <div class=\"overlay\"><\/div>            \n                    <\/div>\n\t\t\n        <div class=\"banner-layers container\">\n            <div class=\"fill banner-link\"><\/div>            \n   <div id=\"text-box-1112462018\" class=\"text-box banner-layer x50 md-x50 lg-x50 y50 md-y50 lg-y50 res-text\">\n                                <div class=\"text-box-content text dark\">\n              \n              <div class=\"text-inner text-center\">\n                  \n<h1>AFFILIATE<\/h1>\n              <\/div>\n           <\/div>\n                            \n<style>\n#text-box-1112462018 {\n  width: 80%;\n}\n#text-box-1112462018 .text-box-content {\n  font-size: 100%;\n}\n@media (min-width:550px) {\n  #text-box-1112462018 {\n    width: 67%;\n  }\n}\n@media (min-width:850px) {\n  #text-box-1112462018 {\n    width: 44%;\n  }\n}\n<\/style>\n    <\/div>\n \n        <\/div>\n      <\/div>\n\n            \n<style>\n#banner-1360295901 {\n  padding-top: 110px;\n}\n#banner-1360295901 .overlay {\n  background-color: rgba(0,0,0,.5);\n}\n@media (min-width:550px) {\n  #banner-1360295901 {\n    padding-top: 170px;\n  }\n}\n@media (min-width:850px) {\n  #banner-1360295901 {\n    padding-top: 190px;\n  }\n}\n<\/style>\n  <\/div>\n\n\n<div class=\"row\"  id=\"row-1449443784\">\n\n\t<div id=\"col-1122502123\" class=\"col small-12 large-12\"  >\n\t\t\t\t<div class=\"col-inner\"  >\n\t\t\t\n\t\t\t\n<div class=\"row\"  id=\"row-949535092\">\n\n\t<div id=\"col-148614966\" class=\"col medium-8 small-12 large-8\"  >\n\t\t\t\t<div class=\"col-inner\"  >\n\t\t\t\n\t\t\t\n<h2 class=\"headlinefocus\">Pratar du redan om ecoturbino\u00ae?<\/h2>\n<p>Med v\u00e5rt affiliate-partnerprogram tackar vi dig f\u00f6r din uppskattning och rekommendation. M\u00e5nga anv\u00e4ndare upplever och v\u00e4rdes\u00e4tter v\u00e5ra produkter och deras potential att spara p\u00e5 vattenrelaterade kostnader. Och det \u00e4r helt oberoende av om applikationen \u00e4r inom den privata eller kommersiella sektorn.<\/p>\n<p><strong>F\u00f6r att s\u00e4kerst\u00e4lla att \u00e4nnu fler anv\u00e4ndare f\u00e5r k\u00e4nnedom om kvaliteten och potentialen hos ecoturbino\u00ae beh\u00f6ver vi m\u00e4nniskor som du.<\/strong> Vi m\u00e5ste forts\u00e4tta att \u00f6ka medvetenheten om energieffektivitet, milj\u00f6skydd och verkliga kostnadsbesparingar. Med v\u00e5rt affiliate-partnerprogram l\u00e4gger vi grunden f\u00f6r detta, eftersom vi \u00e4r v\u00e4l medvetna om v\u00e4rdet av rekommendationer.<\/p>\n<p><strong>Har du en egen webbplats, \u00e4r du bloggare, YouTuber, influencer eller driver du till och med en webbutik?<\/strong> Registrera dig sedan som affiliate-partner hos ecoturbino\u00ae och erbjud m\u00e4nniskor ett alternativ tillsammans med oss. Ett mycket effektivt verktyg som sparar surt f\u00f6rv\u00e4rvade pengar, g\u00e5ng p\u00e5 g\u00e5ng, och som dessutom garanterar full komfort under duschen - f\u00f6r g\u00e4ster och anst\u00e4llda i f\u00f6retag s\u00e5v\u00e4l som i privata hush\u00e5ll.<\/p>\n<p><strong>Attraktiva provisioner \u00e4r v\u00e5rt tack f\u00f6r ditt v\u00e4rdefulla arbete!<\/strong><\/p>\n\t\t<\/div>\n\t\t\t\t\t<\/div>\n\n\t\n\n\t<div id=\"col-397579591\" class=\"col hide-for-small medium-4 small-12 large-4\"  >\n\t\t\t\t<div class=\"col-inner\"  >\n\t\t\t\n\t\t\t\n\t<div id=\"ux-lottie-739974905\" class=\"ux-lottie hide-for-small\">\n\t\t\t\t<lottie-player class=\"ux-lottie__player\" data-params=\"{&quot;src&quot;:&quot;https:\\\/\\\/ecoturbino.shop\\\/wp-content\\\/uploads\\\/2023\\\/08\\\/102516-growth.json&quot;,&quot;loop&quot;:true,&quot;autoplay&quot;:true,&quot;controls&quot;:false,&quot;speed&quot;:&quot;1&quot;,&quot;direction&quot;:1,&quot;trigger&quot;:&quot;&quot;,&quot;mouseout&quot;:&quot;&quot;,&quot;start&quot;:0,&quot;end&quot;:100,&quot;scrollActionType&quot;:&quot;seek&quot;,&quot;visibilityStart&quot;:0,&quot;visibilityEnd&quot;:100,&quot;id&quot;:&quot;ux-lottie-739974905&quot;}\"><\/lottie-player>\n\t\t\t\t\n<style>\n#ux-lottie-739974905 {\n  width: 100%;\n  height: 300px;\n}\n<\/style>\n\t<\/div>\n\t\n\t\t<\/div>\n\t\t\t\t\t<\/div>\n\n\t\n<\/div>\n<div class=\"is-divider divider clearfix\" style=\"max-width:100%;height:1px;\"><\/div>\n\t<div class=\"img has-hover x md-x lg-x y md-y lg-y\" id=\"image_1648150069\">\n\t\t\t\t\t\t\t\t<div class=\"img-inner dark\" >\n\t\t\t<img decoding=\"async\" width=\"1050\" height=\"250\" src=\"https:\/\/ecoturbino.shop\/wp-content\/uploads\/2023\/08\/affiliate-erfolg-webdeals_1050.webp\" class=\"attachment-original size-original\" alt=\"Partnerprogram f\u00f6r affiliates\" srcset=\"https:\/\/ecoturbino.shop\/wp-content\/uploads\/2023\/08\/affiliate-erfolg-webdeals_1050.webp 1050w, https:\/\/ecoturbino.shop\/wp-content\/uploads\/2023\/08\/affiliate-erfolg-webdeals_1050-470x112.webp 470w, https:\/\/ecoturbino.shop\/wp-content\/uploads\/2023\/08\/affiliate-erfolg-webdeals_1050-635x151.webp 635w, https:\/\/ecoturbino.shop\/wp-content\/uploads\/2023\/08\/affiliate-erfolg-webdeals_1050-800x190.webp 800w\" sizes=\"(max-width: 1050px) 100vw, 1050px\" \/>\t\t\t\t\t\t\n\t\t\t\t\t<\/div>\n\t\t\t\t\t\t\t\t\n<style>\n#image_1648150069 {\n  width: 100%;\n}\n<\/style>\n\t<\/div>\n\t\n<h3>Affiliate-programmet \u00e4r framf\u00f6r allt en sak: L\u00c4TT!<\/h3>\n<p>Fyll bara i och skicka in ans\u00f6kningsformul\u00e4ret p\u00e5 den h\u00e4r sidan. S\u00e5 d\u00e4r ja. Vi tar oss mycket tid f\u00f6r varje ny partner f\u00f6r att reda ut alla fr\u00e5gor. Vi kommer att ringa dig efter en kort tid - ocks\u00e5 f\u00f6r att l\u00e4ra k\u00e4nna dig.<\/p>\n<p>Och sedan \u00e4r det bara att b\u00f6rja. Tillsammans med ditt partner-ID, v\u00e5ra produktbilder och digitala reklammaterial st\u00e5r ingenting i v\u00e4gen f\u00f6r din start i v\u00e4rlden av effektiv byggnadsbiologi och f\u00f6r m\u00e4nniskors h\u00e4lsa.<\/p>\n\t<div id=\"gap-1825065876\" class=\"gap-element clearfix\" style=\"display:block; height:auto;\">\n\t\t\n<style>\n#gap-1825065876 {\n  padding-top: 15px;\n}\n<\/style>\n\t<\/div>\n\t\n<div class=\"is-divider divider clearfix\" style=\"max-width:100%;height:1px;\"><\/div>\n<div class=\"row\"  id=\"row-343255719\">\n\n\t<div id=\"col-1306736933\" class=\"col medium-8 small-12 large-8\"  >\n\t\t\t\t<div class=\"col-inner\"  >\n\t\t\t\n\t\t\t\n<h3>Partnerprogrammet ecoturbino\u00ae \u00e4r helt enkelt \u00f6vertygande!<\/h3>\n<ul>\n<li><strong>Eget affiliatesystem och ingen extern plattform<\/strong><\/li>\n<li><strong>Uppr\u00e4tth\u00e5llande av personliga kontakter och s\u00f6kning eller optimering av id\u00e9er<\/strong><\/li>\n<li><strong>Individuella avtal<\/strong> och reklammaterial eller kampanjer<\/li>\n<li>Attraktiva provisioner<\/li>\n<li>Individuella utbetalningstider<\/li>\n<li>30 dagars varaktighet f\u00f6r cookies<\/li>\n<li>L\u00e4gsta avbokningsavgifter <strong>mycket f\u00e5 returer<\/strong><\/li>\n<li>H\u00f6g konverteringsgrad<\/li>\n<\/ul>\n\t<div id=\"gap-1873385168\" class=\"gap-element clearfix\" style=\"display:block; height:auto;\">\n\t\t\n<style>\n#gap-1873385168 {\n  padding-top: 15px;\n}\n<\/style>\n\t<\/div>\n\t\n<h3>Riktlinjer f\u00f6r marknadsf\u00f6ring i s\u00f6kmotorer<\/h3>\n<ul>\n<li>Marknadsf\u00f6ring via s\u00f6kmotorer \u00e4r i allm\u00e4nhet till\u00e5tet och uppmuntras. URL:en kan anv\u00e4ndas som en visnings- och m\u00e5l-URL.<\/li>\n<li>Brandbidding (\u201cecoturbino\u201d och liknande stavningar) \u00e4r inte till\u00e5tet.<\/li>\n<li>Det \u00e4r inte till\u00e5tet att anv\u00e4nda kupongportaler som anv\u00e4nder varum\u00e4rket \u201cecoturbino\u201d.<\/li>\n<\/ul>\n\t\t<\/div>\n\t\t\t\t\t<\/div>\n\n\t\n\n\t<div id=\"col-620372684\" class=\"col medium-4 small-12 large-4\"  >\n\t\t\t\t<div class=\"col-inner\"  >\n\t\t\t\n\t\t\t\n\t<div class=\"img has-hover x md-x lg-x y md-y lg-y\" id=\"image_1251008881\">\n\t\t\t\t\t\t\t\t<div class=\"img-inner dark\" >\n\t\t\t<img decoding=\"async\" width=\"1000\" height=\"1000\" src=\"https:\/\/ecoturbino.shop\/wp-content\/uploads\/2023\/09\/ecoturbino-crometta-vario-hansgrohe-handbrause-pronatur24-feedbild2_1000.webp\" class=\"attachment-original size-original\" alt=\"hansgrohe Crometta Vario, 2-jet SET + ecoturbino\u00ae 10 Legio | ET10L vattenbesparande adapter + duschslang + duschhuvud. Feedimage.\" srcset=\"https:\/\/ecoturbino.shop\/wp-content\/uploads\/2023\/09\/ecoturbino-crometta-vario-hansgrohe-handbrause-pronatur24-feedbild2_1000.webp 1000w, https:\/\/ecoturbino.shop\/wp-content\/uploads\/2023\/09\/ecoturbino-crometta-vario-hansgrohe-handbrause-pronatur24-feedbild2_1000-470x470.webp 470w, https:\/\/ecoturbino.shop\/wp-content\/uploads\/2023\/09\/ecoturbino-crometta-vario-hansgrohe-handbrause-pronatur24-feedbild2_1000-635x635.webp 635w, https:\/\/ecoturbino.shop\/wp-content\/uploads\/2023\/09\/ecoturbino-crometta-vario-hansgrohe-handbrause-pronatur24-feedbild2_1000-800x800.webp 800w, https:\/\/ecoturbino.shop\/wp-content\/uploads\/2023\/09\/ecoturbino-crometta-vario-hansgrohe-handbrause-pronatur24-feedbild2_1000-340x340.webp 340w\" sizes=\"(max-width: 1000px) 100vw, 1000px\" \/>\t\t\t\t\t\t\n\t\t\t\t\t<\/div>\n\t\t\t\t\t\t\t\t\n<style>\n#image_1251008881 {\n  width: 100%;\n}\n<\/style>\n\t<\/div>\n\t\n\t\t<\/div>\n\t\t\t\t\t<\/div>\n\n\t\n<\/div>\n\t<div id=\"gap-405222324\" class=\"gap-element clearfix\" style=\"display:block; height:auto;\">\n\t\t\n<style>\n#gap-405222324 {\n  padding-top: 15px;\n}\n<\/style>\n\t<\/div>\n\t\n\n\t<section class=\"section\" id=\"section_462934041\">\n\t\t<div class=\"section-bg fill\" >\n\t\t\t\t\t\t\t\t\t\n\t\t\t\n\n\t\t<\/div>\n\n\t\t\t<div class=\"ux-shape-divider ux-shape-divider--top ux-shape-divider--style-curve-opacity\">\n\t\t<svg viewbox=\"0 0 1000 100\" xmlns=\"http:\/\/www.w3.org\/2000\/svg\" preserveaspectratio=\"none\">\n\t\t<path class=\"ux-shape-fill\" opacity=\"0.15\" d=\"M0 14C0 14 88.64 17.48 300 50C560 90 814 77 1003 40L1015 68L1018 104H0V14Z\"\/>\n\t\t<path class=\"ux-shape-fill\" opacity=\"0.3\" d=\"M0 45C0 45 271 90.13 500 77C657 68 830 30 1015 14V100H0V45Z\"\/>\n\t\t<path class=\"ux-shape-fill\" d=\"M0 58C0 58 188.29 90 508 90C798 90 1002 55 1002 55V100H0V58Z\"\/>\n<\/svg>\n\t<\/div>\n\n\t<div class=\"ux-shape-divider ux-shape-divider--bottom ux-shape-divider--style-waves-opacity-3\">\n\t\t<svg viewbox=\"0 0 1000 300\" xmlns=\"http:\/\/www.w3.org\/2000\/svg\" preserveaspectratio=\"none\">\n\t<path class=\"ux-shape-fill\" opacity=\"0.05\" d=\"M1014 264V386H206L34 300C34 300 344.42 277.16 436 221C542 156 590 160 704 209C811 255 899.11 214.94 979 346L1014 264Z\"\/>\n\t<path class=\"ux-shape-fill\" opacity=\"0.1\" d=\"M-302 55C-302 55 -66.73 263.25 50 214C178 160 283 116 353 141C445.68 174.1 534.28 256.19 588 249C692.9 235 764.52 75.94 855 131C940.61 183.09 1000 254 1000 254V328L-306 338L-302 55Z\"\/>\n\t<path class=\"ux-shape-fill\" opacity=\"0.15\" d=\"M-286 255C-286 255 -72 152 52 126C176 100 255 155 436 227C581.57 284.91 614.7 277.79 708 227C787 184 1009 3.0001 1093 164C1146 265.63 1031 293 1031 293L924 377L-288 389L-286 255Z\"\/>\n\t<path class=\"ux-shape-fill\" opacity=\"0.3\" d=\"M-24 69C-24 69 275.68 370.66 389 314C397 310 622 316 673 356C690.47 369.7 845 224 890 182C944.8 130.85 1018 92 1078 143C1154.12 207.7 1196 242 1196 242L1184 374L-28 386L-24 69Z\"\/>\n\t<path class=\"ux-shape-fill\" d=\"M-12 201C-12 201 58 284 182 258C306 232 342.29 221.23 456 264C565 305 640.82 288.36 721 249C776 222 837.5 191.31 935 253C984 284 1030 279 1030 279L1024 430L-12 440V201Z\"\/>\n<\/svg>\n\t<\/div>\n\n\t\t<div class=\"section-content relative\">\n\t\t\t\n\t<div id=\"gap-201552569\" class=\"gap-element clearfix\" style=\"display:block; height:auto;\">\n\t\t\n<style>\n#gap-201552569 {\n  padding-top: 40px;\n}\n<\/style>\n\t<\/div>\n\t\n<h3>ANS\u00d6KAN TILL ECOTURBINO\u00aeS AFFILIATEPROGRAM<\/h3>\n\t<div id=\"gap-1266590741\" class=\"gap-element clearfix\" style=\"display:block; height:auto;\">\n\t\t\n<style>\n#gap-1266590741 {\n  padding-top: 15px;\n}\n<\/style>\n\t<\/div>\n\t\n\n<div class=\"wpcf7 no-js\" id=\"wpcf7-f9590-o1\" lang=\"de-DE\" dir=\"ltr\" data-wpcf7-id=\"9590\">\n<div class=\"screen-reader-response\"><p role=\"status\" aria-live=\"polite\" aria-atomic=\"true\"><\/p> <ul><\/ul><\/div>\n<form action=\"\/sv\/wp-json\/wp\/v2\/pages\/8166#wpcf7-f9590-o1\" method=\"post\" class=\"wpcf7-form init\" aria-label=\"Kontaktformular\" novalidate=\"novalidate\" data-status=\"init\" data-trp-original-action=\"\/sv\/wp-json\/wp\/v2\/pages\/8166#wpcf7-f9590-o1\">\n<fieldset class=\"hidden-fields-container\"><input type=\"hidden\" name=\"_wpcf7\" value=\"9590\" \/><input type=\"hidden\" name=\"_wpcf7_version\" value=\"6.1.5\" \/><input type=\"hidden\" name=\"_wpcf7_locale\" value=\"de_DE\" \/><input type=\"hidden\" name=\"_wpcf7_unit_tag\" value=\"wpcf7-f9590-o1\" \/><input type=\"hidden\" name=\"_wpcf7_container_post\" value=\"0\" \/><input type=\"hidden\" name=\"_wpcf7_posted_data_hash\" value=\"\" \/>\n<\/fieldset>\n<p><span class=\"wpcf7-form-control-wrap\" data-name=\"name102\"><input size=\"60\" maxlength=\"100\" class=\"wpcf7-form-control wpcf7-text wpcf7-validates-as-required\" aria-required=\"true\" aria-invalid=\"false\" placeholder=\"Namn\" value=\"\" type=\"text\" name=\"name102\" \/><\/span>\n<\/p>\n<p><span class=\"wpcf7-form-control-wrap\" data-name=\"email102\"><input size=\"60\" maxlength=\"100\" class=\"wpcf7-form-control wpcf7-email wpcf7-validates-as-required wpcf7-text wpcf7-validates-as-email\" aria-required=\"true\" aria-invalid=\"false\" placeholder=\"@eMail-adress\" value=\"\" type=\"email\" name=\"email102\" \/><\/span>\n<\/p>\n<p><span class=\"wpcf7-form-control-wrap\" data-name=\"telefon102\"><input size=\"30\" maxlength=\"50\" class=\"wpcf7-form-control wpcf7-text\" aria-invalid=\"false\" placeholder=\"Telefon\" value=\"\" type=\"text\" name=\"telefon102\" \/><\/span>\n<\/p>\n<p><span class=\"wpcf7-form-control-wrap\" data-name=\"homepage102\"><input size=\"60\" maxlength=\"100\" class=\"wpcf7-form-control wpcf7-text\" aria-invalid=\"false\" placeholder=\"Hemsida\" value=\"\" type=\"text\" name=\"homepage102\" \/><\/span>\n<\/p>\n<p><span class=\"wpcf7-form-control-wrap\" data-name=\"nachricht102\"><textarea cols=\"60\" rows=\"5\" maxlength=\"500\" class=\"wpcf7-form-control wpcf7-textarea wpcf7-validates-as-required\" aria-required=\"true\" aria-invalid=\"false\" placeholder=\"Var och hur skulle du vilja prata om oss? Vad beh\u00f6ver du f\u00f6r att rekommendera ecoturbino (bilder, l\u00e4nkar)?\" name=\"nachricht102\"><\/textarea><\/span>\n<\/p>\n<div class=\"wpcf7-turnstile cf-turnstile\" data-sitekey=\"0x4AAAAAAALCOGxAMe4ujVPQ\" data-response-field-name=\"_wpcf7_turnstile_response\"><\/div>\n<p><input class=\"wpcf7-form-control wpcf7-submit has-spinner\" type=\"submit\" value=\"Skicka in\" \/>\n<\/p><div class=\"wpcf7-response-output\" aria-hidden=\"true\"><\/div>\n<input type=\"hidden\" name=\"trp-form-language\" value=\"sv\"\/><\/form>\n<\/div>\n\n\t\t<\/div>\n\n\t\t\n<style>\n#section_462934041 {\n  padding-top: 0px;\n  padding-bottom: 0px;\n  background-color: rgba(83, 166, 0, 0.05);\n}\n#section_462934041 .ux-shape-divider--top svg {\n  height: 150px;\n  --divider-top-width: 100%;\n}\n#section_462934041 .ux-shape-divider--top .ux-shape-fill {\n  fill: #c0d63d;\n}\n#section_462934041 .ux-shape-divider--bottom svg {\n  height: 150px;\n  --divider-width: 100%;\n}\n<\/style>\n\t<\/section>\n\t\n\t\t<\/div>\n\t\t\t\t\t<\/div>\n\n\t\n<\/div>","protected":false},"excerpt":{"rendered":"","protected":false},"author":1319,"featured_media":47649,"parent":0,"menu_order":0,"comment_status":"closed","ping_status":"closed","template":"page-blank.php","meta":{"inline_featured_image":false,"footnotes":""},"class_list":["post-8166","page","type-page","status-publish","has-post-thumbnail","hentry"],"_links":{"self":[{"href":"https:\/\/ecoturbino.shop\/sv\/wp-json\/wp\/v2\/pages\/8166","targetHints":{"allow":["GET"]}}],"collection":[{"href":"https:\/\/ecoturbino.shop\/sv\/wp-json\/wp\/v2\/pages"}],"about":[{"href":"https:\/\/ecoturbino.shop\/sv\/wp-json\/wp\/v2\/types\/page"}],"author":[{"embeddable":true,"href":"https:\/\/ecoturbino.shop\/sv\/wp-json\/wp\/v2\/users\/1319"}],"replies":[{"embeddable":true,"href":"https:\/\/ecoturbino.shop\/sv\/wp-json\/wp\/v2\/comments?post=8166"}],"version-history":[{"count":0,"href":"https:\/\/ecoturbino.shop\/sv\/wp-json\/wp\/v2\/pages\/8166\/revisions"}],"wp:featuredmedia":[{"embeddable":true,"href":"https:\/\/ecoturbino.shop\/sv\/wp-json\/wp\/v2\/media\/47649"}],"wp:attachment":[{"href":"https:\/\/ecoturbino.shop\/sv\/wp-json\/wp\/v2\/media?parent=8166"}],"curies":[{"name":"wp","href":"https:\/\/api.w.org\/{rel}","templated":true}]}}